{"id":22717,"date":"2022-11-29T11:18:36","date_gmt":"2022-11-29T11:18:36","guid":{"rendered":"https:\/\/luxon.com\/foreign-exchange\/"},"modified":"2023-06-12T15:45:05","modified_gmt":"2023-06-12T15:45:05","slug":"foreign-exchange","status":"publish","type":"page","link":"https:\/\/luxon.com\/cs\/foreign-exchange\/","title":{"rendered":"Sm\u011bn\u00e1rna"},"content":{"rendered":"<p>Dr\u017ete a pos\u00edlejte \u0161irokou \u0161k\u00e1lu m\u011bn pomoc\u00ed sv\u00e9 pen\u011b\u017eenky Luxon, v\u010detn\u011b GBP, EUR a USD. Vym\u011b\u0148ujte okam\u017eit\u011b a kdykoli a snadno p\u0159ev\u00e1d\u011bjte pen\u00edze p\u0159\u00e1tel\u016fm a rodin\u011b, co\u017e v\u00e1m d\u00e1v\u00e1 \u00faplnou kontrolu nad sv\u00fdmi pen\u011bzi.<\/p>\n","protected":false},"excerpt":{"rendered":"<p>Dr\u017ete a pos\u00edlejte \u0161irokou \u0161k\u00e1lu m\u011bn pomoc\u00ed sv\u00e9 pen\u011b\u017eenky Luxon, v\u010detn\u011b GBP, EUR a USD. Vym\u011b\u0148ujte okam\u017eit\u011b a kdykoli a snadno p\u0159ev\u00e1d\u011bjte pen\u00edze p\u0159\u00e1tel\u016fm a rodin\u011b, co\u017e v\u00e1m d\u00e1v\u00e1 \u00faplnou kontrolu nad sv\u00fdmi pen\u011bzi.<\/p>\n","protected":false},"author":5,"featured_media":22467,"parent":0,"menu_order":0,"comment_status":"closed","ping_status":"closed","template":"templates\/block-template.php","meta":{"_acf_changed":false,"footnotes":""},"class_list":["post-22717","page","type-page","status-publish","has-post-thumbnail","hentry"],"acf":[],"yoast_head":"<!-- This site is optimized with the Yoast SEO plugin v27.1.1 - https:\/\/yoast.com\/product\/yoast-seo-wordpress\/ -->\n<title>Sm\u011bn\u00e1rna - Luxon Pay<\/title>\n<meta name=\"robots\" content=\"index, follow, max-snippet:-1, max-image-preview:large, max-video-preview:-1\" \/>\n<link rel=\"canonical\" href=\"https:\/\/luxon.com\/cs\/foreign-exchange\/\" \/>\n<meta property=\"og:locale\" content=\"cs_CZ\" \/>\n<meta property=\"og:type\" content=\"article\" \/>\n<meta property=\"og:title\" content=\"Sm\u011bn\u00e1rna - Luxon Pay\" \/>\n<meta property=\"og:description\" content=\"Dr\u017ete a pos\u00edlejte \u0161irokou \u0161k\u00e1lu m\u011bn pomoc\u00ed sv\u00e9 pen\u011b\u017eenky Luxon, v\u010detn\u011b GBP, EUR a USD. Vym\u011b\u0148ujte okam\u017eit\u011b a kdykoli a snadno p\u0159ev\u00e1d\u011bjte pen\u00edze p\u0159\u00e1tel\u016fm a rodin\u011b, co\u017e v\u00e1m d\u00e1v\u00e1 \u00faplnou kontrolu nad sv\u00fdmi pen\u011bzi.\" \/>\n<meta property=\"og:url\" content=\"https:\/\/luxon.com\/cs\/foreign-exchange\/\" \/>\n<meta property=\"og:site_name\" content=\"Luxon Pay\" \/>\n<meta property=\"article:modified_time\" content=\"2023-06-12T15:45:05+00:00\" \/>\n<meta property=\"og:image\" content=\"https:\/\/luxon.com\/wp-content\/uploads\/FX-1-1.png\" \/>\n\t<meta property=\"og:image:width\" content=\"886\" \/>\n\t<meta property=\"og:image:height\" content=\"1288\" \/>\n\t<meta property=\"og:image:type\" content=\"image\/png\" \/>\n<meta name=\"twitter:card\" content=\"summary_large_image\" \/>\n<meta name=\"twitter:label1\" content=\"Odhadovan\u00e1 doba \u010dten\u00ed\" \/>\n\t<meta name=\"twitter:data1\" content=\"1 minuta\" \/>\n<script type=\"application\/ld+json\" class=\"yoast-schema-graph\">{\"@context\":\"https:\/\/schema.org\",\"@graph\":[{\"@type\":\"WebPage\",\"@id\":\"https:\/\/luxon.com\/cs\/foreign-exchange\/\",\"url\":\"https:\/\/luxon.com\/cs\/foreign-exchange\/\",\"name\":\"Sm\u011bn\u00e1rna - Luxon Pay\",\"isPartOf\":{\"@id\":\"https:\/\/luxon.com\/cs\/#website\"},\"primaryImageOfPage\":{\"@id\":\"https:\/\/luxon.com\/cs\/foreign-exchange\/#primaryimage\"},\"image\":{\"@id\":\"https:\/\/luxon.com\/cs\/foreign-exchange\/#primaryimage\"},\"thumbnailUrl\":\"https:\/\/luxon.com\/wp-content\/uploads\/FX-1-1.png\",\"datePublished\":\"2022-11-29T11:18:36+00:00\",\"dateModified\":\"2023-06-12T15:45:05+00:00\",\"inLanguage\":\"cs\",\"potentialAction\":[{\"@type\":\"ReadAction\",\"target\":[\"https:\/\/luxon.com\/cs\/foreign-exchange\/\"]}]},{\"@type\":\"ImageObject\",\"inLanguage\":\"cs\",\"@id\":\"https:\/\/luxon.com\/cs\/foreign-exchange\/#primaryimage\",\"url\":\"https:\/\/luxon.com\/wp-content\/uploads\/FX-1-1.png\",\"contentUrl\":\"https:\/\/luxon.com\/wp-content\/uploads\/FX-1-1.png\",\"width\":886,\"height\":1288},{\"@type\":\"WebSite\",\"@id\":\"https:\/\/luxon.com\/cs\/#website\",\"url\":\"https:\/\/luxon.com\/cs\/\",\"name\":\"Luxon Pay\",\"description\":\"Instant secure global payments\",\"publisher\":{\"@id\":\"https:\/\/luxon.com\/cs\/#organization\"},\"potentialAction\":[{\"@type\":\"SearchAction\",\"target\":{\"@type\":\"EntryPoint\",\"urlTemplate\":\"https:\/\/luxon.com\/cs\/?s={search_term_string}\"},\"query-input\":{\"@type\":\"PropertyValueSpecification\",\"valueRequired\":true,\"valueName\":\"search_term_string\"}}],\"inLanguage\":\"cs\"},{\"@type\":\"Organization\",\"@id\":\"https:\/\/luxon.com\/cs\/#organization\",\"name\":\"Luxon Pay\",\"url\":\"https:\/\/luxon.com\/cs\/\",\"logo\":{\"@type\":\"ImageObject\",\"inLanguage\":\"cs\",\"@id\":\"https:\/\/luxon.com\/cs\/#\/schema\/logo\/image\/\",\"url\":\"https:\/\/luxon.com\/wp-content\/uploads\/WebsiteImage04.png\",\"contentUrl\":\"https:\/\/luxon.com\/wp-content\/uploads\/WebsiteImage04.png\",\"width\":1200,\"height\":630,\"caption\":\"Luxon Pay\"},\"image\":{\"@id\":\"https:\/\/luxon.com\/cs\/#\/schema\/logo\/image\/\"}}]}<\/script>\n<!-- \/ Yoast SEO plugin. -->","yoast_head_json":{"title":"Sm\u011bn\u00e1rna - Luxon Pay","robots":{"index":"index","follow":"follow","max-snippet":"max-snippet:-1","max-image-preview":"max-image-preview:large","max-video-preview":"max-video-preview:-1"},"canonical":"https:\/\/luxon.com\/cs\/foreign-exchange\/","og_locale":"cs_CZ","og_type":"article","og_title":"Sm\u011bn\u00e1rna - Luxon Pay","og_description":"Dr\u017ete a pos\u00edlejte \u0161irokou \u0161k\u00e1lu m\u011bn pomoc\u00ed sv\u00e9 pen\u011b\u017eenky Luxon, v\u010detn\u011b GBP, EUR a USD. Vym\u011b\u0148ujte okam\u017eit\u011b a kdykoli a snadno p\u0159ev\u00e1d\u011bjte pen\u00edze p\u0159\u00e1tel\u016fm a rodin\u011b, co\u017e v\u00e1m d\u00e1v\u00e1 \u00faplnou kontrolu nad sv\u00fdmi pen\u011bzi.","og_url":"https:\/\/luxon.com\/cs\/foreign-exchange\/","og_site_name":"Luxon Pay","article_modified_time":"2023-06-12T15:45:05+00:00","og_image":[{"width":886,"height":1288,"url":"https:\/\/luxon.com\/wp-content\/uploads\/FX-1-1.png","type":"image\/png"}],"twitter_card":"summary_large_image","twitter_misc":{"Odhadovan\u00e1 doba \u010dten\u00ed":"1 minuta"},"schema":{"@context":"https:\/\/schema.org","@graph":[{"@type":"WebPage","@id":"https:\/\/luxon.com\/cs\/foreign-exchange\/","url":"https:\/\/luxon.com\/cs\/foreign-exchange\/","name":"Sm\u011bn\u00e1rna - Luxon Pay","isPartOf":{"@id":"https:\/\/luxon.com\/cs\/#website"},"primaryImageOfPage":{"@id":"https:\/\/luxon.com\/cs\/foreign-exchange\/#primaryimage"},"image":{"@id":"https:\/\/luxon.com\/cs\/foreign-exchange\/#primaryimage"},"thumbnailUrl":"https:\/\/luxon.com\/wp-content\/uploads\/FX-1-1.png","datePublished":"2022-11-29T11:18:36+00:00","dateModified":"2023-06-12T15:45:05+00:00","inLanguage":"cs","potentialAction":[{"@type":"ReadAction","target":["https:\/\/luxon.com\/cs\/foreign-exchange\/"]}]},{"@type":"ImageObject","inLanguage":"cs","@id":"https:\/\/luxon.com\/cs\/foreign-exchange\/#primaryimage","url":"https:\/\/luxon.com\/wp-content\/uploads\/FX-1-1.png","contentUrl":"https:\/\/luxon.com\/wp-content\/uploads\/FX-1-1.png","width":886,"height":1288},{"@type":"WebSite","@id":"https:\/\/luxon.com\/cs\/#website","url":"https:\/\/luxon.com\/cs\/","name":"Luxon Pay","description":"Instant secure global payments","publisher":{"@id":"https:\/\/luxon.com\/cs\/#organization"},"potentialAction":[{"@type":"SearchAction","target":{"@type":"EntryPoint","urlTemplate":"https:\/\/luxon.com\/cs\/?s={search_term_string}"},"query-input":{"@type":"PropertyValueSpecification","valueRequired":true,"valueName":"search_term_string"}}],"inLanguage":"cs"},{"@type":"Organization","@id":"https:\/\/luxon.com\/cs\/#organization","name":"Luxon Pay","url":"https:\/\/luxon.com\/cs\/","logo":{"@type":"ImageObject","inLanguage":"cs","@id":"https:\/\/luxon.com\/cs\/#\/schema\/logo\/image\/","url":"https:\/\/luxon.com\/wp-content\/uploads\/WebsiteImage04.png","contentUrl":"https:\/\/luxon.com\/wp-content\/uploads\/WebsiteImage04.png","width":1200,"height":630,"caption":"Luxon Pay"},"image":{"@id":"https:\/\/luxon.com\/cs\/#\/schema\/logo\/image\/"}}]}},"_links":{"self":[{"href":"https:\/\/luxon.com\/cs\/wp-json\/wp\/v2\/pages\/22717","targetHints":{"allow":["GET"]}}],"collection":[{"href":"https:\/\/luxon.com\/cs\/wp-json\/wp\/v2\/pages"}],"about":[{"href":"https:\/\/luxon.com\/cs\/wp-json\/wp\/v2\/types\/page"}],"author":[{"embeddable":true,"href":"https:\/\/luxon.com\/cs\/wp-json\/wp\/v2\/users\/5"}],"replies":[{"embeddable":true,"href":"https:\/\/luxon.com\/cs\/wp-json\/wp\/v2\/comments?post=22717"}],"version-history":[{"count":4,"href":"https:\/\/luxon.com\/cs\/wp-json\/wp\/v2\/pages\/22717\/revisions"}],"predecessor-version":[{"id":23264,"href":"https:\/\/luxon.com\/cs\/wp-json\/wp\/v2\/pages\/22717\/revisions\/23264"}],"wp:featuredmedia":[{"embeddable":true,"href":"https:\/\/luxon.com\/cs\/wp-json\/wp\/v2\/media\/22467"}],"wp:attachment":[{"href":"https:\/\/luxon.com\/cs\/wp-json\/wp\/v2\/media?parent=22717"}],"curies":[{"name":"wp","href":"https:\/\/api.w.org\/{rel}","templated":true}]}}