{"id":22725,"date":"2022-10-04T14:12:28","date_gmt":"2022-10-04T14:12:28","guid":{"rendered":"https:\/\/luxon.com\/security\/"},"modified":"2024-10-21T14:03:06","modified_gmt":"2024-10-21T14:03:06","slug":"security","status":"publish","type":"page","link":"https:\/\/luxon.com\/cs\/security\/","title":{"rendered":"Ochranu va\u0161ich prost\u0159edk\u016f bereme v\u00e1\u017en\u011b"},"content":{"rendered":"<p>Va\u0161e pen\u00edze jsou v bezpe\u010dn\u00fdch rukou. Nastaven\u00ed zabezpe\u010den\u00ed si m\u016f\u017eete p\u0159izp\u016fsobit pomoc\u00ed vestav\u011bn\u00e9ho dvoufaktorov\u00e9ho ov\u011b\u0159ov\u00e1n\u00ed. V\u0161echna data jsou \u0161ifrov\u00e1na a n\u00e1\u0161 t\u00fdm z\u00e1kaznick\u00e9 podpory 24\/7 v\u00e1m okam\u017eit\u011b pom\u016f\u017ee.<\/p>\n","protected":false},"excerpt":{"rendered":"<p>Va\u0161e pen\u00edze jsou v bezpe\u010dn\u00fdch rukou. Nastaven\u00ed zabezpe\u010den\u00ed si m\u016f\u017eete p\u0159izp\u016fsobit pomoc\u00ed vestav\u011bn\u00e9ho dvoufaktorov\u00e9ho ov\u011b\u0159ov\u00e1n\u00ed. V\u0161echna data jsou \u0161ifrov\u00e1na a n\u00e1\u0161 t\u00fdm z\u00e1kaznick\u00e9 podpory 24\/7 v\u00e1m okam\u017eit\u011b pom\u016f\u017ee.<\/p>\n","protected":false},"author":3,"featured_media":22453,"parent":0,"menu_order":0,"comment_status":"closed","ping_status":"closed","template":"templates\/block-template.php","meta":{"_acf_changed":false,"footnotes":""},"class_list":["post-22725","page","type-page","status-publish","has-post-thumbnail","hentry"],"acf":[],"yoast_head":"<!-- This site is optimized with the Yoast SEO plugin v27.4 - https:\/\/yoast.com\/product\/yoast-seo-wordpress\/ -->\n<title>Ochranu va\u0161ich prost\u0159edk\u016f bereme v\u00e1\u017en\u011b - Luxon Pay<\/title>\n<meta name=\"robots\" content=\"index, follow, max-snippet:-1, max-image-preview:large, max-video-preview:-1\" \/>\n<link rel=\"canonical\" href=\"https:\/\/luxon.com\/cs\/security\/\" \/>\n<meta property=\"og:locale\" content=\"cs_CZ\" \/>\n<meta property=\"og:type\" content=\"article\" \/>\n<meta property=\"og:title\" content=\"Ochranu va\u0161ich prost\u0159edk\u016f bereme v\u00e1\u017en\u011b - Luxon Pay\" \/>\n<meta property=\"og:description\" content=\"Va\u0161e pen\u00edze jsou v bezpe\u010dn\u00fdch rukou. Nastaven\u00ed zabezpe\u010den\u00ed si m\u016f\u017eete p\u0159izp\u016fsobit pomoc\u00ed vestav\u011bn\u00e9ho dvoufaktorov\u00e9ho ov\u011b\u0159ov\u00e1n\u00ed. V\u0161echna data jsou \u0161ifrov\u00e1na a n\u00e1\u0161 t\u00fdm z\u00e1kaznick\u00e9 podpory 24\/7 v\u00e1m okam\u017eit\u011b pom\u016f\u017ee.\" \/>\n<meta property=\"og:url\" content=\"https:\/\/luxon.com\/cs\/security\/\" \/>\n<meta property=\"og:site_name\" content=\"Luxon Pay\" \/>\n<meta property=\"article:modified_time\" content=\"2024-10-21T14:03:06+00:00\" \/>\n<meta property=\"og:image\" content=\"https:\/\/luxon.com\/wp-content\/uploads\/Security-1.png\" \/>\n\t<meta property=\"og:image:width\" content=\"370\" \/>\n\t<meta property=\"og:image:height\" content=\"466\" \/>\n\t<meta property=\"og:image:type\" content=\"image\/png\" \/>\n<meta name=\"twitter:card\" content=\"summary_large_image\" \/>\n<meta name=\"twitter:label1\" content=\"Odhadovan\u00e1 doba \u010dten\u00ed\" \/>\n\t<meta name=\"twitter:data1\" content=\"1 minuta\" \/>\n<script type=\"application\/ld+json\" class=\"yoast-schema-graph\">{\"@context\":\"https:\\\/\\\/schema.org\",\"@graph\":[{\"@type\":\"WebPage\",\"@id\":\"https:\\\/\\\/luxon.com\\\/cs\\\/security\\\/\",\"url\":\"https:\\\/\\\/luxon.com\\\/cs\\\/security\\\/\",\"name\":\"Ochranu va\u0161ich prost\u0159edk\u016f bereme v\u00e1\u017en\u011b - Luxon Pay\",\"isPartOf\":{\"@id\":\"https:\\\/\\\/luxon.com\\\/cs\\\/#website\"},\"primaryImageOfPage\":{\"@id\":\"https:\\\/\\\/luxon.com\\\/cs\\\/security\\\/#primaryimage\"},\"image\":{\"@id\":\"https:\\\/\\\/luxon.com\\\/cs\\\/security\\\/#primaryimage\"},\"thumbnailUrl\":\"https:\\\/\\\/luxon.com\\\/wp-content\\\/uploads\\\/Security-1.png\",\"datePublished\":\"2022-10-04T14:12:28+00:00\",\"dateModified\":\"2024-10-21T14:03:06+00:00\",\"inLanguage\":\"cs\",\"potentialAction\":[{\"@type\":\"ReadAction\",\"target\":[\"https:\\\/\\\/luxon.com\\\/cs\\\/security\\\/\"]}]},{\"@type\":\"ImageObject\",\"inLanguage\":\"cs\",\"@id\":\"https:\\\/\\\/luxon.com\\\/cs\\\/security\\\/#primaryimage\",\"url\":\"https:\\\/\\\/luxon.com\\\/wp-content\\\/uploads\\\/Security-1.png\",\"contentUrl\":\"https:\\\/\\\/luxon.com\\\/wp-content\\\/uploads\\\/Security-1.png\",\"width\":370,\"height\":466},{\"@type\":\"WebSite\",\"@id\":\"https:\\\/\\\/luxon.com\\\/cs\\\/#website\",\"url\":\"https:\\\/\\\/luxon.com\\\/cs\\\/\",\"name\":\"Luxon Pay\",\"description\":\"Instant secure global payments\",\"publisher\":{\"@id\":\"https:\\\/\\\/luxon.com\\\/cs\\\/#organization\"},\"potentialAction\":[{\"@type\":\"SearchAction\",\"target\":{\"@type\":\"EntryPoint\",\"urlTemplate\":\"https:\\\/\\\/luxon.com\\\/cs\\\/?s={search_term_string}\"},\"query-input\":{\"@type\":\"PropertyValueSpecification\",\"valueRequired\":true,\"valueName\":\"search_term_string\"}}],\"inLanguage\":\"cs\"},{\"@type\":\"Organization\",\"@id\":\"https:\\\/\\\/luxon.com\\\/cs\\\/#organization\",\"name\":\"Luxon Pay\",\"url\":\"https:\\\/\\\/luxon.com\\\/cs\\\/\",\"logo\":{\"@type\":\"ImageObject\",\"inLanguage\":\"cs\",\"@id\":\"https:\\\/\\\/luxon.com\\\/cs\\\/#\\\/schema\\\/logo\\\/image\\\/\",\"url\":\"https:\\\/\\\/luxon.com\\\/wp-content\\\/uploads\\\/WebsiteImage04.png\",\"contentUrl\":\"https:\\\/\\\/luxon.com\\\/wp-content\\\/uploads\\\/WebsiteImage04.png\",\"width\":1200,\"height\":630,\"caption\":\"Luxon Pay\"},\"image\":{\"@id\":\"https:\\\/\\\/luxon.com\\\/cs\\\/#\\\/schema\\\/logo\\\/image\\\/\"}}]}<\/script>\n<!-- \/ Yoast SEO plugin. -->","yoast_head_json":{"title":"Ochranu va\u0161ich prost\u0159edk\u016f bereme v\u00e1\u017en\u011b - Luxon Pay","robots":{"index":"index","follow":"follow","max-snippet":"max-snippet:-1","max-image-preview":"max-image-preview:large","max-video-preview":"max-video-preview:-1"},"canonical":"https:\/\/luxon.com\/cs\/security\/","og_locale":"cs_CZ","og_type":"article","og_title":"Ochranu va\u0161ich prost\u0159edk\u016f bereme v\u00e1\u017en\u011b - Luxon Pay","og_description":"Va\u0161e pen\u00edze jsou v bezpe\u010dn\u00fdch rukou. Nastaven\u00ed zabezpe\u010den\u00ed si m\u016f\u017eete p\u0159izp\u016fsobit pomoc\u00ed vestav\u011bn\u00e9ho dvoufaktorov\u00e9ho ov\u011b\u0159ov\u00e1n\u00ed. V\u0161echna data jsou \u0161ifrov\u00e1na a n\u00e1\u0161 t\u00fdm z\u00e1kaznick\u00e9 podpory 24\/7 v\u00e1m okam\u017eit\u011b pom\u016f\u017ee.","og_url":"https:\/\/luxon.com\/cs\/security\/","og_site_name":"Luxon Pay","article_modified_time":"2024-10-21T14:03:06+00:00","og_image":[{"width":370,"height":466,"url":"https:\/\/luxon.com\/wp-content\/uploads\/Security-1.png","type":"image\/png"}],"twitter_card":"summary_large_image","twitter_misc":{"Odhadovan\u00e1 doba \u010dten\u00ed":"1 minuta"},"schema":{"@context":"https:\/\/schema.org","@graph":[{"@type":"WebPage","@id":"https:\/\/luxon.com\/cs\/security\/","url":"https:\/\/luxon.com\/cs\/security\/","name":"Ochranu va\u0161ich prost\u0159edk\u016f bereme v\u00e1\u017en\u011b - Luxon Pay","isPartOf":{"@id":"https:\/\/luxon.com\/cs\/#website"},"primaryImageOfPage":{"@id":"https:\/\/luxon.com\/cs\/security\/#primaryimage"},"image":{"@id":"https:\/\/luxon.com\/cs\/security\/#primaryimage"},"thumbnailUrl":"https:\/\/luxon.com\/wp-content\/uploads\/Security-1.png","datePublished":"2022-10-04T14:12:28+00:00","dateModified":"2024-10-21T14:03:06+00:00","inLanguage":"cs","potentialAction":[{"@type":"ReadAction","target":["https:\/\/luxon.com\/cs\/security\/"]}]},{"@type":"ImageObject","inLanguage":"cs","@id":"https:\/\/luxon.com\/cs\/security\/#primaryimage","url":"https:\/\/luxon.com\/wp-content\/uploads\/Security-1.png","contentUrl":"https:\/\/luxon.com\/wp-content\/uploads\/Security-1.png","width":370,"height":466},{"@type":"WebSite","@id":"https:\/\/luxon.com\/cs\/#website","url":"https:\/\/luxon.com\/cs\/","name":"Luxon Pay","description":"Instant secure global payments","publisher":{"@id":"https:\/\/luxon.com\/cs\/#organization"},"potentialAction":[{"@type":"SearchAction","target":{"@type":"EntryPoint","urlTemplate":"https:\/\/luxon.com\/cs\/?s={search_term_string}"},"query-input":{"@type":"PropertyValueSpecification","valueRequired":true,"valueName":"search_term_string"}}],"inLanguage":"cs"},{"@type":"Organization","@id":"https:\/\/luxon.com\/cs\/#organization","name":"Luxon Pay","url":"https:\/\/luxon.com\/cs\/","logo":{"@type":"ImageObject","inLanguage":"cs","@id":"https:\/\/luxon.com\/cs\/#\/schema\/logo\/image\/","url":"https:\/\/luxon.com\/wp-content\/uploads\/WebsiteImage04.png","contentUrl":"https:\/\/luxon.com\/wp-content\/uploads\/WebsiteImage04.png","width":1200,"height":630,"caption":"Luxon Pay"},"image":{"@id":"https:\/\/luxon.com\/cs\/#\/schema\/logo\/image\/"}}]}},"_links":{"self":[{"href":"https:\/\/luxon.com\/cs\/wp-json\/wp\/v2\/pages\/22725","targetHints":{"allow":["GET"]}}],"collection":[{"href":"https:\/\/luxon.com\/cs\/wp-json\/wp\/v2\/pages"}],"about":[{"href":"https:\/\/luxon.com\/cs\/wp-json\/wp\/v2\/types\/page"}],"author":[{"embeddable":true,"href":"https:\/\/luxon.com\/cs\/wp-json\/wp\/v2\/users\/3"}],"replies":[{"embeddable":true,"href":"https:\/\/luxon.com\/cs\/wp-json\/wp\/v2\/comments?post=22725"}],"version-history":[{"count":7,"href":"https:\/\/luxon.com\/cs\/wp-json\/wp\/v2\/pages\/22725\/revisions"}],"predecessor-version":[{"id":27440,"href":"https:\/\/luxon.com\/cs\/wp-json\/wp\/v2\/pages\/22725\/revisions\/27440"}],"wp:featuredmedia":[{"embeddable":true,"href":"https:\/\/luxon.com\/cs\/wp-json\/wp\/v2\/media\/22453"}],"wp:attachment":[{"href":"https:\/\/luxon.com\/cs\/wp-json\/wp\/v2\/media?parent=22725"}],"curies":[{"name":"wp","href":"https:\/\/api.w.org\/{rel}","templated":true}]}}