{"id":25587,"date":"2022-08-30T07:59:42","date_gmt":"2022-08-30T07:59:42","guid":{"rendered":"https:\/\/luxon.com\/?page_id=25587"},"modified":"2025-12-11T14:00:47","modified_gmt":"2025-12-11T14:00:47","slug":"cards","status":"publish","type":"page","link":"https:\/\/luxon.com\/cs\/cards\/","title":{"rendered":"Utr\u00e1cejte se svou kartou Luxon Pay Mastercard"},"content":{"rendered":"<p>S novou kartou Luxon Pay Mastercard p\u0159esouvejte sv\u00e9 pen\u00edze d\u00e1le po cel\u00e9m sv\u011bt\u011b. Prov\u00e1d\u011bjte online a bezkontaktn\u00ed platby a z\u00edskejte p\u0159\u00edstup k hotovosti pomoc\u00ed bezplatn\u00fdch v\u00fdb\u011br\u016f z bankomatu doma i v zahrani\u010d\u00ed.<\/p>\n","protected":false},"excerpt":{"rendered":"<p>S novou kartou Luxon Pay Mastercard p\u0159esouvejte sv\u00e9 pen\u00edze d\u00e1le po cel\u00e9m sv\u011bt\u011b. Prov\u00e1d\u011bjte online a bezkontaktn\u00ed platby a z\u00edskejte p\u0159\u00edstup k hotovosti pomoc\u00ed bezplatn\u00fdch v\u00fdb\u011br\u016f z bankomatu doma i v zahrani\u010d\u00ed.<\/p>\n","protected":false},"author":2,"featured_media":22366,"parent":0,"menu_order":0,"comment_status":"closed","ping_status":"closed","template":"templates\/block-template.php","meta":{"_acf_changed":false,"footnotes":""},"class_list":["post-25587","page","type-page","status-publish","has-post-thumbnail","hentry"],"acf":[],"yoast_head":"<!-- This site is optimized with the Yoast SEO plugin v27.4 - https:\/\/yoast.com\/product\/yoast-seo-wordpress\/ -->\n<title>Utr\u00e1cejte se svou kartou Luxon Pay Mastercard - Luxon Pay<\/title>\n<meta name=\"robots\" content=\"index, follow, max-snippet:-1, max-image-preview:large, max-video-preview:-1\" \/>\n<link rel=\"canonical\" href=\"https:\/\/luxon.com\/cs\/cards\/\" \/>\n<meta property=\"og:locale\" content=\"cs_CZ\" \/>\n<meta property=\"og:type\" content=\"article\" \/>\n<meta property=\"og:title\" content=\"Utr\u00e1cejte se svou kartou Luxon Pay Mastercard - Luxon Pay\" \/>\n<meta property=\"og:description\" content=\"S novou kartou Luxon Pay Mastercard p\u0159esouvejte sv\u00e9 pen\u00edze d\u00e1le po cel\u00e9m sv\u011bt\u011b. Prov\u00e1d\u011bjte online a bezkontaktn\u00ed platby a z\u00edskejte p\u0159\u00edstup k hotovosti pomoc\u00ed bezplatn\u00fdch v\u00fdb\u011br\u016f z bankomatu doma i v zahrani\u010d\u00ed.\" \/>\n<meta property=\"og:url\" content=\"https:\/\/luxon.com\/cs\/cards\/\" \/>\n<meta property=\"og:site_name\" content=\"Luxon Pay\" \/>\n<meta property=\"article:modified_time\" content=\"2025-12-11T14:00:47+00:00\" \/>\n<meta property=\"og:image\" content=\"https:\/\/luxon.com\/wp-content\/uploads\/Hero-Image@3x.png\" \/>\n\t<meta property=\"og:image:width\" content=\"1652\" \/>\n\t<meta property=\"og:image:height\" content=\"1727\" \/>\n\t<meta property=\"og:image:type\" content=\"image\/png\" \/>\n<meta name=\"twitter:card\" content=\"summary_large_image\" \/>\n<meta name=\"twitter:label1\" content=\"Odhadovan\u00e1 doba \u010dten\u00ed\" \/>\n\t<meta name=\"twitter:data1\" content=\"1 minuta\" \/>\n<script type=\"application\/ld+json\" class=\"yoast-schema-graph\">{\"@context\":\"https:\\\/\\\/schema.org\",\"@graph\":[{\"@type\":\"WebPage\",\"@id\":\"https:\\\/\\\/luxon.com\\\/cs\\\/cards\\\/\",\"url\":\"https:\\\/\\\/luxon.com\\\/cs\\\/cards\\\/\",\"name\":\"Utr\u00e1cejte se svou kartou Luxon Pay Mastercard - Luxon Pay\",\"isPartOf\":{\"@id\":\"https:\\\/\\\/luxon.com\\\/cs\\\/#website\"},\"primaryImageOfPage\":{\"@id\":\"https:\\\/\\\/luxon.com\\\/cs\\\/cards\\\/#primaryimage\"},\"image\":{\"@id\":\"https:\\\/\\\/luxon.com\\\/cs\\\/cards\\\/#primaryimage\"},\"thumbnailUrl\":\"https:\\\/\\\/luxon.com\\\/wp-content\\\/uploads\\\/Hero-Image@3x.png\",\"datePublished\":\"2022-08-30T07:59:42+00:00\",\"dateModified\":\"2025-12-11T14:00:47+00:00\",\"inLanguage\":\"cs\",\"potentialAction\":[{\"@type\":\"ReadAction\",\"target\":[\"https:\\\/\\\/luxon.com\\\/cs\\\/cards\\\/\"]}]},{\"@type\":\"ImageObject\",\"inLanguage\":\"cs\",\"@id\":\"https:\\\/\\\/luxon.com\\\/cs\\\/cards\\\/#primaryimage\",\"url\":\"https:\\\/\\\/luxon.com\\\/wp-content\\\/uploads\\\/Hero-Image@3x.png\",\"contentUrl\":\"https:\\\/\\\/luxon.com\\\/wp-content\\\/uploads\\\/Hero-Image@3x.png\",\"width\":1652,\"height\":1727},{\"@type\":\"WebSite\",\"@id\":\"https:\\\/\\\/luxon.com\\\/cs\\\/#website\",\"url\":\"https:\\\/\\\/luxon.com\\\/cs\\\/\",\"name\":\"Luxon Pay\",\"description\":\"Instant secure global payments\",\"publisher\":{\"@id\":\"https:\\\/\\\/luxon.com\\\/cs\\\/#organization\"},\"potentialAction\":[{\"@type\":\"SearchAction\",\"target\":{\"@type\":\"EntryPoint\",\"urlTemplate\":\"https:\\\/\\\/luxon.com\\\/cs\\\/?s={search_term_string}\"},\"query-input\":{\"@type\":\"PropertyValueSpecification\",\"valueRequired\":true,\"valueName\":\"search_term_string\"}}],\"inLanguage\":\"cs\"},{\"@type\":\"Organization\",\"@id\":\"https:\\\/\\\/luxon.com\\\/cs\\\/#organization\",\"name\":\"Luxon Pay\",\"url\":\"https:\\\/\\\/luxon.com\\\/cs\\\/\",\"logo\":{\"@type\":\"ImageObject\",\"inLanguage\":\"cs\",\"@id\":\"https:\\\/\\\/luxon.com\\\/cs\\\/#\\\/schema\\\/logo\\\/image\\\/\",\"url\":\"https:\\\/\\\/luxon.com\\\/wp-content\\\/uploads\\\/WebsiteImage04.png\",\"contentUrl\":\"https:\\\/\\\/luxon.com\\\/wp-content\\\/uploads\\\/WebsiteImage04.png\",\"width\":1200,\"height\":630,\"caption\":\"Luxon Pay\"},\"image\":{\"@id\":\"https:\\\/\\\/luxon.com\\\/cs\\\/#\\\/schema\\\/logo\\\/image\\\/\"}}]}<\/script>\n<!-- \/ Yoast SEO plugin. -->","yoast_head_json":{"title":"Utr\u00e1cejte se svou kartou Luxon Pay Mastercard - Luxon Pay","robots":{"index":"index","follow":"follow","max-snippet":"max-snippet:-1","max-image-preview":"max-image-preview:large","max-video-preview":"max-video-preview:-1"},"canonical":"https:\/\/luxon.com\/cs\/cards\/","og_locale":"cs_CZ","og_type":"article","og_title":"Utr\u00e1cejte se svou kartou Luxon Pay Mastercard - Luxon Pay","og_description":"S novou kartou Luxon Pay Mastercard p\u0159esouvejte sv\u00e9 pen\u00edze d\u00e1le po cel\u00e9m sv\u011bt\u011b. Prov\u00e1d\u011bjte online a bezkontaktn\u00ed platby a z\u00edskejte p\u0159\u00edstup k hotovosti pomoc\u00ed bezplatn\u00fdch v\u00fdb\u011br\u016f z bankomatu doma i v zahrani\u010d\u00ed.","og_url":"https:\/\/luxon.com\/cs\/cards\/","og_site_name":"Luxon Pay","article_modified_time":"2025-12-11T14:00:47+00:00","og_image":[{"width":1652,"height":1727,"url":"https:\/\/luxon.com\/wp-content\/uploads\/Hero-Image@3x.png","type":"image\/png"}],"twitter_card":"summary_large_image","twitter_misc":{"Odhadovan\u00e1 doba \u010dten\u00ed":"1 minuta"},"schema":{"@context":"https:\/\/schema.org","@graph":[{"@type":"WebPage","@id":"https:\/\/luxon.com\/cs\/cards\/","url":"https:\/\/luxon.com\/cs\/cards\/","name":"Utr\u00e1cejte se svou kartou Luxon Pay Mastercard - Luxon Pay","isPartOf":{"@id":"https:\/\/luxon.com\/cs\/#website"},"primaryImageOfPage":{"@id":"https:\/\/luxon.com\/cs\/cards\/#primaryimage"},"image":{"@id":"https:\/\/luxon.com\/cs\/cards\/#primaryimage"},"thumbnailUrl":"https:\/\/luxon.com\/wp-content\/uploads\/Hero-Image@3x.png","datePublished":"2022-08-30T07:59:42+00:00","dateModified":"2025-12-11T14:00:47+00:00","inLanguage":"cs","potentialAction":[{"@type":"ReadAction","target":["https:\/\/luxon.com\/cs\/cards\/"]}]},{"@type":"ImageObject","inLanguage":"cs","@id":"https:\/\/luxon.com\/cs\/cards\/#primaryimage","url":"https:\/\/luxon.com\/wp-content\/uploads\/Hero-Image@3x.png","contentUrl":"https:\/\/luxon.com\/wp-content\/uploads\/Hero-Image@3x.png","width":1652,"height":1727},{"@type":"WebSite","@id":"https:\/\/luxon.com\/cs\/#website","url":"https:\/\/luxon.com\/cs\/","name":"Luxon Pay","description":"Instant secure global payments","publisher":{"@id":"https:\/\/luxon.com\/cs\/#organization"},"potentialAction":[{"@type":"SearchAction","target":{"@type":"EntryPoint","urlTemplate":"https:\/\/luxon.com\/cs\/?s={search_term_string}"},"query-input":{"@type":"PropertyValueSpecification","valueRequired":true,"valueName":"search_term_string"}}],"inLanguage":"cs"},{"@type":"Organization","@id":"https:\/\/luxon.com\/cs\/#organization","name":"Luxon Pay","url":"https:\/\/luxon.com\/cs\/","logo":{"@type":"ImageObject","inLanguage":"cs","@id":"https:\/\/luxon.com\/cs\/#\/schema\/logo\/image\/","url":"https:\/\/luxon.com\/wp-content\/uploads\/WebsiteImage04.png","contentUrl":"https:\/\/luxon.com\/wp-content\/uploads\/WebsiteImage04.png","width":1200,"height":630,"caption":"Luxon Pay"},"image":{"@id":"https:\/\/luxon.com\/cs\/#\/schema\/logo\/image\/"}}]}},"_links":{"self":[{"href":"https:\/\/luxon.com\/cs\/wp-json\/wp\/v2\/pages\/25587","targetHints":{"allow":["GET"]}}],"collection":[{"href":"https:\/\/luxon.com\/cs\/wp-json\/wp\/v2\/pages"}],"about":[{"href":"https:\/\/luxon.com\/cs\/wp-json\/wp\/v2\/types\/page"}],"author":[{"embeddable":true,"href":"https:\/\/luxon.com\/cs\/wp-json\/wp\/v2\/users\/2"}],"replies":[{"embeddable":true,"href":"https:\/\/luxon.com\/cs\/wp-json\/wp\/v2\/comments?post=25587"}],"version-history":[{"count":13,"href":"https:\/\/luxon.com\/cs\/wp-json\/wp\/v2\/pages\/25587\/revisions"}],"predecessor-version":[{"id":33074,"href":"https:\/\/luxon.com\/cs\/wp-json\/wp\/v2\/pages\/25587\/revisions\/33074"}],"wp:featuredmedia":[{"embeddable":true,"href":"https:\/\/luxon.com\/cs\/wp-json\/wp\/v2\/media\/22366"}],"wp:attachment":[{"href":"https:\/\/luxon.com\/cs\/wp-json\/wp\/v2\/media?parent=25587"}],"curies":[{"name":"wp","href":"https:\/\/api.w.org\/{rel}","templated":true}]}}