{"id":26838,"date":"2024-09-12T13:39:00","date_gmt":"2024-09-12T13:39:00","guid":{"rendered":"https:\/\/luxon.com\/financial-freedom-with-regular-bank-transfer-iban\/"},"modified":"2024-09-23T13:16:12","modified_gmt":"2024-09-23T13:16:12","slug":"financial-freedom-with-regular-bank-transfer-iban","status":"publish","type":"page","link":"https:\/\/luxon.com\/cs\/financial-freedom-with-regular-bank-transfer-iban\/","title":{"rendered":"Finan\u010dn\u00ed svoboda s b\u011b\u017en\u00fdm bankovn\u00edm p\u0159evodem \/ pomoc\u00ed IBANu"},"content":{"rendered":"<p style=\"font-weight: 400;\">Z\u00edskejte pen\u00edze p\u0159\u00edmo na sv\u016fj \u00fa\u010det Luxon Pay z jak\u00e9hokoli bankovn\u00edho \u00fa\u010dtu sd\u00edlen\u00edm \u00fadaj\u016f o sv\u00e9m osobn\u00edm \u00fa\u010dtu Luxon Pay \/ IBAN. Pro sv\u00e9 \u00fadaje klikn\u011bte na Vklad &gt; B\u011b\u017en\u00fd bankovn\u00ed p\u0159evod<\/p>\n","protected":false},"excerpt":{"rendered":"<p>Z\u00edskejte pen\u00edze p\u0159\u00edmo na sv\u016fj \u00fa\u010det Luxon Pay z jak\u00e9hokoli bankovn\u00edho \u00fa\u010dtu sd\u00edlen\u00edm \u00fadaj\u016f o sv\u00e9m osobn\u00edm \u00fa\u010dtu Luxon Pay \/ IBAN. Pro sv\u00e9 \u00fadaje klikn\u011bte na Vklad &gt; B\u011b\u017en\u00fd bankovn\u00ed p\u0159evod<\/p>\n","protected":false},"author":5,"featured_media":27132,"parent":0,"menu_order":0,"comment_status":"closed","ping_status":"closed","template":"templates\/block-template.php","meta":{"_acf_changed":false,"footnotes":""},"class_list":["post-26838","page","type-page","status-publish","has-post-thumbnail","hentry"],"acf":[],"yoast_head":"<!-- This site is optimized with the Yoast SEO plugin v27.4 - https:\/\/yoast.com\/product\/yoast-seo-wordpress\/ -->\n<title>Finan\u010dn\u00ed svoboda s b\u011b\u017en\u00fdm bankovn\u00edm p\u0159evodem \/ pomoc\u00ed IBANu - Luxon Pay<\/title>\n<meta name=\"robots\" content=\"index, follow, max-snippet:-1, max-image-preview:large, max-video-preview:-1\" \/>\n<link rel=\"canonical\" href=\"https:\/\/luxon.com\/cs\/financial-freedom-with-regular-bank-transfer-iban\/\" \/>\n<meta property=\"og:locale\" content=\"cs_CZ\" \/>\n<meta property=\"og:type\" content=\"article\" \/>\n<meta property=\"og:title\" content=\"Finan\u010dn\u00ed svoboda s b\u011b\u017en\u00fdm bankovn\u00edm p\u0159evodem \/ pomoc\u00ed IBANu - Luxon Pay\" \/>\n<meta property=\"og:description\" content=\"Z\u00edskejte pen\u00edze p\u0159\u00edmo na sv\u016fj \u00fa\u010det Luxon Pay z jak\u00e9hokoli bankovn\u00edho \u00fa\u010dtu sd\u00edlen\u00edm \u00fadaj\u016f o sv\u00e9m osobn\u00edm \u00fa\u010dtu Luxon Pay \/ IBAN. Pro sv\u00e9 \u00fadaje klikn\u011bte na Vklad &gt; B\u011b\u017en\u00fd bankovn\u00ed p\u0159evod\" \/>\n<meta property=\"og:url\" content=\"https:\/\/luxon.com\/cs\/financial-freedom-with-regular-bank-transfer-iban\/\" \/>\n<meta property=\"og:site_name\" content=\"Luxon Pay\" \/>\n<meta property=\"article:modified_time\" content=\"2024-09-23T13:16:12+00:00\" \/>\n<meta property=\"og:image\" content=\"https:\/\/luxon.com\/wp-content\/uploads\/Hero-Image@3x-2-1.png\" \/>\n\t<meta property=\"og:image:width\" content=\"930\" \/>\n\t<meta property=\"og:image:height\" content=\"1026\" \/>\n\t<meta property=\"og:image:type\" content=\"image\/png\" \/>\n<meta name=\"twitter:card\" content=\"summary_large_image\" \/>\n<meta name=\"twitter:label1\" content=\"Odhadovan\u00e1 doba \u010dten\u00ed\" \/>\n\t<meta name=\"twitter:data1\" content=\"1 minuta\" \/>\n<script type=\"application\/ld+json\" class=\"yoast-schema-graph\">{\"@context\":\"https:\\\/\\\/schema.org\",\"@graph\":[{\"@type\":\"WebPage\",\"@id\":\"https:\\\/\\\/luxon.com\\\/cs\\\/financial-freedom-with-regular-bank-transfer-iban\\\/\",\"url\":\"https:\\\/\\\/luxon.com\\\/cs\\\/financial-freedom-with-regular-bank-transfer-iban\\\/\",\"name\":\"Finan\u010dn\u00ed svoboda s b\u011b\u017en\u00fdm bankovn\u00edm p\u0159evodem \\\/ pomoc\u00ed IBANu - Luxon Pay\",\"isPartOf\":{\"@id\":\"https:\\\/\\\/luxon.com\\\/cs\\\/#website\"},\"primaryImageOfPage\":{\"@id\":\"https:\\\/\\\/luxon.com\\\/cs\\\/financial-freedom-with-regular-bank-transfer-iban\\\/#primaryimage\"},\"image\":{\"@id\":\"https:\\\/\\\/luxon.com\\\/cs\\\/financial-freedom-with-regular-bank-transfer-iban\\\/#primaryimage\"},\"thumbnailUrl\":\"https:\\\/\\\/luxon.com\\\/wp-content\\\/uploads\\\/IBAN-Banner-Image-2.png\",\"datePublished\":\"2024-09-12T13:39:00+00:00\",\"dateModified\":\"2024-09-23T13:16:12+00:00\",\"inLanguage\":\"cs\",\"potentialAction\":[{\"@type\":\"ReadAction\",\"target\":[\"https:\\\/\\\/luxon.com\\\/cs\\\/financial-freedom-with-regular-bank-transfer-iban\\\/\"]}]},{\"@type\":\"ImageObject\",\"inLanguage\":\"cs\",\"@id\":\"https:\\\/\\\/luxon.com\\\/cs\\\/financial-freedom-with-regular-bank-transfer-iban\\\/#primaryimage\",\"url\":\"https:\\\/\\\/luxon.com\\\/wp-content\\\/uploads\\\/IBAN-Banner-Image-2.png\",\"contentUrl\":\"https:\\\/\\\/luxon.com\\\/wp-content\\\/uploads\\\/IBAN-Banner-Image-2.png\",\"width\":1263,\"height\":1203},{\"@type\":\"WebSite\",\"@id\":\"https:\\\/\\\/luxon.com\\\/cs\\\/#website\",\"url\":\"https:\\\/\\\/luxon.com\\\/cs\\\/\",\"name\":\"Luxon Pay\",\"description\":\"Instant secure global payments\",\"publisher\":{\"@id\":\"https:\\\/\\\/luxon.com\\\/cs\\\/#organization\"},\"potentialAction\":[{\"@type\":\"SearchAction\",\"target\":{\"@type\":\"EntryPoint\",\"urlTemplate\":\"https:\\\/\\\/luxon.com\\\/cs\\\/?s={search_term_string}\"},\"query-input\":{\"@type\":\"PropertyValueSpecification\",\"valueRequired\":true,\"valueName\":\"search_term_string\"}}],\"inLanguage\":\"cs\"},{\"@type\":\"Organization\",\"@id\":\"https:\\\/\\\/luxon.com\\\/cs\\\/#organization\",\"name\":\"Luxon Pay\",\"url\":\"https:\\\/\\\/luxon.com\\\/cs\\\/\",\"logo\":{\"@type\":\"ImageObject\",\"inLanguage\":\"cs\",\"@id\":\"https:\\\/\\\/luxon.com\\\/cs\\\/#\\\/schema\\\/logo\\\/image\\\/\",\"url\":\"https:\\\/\\\/luxon.com\\\/wp-content\\\/uploads\\\/WebsiteImage04.png\",\"contentUrl\":\"https:\\\/\\\/luxon.com\\\/wp-content\\\/uploads\\\/WebsiteImage04.png\",\"width\":1200,\"height\":630,\"caption\":\"Luxon Pay\"},\"image\":{\"@id\":\"https:\\\/\\\/luxon.com\\\/cs\\\/#\\\/schema\\\/logo\\\/image\\\/\"}}]}<\/script>\n<!-- \/ Yoast SEO plugin. -->","yoast_head_json":{"title":"Finan\u010dn\u00ed svoboda s b\u011b\u017en\u00fdm bankovn\u00edm p\u0159evodem \/ pomoc\u00ed IBANu - Luxon Pay","robots":{"index":"index","follow":"follow","max-snippet":"max-snippet:-1","max-image-preview":"max-image-preview:large","max-video-preview":"max-video-preview:-1"},"canonical":"https:\/\/luxon.com\/cs\/financial-freedom-with-regular-bank-transfer-iban\/","og_locale":"cs_CZ","og_type":"article","og_title":"Finan\u010dn\u00ed svoboda s b\u011b\u017en\u00fdm bankovn\u00edm p\u0159evodem \/ pomoc\u00ed IBANu - Luxon Pay","og_description":"Z\u00edskejte pen\u00edze p\u0159\u00edmo na sv\u016fj \u00fa\u010det Luxon Pay z jak\u00e9hokoli bankovn\u00edho \u00fa\u010dtu sd\u00edlen\u00edm \u00fadaj\u016f o sv\u00e9m osobn\u00edm \u00fa\u010dtu Luxon Pay \/ IBAN. Pro sv\u00e9 \u00fadaje klikn\u011bte na Vklad &gt; B\u011b\u017en\u00fd bankovn\u00ed p\u0159evod","og_url":"https:\/\/luxon.com\/cs\/financial-freedom-with-regular-bank-transfer-iban\/","og_site_name":"Luxon Pay","article_modified_time":"2024-09-23T13:16:12+00:00","og_image":[{"width":930,"height":1026,"url":"https:\/\/luxon.com\/wp-content\/uploads\/Hero-Image@3x-2-1.png","type":"image\/png"}],"twitter_card":"summary_large_image","twitter_misc":{"Odhadovan\u00e1 doba \u010dten\u00ed":"1 minuta"},"schema":{"@context":"https:\/\/schema.org","@graph":[{"@type":"WebPage","@id":"https:\/\/luxon.com\/cs\/financial-freedom-with-regular-bank-transfer-iban\/","url":"https:\/\/luxon.com\/cs\/financial-freedom-with-regular-bank-transfer-iban\/","name":"Finan\u010dn\u00ed svoboda s b\u011b\u017en\u00fdm bankovn\u00edm p\u0159evodem \/ pomoc\u00ed IBANu - Luxon Pay","isPartOf":{"@id":"https:\/\/luxon.com\/cs\/#website"},"primaryImageOfPage":{"@id":"https:\/\/luxon.com\/cs\/financial-freedom-with-regular-bank-transfer-iban\/#primaryimage"},"image":{"@id":"https:\/\/luxon.com\/cs\/financial-freedom-with-regular-bank-transfer-iban\/#primaryimage"},"thumbnailUrl":"https:\/\/luxon.com\/wp-content\/uploads\/IBAN-Banner-Image-2.png","datePublished":"2024-09-12T13:39:00+00:00","dateModified":"2024-09-23T13:16:12+00:00","inLanguage":"cs","potentialAction":[{"@type":"ReadAction","target":["https:\/\/luxon.com\/cs\/financial-freedom-with-regular-bank-transfer-iban\/"]}]},{"@type":"ImageObject","inLanguage":"cs","@id":"https:\/\/luxon.com\/cs\/financial-freedom-with-regular-bank-transfer-iban\/#primaryimage","url":"https:\/\/luxon.com\/wp-content\/uploads\/IBAN-Banner-Image-2.png","contentUrl":"https:\/\/luxon.com\/wp-content\/uploads\/IBAN-Banner-Image-2.png","width":1263,"height":1203},{"@type":"WebSite","@id":"https:\/\/luxon.com\/cs\/#website","url":"https:\/\/luxon.com\/cs\/","name":"Luxon Pay","description":"Instant secure global payments","publisher":{"@id":"https:\/\/luxon.com\/cs\/#organization"},"potentialAction":[{"@type":"SearchAction","target":{"@type":"EntryPoint","urlTemplate":"https:\/\/luxon.com\/cs\/?s={search_term_string}"},"query-input":{"@type":"PropertyValueSpecification","valueRequired":true,"valueName":"search_term_string"}}],"inLanguage":"cs"},{"@type":"Organization","@id":"https:\/\/luxon.com\/cs\/#organization","name":"Luxon Pay","url":"https:\/\/luxon.com\/cs\/","logo":{"@type":"ImageObject","inLanguage":"cs","@id":"https:\/\/luxon.com\/cs\/#\/schema\/logo\/image\/","url":"https:\/\/luxon.com\/wp-content\/uploads\/WebsiteImage04.png","contentUrl":"https:\/\/luxon.com\/wp-content\/uploads\/WebsiteImage04.png","width":1200,"height":630,"caption":"Luxon Pay"},"image":{"@id":"https:\/\/luxon.com\/cs\/#\/schema\/logo\/image\/"}}]}},"_links":{"self":[{"href":"https:\/\/luxon.com\/cs\/wp-json\/wp\/v2\/pages\/26838","targetHints":{"allow":["GET"]}}],"collection":[{"href":"https:\/\/luxon.com\/cs\/wp-json\/wp\/v2\/pages"}],"about":[{"href":"https:\/\/luxon.com\/cs\/wp-json\/wp\/v2\/types\/page"}],"author":[{"embeddable":true,"href":"https:\/\/luxon.com\/cs\/wp-json\/wp\/v2\/users\/5"}],"replies":[{"embeddable":true,"href":"https:\/\/luxon.com\/cs\/wp-json\/wp\/v2\/comments?post=26838"}],"version-history":[{"count":1,"href":"https:\/\/luxon.com\/cs\/wp-json\/wp\/v2\/pages\/26838\/revisions"}],"predecessor-version":[{"id":26839,"href":"https:\/\/luxon.com\/cs\/wp-json\/wp\/v2\/pages\/26838\/revisions\/26839"}],"wp:featuredmedia":[{"embeddable":true,"href":"https:\/\/luxon.com\/cs\/wp-json\/wp\/v2\/media\/27132"}],"wp:attachment":[{"href":"https:\/\/luxon.com\/cs\/wp-json\/wp\/v2\/media?parent=26838"}],"curies":[{"name":"wp","href":"https:\/\/api.w.org\/{rel}","templated":true}]}}