{"id":27559,"date":"2024-11-29T09:43:57","date_gmt":"2024-11-29T09:43:57","guid":{"rendered":"https:\/\/luxon.com\/free-luxon-pay-mastercard-in-december\/"},"modified":"2025-06-02T09:33:06","modified_gmt":"2025-06-02T09:33:06","slug":"free-luxon-pay-mastercard-in-december","status":"publish","type":"page","link":"https:\/\/luxon.com\/cs\/free-luxon-pay-mastercard-in-december\/","title":{"rendered":"Bezplatn\u00e1 Luxon Pay Mastercard"},"content":{"rendered":"<p data-start=\"115\" data-end=\"202\">Tento \u010derven v\u00e1m usnad\u0148ujeme utr\u00e1cen\u00ed prost\u0159edk\u016f s <strong data-start=\"166\" data-end=\"201\">bezplatnou Luxon Pay Mastercard<\/strong>!<\/p>\n<p data-start=\"204\" data-end=\"311\">Pouze po omezenou dobu si m\u016f\u017eete objednat fyzickou kartu zdarma \u2013 snadn\u00fd zp\u016fsob, jak platit po cel\u00e9m sv\u011bt\u011b.<\/p>\n<p data-start=\"313\" data-end=\"402\">Nezme\u0161kejte to \u2013 nab\u00eddka plat\u00ed jen po omezenou dobu. Objednejte si svou kartu je\u0161t\u011b dnes!<\/p>\n<p data-start=\"404\" data-end=\"461\">Nav\u0161tivte sekci \u201eKarta\u201c v aplikaci a objednejte si kartu.<\/p>\n<p data-start=\"463\" data-end=\"476\"><strong data-start=\"463\" data-end=\"476\">Podm\u00ednky:<\/strong><\/p>\n<ul data-start=\"477\" data-end=\"830\">\n<li data-start=\"477\" data-end=\"541\">\n<p data-start=\"479\" data-end=\"541\">U\u017eivatel mus\u00ed m\u00edt pln\u011b ov\u011b\u0159en\u00fd \u00fa\u010det, aby mohl kartu objednat<\/p>\n<\/li>\n<li data-start=\"542\" data-end=\"604\">\n<p data-start=\"544\" data-end=\"604\">Kartu mohou objednat pouze u\u017eivatel\u00e9 z Velk\u00e9 Brit\u00e1nie a EU<\/p>\n<\/li>\n<li data-start=\"605\" data-end=\"685\">\n<p data-start=\"607\" data-end=\"685\">Karty jsou obvykle doru\u010deny na adresu uvedenou v \u00fa\u010dtu do 5\u201310 pracovn\u00edch dn\u016f<\/p>\n<\/li>\n<li data-start=\"686\" data-end=\"736\">\n<p data-start=\"688\" data-end=\"736\">Akce je platn\u00e1 od 1. \u010dervna do 30. \u010dervna 2025<\/p>\n<\/li>\n<li data-start=\"737\" data-end=\"830\">\n<p data-start=\"739\" data-end=\"830\">Na jednoho u\u017eivatele je mo\u017en\u00e1 pouze jedna karta. Pokud ji\u017e kartu m\u00e1te, nelze objednat dal\u0161\u00ed<\/p>\n<\/li>\n<\/ul>\n","protected":false},"excerpt":{"rendered":"<p>Tento \u010derven v\u00e1m usnad\u0148ujeme utr\u00e1cen\u00ed prost\u0159edk\u016f s bezplatnou Luxon Pay Mastercard! Pouze po omezenou dobu si m\u016f\u017eete objednat fyzickou kartu zdarma \u2013 snadn\u00fd zp\u016fsob, jak platit po cel\u00e9m sv\u011bt\u011b. Nezme\u0161kejte to \u2013 nab\u00eddka plat\u00ed jen po omezenou dobu. Objednejte si svou kartu je\u0161t\u011b dnes! Nav\u0161tivte sekci \u201eKarta\u201c v aplikaci a objednejte si kartu. Podm\u00ednky: U\u017eivatel<a class=\"excerpt-read-more\" href=\"https:\/\/luxon.com\/cs\/free-luxon-pay-mastercard-in-december\/\" title=\"ReadBezplatn\u00e1 Luxon Pay Mastercard\">&#8230; Read more &raquo;<\/a><\/p>\n","protected":false},"author":5,"featured_media":26417,"parent":0,"menu_order":0,"comment_status":"closed","ping_status":"closed","template":"templates\/block-template.php","meta":{"_acf_changed":false,"footnotes":""},"class_list":["post-27559","page","type-page","status-publish","has-post-thumbnail","hentry"],"acf":[],"yoast_head":"<!-- This site is optimized with the Yoast SEO plugin v27.1.1 - https:\/\/yoast.com\/product\/yoast-seo-wordpress\/ -->\n<title>Bezplatn\u00e1 Luxon Pay Mastercard - Luxon Pay<\/title>\n<meta name=\"robots\" content=\"index, follow, max-snippet:-1, max-image-preview:large, max-video-preview:-1\" \/>\n<link rel=\"canonical\" href=\"https:\/\/luxon.com\/cs\/free-luxon-pay-mastercard-in-december\/\" \/>\n<meta property=\"og:locale\" content=\"cs_CZ\" \/>\n<meta property=\"og:type\" content=\"article\" \/>\n<meta property=\"og:title\" content=\"Bezplatn\u00e1 Luxon Pay Mastercard - Luxon Pay\" \/>\n<meta property=\"og:description\" content=\"Tento \u010derven v\u00e1m usnad\u0148ujeme utr\u00e1cen\u00ed prost\u0159edk\u016f s bezplatnou Luxon Pay Mastercard! Pouze po omezenou dobu si m\u016f\u017eete objednat fyzickou kartu zdarma \u2013 snadn\u00fd zp\u016fsob, jak platit po cel\u00e9m sv\u011bt\u011b. Nezme\u0161kejte to \u2013 nab\u00eddka plat\u00ed jen po omezenou dobu. Objednejte si svou kartu je\u0161t\u011b dnes! Nav\u0161tivte sekci \u201eKarta\u201c v aplikaci a objednejte si kartu. Podm\u00ednky: U\u017eivatel... Read more &raquo;\" \/>\n<meta property=\"og:url\" content=\"https:\/\/luxon.com\/cs\/free-luxon-pay-mastercard-in-december\/\" \/>\n<meta property=\"og:site_name\" content=\"Luxon Pay\" \/>\n<meta property=\"article:modified_time\" content=\"2025-06-02T09:33:06+00:00\" \/>\n<meta property=\"og:image\" content=\"https:\/\/luxon.com\/wp-content\/uploads\/Hero-Image@3x-3.png\" \/>\n\t<meta property=\"og:image:width\" content=\"1652\" \/>\n\t<meta property=\"og:image:height\" content=\"1727\" \/>\n\t<meta property=\"og:image:type\" content=\"image\/png\" \/>\n<meta name=\"twitter:card\" content=\"summary_large_image\" \/>\n<meta name=\"twitter:label1\" content=\"Odhadovan\u00e1 doba \u010dten\u00ed\" \/>\n\t<meta name=\"twitter:data1\" content=\"1 minuta\" \/>\n<script type=\"application\/ld+json\" class=\"yoast-schema-graph\">{\"@context\":\"https:\/\/schema.org\",\"@graph\":[{\"@type\":\"WebPage\",\"@id\":\"https:\/\/luxon.com\/cs\/free-luxon-pay-mastercard-in-december\/\",\"url\":\"https:\/\/luxon.com\/cs\/free-luxon-pay-mastercard-in-december\/\",\"name\":\"Bezplatn\u00e1 Luxon Pay Mastercard - Luxon Pay\",\"isPartOf\":{\"@id\":\"https:\/\/luxon.com\/cs\/#website\"},\"primaryImageOfPage\":{\"@id\":\"https:\/\/luxon.com\/cs\/free-luxon-pay-mastercard-in-december\/#primaryimage\"},\"image\":{\"@id\":\"https:\/\/luxon.com\/cs\/free-luxon-pay-mastercard-in-december\/#primaryimage\"},\"thumbnailUrl\":\"https:\/\/luxon.com\/wp-content\/uploads\/Hero-Image@3x-3.png\",\"datePublished\":\"2024-11-29T09:43:57+00:00\",\"dateModified\":\"2025-06-02T09:33:06+00:00\",\"inLanguage\":\"cs\",\"potentialAction\":[{\"@type\":\"ReadAction\",\"target\":[\"https:\/\/luxon.com\/cs\/free-luxon-pay-mastercard-in-december\/\"]}]},{\"@type\":\"ImageObject\",\"inLanguage\":\"cs\",\"@id\":\"https:\/\/luxon.com\/cs\/free-luxon-pay-mastercard-in-december\/#primaryimage\",\"url\":\"https:\/\/luxon.com\/wp-content\/uploads\/Hero-Image@3x-3.png\",\"contentUrl\":\"https:\/\/luxon.com\/wp-content\/uploads\/Hero-Image@3x-3.png\",\"width\":1652,\"height\":1727},{\"@type\":\"WebSite\",\"@id\":\"https:\/\/luxon.com\/cs\/#website\",\"url\":\"https:\/\/luxon.com\/cs\/\",\"name\":\"Luxon Pay\",\"description\":\"Instant secure global payments\",\"publisher\":{\"@id\":\"https:\/\/luxon.com\/cs\/#organization\"},\"potentialAction\":[{\"@type\":\"SearchAction\",\"target\":{\"@type\":\"EntryPoint\",\"urlTemplate\":\"https:\/\/luxon.com\/cs\/?s={search_term_string}\"},\"query-input\":{\"@type\":\"PropertyValueSpecification\",\"valueRequired\":true,\"valueName\":\"search_term_string\"}}],\"inLanguage\":\"cs\"},{\"@type\":\"Organization\",\"@id\":\"https:\/\/luxon.com\/cs\/#organization\",\"name\":\"Luxon Pay\",\"url\":\"https:\/\/luxon.com\/cs\/\",\"logo\":{\"@type\":\"ImageObject\",\"inLanguage\":\"cs\",\"@id\":\"https:\/\/luxon.com\/cs\/#\/schema\/logo\/image\/\",\"url\":\"https:\/\/luxon.com\/wp-content\/uploads\/WebsiteImage04.png\",\"contentUrl\":\"https:\/\/luxon.com\/wp-content\/uploads\/WebsiteImage04.png\",\"width\":1200,\"height\":630,\"caption\":\"Luxon Pay\"},\"image\":{\"@id\":\"https:\/\/luxon.com\/cs\/#\/schema\/logo\/image\/\"}}]}<\/script>\n<!-- \/ Yoast SEO plugin. -->","yoast_head_json":{"title":"Bezplatn\u00e1 Luxon Pay Mastercard - Luxon Pay","robots":{"index":"index","follow":"follow","max-snippet":"max-snippet:-1","max-image-preview":"max-image-preview:large","max-video-preview":"max-video-preview:-1"},"canonical":"https:\/\/luxon.com\/cs\/free-luxon-pay-mastercard-in-december\/","og_locale":"cs_CZ","og_type":"article","og_title":"Bezplatn\u00e1 Luxon Pay Mastercard - Luxon Pay","og_description":"Tento \u010derven v\u00e1m usnad\u0148ujeme utr\u00e1cen\u00ed prost\u0159edk\u016f s bezplatnou Luxon Pay Mastercard! Pouze po omezenou dobu si m\u016f\u017eete objednat fyzickou kartu zdarma \u2013 snadn\u00fd zp\u016fsob, jak platit po cel\u00e9m sv\u011bt\u011b. Nezme\u0161kejte to \u2013 nab\u00eddka plat\u00ed jen po omezenou dobu. Objednejte si svou kartu je\u0161t\u011b dnes! Nav\u0161tivte sekci \u201eKarta\u201c v aplikaci a objednejte si kartu. Podm\u00ednky: U\u017eivatel... Read more &raquo;","og_url":"https:\/\/luxon.com\/cs\/free-luxon-pay-mastercard-in-december\/","og_site_name":"Luxon Pay","article_modified_time":"2025-06-02T09:33:06+00:00","og_image":[{"width":1652,"height":1727,"url":"https:\/\/luxon.com\/wp-content\/uploads\/Hero-Image@3x-3.png","type":"image\/png"}],"twitter_card":"summary_large_image","twitter_misc":{"Odhadovan\u00e1 doba \u010dten\u00ed":"1 minuta"},"schema":{"@context":"https:\/\/schema.org","@graph":[{"@type":"WebPage","@id":"https:\/\/luxon.com\/cs\/free-luxon-pay-mastercard-in-december\/","url":"https:\/\/luxon.com\/cs\/free-luxon-pay-mastercard-in-december\/","name":"Bezplatn\u00e1 Luxon Pay Mastercard - Luxon Pay","isPartOf":{"@id":"https:\/\/luxon.com\/cs\/#website"},"primaryImageOfPage":{"@id":"https:\/\/luxon.com\/cs\/free-luxon-pay-mastercard-in-december\/#primaryimage"},"image":{"@id":"https:\/\/luxon.com\/cs\/free-luxon-pay-mastercard-in-december\/#primaryimage"},"thumbnailUrl":"https:\/\/luxon.com\/wp-content\/uploads\/Hero-Image@3x-3.png","datePublished":"2024-11-29T09:43:57+00:00","dateModified":"2025-06-02T09:33:06+00:00","inLanguage":"cs","potentialAction":[{"@type":"ReadAction","target":["https:\/\/luxon.com\/cs\/free-luxon-pay-mastercard-in-december\/"]}]},{"@type":"ImageObject","inLanguage":"cs","@id":"https:\/\/luxon.com\/cs\/free-luxon-pay-mastercard-in-december\/#primaryimage","url":"https:\/\/luxon.com\/wp-content\/uploads\/Hero-Image@3x-3.png","contentUrl":"https:\/\/luxon.com\/wp-content\/uploads\/Hero-Image@3x-3.png","width":1652,"height":1727},{"@type":"WebSite","@id":"https:\/\/luxon.com\/cs\/#website","url":"https:\/\/luxon.com\/cs\/","name":"Luxon Pay","description":"Instant secure global payments","publisher":{"@id":"https:\/\/luxon.com\/cs\/#organization"},"potentialAction":[{"@type":"SearchAction","target":{"@type":"EntryPoint","urlTemplate":"https:\/\/luxon.com\/cs\/?s={search_term_string}"},"query-input":{"@type":"PropertyValueSpecification","valueRequired":true,"valueName":"search_term_string"}}],"inLanguage":"cs"},{"@type":"Organization","@id":"https:\/\/luxon.com\/cs\/#organization","name":"Luxon Pay","url":"https:\/\/luxon.com\/cs\/","logo":{"@type":"ImageObject","inLanguage":"cs","@id":"https:\/\/luxon.com\/cs\/#\/schema\/logo\/image\/","url":"https:\/\/luxon.com\/wp-content\/uploads\/WebsiteImage04.png","contentUrl":"https:\/\/luxon.com\/wp-content\/uploads\/WebsiteImage04.png","width":1200,"height":630,"caption":"Luxon Pay"},"image":{"@id":"https:\/\/luxon.com\/cs\/#\/schema\/logo\/image\/"}}]}},"_links":{"self":[{"href":"https:\/\/luxon.com\/cs\/wp-json\/wp\/v2\/pages\/27559","targetHints":{"allow":["GET"]}}],"collection":[{"href":"https:\/\/luxon.com\/cs\/wp-json\/wp\/v2\/pages"}],"about":[{"href":"https:\/\/luxon.com\/cs\/wp-json\/wp\/v2\/types\/page"}],"author":[{"embeddable":true,"href":"https:\/\/luxon.com\/cs\/wp-json\/wp\/v2\/users\/5"}],"replies":[{"embeddable":true,"href":"https:\/\/luxon.com\/cs\/wp-json\/wp\/v2\/comments?post=27559"}],"version-history":[{"count":7,"href":"https:\/\/luxon.com\/cs\/wp-json\/wp\/v2\/pages\/27559\/revisions"}],"predecessor-version":[{"id":29914,"href":"https:\/\/luxon.com\/cs\/wp-json\/wp\/v2\/pages\/27559\/revisions\/29914"}],"wp:featuredmedia":[{"embeddable":true,"href":"https:\/\/luxon.com\/cs\/wp-json\/wp\/v2\/media\/26417"}],"wp:attachment":[{"href":"https:\/\/luxon.com\/cs\/wp-json\/wp\/v2\/media?parent=27559"}],"curies":[{"name":"wp","href":"https:\/\/api.w.org\/{rel}","templated":true}]}}