{"id":29773,"date":"2025-05-22T14:37:46","date_gmt":"2025-05-22T14:37:46","guid":{"rendered":"https:\/\/luxon.com\/win-a-free-10000-wsop-main-event-seat-in-our-exclusive-giveaway\/"},"modified":"2025-05-25T08:40:12","modified_gmt":"2025-05-25T08:40:12","slug":"win-a-free-10000-wsop-main-event-seat-in-our-exclusive-giveaway","status":"publish","type":"page","link":"https:\/\/luxon.com\/cs\/win-a-free-10000-wsop-main-event-seat-in-our-exclusive-giveaway\/","title":{"rendered":"Vyhrajte Buy-in na Main event WSOP v hodnot\u011b 10 000 $ zdarma v na\u0161\u00ed exkluzivn\u00ed sout\u011b\u017ei"},"content":{"rendered":"<ul>\n<li style=\"font-weight: 400;\">\u2060 \u2060Sledujte Luxon Pay na X<\/li>\n<li style=\"font-weight: 400;\">\u2060 \u2060Sd\u00edlejte p\u0159\u00edsp\u011bvek na X<\/li>\n<li style=\"font-weight: 400;\">\u2060 \u2060Zapla\u0165te jak\u00fdkoliv turnaj na WSOP p\u0159es Luxon Pay do 30. \u010dervna<\/li>\n<\/ul>\n<p style=\"font-weight: 400;\">Obchodn\u00ed podm\u00ednky<\/p>\n<p style=\"font-weight: 400;\">1.\u2060 \u2060U\u017eivatel\u00e9 si mus\u00ed zakoupit buy-in prost\u0159ednictv\u00edm aplikace WSOP+ a zaplatit pomoc\u00ed Luxon Pay, aby mohli zp\u016fsobil\u00ed pro \u00fa\u010dast v promo akci<\/p>\n<p style=\"font-weight: 400;\">2.\u2060 \u2060U\u017eivatel\u00e9 mus\u00ed sledovat Luxon Pay na X a sd\u00edlet p\u0159\u00edslu\u0161n\u00fd p\u0159\u00edsp\u011bvek, aby se mohli z\u00fa\u010dastnit sout\u011b\u017ee<\/p>\n<p style=\"font-weight: 400;\">3.\u2060 \u2060P\u0159ihl\u00e1\u0161ky budou uzav\u0159eny ve 23:59 SE\u010c dne 30. \u010dervna 2025<\/p>\n<p style=\"font-weight: 400;\">4.\u2060 \u2060V\u00edt\u011bz bude vyhl\u00e1\u0161en 1. \u010dervence 2025<\/p>\n<p style=\"font-weight: 400;\">5.\u2060 \u2060Buy-in na Main event WSOP s dotac\u00ed 10 000 $ lze pou\u017e\u00edt pro hlavn\u00ed turnaj WSOP v roce 2025 nebo 2026<\/p>\n","protected":false},"excerpt":{"rendered":"<p>\u2060 \u2060Sledujte Luxon Pay na X \u2060 \u2060Sd\u00edlejte p\u0159\u00edsp\u011bvek na X \u2060 \u2060Zapla\u0165te jak\u00fdkoliv turnaj na WSOP p\u0159es Luxon Pay do 30. \u010dervna Obchodn\u00ed podm\u00ednky 1.\u2060 \u2060U\u017eivatel\u00e9 si mus\u00ed zakoupit buy-in prost\u0159ednictv\u00edm aplikace WSOP+ a zaplatit pomoc\u00ed Luxon Pay, aby mohli zp\u016fsobil\u00ed pro \u00fa\u010dast v promo akci 2.\u2060 \u2060U\u017eivatel\u00e9 mus\u00ed sledovat Luxon Pay na X<a class=\"excerpt-read-more\" href=\"https:\/\/luxon.com\/cs\/win-a-free-10000-wsop-main-event-seat-in-our-exclusive-giveaway\/\" title=\"ReadVyhrajte Buy-in na Main event WSOP v hodnot\u011b 10 000 $ zdarma v na\u0161\u00ed exkluzivn\u00ed sout\u011b\u017ei\">&#8230; Read more &raquo;<\/a><\/p>\n","protected":false},"author":5,"featured_media":29573,"parent":0,"menu_order":0,"comment_status":"closed","ping_status":"closed","template":"templates\/block-template.php","meta":{"_acf_changed":false,"footnotes":""},"class_list":["post-29773","page","type-page","status-publish","has-post-thumbnail","hentry"],"acf":[],"yoast_head":"<!-- This site is optimized with the Yoast SEO plugin v27.1.1 - https:\/\/yoast.com\/product\/yoast-seo-wordpress\/ -->\n<title>Vyhrajte Buy-in na Main event WSOP v hodnot\u011b 10 000 $ zdarma v na\u0161\u00ed exkluzivn\u00ed sout\u011b\u017ei - Luxon Pay<\/title>\n<meta name=\"robots\" content=\"index, follow, max-snippet:-1, max-image-preview:large, max-video-preview:-1\" \/>\n<link rel=\"canonical\" href=\"https:\/\/luxon.com\/cs\/win-a-free-10000-wsop-main-event-seat-in-our-exclusive-giveaway\/\" \/>\n<meta property=\"og:locale\" content=\"cs_CZ\" \/>\n<meta property=\"og:type\" content=\"article\" \/>\n<meta property=\"og:title\" content=\"Vyhrajte Buy-in na Main event WSOP v hodnot\u011b 10 000 $ zdarma v na\u0161\u00ed exkluzivn\u00ed sout\u011b\u017ei - Luxon Pay\" \/>\n<meta property=\"og:description\" content=\"\u2060 \u2060Sledujte Luxon Pay na X \u2060 \u2060Sd\u00edlejte p\u0159\u00edsp\u011bvek na X \u2060 \u2060Zapla\u0165te jak\u00fdkoliv turnaj na WSOP p\u0159es Luxon Pay do 30. \u010dervna Obchodn\u00ed podm\u00ednky 1.\u2060 \u2060U\u017eivatel\u00e9 si mus\u00ed zakoupit buy-in prost\u0159ednictv\u00edm aplikace WSOP+ a zaplatit pomoc\u00ed Luxon Pay, aby mohli zp\u016fsobil\u00ed pro \u00fa\u010dast v promo akci 2.\u2060 \u2060U\u017eivatel\u00e9 mus\u00ed sledovat Luxon Pay na X... Read more &raquo;\" \/>\n<meta property=\"og:url\" content=\"https:\/\/luxon.com\/cs\/win-a-free-10000-wsop-main-event-seat-in-our-exclusive-giveaway\/\" \/>\n<meta property=\"og:site_name\" content=\"Luxon Pay\" \/>\n<meta property=\"article:modified_time\" content=\"2025-05-25T08:40:12+00:00\" \/>\n<meta property=\"og:image\" content=\"https:\/\/luxon.com\/wp-content\/uploads\/Luxon-website-banner-image.png\" \/>\n\t<meta property=\"og:image:width\" content=\"404\" \/>\n\t<meta property=\"og:image:height\" content=\"640\" \/>\n\t<meta property=\"og:image:type\" content=\"image\/png\" \/>\n<meta name=\"twitter:card\" content=\"summary_large_image\" \/>\n<meta name=\"twitter:label1\" content=\"Odhadovan\u00e1 doba \u010dten\u00ed\" \/>\n\t<meta name=\"twitter:data1\" content=\"1 minuta\" \/>\n<script type=\"application\/ld+json\" class=\"yoast-schema-graph\">{\"@context\":\"https:\/\/schema.org\",\"@graph\":[{\"@type\":\"WebPage\",\"@id\":\"https:\/\/luxon.com\/cs\/win-a-free-10000-wsop-main-event-seat-in-our-exclusive-giveaway\/\",\"url\":\"https:\/\/luxon.com\/cs\/win-a-free-10000-wsop-main-event-seat-in-our-exclusive-giveaway\/\",\"name\":\"Vyhrajte Buy-in na Main event WSOP v hodnot\u011b 10 000 $ zdarma v na\u0161\u00ed exkluzivn\u00ed sout\u011b\u017ei - Luxon Pay\",\"isPartOf\":{\"@id\":\"https:\/\/luxon.com\/cs\/#website\"},\"primaryImageOfPage\":{\"@id\":\"https:\/\/luxon.com\/cs\/win-a-free-10000-wsop-main-event-seat-in-our-exclusive-giveaway\/#primaryimage\"},\"image\":{\"@id\":\"https:\/\/luxon.com\/cs\/win-a-free-10000-wsop-main-event-seat-in-our-exclusive-giveaway\/#primaryimage\"},\"thumbnailUrl\":\"https:\/\/luxon.com\/wp-content\/uploads\/Luxon-website-banner-image.png\",\"datePublished\":\"2025-05-22T14:37:46+00:00\",\"dateModified\":\"2025-05-25T08:40:12+00:00\",\"inLanguage\":\"cs\",\"potentialAction\":[{\"@type\":\"ReadAction\",\"target\":[\"https:\/\/luxon.com\/cs\/win-a-free-10000-wsop-main-event-seat-in-our-exclusive-giveaway\/\"]}]},{\"@type\":\"ImageObject\",\"inLanguage\":\"cs\",\"@id\":\"https:\/\/luxon.com\/cs\/win-a-free-10000-wsop-main-event-seat-in-our-exclusive-giveaway\/#primaryimage\",\"url\":\"https:\/\/luxon.com\/wp-content\/uploads\/Luxon-website-banner-image.png\",\"contentUrl\":\"https:\/\/luxon.com\/wp-content\/uploads\/Luxon-website-banner-image.png\",\"width\":404,\"height\":640},{\"@type\":\"WebSite\",\"@id\":\"https:\/\/luxon.com\/cs\/#website\",\"url\":\"https:\/\/luxon.com\/cs\/\",\"name\":\"Luxon Pay\",\"description\":\"Instant secure global payments\",\"publisher\":{\"@id\":\"https:\/\/luxon.com\/cs\/#organization\"},\"potentialAction\":[{\"@type\":\"SearchAction\",\"target\":{\"@type\":\"EntryPoint\",\"urlTemplate\":\"https:\/\/luxon.com\/cs\/?s={search_term_string}\"},\"query-input\":{\"@type\":\"PropertyValueSpecification\",\"valueRequired\":true,\"valueName\":\"search_term_string\"}}],\"inLanguage\":\"cs\"},{\"@type\":\"Organization\",\"@id\":\"https:\/\/luxon.com\/cs\/#organization\",\"name\":\"Luxon Pay\",\"url\":\"https:\/\/luxon.com\/cs\/\",\"logo\":{\"@type\":\"ImageObject\",\"inLanguage\":\"cs\",\"@id\":\"https:\/\/luxon.com\/cs\/#\/schema\/logo\/image\/\",\"url\":\"https:\/\/luxon.com\/wp-content\/uploads\/WebsiteImage04.png\",\"contentUrl\":\"https:\/\/luxon.com\/wp-content\/uploads\/WebsiteImage04.png\",\"width\":1200,\"height\":630,\"caption\":\"Luxon Pay\"},\"image\":{\"@id\":\"https:\/\/luxon.com\/cs\/#\/schema\/logo\/image\/\"}}]}<\/script>\n<!-- \/ Yoast SEO plugin. -->","yoast_head_json":{"title":"Vyhrajte Buy-in na Main event WSOP v hodnot\u011b 10 000 $ zdarma v na\u0161\u00ed exkluzivn\u00ed sout\u011b\u017ei - Luxon Pay","robots":{"index":"index","follow":"follow","max-snippet":"max-snippet:-1","max-image-preview":"max-image-preview:large","max-video-preview":"max-video-preview:-1"},"canonical":"https:\/\/luxon.com\/cs\/win-a-free-10000-wsop-main-event-seat-in-our-exclusive-giveaway\/","og_locale":"cs_CZ","og_type":"article","og_title":"Vyhrajte Buy-in na Main event WSOP v hodnot\u011b 10 000 $ zdarma v na\u0161\u00ed exkluzivn\u00ed sout\u011b\u017ei - Luxon Pay","og_description":"\u2060 \u2060Sledujte Luxon Pay na X \u2060 \u2060Sd\u00edlejte p\u0159\u00edsp\u011bvek na X \u2060 \u2060Zapla\u0165te jak\u00fdkoliv turnaj na WSOP p\u0159es Luxon Pay do 30. \u010dervna Obchodn\u00ed podm\u00ednky 1.\u2060 \u2060U\u017eivatel\u00e9 si mus\u00ed zakoupit buy-in prost\u0159ednictv\u00edm aplikace WSOP+ a zaplatit pomoc\u00ed Luxon Pay, aby mohli zp\u016fsobil\u00ed pro \u00fa\u010dast v promo akci 2.\u2060 \u2060U\u017eivatel\u00e9 mus\u00ed sledovat Luxon Pay na X... Read more &raquo;","og_url":"https:\/\/luxon.com\/cs\/win-a-free-10000-wsop-main-event-seat-in-our-exclusive-giveaway\/","og_site_name":"Luxon Pay","article_modified_time":"2025-05-25T08:40:12+00:00","og_image":[{"width":404,"height":640,"url":"https:\/\/luxon.com\/wp-content\/uploads\/Luxon-website-banner-image.png","type":"image\/png"}],"twitter_card":"summary_large_image","twitter_misc":{"Odhadovan\u00e1 doba \u010dten\u00ed":"1 minuta"},"schema":{"@context":"https:\/\/schema.org","@graph":[{"@type":"WebPage","@id":"https:\/\/luxon.com\/cs\/win-a-free-10000-wsop-main-event-seat-in-our-exclusive-giveaway\/","url":"https:\/\/luxon.com\/cs\/win-a-free-10000-wsop-main-event-seat-in-our-exclusive-giveaway\/","name":"Vyhrajte Buy-in na Main event WSOP v hodnot\u011b 10 000 $ zdarma v na\u0161\u00ed exkluzivn\u00ed sout\u011b\u017ei - Luxon Pay","isPartOf":{"@id":"https:\/\/luxon.com\/cs\/#website"},"primaryImageOfPage":{"@id":"https:\/\/luxon.com\/cs\/win-a-free-10000-wsop-main-event-seat-in-our-exclusive-giveaway\/#primaryimage"},"image":{"@id":"https:\/\/luxon.com\/cs\/win-a-free-10000-wsop-main-event-seat-in-our-exclusive-giveaway\/#primaryimage"},"thumbnailUrl":"https:\/\/luxon.com\/wp-content\/uploads\/Luxon-website-banner-image.png","datePublished":"2025-05-22T14:37:46+00:00","dateModified":"2025-05-25T08:40:12+00:00","inLanguage":"cs","potentialAction":[{"@type":"ReadAction","target":["https:\/\/luxon.com\/cs\/win-a-free-10000-wsop-main-event-seat-in-our-exclusive-giveaway\/"]}]},{"@type":"ImageObject","inLanguage":"cs","@id":"https:\/\/luxon.com\/cs\/win-a-free-10000-wsop-main-event-seat-in-our-exclusive-giveaway\/#primaryimage","url":"https:\/\/luxon.com\/wp-content\/uploads\/Luxon-website-banner-image.png","contentUrl":"https:\/\/luxon.com\/wp-content\/uploads\/Luxon-website-banner-image.png","width":404,"height":640},{"@type":"WebSite","@id":"https:\/\/luxon.com\/cs\/#website","url":"https:\/\/luxon.com\/cs\/","name":"Luxon Pay","description":"Instant secure global payments","publisher":{"@id":"https:\/\/luxon.com\/cs\/#organization"},"potentialAction":[{"@type":"SearchAction","target":{"@type":"EntryPoint","urlTemplate":"https:\/\/luxon.com\/cs\/?s={search_term_string}"},"query-input":{"@type":"PropertyValueSpecification","valueRequired":true,"valueName":"search_term_string"}}],"inLanguage":"cs"},{"@type":"Organization","@id":"https:\/\/luxon.com\/cs\/#organization","name":"Luxon Pay","url":"https:\/\/luxon.com\/cs\/","logo":{"@type":"ImageObject","inLanguage":"cs","@id":"https:\/\/luxon.com\/cs\/#\/schema\/logo\/image\/","url":"https:\/\/luxon.com\/wp-content\/uploads\/WebsiteImage04.png","contentUrl":"https:\/\/luxon.com\/wp-content\/uploads\/WebsiteImage04.png","width":1200,"height":630,"caption":"Luxon Pay"},"image":{"@id":"https:\/\/luxon.com\/cs\/#\/schema\/logo\/image\/"}}]}},"_links":{"self":[{"href":"https:\/\/luxon.com\/cs\/wp-json\/wp\/v2\/pages\/29773","targetHints":{"allow":["GET"]}}],"collection":[{"href":"https:\/\/luxon.com\/cs\/wp-json\/wp\/v2\/pages"}],"about":[{"href":"https:\/\/luxon.com\/cs\/wp-json\/wp\/v2\/types\/page"}],"author":[{"embeddable":true,"href":"https:\/\/luxon.com\/cs\/wp-json\/wp\/v2\/users\/5"}],"replies":[{"embeddable":true,"href":"https:\/\/luxon.com\/cs\/wp-json\/wp\/v2\/comments?post=29773"}],"version-history":[{"count":4,"href":"https:\/\/luxon.com\/cs\/wp-json\/wp\/v2\/pages\/29773\/revisions"}],"predecessor-version":[{"id":29777,"href":"https:\/\/luxon.com\/cs\/wp-json\/wp\/v2\/pages\/29773\/revisions\/29777"}],"wp:featuredmedia":[{"embeddable":true,"href":"https:\/\/luxon.com\/cs\/wp-json\/wp\/v2\/media\/29573"}],"wp:attachment":[{"href":"https:\/\/luxon.com\/cs\/wp-json\/wp\/v2\/media?parent=29773"}],"curies":[{"name":"wp","href":"https:\/\/api.w.org\/{rel}","templated":true}]}}