{"id":30236,"date":"2025-06-19T09:23:21","date_gmt":"2025-06-19T09:23:21","guid":{"rendered":"https:\/\/luxon.com\/?page_id=30236"},"modified":"2025-08-22T16:05:51","modified_gmt":"2025-08-22T16:05:51","slug":"get-1-cashback-on-pokerplanets-deposits","status":"publish","type":"page","link":"https:\/\/luxon.com\/cs\/get-1-cashback-on-pokerplanets-deposits\/","title":{"rendered":"1% Cashback on Pokerplanets Deposits"},"content":{"rendered":"<p><b>Promotion valid until 15 September 2025<\/b><\/p>\n<p><img loading=\"lazy\" decoding=\"async\" class=\"alignnone size-medium wp-image-30244\" src=\"https:\/\/luxon.com\/wp-content\/uploads\/PP-Luxon-banner-300x300.jpg\" alt=\"\" width=\"300\" height=\"300\" srcset=\"https:\/\/luxon.com\/wp-content\/uploads\/PP-Luxon-banner-300x300.jpg 300w, https:\/\/luxon.com\/wp-content\/uploads\/PP-Luxon-banner-1024x1024.jpg 1024w, https:\/\/luxon.com\/wp-content\/uploads\/PP-Luxon-banner-150x150.jpg 150w, https:\/\/luxon.com\/wp-content\/uploads\/PP-Luxon-banner-768x768.jpg 768w, https:\/\/luxon.com\/wp-content\/uploads\/PP-Luxon-banner-1536x1536.jpg 1536w, https:\/\/luxon.com\/wp-content\/uploads\/PP-Luxon-banner-125x125.jpg 125w, https:\/\/luxon.com\/wp-content\/uploads\/PP-Luxon-banner.jpg 1920w\" sizes=\"auto, (max-width: 300px) 100vw, 300px\" \/><\/p>\n<p><span style=\"font-weight: 400;\">We\u2019ve partnered with <\/span><b>Pokerplanets<\/b><span style=\"font-weight: 400;\">, the new poker platform that launched in <\/span><b>April 2025<\/b><span style=\"font-weight: 400;\">, to give Luxon Pay users an exclusive <\/span><b>1% cashback<\/b><span style=\"font-weight: 400;\"> on all deposits.<\/span><\/p>\n<p><b>\ud83d\udcb8 How It Works<\/b><\/p>\n<ul>\n<li style=\"font-weight: 400;\" aria-level=\"1\"><span style=\"font-weight: 400;\">Deposit to Pokerplanets using Luxon Pay<\/span><\/li>\n<li style=\"font-weight: 400;\" aria-level=\"1\"><span style=\"font-weight: 400;\">Earn 1% cashback on every deposit<\/span><\/li>\n<li style=\"font-weight: 400;\" aria-level=\"1\"><span style=\"font-weight: 400;\">Cashback will be paid to your Luxon wallet within 7 days after the promo ends<\/span><\/li>\n<\/ul>\n<p><span style=\"font-weight: 400;\">\ud83d\uddd3\ufe0f <\/span><b>Ends:<\/b><span style=\"font-weight: 400;\"> 15 September 2025<\/span><\/p>\n<p><span style=\"font-weight: 400;\">\u274c <\/span><b>Not combinable<\/b><span style=\"font-weight: 400;\"> with other Luxon Pay promotions<\/span><\/p>\n<p><b>\ud83c\udd95 About Pokerplanets<\/b><\/p>\n<ul>\n<li style=\"font-weight: 400;\" aria-level=\"1\"><span style=\"font-weight: 400;\">Created for the next generation of poker players<\/span><\/li>\n<li style=\"font-weight: 400;\" aria-level=\"1\"><span style=\"font-weight: 400;\">Existing <\/span><b>PokerStars Sochi<\/b><span style=\"font-weight: 400;\"> players have already had their balances and profiles transferred over<\/span><\/li>\n<li style=\"font-weight: 400;\" aria-level=\"1\"><span style=\"font-weight: 400;\">Available now in <\/span><b>beta<\/b><span style=\"font-weight: 400;\"> for:<\/span>\n<ul>\n<li style=\"font-weight: 400;\" aria-level=\"2\"><a href=\"https:\/\/ppdl.me\/win\"><b>Windows<\/b><b><\/b><\/a><\/li>\n<li style=\"font-weight: 400;\" aria-level=\"2\"><a href=\"https:\/\/ppdl.me\/mac\"><b>MacOS<\/b><b><\/b><\/a><\/li>\n<li style=\"font-weight: 400;\" aria-level=\"2\"><a href=\"https:\/\/ppdl.me\/android\"><b>Android (mobile)<\/b><\/a><\/li>\n<\/ul>\n<\/li>\n<\/ul>\n<p><a href=\"https:\/\/pokerplanets.com\/\"><b>Deposit Now<\/b><\/a><\/p>\n<p><span style=\"font-weight: 400;\">Questions? Contact our <\/span><b>24\/7 support<\/b><span style=\"font-weight: 400;\"> via the Luxon Pay app or email <a href=\"mailto:support@luxon.com\">support@luxon.com<\/a><\/span><\/p>\n","protected":false},"excerpt":{"rendered":"<p>Promotion valid until 15 September 2025 We\u2019ve partnered with Pokerplanets, the new poker platform that launched in April 2025, to give Luxon Pay users an exclusive 1% cashback on all deposits. \ud83d\udcb8 How It Works Deposit to Pokerplanets using Luxon Pay Earn 1% cashback on every deposit Cashback will be paid to your Luxon wallet<a class=\"excerpt-read-more\" href=\"https:\/\/luxon.com\/cs\/get-1-cashback-on-pokerplanets-deposits\/\" title=\"Read1% Cashback on Pokerplanets Deposits\">&#8230; Read more &raquo;<\/a><\/p>\n","protected":false},"author":9,"featured_media":30244,"parent":0,"menu_order":0,"comment_status":"closed","ping_status":"closed","template":"template-full-width.php","meta":{"_acf_changed":false,"footnotes":""},"class_list":["post-30236","page","type-page","status-publish","has-post-thumbnail","hentry"],"acf":[],"yoast_head":"<!-- This site is optimized with the Yoast SEO plugin v27.1.1 - https:\/\/yoast.com\/product\/yoast-seo-wordpress\/ -->\n<title>1% Cashback on Pokerplanets Deposits - Luxon Pay<\/title>\n<meta name=\"robots\" content=\"index, follow, max-snippet:-1, max-image-preview:large, max-video-preview:-1\" \/>\n<link rel=\"canonical\" href=\"https:\/\/luxon.com\/cs\/get-1-cashback-on-pokerplanets-deposits\/\" \/>\n<meta property=\"og:locale\" content=\"cs_CZ\" \/>\n<meta property=\"og:type\" content=\"article\" \/>\n<meta property=\"og:title\" content=\"1% Cashback on Pokerplanets Deposits - Luxon Pay\" \/>\n<meta property=\"og:description\" content=\"Promotion valid until 15 September 2025 We\u2019ve partnered with Pokerplanets, the new poker platform that launched in April 2025, to give Luxon Pay users an exclusive 1% cashback on all deposits. \ud83d\udcb8 How It Works Deposit to Pokerplanets using Luxon Pay Earn 1% cashback on every deposit Cashback will be paid to your Luxon wallet... Read more &raquo;\" \/>\n<meta property=\"og:url\" content=\"https:\/\/luxon.com\/cs\/get-1-cashback-on-pokerplanets-deposits\/\" \/>\n<meta property=\"og:site_name\" content=\"Luxon Pay\" \/>\n<meta property=\"article:modified_time\" content=\"2025-08-22T16:05:51+00:00\" \/>\n<meta property=\"og:image\" content=\"https:\/\/luxon.com\/wp-content\/uploads\/PP-Luxon-banner.jpg\" \/>\n\t<meta property=\"og:image:width\" content=\"1920\" \/>\n\t<meta property=\"og:image:height\" content=\"1920\" \/>\n\t<meta property=\"og:image:type\" content=\"image\/jpeg\" \/>\n<meta name=\"twitter:card\" content=\"summary_large_image\" \/>\n<meta name=\"twitter:label1\" content=\"Odhadovan\u00e1 doba \u010dten\u00ed\" \/>\n\t<meta name=\"twitter:data1\" content=\"1 minuta\" \/>\n<script type=\"application\/ld+json\" class=\"yoast-schema-graph\">{\"@context\":\"https:\/\/schema.org\",\"@graph\":[{\"@type\":\"WebPage\",\"@id\":\"https:\/\/luxon.com\/cs\/get-1-cashback-on-pokerplanets-deposits\/\",\"url\":\"https:\/\/luxon.com\/cs\/get-1-cashback-on-pokerplanets-deposits\/\",\"name\":\"1% Cashback on Pokerplanets Deposits - Luxon Pay\",\"isPartOf\":{\"@id\":\"https:\/\/luxon.com\/cs\/#website\"},\"primaryImageOfPage\":{\"@id\":\"https:\/\/luxon.com\/cs\/get-1-cashback-on-pokerplanets-deposits\/#primaryimage\"},\"image\":{\"@id\":\"https:\/\/luxon.com\/cs\/get-1-cashback-on-pokerplanets-deposits\/#primaryimage\"},\"thumbnailUrl\":\"https:\/\/luxon.com\/wp-content\/uploads\/PP-Luxon-banner.jpg\",\"datePublished\":\"2025-06-19T09:23:21+00:00\",\"dateModified\":\"2025-08-22T16:05:51+00:00\",\"inLanguage\":\"cs\",\"potentialAction\":[{\"@type\":\"ReadAction\",\"target\":[\"https:\/\/luxon.com\/cs\/get-1-cashback-on-pokerplanets-deposits\/\"]}]},{\"@type\":\"ImageObject\",\"inLanguage\":\"cs\",\"@id\":\"https:\/\/luxon.com\/cs\/get-1-cashback-on-pokerplanets-deposits\/#primaryimage\",\"url\":\"https:\/\/luxon.com\/wp-content\/uploads\/PP-Luxon-banner.jpg\",\"contentUrl\":\"https:\/\/luxon.com\/wp-content\/uploads\/PP-Luxon-banner.jpg\",\"width\":1920,\"height\":1920},{\"@type\":\"WebSite\",\"@id\":\"https:\/\/luxon.com\/cs\/#website\",\"url\":\"https:\/\/luxon.com\/cs\/\",\"name\":\"Luxon Pay\",\"description\":\"Instant secure global payments\",\"publisher\":{\"@id\":\"https:\/\/luxon.com\/cs\/#organization\"},\"potentialAction\":[{\"@type\":\"SearchAction\",\"target\":{\"@type\":\"EntryPoint\",\"urlTemplate\":\"https:\/\/luxon.com\/cs\/?s={search_term_string}\"},\"query-input\":{\"@type\":\"PropertyValueSpecification\",\"valueRequired\":true,\"valueName\":\"search_term_string\"}}],\"inLanguage\":\"cs\"},{\"@type\":\"Organization\",\"@id\":\"https:\/\/luxon.com\/cs\/#organization\",\"name\":\"Luxon Pay\",\"url\":\"https:\/\/luxon.com\/cs\/\",\"logo\":{\"@type\":\"ImageObject\",\"inLanguage\":\"cs\",\"@id\":\"https:\/\/luxon.com\/cs\/#\/schema\/logo\/image\/\",\"url\":\"https:\/\/luxon.com\/wp-content\/uploads\/WebsiteImage04.png\",\"contentUrl\":\"https:\/\/luxon.com\/wp-content\/uploads\/WebsiteImage04.png\",\"width\":1200,\"height\":630,\"caption\":\"Luxon Pay\"},\"image\":{\"@id\":\"https:\/\/luxon.com\/cs\/#\/schema\/logo\/image\/\"}}]}<\/script>\n<!-- \/ Yoast SEO plugin. -->","yoast_head_json":{"title":"1% Cashback on Pokerplanets Deposits - Luxon Pay","robots":{"index":"index","follow":"follow","max-snippet":"max-snippet:-1","max-image-preview":"max-image-preview:large","max-video-preview":"max-video-preview:-1"},"canonical":"https:\/\/luxon.com\/cs\/get-1-cashback-on-pokerplanets-deposits\/","og_locale":"cs_CZ","og_type":"article","og_title":"1% Cashback on Pokerplanets Deposits - Luxon Pay","og_description":"Promotion valid until 15 September 2025 We\u2019ve partnered with Pokerplanets, the new poker platform that launched in April 2025, to give Luxon Pay users an exclusive 1% cashback on all deposits. \ud83d\udcb8 How It Works Deposit to Pokerplanets using Luxon Pay Earn 1% cashback on every deposit Cashback will be paid to your Luxon wallet... Read more &raquo;","og_url":"https:\/\/luxon.com\/cs\/get-1-cashback-on-pokerplanets-deposits\/","og_site_name":"Luxon Pay","article_modified_time":"2025-08-22T16:05:51+00:00","og_image":[{"width":1920,"height":1920,"url":"https:\/\/luxon.com\/wp-content\/uploads\/PP-Luxon-banner.jpg","type":"image\/jpeg"}],"twitter_card":"summary_large_image","twitter_misc":{"Odhadovan\u00e1 doba \u010dten\u00ed":"1 minuta"},"schema":{"@context":"https:\/\/schema.org","@graph":[{"@type":"WebPage","@id":"https:\/\/luxon.com\/cs\/get-1-cashback-on-pokerplanets-deposits\/","url":"https:\/\/luxon.com\/cs\/get-1-cashback-on-pokerplanets-deposits\/","name":"1% Cashback on Pokerplanets Deposits - Luxon Pay","isPartOf":{"@id":"https:\/\/luxon.com\/cs\/#website"},"primaryImageOfPage":{"@id":"https:\/\/luxon.com\/cs\/get-1-cashback-on-pokerplanets-deposits\/#primaryimage"},"image":{"@id":"https:\/\/luxon.com\/cs\/get-1-cashback-on-pokerplanets-deposits\/#primaryimage"},"thumbnailUrl":"https:\/\/luxon.com\/wp-content\/uploads\/PP-Luxon-banner.jpg","datePublished":"2025-06-19T09:23:21+00:00","dateModified":"2025-08-22T16:05:51+00:00","inLanguage":"cs","potentialAction":[{"@type":"ReadAction","target":["https:\/\/luxon.com\/cs\/get-1-cashback-on-pokerplanets-deposits\/"]}]},{"@type":"ImageObject","inLanguage":"cs","@id":"https:\/\/luxon.com\/cs\/get-1-cashback-on-pokerplanets-deposits\/#primaryimage","url":"https:\/\/luxon.com\/wp-content\/uploads\/PP-Luxon-banner.jpg","contentUrl":"https:\/\/luxon.com\/wp-content\/uploads\/PP-Luxon-banner.jpg","width":1920,"height":1920},{"@type":"WebSite","@id":"https:\/\/luxon.com\/cs\/#website","url":"https:\/\/luxon.com\/cs\/","name":"Luxon Pay","description":"Instant secure global payments","publisher":{"@id":"https:\/\/luxon.com\/cs\/#organization"},"potentialAction":[{"@type":"SearchAction","target":{"@type":"EntryPoint","urlTemplate":"https:\/\/luxon.com\/cs\/?s={search_term_string}"},"query-input":{"@type":"PropertyValueSpecification","valueRequired":true,"valueName":"search_term_string"}}],"inLanguage":"cs"},{"@type":"Organization","@id":"https:\/\/luxon.com\/cs\/#organization","name":"Luxon Pay","url":"https:\/\/luxon.com\/cs\/","logo":{"@type":"ImageObject","inLanguage":"cs","@id":"https:\/\/luxon.com\/cs\/#\/schema\/logo\/image\/","url":"https:\/\/luxon.com\/wp-content\/uploads\/WebsiteImage04.png","contentUrl":"https:\/\/luxon.com\/wp-content\/uploads\/WebsiteImage04.png","width":1200,"height":630,"caption":"Luxon Pay"},"image":{"@id":"https:\/\/luxon.com\/cs\/#\/schema\/logo\/image\/"}}]}},"_links":{"self":[{"href":"https:\/\/luxon.com\/cs\/wp-json\/wp\/v2\/pages\/30236","targetHints":{"allow":["GET"]}}],"collection":[{"href":"https:\/\/luxon.com\/cs\/wp-json\/wp\/v2\/pages"}],"about":[{"href":"https:\/\/luxon.com\/cs\/wp-json\/wp\/v2\/types\/page"}],"author":[{"embeddable":true,"href":"https:\/\/luxon.com\/cs\/wp-json\/wp\/v2\/users\/9"}],"replies":[{"embeddable":true,"href":"https:\/\/luxon.com\/cs\/wp-json\/wp\/v2\/comments?post=30236"}],"version-history":[{"count":16,"href":"https:\/\/luxon.com\/cs\/wp-json\/wp\/v2\/pages\/30236\/revisions"}],"predecessor-version":[{"id":31466,"href":"https:\/\/luxon.com\/cs\/wp-json\/wp\/v2\/pages\/30236\/revisions\/31466"}],"wp:featuredmedia":[{"embeddable":true,"href":"https:\/\/luxon.com\/cs\/wp-json\/wp\/v2\/media\/30244"}],"wp:attachment":[{"href":"https:\/\/luxon.com\/cs\/wp-json\/wp\/v2\/media?parent=30236"}],"curies":[{"name":"wp","href":"https:\/\/api.w.org\/{rel}","templated":true}]}}