{"id":32081,"date":"2025-08-29T13:57:14","date_gmt":"2025-08-29T13:57:14","guid":{"rendered":"https:\/\/luxon.com\/luxon-welcomes-you-to-paradise-with-5000\/"},"modified":"2025-10-10T14:19:22","modified_gmt":"2025-10-10T14:19:22","slug":"luxon-welcomes-you-to-paradise-with-5000","status":"publish","type":"page","link":"https:\/\/luxon.com\/cs\/luxon-welcomes-you-to-paradise-with-5000\/","title":{"rendered":"Luxon Pay v\u00e1s v\u00edt\u00e1 v Paradise s 5 000 $!"},"content":{"rendered":"<p style=\"font-weight: 400;\">Poprv\u00e9 na WSOP Paradise? Pokud je to va\u0161e debutov\u00e1 \u00fa\u010dast, Luxon Pay v\u00e1m rozprost\u00edr\u00e1 \u010derven\u00fd koberec. Tato speci\u00e1ln\u00ed promo akce je navr\u017eena tak, aby nov\u00e1\u010dk\u016fm poskytla extra podporu hned p\u0159i vstupu do hry.<\/p>\n","protected":false},"excerpt":{"rendered":"<p>Poprv\u00e9 na WSOP Paradise? Pokud je to va\u0161e debutov\u00e1 \u00fa\u010dast, Luxon Pay v\u00e1m rozprost\u00edr\u00e1 \u010derven\u00fd koberec. Tato speci\u00e1ln\u00ed promo akce je navr\u017eena tak, aby nov\u00e1\u010dk\u016fm poskytla extra podporu hned p\u0159i vstupu do hry.<\/p>\n","protected":false},"author":3,"featured_media":31571,"parent":0,"menu_order":0,"comment_status":"closed","ping_status":"closed","template":"templates\/block-template.php","meta":{"_acf_changed":false,"footnotes":""},"class_list":["post-32081","page","type-page","status-publish","has-post-thumbnail","hentry"],"acf":[],"yoast_head":"<!-- This site is optimized with the Yoast SEO plugin v27.4 - https:\/\/yoast.com\/product\/yoast-seo-wordpress\/ -->\n<title>Luxon Pay v\u00e1s v\u00edt\u00e1 v Paradise s 5 000 $! - Luxon Pay<\/title>\n<meta name=\"robots\" content=\"index, follow, max-snippet:-1, max-image-preview:large, max-video-preview:-1\" \/>\n<link rel=\"canonical\" href=\"https:\/\/luxon.com\/cs\/luxon-welcomes-you-to-paradise-with-5000\/\" \/>\n<meta property=\"og:locale\" content=\"cs_CZ\" \/>\n<meta property=\"og:type\" content=\"article\" \/>\n<meta property=\"og:title\" content=\"Luxon Pay v\u00e1s v\u00edt\u00e1 v Paradise s 5 000 $! - Luxon Pay\" \/>\n<meta property=\"og:description\" content=\"Poprv\u00e9 na WSOP Paradise? Pokud je to va\u0161e debutov\u00e1 \u00fa\u010dast, Luxon Pay v\u00e1m rozprost\u00edr\u00e1 \u010derven\u00fd koberec. Tato speci\u00e1ln\u00ed promo akce je navr\u017eena tak, aby nov\u00e1\u010dk\u016fm poskytla extra podporu hned p\u0159i vstupu do hry.\" \/>\n<meta property=\"og:url\" content=\"https:\/\/luxon.com\/cs\/luxon-welcomes-you-to-paradise-with-5000\/\" \/>\n<meta property=\"og:site_name\" content=\"Luxon Pay\" \/>\n<meta property=\"article:modified_time\" content=\"2025-10-10T14:19:22+00:00\" \/>\n<meta property=\"og:image\" content=\"https:\/\/luxon.com\/wp-content\/uploads\/WSOP_Paradise_Header.png\" \/>\n\t<meta property=\"og:image:width\" content=\"720\" \/>\n\t<meta property=\"og:image:height\" content=\"686\" \/>\n\t<meta property=\"og:image:type\" content=\"image\/png\" \/>\n<meta name=\"twitter:card\" content=\"summary_large_image\" \/>\n<meta name=\"twitter:label1\" content=\"Odhadovan\u00e1 doba \u010dten\u00ed\" \/>\n\t<meta name=\"twitter:data1\" content=\"1 minuta\" \/>\n<script type=\"application\/ld+json\" class=\"yoast-schema-graph\">{\"@context\":\"https:\\\/\\\/schema.org\",\"@graph\":[{\"@type\":\"WebPage\",\"@id\":\"https:\\\/\\\/luxon.com\\\/cs\\\/luxon-welcomes-you-to-paradise-with-5000\\\/\",\"url\":\"https:\\\/\\\/luxon.com\\\/cs\\\/luxon-welcomes-you-to-paradise-with-5000\\\/\",\"name\":\"Luxon Pay v\u00e1s v\u00edt\u00e1 v Paradise s 5 000 $! - Luxon Pay\",\"isPartOf\":{\"@id\":\"https:\\\/\\\/luxon.com\\\/cs\\\/#website\"},\"primaryImageOfPage\":{\"@id\":\"https:\\\/\\\/luxon.com\\\/cs\\\/luxon-welcomes-you-to-paradise-with-5000\\\/#primaryimage\"},\"image\":{\"@id\":\"https:\\\/\\\/luxon.com\\\/cs\\\/luxon-welcomes-you-to-paradise-with-5000\\\/#primaryimage\"},\"thumbnailUrl\":\"https:\\\/\\\/luxon.com\\\/wp-content\\\/uploads\\\/WSOP_Paradise_Header.png\",\"datePublished\":\"2025-08-29T13:57:14+00:00\",\"dateModified\":\"2025-10-10T14:19:22+00:00\",\"inLanguage\":\"cs\",\"potentialAction\":[{\"@type\":\"ReadAction\",\"target\":[\"https:\\\/\\\/luxon.com\\\/cs\\\/luxon-welcomes-you-to-paradise-with-5000\\\/\"]}]},{\"@type\":\"ImageObject\",\"inLanguage\":\"cs\",\"@id\":\"https:\\\/\\\/luxon.com\\\/cs\\\/luxon-welcomes-you-to-paradise-with-5000\\\/#primaryimage\",\"url\":\"https:\\\/\\\/luxon.com\\\/wp-content\\\/uploads\\\/WSOP_Paradise_Header.png\",\"contentUrl\":\"https:\\\/\\\/luxon.com\\\/wp-content\\\/uploads\\\/WSOP_Paradise_Header.png\",\"width\":720,\"height\":686},{\"@type\":\"WebSite\",\"@id\":\"https:\\\/\\\/luxon.com\\\/cs\\\/#website\",\"url\":\"https:\\\/\\\/luxon.com\\\/cs\\\/\",\"name\":\"Luxon Pay\",\"description\":\"Instant secure global payments\",\"publisher\":{\"@id\":\"https:\\\/\\\/luxon.com\\\/cs\\\/#organization\"},\"potentialAction\":[{\"@type\":\"SearchAction\",\"target\":{\"@type\":\"EntryPoint\",\"urlTemplate\":\"https:\\\/\\\/luxon.com\\\/cs\\\/?s={search_term_string}\"},\"query-input\":{\"@type\":\"PropertyValueSpecification\",\"valueRequired\":true,\"valueName\":\"search_term_string\"}}],\"inLanguage\":\"cs\"},{\"@type\":\"Organization\",\"@id\":\"https:\\\/\\\/luxon.com\\\/cs\\\/#organization\",\"name\":\"Luxon Pay\",\"url\":\"https:\\\/\\\/luxon.com\\\/cs\\\/\",\"logo\":{\"@type\":\"ImageObject\",\"inLanguage\":\"cs\",\"@id\":\"https:\\\/\\\/luxon.com\\\/cs\\\/#\\\/schema\\\/logo\\\/image\\\/\",\"url\":\"https:\\\/\\\/luxon.com\\\/wp-content\\\/uploads\\\/WebsiteImage04.png\",\"contentUrl\":\"https:\\\/\\\/luxon.com\\\/wp-content\\\/uploads\\\/WebsiteImage04.png\",\"width\":1200,\"height\":630,\"caption\":\"Luxon Pay\"},\"image\":{\"@id\":\"https:\\\/\\\/luxon.com\\\/cs\\\/#\\\/schema\\\/logo\\\/image\\\/\"}}]}<\/script>\n<!-- \/ Yoast SEO plugin. -->","yoast_head_json":{"title":"Luxon Pay v\u00e1s v\u00edt\u00e1 v Paradise s 5 000 $! - Luxon Pay","robots":{"index":"index","follow":"follow","max-snippet":"max-snippet:-1","max-image-preview":"max-image-preview:large","max-video-preview":"max-video-preview:-1"},"canonical":"https:\/\/luxon.com\/cs\/luxon-welcomes-you-to-paradise-with-5000\/","og_locale":"cs_CZ","og_type":"article","og_title":"Luxon Pay v\u00e1s v\u00edt\u00e1 v Paradise s 5 000 $! - Luxon Pay","og_description":"Poprv\u00e9 na WSOP Paradise? Pokud je to va\u0161e debutov\u00e1 \u00fa\u010dast, Luxon Pay v\u00e1m rozprost\u00edr\u00e1 \u010derven\u00fd koberec. Tato speci\u00e1ln\u00ed promo akce je navr\u017eena tak, aby nov\u00e1\u010dk\u016fm poskytla extra podporu hned p\u0159i vstupu do hry.","og_url":"https:\/\/luxon.com\/cs\/luxon-welcomes-you-to-paradise-with-5000\/","og_site_name":"Luxon Pay","article_modified_time":"2025-10-10T14:19:22+00:00","og_image":[{"width":720,"height":686,"url":"https:\/\/luxon.com\/wp-content\/uploads\/WSOP_Paradise_Header.png","type":"image\/png"}],"twitter_card":"summary_large_image","twitter_misc":{"Odhadovan\u00e1 doba \u010dten\u00ed":"1 minuta"},"schema":{"@context":"https:\/\/schema.org","@graph":[{"@type":"WebPage","@id":"https:\/\/luxon.com\/cs\/luxon-welcomes-you-to-paradise-with-5000\/","url":"https:\/\/luxon.com\/cs\/luxon-welcomes-you-to-paradise-with-5000\/","name":"Luxon Pay v\u00e1s v\u00edt\u00e1 v Paradise s 5 000 $! - Luxon Pay","isPartOf":{"@id":"https:\/\/luxon.com\/cs\/#website"},"primaryImageOfPage":{"@id":"https:\/\/luxon.com\/cs\/luxon-welcomes-you-to-paradise-with-5000\/#primaryimage"},"image":{"@id":"https:\/\/luxon.com\/cs\/luxon-welcomes-you-to-paradise-with-5000\/#primaryimage"},"thumbnailUrl":"https:\/\/luxon.com\/wp-content\/uploads\/WSOP_Paradise_Header.png","datePublished":"2025-08-29T13:57:14+00:00","dateModified":"2025-10-10T14:19:22+00:00","inLanguage":"cs","potentialAction":[{"@type":"ReadAction","target":["https:\/\/luxon.com\/cs\/luxon-welcomes-you-to-paradise-with-5000\/"]}]},{"@type":"ImageObject","inLanguage":"cs","@id":"https:\/\/luxon.com\/cs\/luxon-welcomes-you-to-paradise-with-5000\/#primaryimage","url":"https:\/\/luxon.com\/wp-content\/uploads\/WSOP_Paradise_Header.png","contentUrl":"https:\/\/luxon.com\/wp-content\/uploads\/WSOP_Paradise_Header.png","width":720,"height":686},{"@type":"WebSite","@id":"https:\/\/luxon.com\/cs\/#website","url":"https:\/\/luxon.com\/cs\/","name":"Luxon Pay","description":"Instant secure global payments","publisher":{"@id":"https:\/\/luxon.com\/cs\/#organization"},"potentialAction":[{"@type":"SearchAction","target":{"@type":"EntryPoint","urlTemplate":"https:\/\/luxon.com\/cs\/?s={search_term_string}"},"query-input":{"@type":"PropertyValueSpecification","valueRequired":true,"valueName":"search_term_string"}}],"inLanguage":"cs"},{"@type":"Organization","@id":"https:\/\/luxon.com\/cs\/#organization","name":"Luxon Pay","url":"https:\/\/luxon.com\/cs\/","logo":{"@type":"ImageObject","inLanguage":"cs","@id":"https:\/\/luxon.com\/cs\/#\/schema\/logo\/image\/","url":"https:\/\/luxon.com\/wp-content\/uploads\/WebsiteImage04.png","contentUrl":"https:\/\/luxon.com\/wp-content\/uploads\/WebsiteImage04.png","width":1200,"height":630,"caption":"Luxon Pay"},"image":{"@id":"https:\/\/luxon.com\/cs\/#\/schema\/logo\/image\/"}}]}},"_links":{"self":[{"href":"https:\/\/luxon.com\/cs\/wp-json\/wp\/v2\/pages\/32081","targetHints":{"allow":["GET"]}}],"collection":[{"href":"https:\/\/luxon.com\/cs\/wp-json\/wp\/v2\/pages"}],"about":[{"href":"https:\/\/luxon.com\/cs\/wp-json\/wp\/v2\/types\/page"}],"author":[{"embeddable":true,"href":"https:\/\/luxon.com\/cs\/wp-json\/wp\/v2\/users\/3"}],"replies":[{"embeddable":true,"href":"https:\/\/luxon.com\/cs\/wp-json\/wp\/v2\/comments?post=32081"}],"version-history":[{"count":2,"href":"https:\/\/luxon.com\/cs\/wp-json\/wp\/v2\/pages\/32081\/revisions"}],"predecessor-version":[{"id":32083,"href":"https:\/\/luxon.com\/cs\/wp-json\/wp\/v2\/pages\/32081\/revisions\/32083"}],"wp:featuredmedia":[{"embeddable":true,"href":"https:\/\/luxon.com\/cs\/wp-json\/wp\/v2\/media\/31571"}],"wp:attachment":[{"href":"https:\/\/luxon.com\/cs\/wp-json\/wp\/v2\/media?parent=32081"}],"curies":[{"name":"wp","href":"https:\/\/api.w.org\/{rel}","templated":true}]}}