{"id":33385,"date":"2025-08-20T08:36:39","date_gmt":"2025-08-20T08:36:39","guid":{"rendered":"https:\/\/luxon.com\/luxon-pay-stone-cold-bubble-protection\/"},"modified":"2026-02-13T05:56:25","modified_gmt":"2026-02-13T05:56:25","slug":"luxon-pay-stone-cold-bubble-protection","status":"publish","type":"page","link":"https:\/\/luxon.com\/cs\/luxon-pay-stone-cold-bubble-protection\/","title":{"rendered":"Luxon Pay \u2013 Stone Cold Bubble Protection"},"content":{"rendered":"<p data-start=\"180\" data-end=\"509\"><img loading=\"lazy\" decoding=\"async\" class=\"alignnone wp-image-31328\" src=\"https:\/\/luxon.com\/wp-content\/uploads\/LuxonBubbleProtectionBanner2-300x169.png\" alt=\"\" width=\"719\" height=\"405\" srcset=\"https:\/\/luxon.com\/wp-content\/uploads\/LuxonBubbleProtectionBanner2-300x169.png 300w, https:\/\/luxon.com\/wp-content\/uploads\/LuxonBubbleProtectionBanner2-1024x576.png 1024w, https:\/\/luxon.com\/wp-content\/uploads\/LuxonBubbleProtectionBanner2-768x432.png 768w, https:\/\/luxon.com\/wp-content\/uploads\/LuxonBubbleProtectionBanner2-1536x864.png 1536w, https:\/\/luxon.com\/wp-content\/uploads\/LuxonBubbleProtectionBanner2.png 1920w\" sizes=\"auto, (max-width: 719px) 100vw, 719px\" \/><\/p>\n<p>Nikdo nem\u00e1 r\u00e1d \u201ebublinu\u201c v turnaji \u2014 b\u00fdt tak bl\u00edzko v\u00fdplatn\u00edm m\u00edst\u016fm a odej\u00edt s pr\u00e1zdnou. Proto v\u00e1m Luxon Pay kryje z\u00e1da. D\u00edky na\u0161\u00ed ochran\u011b Stone Cold Bubble Protection v\u00e1m v p\u0159\u00edpad\u011b, \u017ee jako ne\u0161\u0165astn\u00fd hr\u00e1\u010d vypadnete na bublin\u011b po zaplacen\u00ed buy-inu p\u0159es Luxon Pay, vr\u00e1t\u00edme cel\u00fd buy-in zp\u011bt p\u0159\u00edmo na v\u00e1\u0161 Luxon \u00fa\u010det.<\/p>\n<p>Hrajte s jistotou, \u017ee v\u00e1s ani bublina nezlom\u00ed.<\/p>\n<p>Podm\u00ednky a pravidla:<\/p>\n<p>1.\u2060 \u2060Zp\u016fsobilost:<\/p>\n<p>Hr\u00e1\u010di mus\u00ed zaplatit turnajov\u00fd buy-in prost\u0159ednictv\u00edm aplikace Luxon Pay, aby m\u011bli n\u00e1rok na ochranu bubliny.<\/p>\n<p>Pro uplatn\u011bn\u00ed ochrany bubliny se hr\u00e1\u010d mus\u00ed alespo\u0148 jednou zaregistrovat do turnaje pomoc\u00ed Luxon Pay.<\/p>\n<p>Ochrana bubliny se vztahuje pouze na konkr\u00e9tn\u00ed turnaje, jak je uvedeno v jejich propagaci.<\/p>\n<p>2.\u2060 \u2060Definice ochrany bubliny:<\/p>\n<p>Ochrana bubliny zaru\u010duje vr\u00e1cen\u00ed \u010d\u00e1stky buy-inu, pokud hr\u00e1\u010d skon\u010d\u00ed na \u201ebublin\u011b\u201c (prvn\u00ed nevypl\u00e1cen\u00e9 m\u00edsto), za p\u0159edpokladu, \u017ee nedo\u0161lo k \u017e\u00e1dn\u00e9 dohod\u011b nebo rozd\u011blen\u00ed posledn\u00edho vypl\u00e1cen\u00e9ho m\u00edsta.<\/p>\n<p>Vr\u00e1cen\u00e1 \u010d\u00e1stka odpov\u00edd\u00e1 v\u00fd\u0161i turnajov\u00e9ho buy-inu, bez jak\u00fdchkoli dodate\u010dn\u00fdch poplatk\u016f nebo n\u00e1klad\u016f.<\/p>\n<p>3.\u2060 \u2060Uplatn\u011bn\u00ed ochrany bubliny:<\/p>\n<p>Ochrana bubliny se aktivuje automaticky, pokud hr\u00e1\u010d zaplat\u00ed turnajov\u00fd buy-in prost\u0159ednictv\u00edm aplikace Luxon Pay.<\/p>\n<p>Ur\u010den\u00ed hr\u00e1\u010de na bublin\u011b potvrd\u00ed Luxon Pay ve spolupr\u00e1ci s kasinem nebo \u0159editelem turnaje, a to v\u00fdhradn\u011b na z\u00e1klad\u011b ofici\u00e1ln\u00edho turnajov\u00e9ho syst\u00e9mu kasina a jm\u00e9na hr\u00e1\u010de vy\u0159azen\u00e9ho na bublin\u011b.<\/p>\n<p>Refundace bude provedena do 72 pracovn\u00edch hodin po ov\u011b\u0159en\u00ed v\u00fdsledk\u016f turnaje.<\/p>\n<p>4.\u2060 \u2060Omezen\u00ed a v\u00fdjimky:<\/p>\n<p>Ochrana bubliny je nep\u0159enosn\u00e1 a nelze ji vyplatit v hotovosti.<\/p>\n<p>V p\u0159\u00edpad\u011b sporu ohledn\u011b bublinov\u00e9 pozice je rozhodnut\u00ed Luxon Pay kone\u010dn\u00e9.*<\/p>\n<p>Ochrana bubliny se nevztahuje na re-entry ani add-ony.<\/p>\n<p>5.\u2060 \u2060Obecn\u00e9 podm\u00ednky:<\/p>\n<p>Luxon Pay si vyhrazuje pr\u00e1vo nab\u00eddku kdykoli zm\u011bnit nebo ukon\u010dit.<\/p>\n<p>Jak\u00e1koli podvodn\u00e1 \u010dinnost nebo zneu\u017eit\u00ed povede k vylou\u010den\u00ed z nab\u00eddky.<\/p>\n<p>\u00da\u010dast\u00ed v t\u00e9to nab\u00eddce hr\u00e1\u010di souhlas\u00ed s t\u011bmito podm\u00ednkami.<\/p>\n<p>\u2022\u2060 \u2060To znamen\u00e1, \u017ee pokud vznikne jak\u00fdkoli nesouhlas nebo spor ohledn\u011b toho, zda je hr\u00e1\u010d skute\u010dn\u011b \u201ena bublin\u011b\u201c (nap\u0159\u00edklad kv\u016fli nejasn\u00e9mu po\u0159ad\u00ed v turnaji nebo spor\u016fm o dohody \u010di rozd\u011blen\u00ed v\u00fdher), Luxon Pay m\u00e1 v t\u00e9to z\u00e1le\u017eitosti kone\u010dn\u00e9 slovo.<\/p>\n<p>Toto ustanoven\u00ed pom\u00e1h\u00e1 chr\u00e1nit Luxon Pay p\u0159ed zdlouhav\u00fdmi spory nebo odvol\u00e1n\u00edmi hr\u00e1\u010d\u016f, kte\u0159\u00ed by mohli rozhodnut\u00ed napadat, a zaji\u0161\u0165uje tak jednodu\u0161\u0161\u00ed a efektivn\u011bj\u0161\u00ed pr\u016fb\u011bh cel\u00e9ho procesu.<\/p>\n","protected":false},"excerpt":{"rendered":"<p>Nikdo nem\u00e1 r\u00e1d \u201ebublinu\u201c v turnaji \u2014 b\u00fdt tak bl\u00edzko v\u00fdplatn\u00edm m\u00edst\u016fm a odej\u00edt s pr\u00e1zdnou. Proto v\u00e1m Luxon Pay kryje z\u00e1da. D\u00edky na\u0161\u00ed ochran\u011b Stone Cold Bubble Protection v\u00e1m v p\u0159\u00edpad\u011b, \u017ee jako ne\u0161\u0165astn\u00fd hr\u00e1\u010d vypadnete na bublin\u011b po zaplacen\u00ed buy-inu p\u0159es Luxon Pay, vr\u00e1t\u00edme cel\u00fd buy-in zp\u011bt p\u0159\u00edmo na v\u00e1\u0161 Luxon \u00fa\u010det. Hrajte<a class=\"excerpt-read-more\" href=\"https:\/\/luxon.com\/cs\/luxon-pay-stone-cold-bubble-protection\/\" title=\"ReadLuxon Pay \u2013 Stone Cold Bubble Protection\">&#8230; Read more &raquo;<\/a><\/p>\n","protected":false},"author":9,"featured_media":31310,"parent":0,"menu_order":0,"comment_status":"closed","ping_status":"closed","template":"template-full-width.php","meta":{"_acf_changed":false,"footnotes":""},"class_list":["post-33385","page","type-page","status-publish","has-post-thumbnail","hentry"],"acf":[],"yoast_head":"<!-- This site is optimized with the Yoast SEO plugin v27.1.1 - https:\/\/yoast.com\/product\/yoast-seo-wordpress\/ -->\n<title>Luxon Pay \u2013 Stone Cold Bubble Protection - Luxon Pay<\/title>\n<meta name=\"robots\" content=\"index, follow, max-snippet:-1, max-image-preview:large, max-video-preview:-1\" \/>\n<link rel=\"canonical\" href=\"https:\/\/luxon.com\/cs\/luxon-pay-stone-cold-bubble-protection\/\" \/>\n<meta property=\"og:locale\" content=\"cs_CZ\" \/>\n<meta property=\"og:type\" content=\"article\" \/>\n<meta property=\"og:title\" content=\"Luxon Pay \u2013 Stone Cold Bubble Protection - Luxon Pay\" \/>\n<meta property=\"og:description\" content=\"Nikdo nem\u00e1 r\u00e1d \u201ebublinu\u201c v turnaji \u2014 b\u00fdt tak bl\u00edzko v\u00fdplatn\u00edm m\u00edst\u016fm a odej\u00edt s pr\u00e1zdnou. Proto v\u00e1m Luxon Pay kryje z\u00e1da. D\u00edky na\u0161\u00ed ochran\u011b Stone Cold Bubble Protection v\u00e1m v p\u0159\u00edpad\u011b, \u017ee jako ne\u0161\u0165astn\u00fd hr\u00e1\u010d vypadnete na bublin\u011b po zaplacen\u00ed buy-inu p\u0159es Luxon Pay, vr\u00e1t\u00edme cel\u00fd buy-in zp\u011bt p\u0159\u00edmo na v\u00e1\u0161 Luxon \u00fa\u010det. Hrajte... Read more &raquo;\" \/>\n<meta property=\"og:url\" content=\"https:\/\/luxon.com\/cs\/luxon-pay-stone-cold-bubble-protection\/\" \/>\n<meta property=\"og:site_name\" content=\"Luxon Pay\" \/>\n<meta property=\"article:modified_time\" content=\"2026-02-13T05:56:25+00:00\" \/>\n<meta property=\"og:image\" content=\"https:\/\/luxon.com\/wp-content\/uploads\/LuxonBubbleProtectionBanner.jpeg\" \/>\n\t<meta property=\"og:image:width\" content=\"1920\" \/>\n\t<meta property=\"og:image:height\" content=\"1080\" \/>\n\t<meta property=\"og:image:type\" content=\"image\/jpeg\" \/>\n<meta name=\"twitter:card\" content=\"summary_large_image\" \/>\n<meta name=\"twitter:label1\" content=\"Odhadovan\u00e1 doba \u010dten\u00ed\" \/>\n\t<meta name=\"twitter:data1\" content=\"2 minuty\" \/>\n<script type=\"application\/ld+json\" class=\"yoast-schema-graph\">{\"@context\":\"https:\/\/schema.org\",\"@graph\":[{\"@type\":\"WebPage\",\"@id\":\"https:\/\/luxon.com\/cs\/luxon-pay-stone-cold-bubble-protection\/\",\"url\":\"https:\/\/luxon.com\/cs\/luxon-pay-stone-cold-bubble-protection\/\",\"name\":\"Luxon Pay \u2013 Stone Cold Bubble Protection - Luxon Pay\",\"isPartOf\":{\"@id\":\"https:\/\/luxon.com\/cs\/#website\"},\"primaryImageOfPage\":{\"@id\":\"https:\/\/luxon.com\/cs\/luxon-pay-stone-cold-bubble-protection\/#primaryimage\"},\"image\":{\"@id\":\"https:\/\/luxon.com\/cs\/luxon-pay-stone-cold-bubble-protection\/#primaryimage\"},\"thumbnailUrl\":\"https:\/\/luxon.com\/wp-content\/uploads\/LuxonBubbleProtectionBanner.jpeg\",\"datePublished\":\"2025-08-20T08:36:39+00:00\",\"dateModified\":\"2026-02-13T05:56:25+00:00\",\"inLanguage\":\"cs\",\"potentialAction\":[{\"@type\":\"ReadAction\",\"target\":[\"https:\/\/luxon.com\/cs\/luxon-pay-stone-cold-bubble-protection\/\"]}]},{\"@type\":\"ImageObject\",\"inLanguage\":\"cs\",\"@id\":\"https:\/\/luxon.com\/cs\/luxon-pay-stone-cold-bubble-protection\/#primaryimage\",\"url\":\"https:\/\/luxon.com\/wp-content\/uploads\/LuxonBubbleProtectionBanner.jpeg\",\"contentUrl\":\"https:\/\/luxon.com\/wp-content\/uploads\/LuxonBubbleProtectionBanner.jpeg\",\"width\":1920,\"height\":1080},{\"@type\":\"WebSite\",\"@id\":\"https:\/\/luxon.com\/cs\/#website\",\"url\":\"https:\/\/luxon.com\/cs\/\",\"name\":\"Luxon Pay\",\"description\":\"Instant secure global payments\",\"publisher\":{\"@id\":\"https:\/\/luxon.com\/cs\/#organization\"},\"potentialAction\":[{\"@type\":\"SearchAction\",\"target\":{\"@type\":\"EntryPoint\",\"urlTemplate\":\"https:\/\/luxon.com\/cs\/?s={search_term_string}\"},\"query-input\":{\"@type\":\"PropertyValueSpecification\",\"valueRequired\":true,\"valueName\":\"search_term_string\"}}],\"inLanguage\":\"cs\"},{\"@type\":\"Organization\",\"@id\":\"https:\/\/luxon.com\/cs\/#organization\",\"name\":\"Luxon Pay\",\"url\":\"https:\/\/luxon.com\/cs\/\",\"logo\":{\"@type\":\"ImageObject\",\"inLanguage\":\"cs\",\"@id\":\"https:\/\/luxon.com\/cs\/#\/schema\/logo\/image\/\",\"url\":\"https:\/\/luxon.com\/wp-content\/uploads\/WebsiteImage04.png\",\"contentUrl\":\"https:\/\/luxon.com\/wp-content\/uploads\/WebsiteImage04.png\",\"width\":1200,\"height\":630,\"caption\":\"Luxon Pay\"},\"image\":{\"@id\":\"https:\/\/luxon.com\/cs\/#\/schema\/logo\/image\/\"}}]}<\/script>\n<!-- \/ Yoast SEO plugin. -->","yoast_head_json":{"title":"Luxon Pay \u2013 Stone Cold Bubble Protection - Luxon Pay","robots":{"index":"index","follow":"follow","max-snippet":"max-snippet:-1","max-image-preview":"max-image-preview:large","max-video-preview":"max-video-preview:-1"},"canonical":"https:\/\/luxon.com\/cs\/luxon-pay-stone-cold-bubble-protection\/","og_locale":"cs_CZ","og_type":"article","og_title":"Luxon Pay \u2013 Stone Cold Bubble Protection - Luxon Pay","og_description":"Nikdo nem\u00e1 r\u00e1d \u201ebublinu\u201c v turnaji \u2014 b\u00fdt tak bl\u00edzko v\u00fdplatn\u00edm m\u00edst\u016fm a odej\u00edt s pr\u00e1zdnou. Proto v\u00e1m Luxon Pay kryje z\u00e1da. D\u00edky na\u0161\u00ed ochran\u011b Stone Cold Bubble Protection v\u00e1m v p\u0159\u00edpad\u011b, \u017ee jako ne\u0161\u0165astn\u00fd hr\u00e1\u010d vypadnete na bublin\u011b po zaplacen\u00ed buy-inu p\u0159es Luxon Pay, vr\u00e1t\u00edme cel\u00fd buy-in zp\u011bt p\u0159\u00edmo na v\u00e1\u0161 Luxon \u00fa\u010det. Hrajte... Read more &raquo;","og_url":"https:\/\/luxon.com\/cs\/luxon-pay-stone-cold-bubble-protection\/","og_site_name":"Luxon Pay","article_modified_time":"2026-02-13T05:56:25+00:00","og_image":[{"width":1920,"height":1080,"url":"https:\/\/luxon.com\/wp-content\/uploads\/LuxonBubbleProtectionBanner.jpeg","type":"image\/jpeg"}],"twitter_card":"summary_large_image","twitter_misc":{"Odhadovan\u00e1 doba \u010dten\u00ed":"2 minuty"},"schema":{"@context":"https:\/\/schema.org","@graph":[{"@type":"WebPage","@id":"https:\/\/luxon.com\/cs\/luxon-pay-stone-cold-bubble-protection\/","url":"https:\/\/luxon.com\/cs\/luxon-pay-stone-cold-bubble-protection\/","name":"Luxon Pay \u2013 Stone Cold Bubble Protection - Luxon Pay","isPartOf":{"@id":"https:\/\/luxon.com\/cs\/#website"},"primaryImageOfPage":{"@id":"https:\/\/luxon.com\/cs\/luxon-pay-stone-cold-bubble-protection\/#primaryimage"},"image":{"@id":"https:\/\/luxon.com\/cs\/luxon-pay-stone-cold-bubble-protection\/#primaryimage"},"thumbnailUrl":"https:\/\/luxon.com\/wp-content\/uploads\/LuxonBubbleProtectionBanner.jpeg","datePublished":"2025-08-20T08:36:39+00:00","dateModified":"2026-02-13T05:56:25+00:00","inLanguage":"cs","potentialAction":[{"@type":"ReadAction","target":["https:\/\/luxon.com\/cs\/luxon-pay-stone-cold-bubble-protection\/"]}]},{"@type":"ImageObject","inLanguage":"cs","@id":"https:\/\/luxon.com\/cs\/luxon-pay-stone-cold-bubble-protection\/#primaryimage","url":"https:\/\/luxon.com\/wp-content\/uploads\/LuxonBubbleProtectionBanner.jpeg","contentUrl":"https:\/\/luxon.com\/wp-content\/uploads\/LuxonBubbleProtectionBanner.jpeg","width":1920,"height":1080},{"@type":"WebSite","@id":"https:\/\/luxon.com\/cs\/#website","url":"https:\/\/luxon.com\/cs\/","name":"Luxon Pay","description":"Instant secure global payments","publisher":{"@id":"https:\/\/luxon.com\/cs\/#organization"},"potentialAction":[{"@type":"SearchAction","target":{"@type":"EntryPoint","urlTemplate":"https:\/\/luxon.com\/cs\/?s={search_term_string}"},"query-input":{"@type":"PropertyValueSpecification","valueRequired":true,"valueName":"search_term_string"}}],"inLanguage":"cs"},{"@type":"Organization","@id":"https:\/\/luxon.com\/cs\/#organization","name":"Luxon Pay","url":"https:\/\/luxon.com\/cs\/","logo":{"@type":"ImageObject","inLanguage":"cs","@id":"https:\/\/luxon.com\/cs\/#\/schema\/logo\/image\/","url":"https:\/\/luxon.com\/wp-content\/uploads\/WebsiteImage04.png","contentUrl":"https:\/\/luxon.com\/wp-content\/uploads\/WebsiteImage04.png","width":1200,"height":630,"caption":"Luxon Pay"},"image":{"@id":"https:\/\/luxon.com\/cs\/#\/schema\/logo\/image\/"}}]}},"_links":{"self":[{"href":"https:\/\/luxon.com\/cs\/wp-json\/wp\/v2\/pages\/33385","targetHints":{"allow":["GET"]}}],"collection":[{"href":"https:\/\/luxon.com\/cs\/wp-json\/wp\/v2\/pages"}],"about":[{"href":"https:\/\/luxon.com\/cs\/wp-json\/wp\/v2\/types\/page"}],"author":[{"embeddable":true,"href":"https:\/\/luxon.com\/cs\/wp-json\/wp\/v2\/users\/9"}],"replies":[{"embeddable":true,"href":"https:\/\/luxon.com\/cs\/wp-json\/wp\/v2\/comments?post=33385"}],"version-history":[{"count":1,"href":"https:\/\/luxon.com\/cs\/wp-json\/wp\/v2\/pages\/33385\/revisions"}],"predecessor-version":[{"id":33386,"href":"https:\/\/luxon.com\/cs\/wp-json\/wp\/v2\/pages\/33385\/revisions\/33386"}],"wp:featuredmedia":[{"embeddable":true,"href":"https:\/\/luxon.com\/cs\/wp-json\/wp\/v2\/media\/31310"}],"wp:attachment":[{"href":"https:\/\/luxon.com\/cs\/wp-json\/wp\/v2\/media?parent=33385"}],"curies":[{"name":"wp","href":"https:\/\/api.w.org\/{rel}","templated":true}]}}