{"id":33921,"date":"2026-03-03T21:47:10","date_gmt":"2026-03-03T21:47:10","guid":{"rendered":"https:\/\/luxon.com\/win-a-main-event-seat-at-irish-open\/"},"modified":"2026-03-05T08:13:05","modified_gmt":"2026-03-05T08:13:05","slug":"win-a-main-event-seat-at-irish-open","status":"publish","type":"page","link":"https:\/\/luxon.com\/cs\/win-a-main-event-seat-at-irish-open\/","title":{"rendered":"Vyhrajte m\u00edsto v hlavn\u00edm turnaji Irish Open! \ud83c\udf9f\ufe0f"},"content":{"rendered":"<p>Ka\u017ed\u00fd buy-in na Irish Open se po\u010d\u00edt\u00e1!<\/p>\n<p>Ka\u017ed\u00fd buy-in p\u0159es Luxon Pay = 1 vstupu do tomboly, kde m\u016f\u017eete vyhr\u00e1t 1 ze 4 m\u00edst v hlavn\u00edm turnaji Irish Open v hodnot\u011b 1 150 \u20ac. Va\u0161e \u0161ance hr\u00e1t hlavn\u00ed turnaj zdarma!<\/p>\n<p><strong>Funguje to takto:<br \/>\n<\/strong>\u2022 Zaregistrujte se na jak\u00fdkoli turnaj Irish Open pomoc\u00ed Luxon Pay<br \/>\n\u2022 Z\u00edskejte 1 vstup do tomboly za ka\u017ed\u00fd buy-in<br \/>\n\u2022 Na v\u00fdhru \u010dekaj\u00ed a\u017e 4 m\u00edsta v hlavn\u00edm turnaji<\/p>\n<p><strong>Podm\u00ednky<\/strong><\/p>\n<ul>\n<li>Propagace je otev\u0159ena hr\u00e1\u010d\u016fm, kte\u0159\u00ed si zakoup\u00ed buy-iny na jak\u00fdkoli turnaj Irish Open prost\u0159ednictv\u00edm Luxon Pay do 3. dubna<\/li>\n<li>29. b\u0159ezna \/ 1. dubna \/ 2. dubna \/ 3. dubna prob\u011bhnou 4 slosov\u00e1n\u00ed &#8211; v\u0161echny buy-iny p\u0159ed t\u00edmto datem budou zahrnuty do slosov\u00e1n\u00ed<\/li>\n<li>Ka\u017ed\u00fd kvalifikovan\u00fd buy-in se po\u010d\u00edt\u00e1 jako jeden vstup do tomboly.<\/li>\n<li>Ka\u017ed\u00e1 tombola ud\u011bluje jedno m\u00edsto v hlavn\u00edm turnaji Irish Open v hodnot\u011b 1 150 EUR na uveden\u00fd let 1. dne.<\/li>\n<li>Pokud se v\u00fdherce dostane do 2. dne hlavn\u00edho turnaje bez vyu\u017eit\u00ed ceny, bude mu na \u00fa\u010det Luxon Pay p\u0159ips\u00e1na ekvivalentn\u00ed hodnota.<\/li>\n<\/ul>\n","protected":false},"excerpt":{"rendered":"<p>Ka\u017ed\u00fd buy-in na Irish Open se po\u010d\u00edt\u00e1! Ka\u017ed\u00fd buy-in p\u0159es Luxon Pay = 1 vstupu do tomboly, kde m\u016f\u017eete vyhr\u00e1t 1 ze 4 m\u00edst v hlavn\u00edm turnaji Irish Open v hodnot\u011b 1 150 \u20ac. Va\u0161e \u0161ance hr\u00e1t hlavn\u00ed turnaj zdarma! Funguje to takto: \u2022 Zaregistrujte se na jak\u00fdkoli turnaj Irish Open pomoc\u00ed Luxon Pay \u2022<a class=\"excerpt-read-more\" href=\"https:\/\/luxon.com\/cs\/win-a-main-event-seat-at-irish-open\/\" title=\"ReadVyhrajte m\u00edsto v hlavn\u00edm turnaji Irish Open! \ud83c\udf9f\ufe0f\">&#8230; Read more &raquo;<\/a><\/p>\n","protected":false},"author":5,"featured_media":34086,"parent":0,"menu_order":0,"comment_status":"closed","ping_status":"closed","template":"templates\/block-template.php","meta":{"_acf_changed":false,"footnotes":""},"class_list":["post-33921","page","type-page","status-publish","has-post-thumbnail","hentry"],"acf":[],"yoast_head":"<!-- This site is optimized with the Yoast SEO plugin v27.1.1 - https:\/\/yoast.com\/product\/yoast-seo-wordpress\/ -->\n<title>Vyhrajte m\u00edsto v hlavn\u00edm turnaji Irish Open! \ud83c\udf9f\ufe0f - Luxon Pay<\/title>\n<meta name=\"robots\" content=\"index, follow, max-snippet:-1, max-image-preview:large, max-video-preview:-1\" \/>\n<link rel=\"canonical\" href=\"https:\/\/luxon.com\/cs\/win-a-main-event-seat-at-irish-open\/\" \/>\n<meta property=\"og:locale\" content=\"cs_CZ\" \/>\n<meta property=\"og:type\" content=\"article\" \/>\n<meta property=\"og:title\" content=\"Vyhrajte m\u00edsto v hlavn\u00edm turnaji Irish Open! \ud83c\udf9f\ufe0f - Luxon Pay\" \/>\n<meta property=\"og:description\" content=\"Ka\u017ed\u00fd buy-in na Irish Open se po\u010d\u00edt\u00e1! Ka\u017ed\u00fd buy-in p\u0159es Luxon Pay = 1 vstupu do tomboly, kde m\u016f\u017eete vyhr\u00e1t 1 ze 4 m\u00edst v hlavn\u00edm turnaji Irish Open v hodnot\u011b 1 150 \u20ac. Va\u0161e \u0161ance hr\u00e1t hlavn\u00ed turnaj zdarma! Funguje to takto: \u2022 Zaregistrujte se na jak\u00fdkoli turnaj Irish Open pomoc\u00ed Luxon Pay \u2022... Read more &raquo;\" \/>\n<meta property=\"og:url\" content=\"https:\/\/luxon.com\/cs\/win-a-main-event-seat-at-irish-open\/\" \/>\n<meta property=\"og:site_name\" content=\"Luxon Pay\" \/>\n<meta property=\"article:modified_time\" content=\"2026-03-05T08:13:05+00:00\" \/>\n<meta property=\"og:image\" content=\"https:\/\/luxon.com\/wp-content\/uploads\/Live-Event-Announcement-Promo_header.png\" \/>\n\t<meta property=\"og:image:width\" content=\"600\" \/>\n\t<meta property=\"og:image:height\" content=\"400\" \/>\n\t<meta property=\"og:image:type\" content=\"image\/png\" \/>\n<meta name=\"twitter:card\" content=\"summary_large_image\" \/>\n<meta name=\"twitter:label1\" content=\"Odhadovan\u00e1 doba \u010dten\u00ed\" \/>\n\t<meta name=\"twitter:data1\" content=\"1 minuta\" \/>\n<script type=\"application\/ld+json\" class=\"yoast-schema-graph\">{\"@context\":\"https:\/\/schema.org\",\"@graph\":[{\"@type\":\"WebPage\",\"@id\":\"https:\/\/luxon.com\/cs\/win-a-main-event-seat-at-irish-open\/\",\"url\":\"https:\/\/luxon.com\/cs\/win-a-main-event-seat-at-irish-open\/\",\"name\":\"Vyhrajte m\u00edsto v hlavn\u00edm turnaji Irish Open! \ud83c\udf9f\ufe0f - Luxon Pay\",\"isPartOf\":{\"@id\":\"https:\/\/luxon.com\/cs\/#website\"},\"primaryImageOfPage\":{\"@id\":\"https:\/\/luxon.com\/cs\/win-a-main-event-seat-at-irish-open\/#primaryimage\"},\"image\":{\"@id\":\"https:\/\/luxon.com\/cs\/win-a-main-event-seat-at-irish-open\/#primaryimage\"},\"thumbnailUrl\":\"https:\/\/luxon.com\/wp-content\/uploads\/Irish-Open_Banner_2-1.png\",\"datePublished\":\"2026-03-03T21:47:10+00:00\",\"dateModified\":\"2026-03-05T08:13:05+00:00\",\"inLanguage\":\"cs\",\"potentialAction\":[{\"@type\":\"ReadAction\",\"target\":[\"https:\/\/luxon.com\/cs\/win-a-main-event-seat-at-irish-open\/\"]}]},{\"@type\":\"ImageObject\",\"inLanguage\":\"cs\",\"@id\":\"https:\/\/luxon.com\/cs\/win-a-main-event-seat-at-irish-open\/#primaryimage\",\"url\":\"https:\/\/luxon.com\/wp-content\/uploads\/Irish-Open_Banner_2-1.png\",\"contentUrl\":\"https:\/\/luxon.com\/wp-content\/uploads\/Irish-Open_Banner_2-1.png\",\"width\":700,\"height\":527},{\"@type\":\"WebSite\",\"@id\":\"https:\/\/luxon.com\/cs\/#website\",\"url\":\"https:\/\/luxon.com\/cs\/\",\"name\":\"Luxon Pay\",\"description\":\"Instant secure global payments\",\"publisher\":{\"@id\":\"https:\/\/luxon.com\/cs\/#organization\"},\"potentialAction\":[{\"@type\":\"SearchAction\",\"target\":{\"@type\":\"EntryPoint\",\"urlTemplate\":\"https:\/\/luxon.com\/cs\/?s={search_term_string}\"},\"query-input\":{\"@type\":\"PropertyValueSpecification\",\"valueRequired\":true,\"valueName\":\"search_term_string\"}}],\"inLanguage\":\"cs\"},{\"@type\":\"Organization\",\"@id\":\"https:\/\/luxon.com\/cs\/#organization\",\"name\":\"Luxon Pay\",\"url\":\"https:\/\/luxon.com\/cs\/\",\"logo\":{\"@type\":\"ImageObject\",\"inLanguage\":\"cs\",\"@id\":\"https:\/\/luxon.com\/cs\/#\/schema\/logo\/image\/\",\"url\":\"https:\/\/luxon.com\/wp-content\/uploads\/WebsiteImage04.png\",\"contentUrl\":\"https:\/\/luxon.com\/wp-content\/uploads\/WebsiteImage04.png\",\"width\":1200,\"height\":630,\"caption\":\"Luxon Pay\"},\"image\":{\"@id\":\"https:\/\/luxon.com\/cs\/#\/schema\/logo\/image\/\"}}]}<\/script>\n<!-- \/ Yoast SEO plugin. -->","yoast_head_json":{"title":"Vyhrajte m\u00edsto v hlavn\u00edm turnaji Irish Open! \ud83c\udf9f\ufe0f - Luxon Pay","robots":{"index":"index","follow":"follow","max-snippet":"max-snippet:-1","max-image-preview":"max-image-preview:large","max-video-preview":"max-video-preview:-1"},"canonical":"https:\/\/luxon.com\/cs\/win-a-main-event-seat-at-irish-open\/","og_locale":"cs_CZ","og_type":"article","og_title":"Vyhrajte m\u00edsto v hlavn\u00edm turnaji Irish Open! \ud83c\udf9f\ufe0f - Luxon Pay","og_description":"Ka\u017ed\u00fd buy-in na Irish Open se po\u010d\u00edt\u00e1! Ka\u017ed\u00fd buy-in p\u0159es Luxon Pay = 1 vstupu do tomboly, kde m\u016f\u017eete vyhr\u00e1t 1 ze 4 m\u00edst v hlavn\u00edm turnaji Irish Open v hodnot\u011b 1 150 \u20ac. Va\u0161e \u0161ance hr\u00e1t hlavn\u00ed turnaj zdarma! Funguje to takto: \u2022 Zaregistrujte se na jak\u00fdkoli turnaj Irish Open pomoc\u00ed Luxon Pay \u2022... Read more &raquo;","og_url":"https:\/\/luxon.com\/cs\/win-a-main-event-seat-at-irish-open\/","og_site_name":"Luxon Pay","article_modified_time":"2026-03-05T08:13:05+00:00","og_image":[{"width":600,"height":400,"url":"https:\/\/luxon.com\/wp-content\/uploads\/Live-Event-Announcement-Promo_header.png","type":"image\/png"}],"twitter_card":"summary_large_image","twitter_misc":{"Odhadovan\u00e1 doba \u010dten\u00ed":"1 minuta"},"schema":{"@context":"https:\/\/schema.org","@graph":[{"@type":"WebPage","@id":"https:\/\/luxon.com\/cs\/win-a-main-event-seat-at-irish-open\/","url":"https:\/\/luxon.com\/cs\/win-a-main-event-seat-at-irish-open\/","name":"Vyhrajte m\u00edsto v hlavn\u00edm turnaji Irish Open! \ud83c\udf9f\ufe0f - Luxon Pay","isPartOf":{"@id":"https:\/\/luxon.com\/cs\/#website"},"primaryImageOfPage":{"@id":"https:\/\/luxon.com\/cs\/win-a-main-event-seat-at-irish-open\/#primaryimage"},"image":{"@id":"https:\/\/luxon.com\/cs\/win-a-main-event-seat-at-irish-open\/#primaryimage"},"thumbnailUrl":"https:\/\/luxon.com\/wp-content\/uploads\/Irish-Open_Banner_2-1.png","datePublished":"2026-03-03T21:47:10+00:00","dateModified":"2026-03-05T08:13:05+00:00","inLanguage":"cs","potentialAction":[{"@type":"ReadAction","target":["https:\/\/luxon.com\/cs\/win-a-main-event-seat-at-irish-open\/"]}]},{"@type":"ImageObject","inLanguage":"cs","@id":"https:\/\/luxon.com\/cs\/win-a-main-event-seat-at-irish-open\/#primaryimage","url":"https:\/\/luxon.com\/wp-content\/uploads\/Irish-Open_Banner_2-1.png","contentUrl":"https:\/\/luxon.com\/wp-content\/uploads\/Irish-Open_Banner_2-1.png","width":700,"height":527},{"@type":"WebSite","@id":"https:\/\/luxon.com\/cs\/#website","url":"https:\/\/luxon.com\/cs\/","name":"Luxon Pay","description":"Instant secure global payments","publisher":{"@id":"https:\/\/luxon.com\/cs\/#organization"},"potentialAction":[{"@type":"SearchAction","target":{"@type":"EntryPoint","urlTemplate":"https:\/\/luxon.com\/cs\/?s={search_term_string}"},"query-input":{"@type":"PropertyValueSpecification","valueRequired":true,"valueName":"search_term_string"}}],"inLanguage":"cs"},{"@type":"Organization","@id":"https:\/\/luxon.com\/cs\/#organization","name":"Luxon Pay","url":"https:\/\/luxon.com\/cs\/","logo":{"@type":"ImageObject","inLanguage":"cs","@id":"https:\/\/luxon.com\/cs\/#\/schema\/logo\/image\/","url":"https:\/\/luxon.com\/wp-content\/uploads\/WebsiteImage04.png","contentUrl":"https:\/\/luxon.com\/wp-content\/uploads\/WebsiteImage04.png","width":1200,"height":630,"caption":"Luxon Pay"},"image":{"@id":"https:\/\/luxon.com\/cs\/#\/schema\/logo\/image\/"}}]}},"_links":{"self":[{"href":"https:\/\/luxon.com\/cs\/wp-json\/wp\/v2\/pages\/33921","targetHints":{"allow":["GET"]}}],"collection":[{"href":"https:\/\/luxon.com\/cs\/wp-json\/wp\/v2\/pages"}],"about":[{"href":"https:\/\/luxon.com\/cs\/wp-json\/wp\/v2\/types\/page"}],"author":[{"embeddable":true,"href":"https:\/\/luxon.com\/cs\/wp-json\/wp\/v2\/users\/5"}],"replies":[{"embeddable":true,"href":"https:\/\/luxon.com\/cs\/wp-json\/wp\/v2\/comments?post=33921"}],"version-history":[{"count":1,"href":"https:\/\/luxon.com\/cs\/wp-json\/wp\/v2\/pages\/33921\/revisions"}],"predecessor-version":[{"id":33922,"href":"https:\/\/luxon.com\/cs\/wp-json\/wp\/v2\/pages\/33921\/revisions\/33922"}],"wp:featuredmedia":[{"embeddable":true,"href":"https:\/\/luxon.com\/cs\/wp-json\/wp\/v2\/media\/34086"}],"wp:attachment":[{"href":"https:\/\/luxon.com\/cs\/wp-json\/wp\/v2\/media?parent=33921"}],"curies":[{"name":"wp","href":"https:\/\/api.w.org\/{rel}","templated":true}]}}