{"id":35581,"date":"2026-05-08T13:18:09","date_gmt":"2026-05-08T13:18:09","guid":{"rendered":"https:\/\/luxon.com\/an-exclusive-promo-for-using-luxon-pay-at-ept-monte-carlo\/"},"modified":"2026-05-11T15:44:52","modified_gmt":"2026-05-11T15:44:52","slug":"an-exclusive-promo-for-using-luxon-pay-at-ept-monte-carlo","status":"publish","type":"page","link":"https:\/\/luxon.com\/cs\/an-exclusive-promo-for-using-luxon-pay-at-ept-monte-carlo\/","title":{"rendered":"Exkluzivn\u00ed nab\u00eddka pro pou\u017e\u00edv\u00e1n\u00ed Luxon Pay na EPT Monte Carlo"},"content":{"rendered":"<p><strong>D\u011bkujeme, \u017ee pou\u017e\u00edv\u00e1te Luxon Pay na EPT Monte Carlo.<\/strong><\/p>\n<p><strong>Exkluzivn\u00ed nab\u00eddka<\/strong><br \/>\nM\u00e1me pro v\u00e1s exkluzivn\u00ed nab\u00eddku &#8211; Z\u00edskejte 1% cashback na v\u0161echny online vklady obchodn\u00edk\u016f prost\u0159ednictv\u00edm Luxon Pay do 21. kv\u011btna! Jednodu\u0161e vlo\u017ete a za\u010dn\u011bte vyd\u011bl\u00e1vat.<\/p>\n<p><span data-sheets-root=\"1\"><strong>Smluvn\u00ed podm\u00ednky<\/strong><\/span><\/p>\n<ul>\n<li><span data-sheets-root=\"1\">Tato nab\u00eddka plat\u00ed pro v\u0161echny online vklady obchodn\u00edk\u016f proveden\u00e9 mezi 11. a 21. kv\u011btnem 2026.<br \/>\n<\/span><\/li>\n<li><span data-sheets-root=\"1\">Cashback bude p\u0159ips\u00e1n automaticky do 7 pracovn\u00edch dn\u016f po skon\u010den\u00ed akce<br \/>\n<\/span><\/li>\n<li><span data-sheets-root=\"1\">Neplat\u00ed \u017e\u00e1dn\u00fd maxim\u00e1ln\u00ed limit cashbacku<br \/>\n<\/span><\/li>\n<li><span data-sheets-root=\"1\">Tato akce je nominativn\u00ed a nep\u0159enosn\u00e1<br \/>\n<\/span><\/li>\n<li><span data-sheets-root=\"1\">Plat\u00ed pouze pro online obchodn\u00edky a vylu\u010duje platformy nebo vklady souvisej\u00edc\u00ed s \u017eiv\u00fdmi ud\u00e1lostmi<br \/>\n<\/span><\/li>\n<li><span data-sheets-root=\"1\">Plat\u00ed v\u0161eobecn\u00e9 podm\u00ednky Luxon Pay.<\/span><\/li>\n<\/ul>\n","protected":false},"excerpt":{"rendered":"<p>D\u011bkujeme, \u017ee pou\u017e\u00edv\u00e1te Luxon Pay na EPT Monte Carlo. Exkluzivn\u00ed nab\u00eddka M\u00e1me pro v\u00e1s exkluzivn\u00ed nab\u00eddku &#8211; Z\u00edskejte 1% cashback na v\u0161echny online vklady obchodn\u00edk\u016f prost\u0159ednictv\u00edm Luxon Pay do 21. kv\u011btna! Jednodu\u0161e vlo\u017ete a za\u010dn\u011bte vyd\u011bl\u00e1vat. Smluvn\u00ed podm\u00ednky Tato nab\u00eddka plat\u00ed pro v\u0161echny online vklady obchodn\u00edk\u016f proveden\u00e9 mezi 11. a 21. kv\u011btnem 2026. Cashback bude<a class=\"excerpt-read-more\" href=\"https:\/\/luxon.com\/cs\/an-exclusive-promo-for-using-luxon-pay-at-ept-monte-carlo\/\" title=\"ReadExkluzivn\u00ed nab\u00eddka pro pou\u017e\u00edv\u00e1n\u00ed Luxon Pay na EPT Monte Carlo\">&#8230; Read more &raquo;<\/a><\/p>\n","protected":false},"author":7,"featured_media":33987,"parent":0,"menu_order":0,"comment_status":"closed","ping_status":"closed","template":"templates\/block-template.php","meta":{"_acf_changed":false,"footnotes":""},"class_list":["post-35581","page","type-page","status-publish","has-post-thumbnail","hentry"],"acf":[],"yoast_head":"<!-- This site is optimized with the Yoast SEO plugin v27.6 - https:\/\/yoast.com\/product\/yoast-seo-wordpress\/ -->\n<title>Exkluzivn\u00ed nab\u00eddka pro pou\u017e\u00edv\u00e1n\u00ed Luxon Pay na EPT Monte Carlo - Luxon Pay<\/title>\n<meta name=\"robots\" content=\"index, follow, max-snippet:-1, max-image-preview:large, max-video-preview:-1\" \/>\n<link rel=\"canonical\" href=\"https:\/\/luxon.com\/cs\/an-exclusive-promo-for-using-luxon-pay-at-ept-monte-carlo\/\" \/>\n<meta property=\"og:locale\" content=\"cs_CZ\" \/>\n<meta property=\"og:type\" content=\"article\" \/>\n<meta property=\"og:title\" content=\"Exkluzivn\u00ed nab\u00eddka pro pou\u017e\u00edv\u00e1n\u00ed Luxon Pay na EPT Monte Carlo - Luxon Pay\" \/>\n<meta property=\"og:description\" content=\"D\u011bkujeme, \u017ee pou\u017e\u00edv\u00e1te Luxon Pay na EPT Monte Carlo. Exkluzivn\u00ed nab\u00eddka M\u00e1me pro v\u00e1s exkluzivn\u00ed nab\u00eddku &#8211; Z\u00edskejte 1% cashback na v\u0161echny online vklady obchodn\u00edk\u016f prost\u0159ednictv\u00edm Luxon Pay do 21. kv\u011btna! Jednodu\u0161e vlo\u017ete a za\u010dn\u011bte vyd\u011bl\u00e1vat. Smluvn\u00ed podm\u00ednky Tato nab\u00eddka plat\u00ed pro v\u0161echny online vklady obchodn\u00edk\u016f proveden\u00e9 mezi 11. a 21. kv\u011btnem 2026. Cashback bude... Read more &raquo;\" \/>\n<meta property=\"og:url\" content=\"https:\/\/luxon.com\/cs\/an-exclusive-promo-for-using-luxon-pay-at-ept-monte-carlo\/\" \/>\n<meta property=\"og:site_name\" content=\"Luxon Pay\" \/>\n<meta property=\"article:modified_time\" content=\"2026-05-11T15:44:52+00:00\" \/>\n<meta property=\"og:image\" content=\"https:\/\/luxon.com\/wp-content\/uploads\/Live-to-Online-Conversion_header.png\" \/>\n\t<meta property=\"og:image:width\" content=\"600\" \/>\n\t<meta property=\"og:image:height\" content=\"400\" \/>\n\t<meta property=\"og:image:type\" content=\"image\/png\" \/>\n<meta name=\"twitter:card\" content=\"summary_large_image\" \/>\n<meta name=\"twitter:label1\" content=\"Odhadovan\u00e1 doba \u010dten\u00ed\" \/>\n\t<meta name=\"twitter:data1\" content=\"1 minuta\" \/>\n<script type=\"application\/ld+json\" class=\"yoast-schema-graph\">{\"@context\":\"https:\\\/\\\/schema.org\",\"@graph\":[{\"@type\":\"WebPage\",\"@id\":\"https:\\\/\\\/luxon.com\\\/cs\\\/an-exclusive-promo-for-using-luxon-pay-at-ept-monte-carlo\\\/\",\"url\":\"https:\\\/\\\/luxon.com\\\/cs\\\/an-exclusive-promo-for-using-luxon-pay-at-ept-monte-carlo\\\/\",\"name\":\"Exkluzivn\u00ed nab\u00eddka pro pou\u017e\u00edv\u00e1n\u00ed Luxon Pay na EPT Monte Carlo - Luxon Pay\",\"isPartOf\":{\"@id\":\"https:\\\/\\\/luxon.com\\\/cs\\\/#website\"},\"primaryImageOfPage\":{\"@id\":\"https:\\\/\\\/luxon.com\\\/cs\\\/an-exclusive-promo-for-using-luxon-pay-at-ept-monte-carlo\\\/#primaryimage\"},\"image\":{\"@id\":\"https:\\\/\\\/luxon.com\\\/cs\\\/an-exclusive-promo-for-using-luxon-pay-at-ept-monte-carlo\\\/#primaryimage\"},\"thumbnailUrl\":\"https:\\\/\\\/luxon.com\\\/wp-content\\\/uploads\\\/Live-to-Online-Conversion_header.png\",\"datePublished\":\"2026-05-08T13:18:09+00:00\",\"dateModified\":\"2026-05-11T15:44:52+00:00\",\"inLanguage\":\"cs\",\"potentialAction\":[{\"@type\":\"ReadAction\",\"target\":[\"https:\\\/\\\/luxon.com\\\/cs\\\/an-exclusive-promo-for-using-luxon-pay-at-ept-monte-carlo\\\/\"]}]},{\"@type\":\"ImageObject\",\"inLanguage\":\"cs\",\"@id\":\"https:\\\/\\\/luxon.com\\\/cs\\\/an-exclusive-promo-for-using-luxon-pay-at-ept-monte-carlo\\\/#primaryimage\",\"url\":\"https:\\\/\\\/luxon.com\\\/wp-content\\\/uploads\\\/Live-to-Online-Conversion_header.png\",\"contentUrl\":\"https:\\\/\\\/luxon.com\\\/wp-content\\\/uploads\\\/Live-to-Online-Conversion_header.png\",\"width\":600,\"height\":400},{\"@type\":\"WebSite\",\"@id\":\"https:\\\/\\\/luxon.com\\\/cs\\\/#website\",\"url\":\"https:\\\/\\\/luxon.com\\\/cs\\\/\",\"name\":\"Luxon Pay\",\"description\":\"Instant secure global payments\",\"publisher\":{\"@id\":\"https:\\\/\\\/luxon.com\\\/cs\\\/#organization\"},\"potentialAction\":[{\"@type\":\"SearchAction\",\"target\":{\"@type\":\"EntryPoint\",\"urlTemplate\":\"https:\\\/\\\/luxon.com\\\/cs\\\/?s={search_term_string}\"},\"query-input\":{\"@type\":\"PropertyValueSpecification\",\"valueRequired\":true,\"valueName\":\"search_term_string\"}}],\"inLanguage\":\"cs\"},{\"@type\":\"Organization\",\"@id\":\"https:\\\/\\\/luxon.com\\\/cs\\\/#organization\",\"name\":\"Luxon Pay\",\"url\":\"https:\\\/\\\/luxon.com\\\/cs\\\/\",\"logo\":{\"@type\":\"ImageObject\",\"inLanguage\":\"cs\",\"@id\":\"https:\\\/\\\/luxon.com\\\/cs\\\/#\\\/schema\\\/logo\\\/image\\\/\",\"url\":\"https:\\\/\\\/luxon.com\\\/wp-content\\\/uploads\\\/WebsiteImage04.png\",\"contentUrl\":\"https:\\\/\\\/luxon.com\\\/wp-content\\\/uploads\\\/WebsiteImage04.png\",\"width\":1200,\"height\":630,\"caption\":\"Luxon Pay\"},\"image\":{\"@id\":\"https:\\\/\\\/luxon.com\\\/cs\\\/#\\\/schema\\\/logo\\\/image\\\/\"}}]}<\/script>\n<!-- \/ Yoast SEO plugin. -->","yoast_head_json":{"title":"Exkluzivn\u00ed nab\u00eddka pro pou\u017e\u00edv\u00e1n\u00ed Luxon Pay na EPT Monte Carlo - Luxon Pay","robots":{"index":"index","follow":"follow","max-snippet":"max-snippet:-1","max-image-preview":"max-image-preview:large","max-video-preview":"max-video-preview:-1"},"canonical":"https:\/\/luxon.com\/cs\/an-exclusive-promo-for-using-luxon-pay-at-ept-monte-carlo\/","og_locale":"cs_CZ","og_type":"article","og_title":"Exkluzivn\u00ed nab\u00eddka pro pou\u017e\u00edv\u00e1n\u00ed Luxon Pay na EPT Monte Carlo - Luxon Pay","og_description":"D\u011bkujeme, \u017ee pou\u017e\u00edv\u00e1te Luxon Pay na EPT Monte Carlo. Exkluzivn\u00ed nab\u00eddka M\u00e1me pro v\u00e1s exkluzivn\u00ed nab\u00eddku &#8211; Z\u00edskejte 1% cashback na v\u0161echny online vklady obchodn\u00edk\u016f prost\u0159ednictv\u00edm Luxon Pay do 21. kv\u011btna! Jednodu\u0161e vlo\u017ete a za\u010dn\u011bte vyd\u011bl\u00e1vat. Smluvn\u00ed podm\u00ednky Tato nab\u00eddka plat\u00ed pro v\u0161echny online vklady obchodn\u00edk\u016f proveden\u00e9 mezi 11. a 21. kv\u011btnem 2026. Cashback bude... Read more &raquo;","og_url":"https:\/\/luxon.com\/cs\/an-exclusive-promo-for-using-luxon-pay-at-ept-monte-carlo\/","og_site_name":"Luxon Pay","article_modified_time":"2026-05-11T15:44:52+00:00","og_image":[{"width":600,"height":400,"url":"https:\/\/luxon.com\/wp-content\/uploads\/Live-to-Online-Conversion_header.png","type":"image\/png"}],"twitter_card":"summary_large_image","twitter_misc":{"Odhadovan\u00e1 doba \u010dten\u00ed":"1 minuta"},"schema":{"@context":"https:\/\/schema.org","@graph":[{"@type":"WebPage","@id":"https:\/\/luxon.com\/cs\/an-exclusive-promo-for-using-luxon-pay-at-ept-monte-carlo\/","url":"https:\/\/luxon.com\/cs\/an-exclusive-promo-for-using-luxon-pay-at-ept-monte-carlo\/","name":"Exkluzivn\u00ed nab\u00eddka pro pou\u017e\u00edv\u00e1n\u00ed Luxon Pay na EPT Monte Carlo - Luxon Pay","isPartOf":{"@id":"https:\/\/luxon.com\/cs\/#website"},"primaryImageOfPage":{"@id":"https:\/\/luxon.com\/cs\/an-exclusive-promo-for-using-luxon-pay-at-ept-monte-carlo\/#primaryimage"},"image":{"@id":"https:\/\/luxon.com\/cs\/an-exclusive-promo-for-using-luxon-pay-at-ept-monte-carlo\/#primaryimage"},"thumbnailUrl":"https:\/\/luxon.com\/wp-content\/uploads\/Live-to-Online-Conversion_header.png","datePublished":"2026-05-08T13:18:09+00:00","dateModified":"2026-05-11T15:44:52+00:00","inLanguage":"cs","potentialAction":[{"@type":"ReadAction","target":["https:\/\/luxon.com\/cs\/an-exclusive-promo-for-using-luxon-pay-at-ept-monte-carlo\/"]}]},{"@type":"ImageObject","inLanguage":"cs","@id":"https:\/\/luxon.com\/cs\/an-exclusive-promo-for-using-luxon-pay-at-ept-monte-carlo\/#primaryimage","url":"https:\/\/luxon.com\/wp-content\/uploads\/Live-to-Online-Conversion_header.png","contentUrl":"https:\/\/luxon.com\/wp-content\/uploads\/Live-to-Online-Conversion_header.png","width":600,"height":400},{"@type":"WebSite","@id":"https:\/\/luxon.com\/cs\/#website","url":"https:\/\/luxon.com\/cs\/","name":"Luxon Pay","description":"Instant secure global payments","publisher":{"@id":"https:\/\/luxon.com\/cs\/#organization"},"potentialAction":[{"@type":"SearchAction","target":{"@type":"EntryPoint","urlTemplate":"https:\/\/luxon.com\/cs\/?s={search_term_string}"},"query-input":{"@type":"PropertyValueSpecification","valueRequired":true,"valueName":"search_term_string"}}],"inLanguage":"cs"},{"@type":"Organization","@id":"https:\/\/luxon.com\/cs\/#organization","name":"Luxon Pay","url":"https:\/\/luxon.com\/cs\/","logo":{"@type":"ImageObject","inLanguage":"cs","@id":"https:\/\/luxon.com\/cs\/#\/schema\/logo\/image\/","url":"https:\/\/luxon.com\/wp-content\/uploads\/WebsiteImage04.png","contentUrl":"https:\/\/luxon.com\/wp-content\/uploads\/WebsiteImage04.png","width":1200,"height":630,"caption":"Luxon Pay"},"image":{"@id":"https:\/\/luxon.com\/cs\/#\/schema\/logo\/image\/"}}]}},"_links":{"self":[{"href":"https:\/\/luxon.com\/cs\/wp-json\/wp\/v2\/pages\/35581","targetHints":{"allow":["GET"]}}],"collection":[{"href":"https:\/\/luxon.com\/cs\/wp-json\/wp\/v2\/pages"}],"about":[{"href":"https:\/\/luxon.com\/cs\/wp-json\/wp\/v2\/types\/page"}],"author":[{"embeddable":true,"href":"https:\/\/luxon.com\/cs\/wp-json\/wp\/v2\/users\/7"}],"replies":[{"embeddable":true,"href":"https:\/\/luxon.com\/cs\/wp-json\/wp\/v2\/comments?post=35581"}],"version-history":[{"count":2,"href":"https:\/\/luxon.com\/cs\/wp-json\/wp\/v2\/pages\/35581\/revisions"}],"predecessor-version":[{"id":35583,"href":"https:\/\/luxon.com\/cs\/wp-json\/wp\/v2\/pages\/35581\/revisions\/35583"}],"wp:featuredmedia":[{"embeddable":true,"href":"https:\/\/luxon.com\/cs\/wp-json\/wp\/v2\/media\/33987"}],"wp:attachment":[{"href":"https:\/\/luxon.com\/cs\/wp-json\/wp\/v2\/media?parent=35581"}],"curies":[{"name":"wp","href":"https:\/\/api.w.org\/{rel}","templated":true}]}}