{"id":16374,"date":"2022-11-29T12:17:01","date_gmt":"2022-11-29T12:17:01","guid":{"rendered":"https:\/\/luxon.com\/instant-transfers\/"},"modified":"2025-09-18T20:39:45","modified_gmt":"2025-09-18T20:39:45","slug":"instant-transfers","status":"publish","type":"page","link":"https:\/\/luxon.com\/de\/instant-transfers\/","title":{"rendered":"Sofort\u00fcberweisungen"},"content":{"rendered":"<p>\u00dcberweise Geld an andere Luxon Pay-Nutzer \u00fcberall auf der Welt und sende oder fordere Geld von deinen Kontakten in verschiedenen W\u00e4hrungen<\/p>\n","protected":false},"excerpt":{"rendered":"<p>\u00dcberweise Geld an andere Luxon Pay-Nutzer \u00fcberall auf der Welt und sende oder fordere Geld von deinen Kontakten in verschiedenen W\u00e4hrungen<\/p>\n","protected":false},"author":5,"featured_media":20944,"parent":0,"menu_order":0,"comment_status":"closed","ping_status":"closed","template":"templates\/block-template.php","meta":{"_acf_changed":false,"footnotes":""},"class_list":["post-16374","page","type-page","status-publish","has-post-thumbnail","hentry"],"acf":[],"yoast_head":"<!-- This site is optimized with the Yoast SEO plugin v27.1.1 - https:\/\/yoast.com\/product\/yoast-seo-wordpress\/ -->\n<title>Sofort\u00fcberweisungen - Luxon Pay<\/title>\n<meta name=\"robots\" content=\"index, follow, max-snippet:-1, max-image-preview:large, max-video-preview:-1\" \/>\n<link rel=\"canonical\" href=\"https:\/\/luxon.com\/de\/instant-transfers\/\" \/>\n<meta property=\"og:locale\" content=\"de_DE\" \/>\n<meta property=\"og:type\" content=\"article\" \/>\n<meta property=\"og:title\" content=\"Sofort\u00fcberweisungen - Luxon Pay\" \/>\n<meta property=\"og:description\" content=\"\u00dcberweise Geld an andere Luxon Pay-Nutzer \u00fcberall auf der Welt und sende oder fordere Geld von deinen Kontakten in verschiedenen W\u00e4hrungen\" \/>\n<meta property=\"og:url\" content=\"https:\/\/luxon.com\/de\/instant-transfers\/\" \/>\n<meta property=\"og:site_name\" content=\"Luxon Pay\" \/>\n<meta property=\"article:modified_time\" content=\"2025-09-18T20:39:45+00:00\" \/>\n<meta property=\"og:image\" content=\"https:\/\/luxon.com\/wp-content\/uploads\/Frame-7363-2.png\" \/>\n\t<meta property=\"og:image:width\" content=\"340\" \/>\n\t<meta property=\"og:image:height\" content=\"558\" \/>\n\t<meta property=\"og:image:type\" content=\"image\/png\" \/>\n<meta name=\"twitter:card\" content=\"summary_large_image\" \/>\n<meta name=\"twitter:label1\" content=\"Gesch\u00e4tzte Lesezeit\" \/>\n\t<meta name=\"twitter:data1\" content=\"1\u00a0Minute\" \/>\n<script type=\"application\/ld+json\" class=\"yoast-schema-graph\">{\"@context\":\"https:\/\/schema.org\",\"@graph\":[{\"@type\":\"WebPage\",\"@id\":\"https:\/\/luxon.com\/de\/instant-transfers\/\",\"url\":\"https:\/\/luxon.com\/de\/instant-transfers\/\",\"name\":\"Sofort\u00fcberweisungen - Luxon Pay\",\"isPartOf\":{\"@id\":\"https:\/\/luxon.com\/de\/#website\"},\"primaryImageOfPage\":{\"@id\":\"https:\/\/luxon.com\/de\/instant-transfers\/#primaryimage\"},\"image\":{\"@id\":\"https:\/\/luxon.com\/de\/instant-transfers\/#primaryimage\"},\"thumbnailUrl\":\"https:\/\/luxon.com\/wp-content\/uploads\/Frame-7363-2.png\",\"datePublished\":\"2022-11-29T12:17:01+00:00\",\"dateModified\":\"2025-09-18T20:39:45+00:00\",\"inLanguage\":\"de\",\"potentialAction\":[{\"@type\":\"ReadAction\",\"target\":[\"https:\/\/luxon.com\/de\/instant-transfers\/\"]}]},{\"@type\":\"ImageObject\",\"inLanguage\":\"de\",\"@id\":\"https:\/\/luxon.com\/de\/instant-transfers\/#primaryimage\",\"url\":\"https:\/\/luxon.com\/wp-content\/uploads\/Frame-7363-2.png\",\"contentUrl\":\"https:\/\/luxon.com\/wp-content\/uploads\/Frame-7363-2.png\",\"width\":340,\"height\":558},{\"@type\":\"WebSite\",\"@id\":\"https:\/\/luxon.com\/de\/#website\",\"url\":\"https:\/\/luxon.com\/de\/\",\"name\":\"Luxon Pay\",\"description\":\"Instant secure global payments\",\"publisher\":{\"@id\":\"https:\/\/luxon.com\/de\/#organization\"},\"potentialAction\":[{\"@type\":\"SearchAction\",\"target\":{\"@type\":\"EntryPoint\",\"urlTemplate\":\"https:\/\/luxon.com\/de\/?s={search_term_string}\"},\"query-input\":{\"@type\":\"PropertyValueSpecification\",\"valueRequired\":true,\"valueName\":\"search_term_string\"}}],\"inLanguage\":\"de\"},{\"@type\":\"Organization\",\"@id\":\"https:\/\/luxon.com\/de\/#organization\",\"name\":\"Luxon Pay\",\"url\":\"https:\/\/luxon.com\/de\/\",\"logo\":{\"@type\":\"ImageObject\",\"inLanguage\":\"de\",\"@id\":\"https:\/\/luxon.com\/de\/#\/schema\/logo\/image\/\",\"url\":\"https:\/\/luxon.com\/wp-content\/uploads\/WebsiteImage04.png\",\"contentUrl\":\"https:\/\/luxon.com\/wp-content\/uploads\/WebsiteImage04.png\",\"width\":1200,\"height\":630,\"caption\":\"Luxon Pay\"},\"image\":{\"@id\":\"https:\/\/luxon.com\/de\/#\/schema\/logo\/image\/\"}}]}<\/script>\n<!-- \/ Yoast SEO plugin. -->","yoast_head_json":{"title":"Sofort\u00fcberweisungen - Luxon Pay","robots":{"index":"index","follow":"follow","max-snippet":"max-snippet:-1","max-image-preview":"max-image-preview:large","max-video-preview":"max-video-preview:-1"},"canonical":"https:\/\/luxon.com\/de\/instant-transfers\/","og_locale":"de_DE","og_type":"article","og_title":"Sofort\u00fcberweisungen - Luxon Pay","og_description":"\u00dcberweise Geld an andere Luxon Pay-Nutzer \u00fcberall auf der Welt und sende oder fordere Geld von deinen Kontakten in verschiedenen W\u00e4hrungen","og_url":"https:\/\/luxon.com\/de\/instant-transfers\/","og_site_name":"Luxon Pay","article_modified_time":"2025-09-18T20:39:45+00:00","og_image":[{"width":340,"height":558,"url":"https:\/\/luxon.com\/wp-content\/uploads\/Frame-7363-2.png","type":"image\/png"}],"twitter_card":"summary_large_image","twitter_misc":{"Gesch\u00e4tzte Lesezeit":"1\u00a0Minute"},"schema":{"@context":"https:\/\/schema.org","@graph":[{"@type":"WebPage","@id":"https:\/\/luxon.com\/de\/instant-transfers\/","url":"https:\/\/luxon.com\/de\/instant-transfers\/","name":"Sofort\u00fcberweisungen - Luxon Pay","isPartOf":{"@id":"https:\/\/luxon.com\/de\/#website"},"primaryImageOfPage":{"@id":"https:\/\/luxon.com\/de\/instant-transfers\/#primaryimage"},"image":{"@id":"https:\/\/luxon.com\/de\/instant-transfers\/#primaryimage"},"thumbnailUrl":"https:\/\/luxon.com\/wp-content\/uploads\/Frame-7363-2.png","datePublished":"2022-11-29T12:17:01+00:00","dateModified":"2025-09-18T20:39:45+00:00","inLanguage":"de","potentialAction":[{"@type":"ReadAction","target":["https:\/\/luxon.com\/de\/instant-transfers\/"]}]},{"@type":"ImageObject","inLanguage":"de","@id":"https:\/\/luxon.com\/de\/instant-transfers\/#primaryimage","url":"https:\/\/luxon.com\/wp-content\/uploads\/Frame-7363-2.png","contentUrl":"https:\/\/luxon.com\/wp-content\/uploads\/Frame-7363-2.png","width":340,"height":558},{"@type":"WebSite","@id":"https:\/\/luxon.com\/de\/#website","url":"https:\/\/luxon.com\/de\/","name":"Luxon Pay","description":"Instant secure global payments","publisher":{"@id":"https:\/\/luxon.com\/de\/#organization"},"potentialAction":[{"@type":"SearchAction","target":{"@type":"EntryPoint","urlTemplate":"https:\/\/luxon.com\/de\/?s={search_term_string}"},"query-input":{"@type":"PropertyValueSpecification","valueRequired":true,"valueName":"search_term_string"}}],"inLanguage":"de"},{"@type":"Organization","@id":"https:\/\/luxon.com\/de\/#organization","name":"Luxon Pay","url":"https:\/\/luxon.com\/de\/","logo":{"@type":"ImageObject","inLanguage":"de","@id":"https:\/\/luxon.com\/de\/#\/schema\/logo\/image\/","url":"https:\/\/luxon.com\/wp-content\/uploads\/WebsiteImage04.png","contentUrl":"https:\/\/luxon.com\/wp-content\/uploads\/WebsiteImage04.png","width":1200,"height":630,"caption":"Luxon Pay"},"image":{"@id":"https:\/\/luxon.com\/de\/#\/schema\/logo\/image\/"}}]}},"_links":{"self":[{"href":"https:\/\/luxon.com\/de\/wp-json\/wp\/v2\/pages\/16374","targetHints":{"allow":["GET"]}}],"collection":[{"href":"https:\/\/luxon.com\/de\/wp-json\/wp\/v2\/pages"}],"about":[{"href":"https:\/\/luxon.com\/de\/wp-json\/wp\/v2\/types\/page"}],"author":[{"embeddable":true,"href":"https:\/\/luxon.com\/de\/wp-json\/wp\/v2\/users\/5"}],"replies":[{"embeddable":true,"href":"https:\/\/luxon.com\/de\/wp-json\/wp\/v2\/comments?post=16374"}],"version-history":[{"count":5,"href":"https:\/\/luxon.com\/de\/wp-json\/wp\/v2\/pages\/16374\/revisions"}],"predecessor-version":[{"id":31900,"href":"https:\/\/luxon.com\/de\/wp-json\/wp\/v2\/pages\/16374\/revisions\/31900"}],"wp:featuredmedia":[{"embeddable":true,"href":"https:\/\/luxon.com\/de\/wp-json\/wp\/v2\/media\/20944"}],"wp:attachment":[{"href":"https:\/\/luxon.com\/de\/wp-json\/wp\/v2\/media?parent=16374"}],"curies":[{"name":"wp","href":"https:\/\/api.w.org\/{rel}","templated":true}]}}