{"id":16378,"date":"2022-11-29T11:18:36","date_gmt":"2022-11-29T11:18:36","guid":{"rendered":"https:\/\/luxon.com\/currency-exchange\/"},"modified":"2025-09-18T20:37:13","modified_gmt":"2025-09-18T20:37:13","slug":"currency-exchange","status":"publish","type":"page","link":"https:\/\/luxon.com\/de\/currency-exchange\/","title":{"rendered":"W\u00e4hrungsumtausch"},"content":{"rendered":"<p>Halte und sende mit deinem Luxon Wallet viele W\u00e4hrungen, darunter GBP, EUR und USD. Tausche Geld jederzeit sofort und \u00fcberweise es ganz einfach an Freunde und Familie \u2013 so beh\u00e4ltst du die volle Kontrolle \u00fcber dein Geld.<\/p>\n","protected":false},"excerpt":{"rendered":"<p>Halte und sende mit deinem Luxon Wallet viele W\u00e4hrungen, darunter GBP, EUR und USD. Tausche Geld jederzeit sofort und \u00fcberweise es ganz einfach an Freunde und Familie \u2013 so beh\u00e4ltst du die volle Kontrolle \u00fcber dein Geld.<\/p>\n","protected":false},"author":5,"featured_media":21163,"parent":0,"menu_order":0,"comment_status":"closed","ping_status":"closed","template":"templates\/block-template.php","meta":{"_acf_changed":false,"footnotes":""},"class_list":["post-16378","page","type-page","status-publish","has-post-thumbnail","hentry"],"acf":[],"yoast_head":"<!-- This site is optimized with the Yoast SEO plugin v27.4 - https:\/\/yoast.com\/product\/yoast-seo-wordpress\/ -->\n<title>W\u00e4hrungsumtausch - Luxon Pay<\/title>\n<meta name=\"robots\" content=\"index, follow, max-snippet:-1, max-image-preview:large, max-video-preview:-1\" \/>\n<link rel=\"canonical\" href=\"https:\/\/luxon.com\/de\/currency-exchange\/\" \/>\n<meta property=\"og:locale\" content=\"de_DE\" \/>\n<meta property=\"og:type\" content=\"article\" \/>\n<meta property=\"og:title\" content=\"W\u00e4hrungsumtausch - Luxon Pay\" \/>\n<meta property=\"og:description\" content=\"Halte und sende mit deinem Luxon Wallet viele W\u00e4hrungen, darunter GBP, EUR und USD. Tausche Geld jederzeit sofort und \u00fcberweise es ganz einfach an Freunde und Familie \u2013 so beh\u00e4ltst du die volle Kontrolle \u00fcber dein Geld.\" \/>\n<meta property=\"og:url\" content=\"https:\/\/luxon.com\/de\/currency-exchange\/\" \/>\n<meta property=\"og:site_name\" content=\"Luxon Pay\" \/>\n<meta property=\"article:modified_time\" content=\"2025-09-18T20:37:13+00:00\" \/>\n<meta property=\"og:image\" content=\"https:\/\/luxon.com\/wp-content\/uploads\/FX_DE.png\" \/>\n\t<meta property=\"og:image:width\" content=\"886\" \/>\n\t<meta property=\"og:image:height\" content=\"1288\" \/>\n\t<meta property=\"og:image:type\" content=\"image\/png\" \/>\n<meta name=\"twitter:card\" content=\"summary_large_image\" \/>\n<meta name=\"twitter:label1\" content=\"Gesch\u00e4tzte Lesezeit\" \/>\n\t<meta name=\"twitter:data1\" content=\"1\u00a0Minute\" \/>\n<script type=\"application\/ld+json\" class=\"yoast-schema-graph\">{\"@context\":\"https:\\\/\\\/schema.org\",\"@graph\":[{\"@type\":\"WebPage\",\"@id\":\"https:\\\/\\\/luxon.com\\\/de\\\/currency-exchange\\\/\",\"url\":\"https:\\\/\\\/luxon.com\\\/de\\\/currency-exchange\\\/\",\"name\":\"W\u00e4hrungsumtausch - Luxon Pay\",\"isPartOf\":{\"@id\":\"https:\\\/\\\/luxon.com\\\/de\\\/#website\"},\"primaryImageOfPage\":{\"@id\":\"https:\\\/\\\/luxon.com\\\/de\\\/currency-exchange\\\/#primaryimage\"},\"image\":{\"@id\":\"https:\\\/\\\/luxon.com\\\/de\\\/currency-exchange\\\/#primaryimage\"},\"thumbnailUrl\":\"https:\\\/\\\/luxon.com\\\/wp-content\\\/uploads\\\/FX_DE.png\",\"datePublished\":\"2022-11-29T11:18:36+00:00\",\"dateModified\":\"2025-09-18T20:37:13+00:00\",\"inLanguage\":\"de\",\"potentialAction\":[{\"@type\":\"ReadAction\",\"target\":[\"https:\\\/\\\/luxon.com\\\/de\\\/currency-exchange\\\/\"]}]},{\"@type\":\"ImageObject\",\"inLanguage\":\"de\",\"@id\":\"https:\\\/\\\/luxon.com\\\/de\\\/currency-exchange\\\/#primaryimage\",\"url\":\"https:\\\/\\\/luxon.com\\\/wp-content\\\/uploads\\\/FX_DE.png\",\"contentUrl\":\"https:\\\/\\\/luxon.com\\\/wp-content\\\/uploads\\\/FX_DE.png\",\"width\":886,\"height\":1288},{\"@type\":\"WebSite\",\"@id\":\"https:\\\/\\\/luxon.com\\\/de\\\/#website\",\"url\":\"https:\\\/\\\/luxon.com\\\/de\\\/\",\"name\":\"Luxon Pay\",\"description\":\"Instant secure global payments\",\"publisher\":{\"@id\":\"https:\\\/\\\/luxon.com\\\/de\\\/#organization\"},\"potentialAction\":[{\"@type\":\"SearchAction\",\"target\":{\"@type\":\"EntryPoint\",\"urlTemplate\":\"https:\\\/\\\/luxon.com\\\/de\\\/?s={search_term_string}\"},\"query-input\":{\"@type\":\"PropertyValueSpecification\",\"valueRequired\":true,\"valueName\":\"search_term_string\"}}],\"inLanguage\":\"de\"},{\"@type\":\"Organization\",\"@id\":\"https:\\\/\\\/luxon.com\\\/de\\\/#organization\",\"name\":\"Luxon Pay\",\"url\":\"https:\\\/\\\/luxon.com\\\/de\\\/\",\"logo\":{\"@type\":\"ImageObject\",\"inLanguage\":\"de\",\"@id\":\"https:\\\/\\\/luxon.com\\\/de\\\/#\\\/schema\\\/logo\\\/image\\\/\",\"url\":\"https:\\\/\\\/luxon.com\\\/wp-content\\\/uploads\\\/WebsiteImage04.png\",\"contentUrl\":\"https:\\\/\\\/luxon.com\\\/wp-content\\\/uploads\\\/WebsiteImage04.png\",\"width\":1200,\"height\":630,\"caption\":\"Luxon Pay\"},\"image\":{\"@id\":\"https:\\\/\\\/luxon.com\\\/de\\\/#\\\/schema\\\/logo\\\/image\\\/\"}}]}<\/script>\n<!-- \/ Yoast SEO plugin. -->","yoast_head_json":{"title":"W\u00e4hrungsumtausch - Luxon Pay","robots":{"index":"index","follow":"follow","max-snippet":"max-snippet:-1","max-image-preview":"max-image-preview:large","max-video-preview":"max-video-preview:-1"},"canonical":"https:\/\/luxon.com\/de\/currency-exchange\/","og_locale":"de_DE","og_type":"article","og_title":"W\u00e4hrungsumtausch - Luxon Pay","og_description":"Halte und sende mit deinem Luxon Wallet viele W\u00e4hrungen, darunter GBP, EUR und USD. Tausche Geld jederzeit sofort und \u00fcberweise es ganz einfach an Freunde und Familie \u2013 so beh\u00e4ltst du die volle Kontrolle \u00fcber dein Geld.","og_url":"https:\/\/luxon.com\/de\/currency-exchange\/","og_site_name":"Luxon Pay","article_modified_time":"2025-09-18T20:37:13+00:00","og_image":[{"width":886,"height":1288,"url":"https:\/\/luxon.com\/wp-content\/uploads\/FX_DE.png","type":"image\/png"}],"twitter_card":"summary_large_image","twitter_misc":{"Gesch\u00e4tzte Lesezeit":"1\u00a0Minute"},"schema":{"@context":"https:\/\/schema.org","@graph":[{"@type":"WebPage","@id":"https:\/\/luxon.com\/de\/currency-exchange\/","url":"https:\/\/luxon.com\/de\/currency-exchange\/","name":"W\u00e4hrungsumtausch - Luxon Pay","isPartOf":{"@id":"https:\/\/luxon.com\/de\/#website"},"primaryImageOfPage":{"@id":"https:\/\/luxon.com\/de\/currency-exchange\/#primaryimage"},"image":{"@id":"https:\/\/luxon.com\/de\/currency-exchange\/#primaryimage"},"thumbnailUrl":"https:\/\/luxon.com\/wp-content\/uploads\/FX_DE.png","datePublished":"2022-11-29T11:18:36+00:00","dateModified":"2025-09-18T20:37:13+00:00","inLanguage":"de","potentialAction":[{"@type":"ReadAction","target":["https:\/\/luxon.com\/de\/currency-exchange\/"]}]},{"@type":"ImageObject","inLanguage":"de","@id":"https:\/\/luxon.com\/de\/currency-exchange\/#primaryimage","url":"https:\/\/luxon.com\/wp-content\/uploads\/FX_DE.png","contentUrl":"https:\/\/luxon.com\/wp-content\/uploads\/FX_DE.png","width":886,"height":1288},{"@type":"WebSite","@id":"https:\/\/luxon.com\/de\/#website","url":"https:\/\/luxon.com\/de\/","name":"Luxon Pay","description":"Instant secure global payments","publisher":{"@id":"https:\/\/luxon.com\/de\/#organization"},"potentialAction":[{"@type":"SearchAction","target":{"@type":"EntryPoint","urlTemplate":"https:\/\/luxon.com\/de\/?s={search_term_string}"},"query-input":{"@type":"PropertyValueSpecification","valueRequired":true,"valueName":"search_term_string"}}],"inLanguage":"de"},{"@type":"Organization","@id":"https:\/\/luxon.com\/de\/#organization","name":"Luxon Pay","url":"https:\/\/luxon.com\/de\/","logo":{"@type":"ImageObject","inLanguage":"de","@id":"https:\/\/luxon.com\/de\/#\/schema\/logo\/image\/","url":"https:\/\/luxon.com\/wp-content\/uploads\/WebsiteImage04.png","contentUrl":"https:\/\/luxon.com\/wp-content\/uploads\/WebsiteImage04.png","width":1200,"height":630,"caption":"Luxon Pay"},"image":{"@id":"https:\/\/luxon.com\/de\/#\/schema\/logo\/image\/"}}]}},"_links":{"self":[{"href":"https:\/\/luxon.com\/de\/wp-json\/wp\/v2\/pages\/16378","targetHints":{"allow":["GET"]}}],"collection":[{"href":"https:\/\/luxon.com\/de\/wp-json\/wp\/v2\/pages"}],"about":[{"href":"https:\/\/luxon.com\/de\/wp-json\/wp\/v2\/types\/page"}],"author":[{"embeddable":true,"href":"https:\/\/luxon.com\/de\/wp-json\/wp\/v2\/users\/5"}],"replies":[{"embeddable":true,"href":"https:\/\/luxon.com\/de\/wp-json\/wp\/v2\/comments?post=16378"}],"version-history":[{"count":11,"href":"https:\/\/luxon.com\/de\/wp-json\/wp\/v2\/pages\/16378\/revisions"}],"predecessor-version":[{"id":31899,"href":"https:\/\/luxon.com\/de\/wp-json\/wp\/v2\/pages\/16378\/revisions\/31899"}],"wp:featuredmedia":[{"embeddable":true,"href":"https:\/\/luxon.com\/de\/wp-json\/wp\/v2\/media\/21163"}],"wp:attachment":[{"href":"https:\/\/luxon.com\/de\/wp-json\/wp\/v2\/media?parent=16378"}],"curies":[{"name":"wp","href":"https:\/\/api.w.org\/{rel}","templated":true}]}}