{"id":26587,"date":"2024-06-10T14:09:37","date_gmt":"2024-06-10T14:09:37","guid":{"rendered":"https:\/\/luxon.com\/bonkersbet-cash-back-promo\/"},"modified":"2024-06-11T10:04:23","modified_gmt":"2024-06-11T10:04:23","slug":"bonkersbet-cash-back-promo","status":"publish","type":"page","link":"https:\/\/luxon.com\/de\/bonkersbet-cash-back-promo\/","title":{"rendered":"Bonkersbet Cashback-Aktion"},"content":{"rendered":"<p>Erhalte 1 % Cashback<\/p>\n<p>Zahl bei Bonkersbet \u00fcber Luxon Pay ein und erhalte 1 % Cashback auf alle Einzahlungen bis zum 30. Juni 2024.<\/p>\n<ul>\n<li>\u2060Aktion verf\u00fcgbar f\u00fcr alle Benutzer, die w\u00e4hrend der Aktionsdaten \u00fcber Luxon Pay bei Bonkersbet einzahlen<\/li>\n<li>Aktion l\u00e4uft vom 10. Juni 2024 00:00 MEZ bis 30. Juni 2024 23:59 MEZ<\/li>\n<li>Benutzer m\u00fcssen \u00fcber ein aktives Luxon Pay-Konto verf\u00fcgen (KYC abgeschlossen), bevor sie bei Bonkersbet einzahlen k\u00f6nnen<\/li>\n<li>\u2060Cashback wird auf alle Einzahlungen bei Bonkersbet ausgezahlt<\/li>\n<li>Cashback wird am 2. Juli 2024 auf Ihr Luxon Pay-Konto ausgezahlt<\/li>\n<\/ul>\n","protected":false},"excerpt":{"rendered":"<p>Erhalte 1 % Cashback Zahl bei Bonkersbet \u00fcber Luxon Pay ein und erhalte 1 % Cashback auf alle Einzahlungen bis zum 30. Juni 2024. \u2060Aktion verf\u00fcgbar f\u00fcr alle Benutzer, die w\u00e4hrend der Aktionsdaten \u00fcber Luxon Pay bei Bonkersbet einzahlen Aktion l\u00e4uft vom 10. Juni 2024 00:00 MEZ bis 30. Juni 2024 23:59 MEZ Benutzer m\u00fcssen<a class=\"excerpt-read-more\" href=\"https:\/\/luxon.com\/de\/bonkersbet-cash-back-promo\/\" title=\"ReadBonkersbet Cashback-Aktion\">&#8230; Read more &raquo;<\/a><\/p>\n","protected":false},"author":5,"featured_media":21214,"parent":0,"menu_order":0,"comment_status":"closed","ping_status":"closed","template":"templates\/block-template.php","meta":{"_acf_changed":false,"footnotes":""},"class_list":["post-26587","page","type-page","status-publish","has-post-thumbnail","hentry"],"acf":[],"yoast_head":"<!-- This site is optimized with the Yoast SEO plugin v27.1.1 - https:\/\/yoast.com\/product\/yoast-seo-wordpress\/ -->\n<title>Bonkersbet Cashback-Aktion - Luxon Pay<\/title>\n<meta name=\"robots\" content=\"index, follow, max-snippet:-1, max-image-preview:large, max-video-preview:-1\" \/>\n<link rel=\"canonical\" href=\"https:\/\/luxon.com\/de\/bonkersbet-cash-back-promo\/\" \/>\n<meta property=\"og:locale\" content=\"de_DE\" \/>\n<meta property=\"og:type\" content=\"article\" \/>\n<meta property=\"og:title\" content=\"Bonkersbet Cashback-Aktion - Luxon Pay\" \/>\n<meta property=\"og:description\" content=\"Erhalte 1 % Cashback Zahl bei Bonkersbet \u00fcber Luxon Pay ein und erhalte 1 % Cashback auf alle Einzahlungen bis zum 30. Juni 2024. \u2060Aktion verf\u00fcgbar f\u00fcr alle Benutzer, die w\u00e4hrend der Aktionsdaten \u00fcber Luxon Pay bei Bonkersbet einzahlen Aktion l\u00e4uft vom 10. Juni 2024 00:00 MEZ bis 30. Juni 2024 23:59 MEZ Benutzer m\u00fcssen... Read more &raquo;\" \/>\n<meta property=\"og:url\" content=\"https:\/\/luxon.com\/de\/bonkersbet-cash-back-promo\/\" \/>\n<meta property=\"og:site_name\" content=\"Luxon Pay\" \/>\n<meta property=\"article:modified_time\" content=\"2024-06-11T10:04:23+00:00\" \/>\n<meta property=\"og:image\" content=\"https:\/\/luxon.com\/wp-content\/uploads\/FX-Product-Image-Dashboard_BR.png\" \/>\n\t<meta property=\"og:image:width\" content=\"521\" \/>\n\t<meta property=\"og:image:height\" content=\"644\" \/>\n\t<meta property=\"og:image:type\" content=\"image\/png\" \/>\n<meta name=\"twitter:card\" content=\"summary_large_image\" \/>\n<meta name=\"twitter:label1\" content=\"Gesch\u00e4tzte Lesezeit\" \/>\n\t<meta name=\"twitter:data1\" content=\"1\u00a0Minute\" \/>\n<script type=\"application\/ld+json\" class=\"yoast-schema-graph\">{\"@context\":\"https:\/\/schema.org\",\"@graph\":[{\"@type\":\"WebPage\",\"@id\":\"https:\/\/luxon.com\/de\/bonkersbet-cash-back-promo\/\",\"url\":\"https:\/\/luxon.com\/de\/bonkersbet-cash-back-promo\/\",\"name\":\"Bonkersbet Cashback-Aktion - Luxon Pay\",\"isPartOf\":{\"@id\":\"https:\/\/luxon.com\/de\/#website\"},\"primaryImageOfPage\":{\"@id\":\"https:\/\/luxon.com\/de\/bonkersbet-cash-back-promo\/#primaryimage\"},\"image\":{\"@id\":\"https:\/\/luxon.com\/de\/bonkersbet-cash-back-promo\/#primaryimage\"},\"thumbnailUrl\":\"https:\/\/luxon.com\/wp-content\/uploads\/FX-Product-Image-Dashboard_BR.png\",\"datePublished\":\"2024-06-10T14:09:37+00:00\",\"dateModified\":\"2024-06-11T10:04:23+00:00\",\"inLanguage\":\"de\",\"potentialAction\":[{\"@type\":\"ReadAction\",\"target\":[\"https:\/\/luxon.com\/de\/bonkersbet-cash-back-promo\/\"]}]},{\"@type\":\"ImageObject\",\"inLanguage\":\"de\",\"@id\":\"https:\/\/luxon.com\/de\/bonkersbet-cash-back-promo\/#primaryimage\",\"url\":\"https:\/\/luxon.com\/wp-content\/uploads\/FX-Product-Image-Dashboard_BR.png\",\"contentUrl\":\"https:\/\/luxon.com\/wp-content\/uploads\/FX-Product-Image-Dashboard_BR.png\",\"width\":521,\"height\":644},{\"@type\":\"WebSite\",\"@id\":\"https:\/\/luxon.com\/de\/#website\",\"url\":\"https:\/\/luxon.com\/de\/\",\"name\":\"Luxon Pay\",\"description\":\"Instant secure global payments\",\"publisher\":{\"@id\":\"https:\/\/luxon.com\/de\/#organization\"},\"potentialAction\":[{\"@type\":\"SearchAction\",\"target\":{\"@type\":\"EntryPoint\",\"urlTemplate\":\"https:\/\/luxon.com\/de\/?s={search_term_string}\"},\"query-input\":{\"@type\":\"PropertyValueSpecification\",\"valueRequired\":true,\"valueName\":\"search_term_string\"}}],\"inLanguage\":\"de\"},{\"@type\":\"Organization\",\"@id\":\"https:\/\/luxon.com\/de\/#organization\",\"name\":\"Luxon Pay\",\"url\":\"https:\/\/luxon.com\/de\/\",\"logo\":{\"@type\":\"ImageObject\",\"inLanguage\":\"de\",\"@id\":\"https:\/\/luxon.com\/de\/#\/schema\/logo\/image\/\",\"url\":\"https:\/\/luxon.com\/wp-content\/uploads\/WebsiteImage04.png\",\"contentUrl\":\"https:\/\/luxon.com\/wp-content\/uploads\/WebsiteImage04.png\",\"width\":1200,\"height\":630,\"caption\":\"Luxon Pay\"},\"image\":{\"@id\":\"https:\/\/luxon.com\/de\/#\/schema\/logo\/image\/\"}}]}<\/script>\n<!-- \/ Yoast SEO plugin. -->","yoast_head_json":{"title":"Bonkersbet Cashback-Aktion - Luxon Pay","robots":{"index":"index","follow":"follow","max-snippet":"max-snippet:-1","max-image-preview":"max-image-preview:large","max-video-preview":"max-video-preview:-1"},"canonical":"https:\/\/luxon.com\/de\/bonkersbet-cash-back-promo\/","og_locale":"de_DE","og_type":"article","og_title":"Bonkersbet Cashback-Aktion - Luxon Pay","og_description":"Erhalte 1 % Cashback Zahl bei Bonkersbet \u00fcber Luxon Pay ein und erhalte 1 % Cashback auf alle Einzahlungen bis zum 30. Juni 2024. \u2060Aktion verf\u00fcgbar f\u00fcr alle Benutzer, die w\u00e4hrend der Aktionsdaten \u00fcber Luxon Pay bei Bonkersbet einzahlen Aktion l\u00e4uft vom 10. Juni 2024 00:00 MEZ bis 30. Juni 2024 23:59 MEZ Benutzer m\u00fcssen... Read more &raquo;","og_url":"https:\/\/luxon.com\/de\/bonkersbet-cash-back-promo\/","og_site_name":"Luxon Pay","article_modified_time":"2024-06-11T10:04:23+00:00","og_image":[{"width":521,"height":644,"url":"https:\/\/luxon.com\/wp-content\/uploads\/FX-Product-Image-Dashboard_BR.png","type":"image\/png"}],"twitter_card":"summary_large_image","twitter_misc":{"Gesch\u00e4tzte Lesezeit":"1\u00a0Minute"},"schema":{"@context":"https:\/\/schema.org","@graph":[{"@type":"WebPage","@id":"https:\/\/luxon.com\/de\/bonkersbet-cash-back-promo\/","url":"https:\/\/luxon.com\/de\/bonkersbet-cash-back-promo\/","name":"Bonkersbet Cashback-Aktion - Luxon Pay","isPartOf":{"@id":"https:\/\/luxon.com\/de\/#website"},"primaryImageOfPage":{"@id":"https:\/\/luxon.com\/de\/bonkersbet-cash-back-promo\/#primaryimage"},"image":{"@id":"https:\/\/luxon.com\/de\/bonkersbet-cash-back-promo\/#primaryimage"},"thumbnailUrl":"https:\/\/luxon.com\/wp-content\/uploads\/FX-Product-Image-Dashboard_BR.png","datePublished":"2024-06-10T14:09:37+00:00","dateModified":"2024-06-11T10:04:23+00:00","inLanguage":"de","potentialAction":[{"@type":"ReadAction","target":["https:\/\/luxon.com\/de\/bonkersbet-cash-back-promo\/"]}]},{"@type":"ImageObject","inLanguage":"de","@id":"https:\/\/luxon.com\/de\/bonkersbet-cash-back-promo\/#primaryimage","url":"https:\/\/luxon.com\/wp-content\/uploads\/FX-Product-Image-Dashboard_BR.png","contentUrl":"https:\/\/luxon.com\/wp-content\/uploads\/FX-Product-Image-Dashboard_BR.png","width":521,"height":644},{"@type":"WebSite","@id":"https:\/\/luxon.com\/de\/#website","url":"https:\/\/luxon.com\/de\/","name":"Luxon Pay","description":"Instant secure global payments","publisher":{"@id":"https:\/\/luxon.com\/de\/#organization"},"potentialAction":[{"@type":"SearchAction","target":{"@type":"EntryPoint","urlTemplate":"https:\/\/luxon.com\/de\/?s={search_term_string}"},"query-input":{"@type":"PropertyValueSpecification","valueRequired":true,"valueName":"search_term_string"}}],"inLanguage":"de"},{"@type":"Organization","@id":"https:\/\/luxon.com\/de\/#organization","name":"Luxon Pay","url":"https:\/\/luxon.com\/de\/","logo":{"@type":"ImageObject","inLanguage":"de","@id":"https:\/\/luxon.com\/de\/#\/schema\/logo\/image\/","url":"https:\/\/luxon.com\/wp-content\/uploads\/WebsiteImage04.png","contentUrl":"https:\/\/luxon.com\/wp-content\/uploads\/WebsiteImage04.png","width":1200,"height":630,"caption":"Luxon Pay"},"image":{"@id":"https:\/\/luxon.com\/de\/#\/schema\/logo\/image\/"}}]}},"_links":{"self":[{"href":"https:\/\/luxon.com\/de\/wp-json\/wp\/v2\/pages\/26587","targetHints":{"allow":["GET"]}}],"collection":[{"href":"https:\/\/luxon.com\/de\/wp-json\/wp\/v2\/pages"}],"about":[{"href":"https:\/\/luxon.com\/de\/wp-json\/wp\/v2\/types\/page"}],"author":[{"embeddable":true,"href":"https:\/\/luxon.com\/de\/wp-json\/wp\/v2\/users\/5"}],"replies":[{"embeddable":true,"href":"https:\/\/luxon.com\/de\/wp-json\/wp\/v2\/comments?post=26587"}],"version-history":[{"count":3,"href":"https:\/\/luxon.com\/de\/wp-json\/wp\/v2\/pages\/26587\/revisions"}],"predecessor-version":[{"id":26590,"href":"https:\/\/luxon.com\/de\/wp-json\/wp\/v2\/pages\/26587\/revisions\/26590"}],"wp:featuredmedia":[{"embeddable":true,"href":"https:\/\/luxon.com\/de\/wp-json\/wp\/v2\/media\/21214"}],"wp:attachment":[{"href":"https:\/\/luxon.com\/de\/wp-json\/wp\/v2\/media?parent=26587"}],"curies":[{"name":"wp","href":"https:\/\/api.w.org\/{rel}","templated":true}]}}