{"id":28851,"date":"2025-01-16T10:31:45","date_gmt":"2025-01-16T10:31:45","guid":{"rendered":"https:\/\/luxon.com\/business\/"},"modified":"2026-03-26T10:44:32","modified_gmt":"2026-03-26T10:44:32","slug":"business","status":"publish","type":"page","link":"https:\/\/luxon.com\/de\/business\/","title":{"rendered":"\u2060Grenzenloses Banking f\u00fcr Unternehmen"},"content":{"rendered":"<p style=\"font-weight: 400;\">Mit unseren Gesch\u00e4ftskonten k\u00f6nnen Sie Zahlungen rationalisieren und Ihre Reichweite mit einem Multi-Currency Wallet erweitern &#8211; alles von einer nahtlosen Plattform aus.<\/p>\n","protected":false},"excerpt":{"rendered":"<p>Mit unseren Gesch\u00e4ftskonten k\u00f6nnen Sie Zahlungen rationalisieren und Ihre Reichweite mit einem Multi-Currency Wallet erweitern &#8211; alles von einer nahtlosen Plattform aus.<\/p>\n","protected":false},"author":2,"featured_media":27882,"parent":0,"menu_order":0,"comment_status":"closed","ping_status":"closed","template":"templates\/block-template.php","meta":{"_acf_changed":false,"footnotes":""},"class_list":["post-28851","page","type-page","status-publish","has-post-thumbnail","hentry"],"acf":[],"yoast_head":"<!-- This site is optimized with the Yoast SEO plugin v27.1.1 - https:\/\/yoast.com\/product\/yoast-seo-wordpress\/ -->\n<title>\u2060Grenzenloses Banking f\u00fcr Unternehmen - Luxon Pay<\/title>\n<meta name=\"robots\" content=\"index, follow, max-snippet:-1, max-image-preview:large, max-video-preview:-1\" \/>\n<link rel=\"canonical\" href=\"https:\/\/luxon.com\/de\/business\/\" \/>\n<meta property=\"og:locale\" content=\"de_DE\" \/>\n<meta property=\"og:type\" content=\"article\" \/>\n<meta property=\"og:title\" content=\"\u2060Grenzenloses Banking f\u00fcr Unternehmen - Luxon Pay\" \/>\n<meta property=\"og:description\" content=\"Mit unseren Gesch\u00e4ftskonten k\u00f6nnen Sie Zahlungen rationalisieren und Ihre Reichweite mit einem Multi-Currency Wallet erweitern &#8211; alles von einer nahtlosen Plattform aus.\" \/>\n<meta property=\"og:url\" content=\"https:\/\/luxon.com\/de\/business\/\" \/>\n<meta property=\"og:site_name\" content=\"Luxon Pay\" \/>\n<meta property=\"article:modified_time\" content=\"2026-03-26T10:44:32+00:00\" \/>\n<meta property=\"og:image\" content=\"https:\/\/luxon.com\/wp-content\/uploads\/remove-shadow.png\" \/>\n\t<meta property=\"og:image:width\" content=\"734\" \/>\n\t<meta property=\"og:image:height\" content=\"666\" \/>\n\t<meta property=\"og:image:type\" content=\"image\/png\" \/>\n<meta name=\"twitter:card\" content=\"summary_large_image\" \/>\n<meta name=\"twitter:label1\" content=\"Gesch\u00e4tzte Lesezeit\" \/>\n\t<meta name=\"twitter:data1\" content=\"1\u00a0Minute\" \/>\n<script type=\"application\/ld+json\" class=\"yoast-schema-graph\">{\"@context\":\"https:\/\/schema.org\",\"@graph\":[{\"@type\":\"WebPage\",\"@id\":\"https:\/\/luxon.com\/de\/business\/\",\"url\":\"https:\/\/luxon.com\/de\/business\/\",\"name\":\"\u2060Grenzenloses Banking f\u00fcr Unternehmen - Luxon Pay\",\"isPartOf\":{\"@id\":\"https:\/\/luxon.com\/de\/#website\"},\"primaryImageOfPage\":{\"@id\":\"https:\/\/luxon.com\/de\/business\/#primaryimage\"},\"image\":{\"@id\":\"https:\/\/luxon.com\/de\/business\/#primaryimage\"},\"thumbnailUrl\":\"https:\/\/luxon.com\/wp-content\/uploads\/remove-shadow.png\",\"datePublished\":\"2025-01-16T10:31:45+00:00\",\"dateModified\":\"2026-03-26T10:44:32+00:00\",\"inLanguage\":\"de\",\"potentialAction\":[{\"@type\":\"ReadAction\",\"target\":[\"https:\/\/luxon.com\/de\/business\/\"]}]},{\"@type\":\"ImageObject\",\"inLanguage\":\"de\",\"@id\":\"https:\/\/luxon.com\/de\/business\/#primaryimage\",\"url\":\"https:\/\/luxon.com\/wp-content\/uploads\/remove-shadow.png\",\"contentUrl\":\"https:\/\/luxon.com\/wp-content\/uploads\/remove-shadow.png\",\"width\":734,\"height\":666},{\"@type\":\"WebSite\",\"@id\":\"https:\/\/luxon.com\/de\/#website\",\"url\":\"https:\/\/luxon.com\/de\/\",\"name\":\"Luxon Pay\",\"description\":\"Instant secure global payments\",\"publisher\":{\"@id\":\"https:\/\/luxon.com\/de\/#organization\"},\"potentialAction\":[{\"@type\":\"SearchAction\",\"target\":{\"@type\":\"EntryPoint\",\"urlTemplate\":\"https:\/\/luxon.com\/de\/?s={search_term_string}\"},\"query-input\":{\"@type\":\"PropertyValueSpecification\",\"valueRequired\":true,\"valueName\":\"search_term_string\"}}],\"inLanguage\":\"de\"},{\"@type\":\"Organization\",\"@id\":\"https:\/\/luxon.com\/de\/#organization\",\"name\":\"Luxon Pay\",\"url\":\"https:\/\/luxon.com\/de\/\",\"logo\":{\"@type\":\"ImageObject\",\"inLanguage\":\"de\",\"@id\":\"https:\/\/luxon.com\/de\/#\/schema\/logo\/image\/\",\"url\":\"https:\/\/luxon.com\/wp-content\/uploads\/WebsiteImage04.png\",\"contentUrl\":\"https:\/\/luxon.com\/wp-content\/uploads\/WebsiteImage04.png\",\"width\":1200,\"height\":630,\"caption\":\"Luxon Pay\"},\"image\":{\"@id\":\"https:\/\/luxon.com\/de\/#\/schema\/logo\/image\/\"}}]}<\/script>\n<!-- \/ Yoast SEO plugin. -->","yoast_head_json":{"title":"\u2060Grenzenloses Banking f\u00fcr Unternehmen - Luxon Pay","robots":{"index":"index","follow":"follow","max-snippet":"max-snippet:-1","max-image-preview":"max-image-preview:large","max-video-preview":"max-video-preview:-1"},"canonical":"https:\/\/luxon.com\/de\/business\/","og_locale":"de_DE","og_type":"article","og_title":"\u2060Grenzenloses Banking f\u00fcr Unternehmen - Luxon Pay","og_description":"Mit unseren Gesch\u00e4ftskonten k\u00f6nnen Sie Zahlungen rationalisieren und Ihre Reichweite mit einem Multi-Currency Wallet erweitern &#8211; alles von einer nahtlosen Plattform aus.","og_url":"https:\/\/luxon.com\/de\/business\/","og_site_name":"Luxon Pay","article_modified_time":"2026-03-26T10:44:32+00:00","og_image":[{"width":734,"height":666,"url":"https:\/\/luxon.com\/wp-content\/uploads\/remove-shadow.png","type":"image\/png"}],"twitter_card":"summary_large_image","twitter_misc":{"Gesch\u00e4tzte Lesezeit":"1\u00a0Minute"},"schema":{"@context":"https:\/\/schema.org","@graph":[{"@type":"WebPage","@id":"https:\/\/luxon.com\/de\/business\/","url":"https:\/\/luxon.com\/de\/business\/","name":"\u2060Grenzenloses Banking f\u00fcr Unternehmen - Luxon Pay","isPartOf":{"@id":"https:\/\/luxon.com\/de\/#website"},"primaryImageOfPage":{"@id":"https:\/\/luxon.com\/de\/business\/#primaryimage"},"image":{"@id":"https:\/\/luxon.com\/de\/business\/#primaryimage"},"thumbnailUrl":"https:\/\/luxon.com\/wp-content\/uploads\/remove-shadow.png","datePublished":"2025-01-16T10:31:45+00:00","dateModified":"2026-03-26T10:44:32+00:00","inLanguage":"de","potentialAction":[{"@type":"ReadAction","target":["https:\/\/luxon.com\/de\/business\/"]}]},{"@type":"ImageObject","inLanguage":"de","@id":"https:\/\/luxon.com\/de\/business\/#primaryimage","url":"https:\/\/luxon.com\/wp-content\/uploads\/remove-shadow.png","contentUrl":"https:\/\/luxon.com\/wp-content\/uploads\/remove-shadow.png","width":734,"height":666},{"@type":"WebSite","@id":"https:\/\/luxon.com\/de\/#website","url":"https:\/\/luxon.com\/de\/","name":"Luxon Pay","description":"Instant secure global payments","publisher":{"@id":"https:\/\/luxon.com\/de\/#organization"},"potentialAction":[{"@type":"SearchAction","target":{"@type":"EntryPoint","urlTemplate":"https:\/\/luxon.com\/de\/?s={search_term_string}"},"query-input":{"@type":"PropertyValueSpecification","valueRequired":true,"valueName":"search_term_string"}}],"inLanguage":"de"},{"@type":"Organization","@id":"https:\/\/luxon.com\/de\/#organization","name":"Luxon Pay","url":"https:\/\/luxon.com\/de\/","logo":{"@type":"ImageObject","inLanguage":"de","@id":"https:\/\/luxon.com\/de\/#\/schema\/logo\/image\/","url":"https:\/\/luxon.com\/wp-content\/uploads\/WebsiteImage04.png","contentUrl":"https:\/\/luxon.com\/wp-content\/uploads\/WebsiteImage04.png","width":1200,"height":630,"caption":"Luxon Pay"},"image":{"@id":"https:\/\/luxon.com\/de\/#\/schema\/logo\/image\/"}}]}},"_links":{"self":[{"href":"https:\/\/luxon.com\/de\/wp-json\/wp\/v2\/pages\/28851","targetHints":{"allow":["GET"]}}],"collection":[{"href":"https:\/\/luxon.com\/de\/wp-json\/wp\/v2\/pages"}],"about":[{"href":"https:\/\/luxon.com\/de\/wp-json\/wp\/v2\/types\/page"}],"author":[{"embeddable":true,"href":"https:\/\/luxon.com\/de\/wp-json\/wp\/v2\/users\/2"}],"replies":[{"embeddable":true,"href":"https:\/\/luxon.com\/de\/wp-json\/wp\/v2\/comments?post=28851"}],"version-history":[{"count":6,"href":"https:\/\/luxon.com\/de\/wp-json\/wp\/v2\/pages\/28851\/revisions"}],"predecessor-version":[{"id":34525,"href":"https:\/\/luxon.com\/de\/wp-json\/wp\/v2\/pages\/28851\/revisions\/34525"}],"wp:featuredmedia":[{"embeddable":true,"href":"https:\/\/luxon.com\/de\/wp-json\/wp\/v2\/media\/27882"}],"wp:attachment":[{"href":"https:\/\/luxon.com\/de\/wp-json\/wp\/v2\/media?parent=28851"}],"curies":[{"name":"wp","href":"https:\/\/api.w.org\/{rel}","templated":true}]}}