{"id":29800,"date":"2025-05-22T14:37:46","date_gmt":"2025-05-22T14:37:46","guid":{"rendered":"https:\/\/luxon.com\/win-a-free-10000-wsop-main-event-seat-in-our-exclusive-giveaway\/"},"modified":"2025-05-25T09:18:12","modified_gmt":"2025-05-25T09:18:12","slug":"win-a-free-10000-wsop-main-event-seat-in-our-exclusive-giveaway","status":"publish","type":"page","link":"https:\/\/luxon.com\/de\/win-a-free-10000-wsop-main-event-seat-in-our-exclusive-giveaway\/","title":{"rendered":"Gewinne einen kostenlosen WSOP Main Event Seat im Wert von $10.000 bei unserem exklusiven Gewinnspiel"},"content":{"rendered":"<ul>\n<li style=\"font-weight: 400;\">\u2060 \u2060Folge Luxon Pay auf X<\/li>\n<li style=\"font-weight: 400;\">\u2060 \u2060Teile den Beitrag auf X<\/li>\n<li style=\"font-weight: 400;\">\u2060 \u2060Kaufe Dich vor dem 30. Juni in ein beliebiges WSOP-Event \u00fcber Luxon Pay ein<\/li>\n<\/ul>\n<p style=\"font-weight: 400;\">\n<p style=\"font-weight: 400;\">Teilnahmebedingungen<\/p>\n<p style=\"font-weight: 400;\">1.\u2060 \u2060Benutzer m\u00fcssen ein Ticket \u00fcber die WSOP+ App kaufen und mit Luxon Pay auschecken, um an der Werbeaktion teilnehmen zu k\u00f6nnen<\/p>\n<p style=\"font-weight: 400;\">2.\u2060 \u2060Die Nutzer m\u00fcssen Luxon Pay auf X folgen und den entsprechenden Beitrag teilen, um teilnahmeberechtigt zu sein<\/p>\n<p style=\"font-weight: 400;\">3.\u2060 \u2060Teilnahmeschluss ist am 30. Juni 2025 um 23:59 Uhr MEZ<\/p>\n<p style=\"font-weight: 400;\">4.\u2060 \u2060Der Gewinner wird am 1. Juli 2025 bekannt gegeben<\/p>\n<p style=\"font-weight: 400;\">5.\u2060 \u2060Der WSOP Main Event Seat im Wert von $10.000 kann f\u00fcr das WSOP Main Event 2025 oder 2026 verwendet werden.<\/p>\n","protected":false},"excerpt":{"rendered":"<p>\u2060 \u2060Folge Luxon Pay auf X \u2060 \u2060Teile den Beitrag auf X \u2060 \u2060Kaufe Dich vor dem 30. Juni in ein beliebiges WSOP-Event \u00fcber Luxon Pay ein Teilnahmebedingungen 1.\u2060 \u2060Benutzer m\u00fcssen ein Ticket \u00fcber die WSOP+ App kaufen und mit Luxon Pay auschecken, um an der Werbeaktion teilnehmen zu k\u00f6nnen 2.\u2060 \u2060Die Nutzer m\u00fcssen Luxon<a class=\"excerpt-read-more\" href=\"https:\/\/luxon.com\/de\/win-a-free-10000-wsop-main-event-seat-in-our-exclusive-giveaway\/\" title=\"ReadGewinne einen kostenlosen WSOP Main Event Seat im Wert von $10.000 bei unserem exklusiven Gewinnspiel\">&#8230; Read more &raquo;<\/a><\/p>\n","protected":false},"author":5,"featured_media":29575,"parent":0,"menu_order":0,"comment_status":"closed","ping_status":"closed","template":"templates\/block-template.php","meta":{"_acf_changed":false,"footnotes":""},"class_list":["post-29800","page","type-page","status-publish","has-post-thumbnail","hentry"],"acf":[],"yoast_head":"<!-- This site is optimized with the Yoast SEO plugin v27.1.1 - https:\/\/yoast.com\/product\/yoast-seo-wordpress\/ -->\n<title>Gewinne einen kostenlosen WSOP Main Event Seat im Wert von $10.000 bei unserem exklusiven Gewinnspiel - Luxon Pay<\/title>\n<meta name=\"robots\" content=\"index, follow, max-snippet:-1, max-image-preview:large, max-video-preview:-1\" \/>\n<link rel=\"canonical\" href=\"https:\/\/luxon.com\/de\/win-a-free-10000-wsop-main-event-seat-in-our-exclusive-giveaway\/\" \/>\n<meta property=\"og:locale\" content=\"de_DE\" \/>\n<meta property=\"og:type\" content=\"article\" \/>\n<meta property=\"og:title\" content=\"Gewinne einen kostenlosen WSOP Main Event Seat im Wert von $10.000 bei unserem exklusiven Gewinnspiel - Luxon Pay\" \/>\n<meta property=\"og:description\" content=\"\u2060 \u2060Folge Luxon Pay auf X \u2060 \u2060Teile den Beitrag auf X \u2060 \u2060Kaufe Dich vor dem 30. Juni in ein beliebiges WSOP-Event \u00fcber Luxon Pay ein Teilnahmebedingungen 1.\u2060 \u2060Benutzer m\u00fcssen ein Ticket \u00fcber die WSOP+ App kaufen und mit Luxon Pay auschecken, um an der Werbeaktion teilnehmen zu k\u00f6nnen 2.\u2060 \u2060Die Nutzer m\u00fcssen Luxon... Read more &raquo;\" \/>\n<meta property=\"og:url\" content=\"https:\/\/luxon.com\/de\/win-a-free-10000-wsop-main-event-seat-in-our-exclusive-giveaway\/\" \/>\n<meta property=\"og:site_name\" content=\"Luxon Pay\" \/>\n<meta property=\"article:modified_time\" content=\"2025-05-25T09:18:12+00:00\" \/>\n<meta property=\"og:image\" content=\"https:\/\/luxon.com\/wp-content\/uploads\/Luxon-website-banner-image.png\" \/>\n\t<meta property=\"og:image:width\" content=\"404\" \/>\n\t<meta property=\"og:image:height\" content=\"640\" \/>\n\t<meta property=\"og:image:type\" content=\"image\/png\" \/>\n<meta name=\"twitter:card\" content=\"summary_large_image\" \/>\n<meta name=\"twitter:label1\" content=\"Gesch\u00e4tzte Lesezeit\" \/>\n\t<meta name=\"twitter:data1\" content=\"1\u00a0Minute\" \/>\n<script type=\"application\/ld+json\" class=\"yoast-schema-graph\">{\"@context\":\"https:\/\/schema.org\",\"@graph\":[{\"@type\":\"WebPage\",\"@id\":\"https:\/\/luxon.com\/de\/win-a-free-10000-wsop-main-event-seat-in-our-exclusive-giveaway\/\",\"url\":\"https:\/\/luxon.com\/de\/win-a-free-10000-wsop-main-event-seat-in-our-exclusive-giveaway\/\",\"name\":\"Gewinne einen kostenlosen WSOP Main Event Seat im Wert von $10.000 bei unserem exklusiven Gewinnspiel - Luxon Pay\",\"isPartOf\":{\"@id\":\"https:\/\/luxon.com\/de\/#website\"},\"primaryImageOfPage\":{\"@id\":\"https:\/\/luxon.com\/de\/win-a-free-10000-wsop-main-event-seat-in-our-exclusive-giveaway\/#primaryimage\"},\"image\":{\"@id\":\"https:\/\/luxon.com\/de\/win-a-free-10000-wsop-main-event-seat-in-our-exclusive-giveaway\/#primaryimage\"},\"thumbnailUrl\":\"https:\/\/luxon.com\/wp-content\/uploads\/Luxon-website-banner-image.png\",\"datePublished\":\"2025-05-22T14:37:46+00:00\",\"dateModified\":\"2025-05-25T09:18:12+00:00\",\"inLanguage\":\"de\",\"potentialAction\":[{\"@type\":\"ReadAction\",\"target\":[\"https:\/\/luxon.com\/de\/win-a-free-10000-wsop-main-event-seat-in-our-exclusive-giveaway\/\"]}]},{\"@type\":\"ImageObject\",\"inLanguage\":\"de\",\"@id\":\"https:\/\/luxon.com\/de\/win-a-free-10000-wsop-main-event-seat-in-our-exclusive-giveaway\/#primaryimage\",\"url\":\"https:\/\/luxon.com\/wp-content\/uploads\/Luxon-website-banner-image.png\",\"contentUrl\":\"https:\/\/luxon.com\/wp-content\/uploads\/Luxon-website-banner-image.png\",\"width\":404,\"height\":640},{\"@type\":\"WebSite\",\"@id\":\"https:\/\/luxon.com\/de\/#website\",\"url\":\"https:\/\/luxon.com\/de\/\",\"name\":\"Luxon Pay\",\"description\":\"Instant secure global payments\",\"publisher\":{\"@id\":\"https:\/\/luxon.com\/de\/#organization\"},\"potentialAction\":[{\"@type\":\"SearchAction\",\"target\":{\"@type\":\"EntryPoint\",\"urlTemplate\":\"https:\/\/luxon.com\/de\/?s={search_term_string}\"},\"query-input\":{\"@type\":\"PropertyValueSpecification\",\"valueRequired\":true,\"valueName\":\"search_term_string\"}}],\"inLanguage\":\"de\"},{\"@type\":\"Organization\",\"@id\":\"https:\/\/luxon.com\/de\/#organization\",\"name\":\"Luxon Pay\",\"url\":\"https:\/\/luxon.com\/de\/\",\"logo\":{\"@type\":\"ImageObject\",\"inLanguage\":\"de\",\"@id\":\"https:\/\/luxon.com\/de\/#\/schema\/logo\/image\/\",\"url\":\"https:\/\/luxon.com\/wp-content\/uploads\/WebsiteImage04.png\",\"contentUrl\":\"https:\/\/luxon.com\/wp-content\/uploads\/WebsiteImage04.png\",\"width\":1200,\"height\":630,\"caption\":\"Luxon Pay\"},\"image\":{\"@id\":\"https:\/\/luxon.com\/de\/#\/schema\/logo\/image\/\"}}]}<\/script>\n<!-- \/ Yoast SEO plugin. -->","yoast_head_json":{"title":"Gewinne einen kostenlosen WSOP Main Event Seat im Wert von $10.000 bei unserem exklusiven Gewinnspiel - Luxon Pay","robots":{"index":"index","follow":"follow","max-snippet":"max-snippet:-1","max-image-preview":"max-image-preview:large","max-video-preview":"max-video-preview:-1"},"canonical":"https:\/\/luxon.com\/de\/win-a-free-10000-wsop-main-event-seat-in-our-exclusive-giveaway\/","og_locale":"de_DE","og_type":"article","og_title":"Gewinne einen kostenlosen WSOP Main Event Seat im Wert von $10.000 bei unserem exklusiven Gewinnspiel - Luxon Pay","og_description":"\u2060 \u2060Folge Luxon Pay auf X \u2060 \u2060Teile den Beitrag auf X \u2060 \u2060Kaufe Dich vor dem 30. Juni in ein beliebiges WSOP-Event \u00fcber Luxon Pay ein Teilnahmebedingungen 1.\u2060 \u2060Benutzer m\u00fcssen ein Ticket \u00fcber die WSOP+ App kaufen und mit Luxon Pay auschecken, um an der Werbeaktion teilnehmen zu k\u00f6nnen 2.\u2060 \u2060Die Nutzer m\u00fcssen Luxon... Read more &raquo;","og_url":"https:\/\/luxon.com\/de\/win-a-free-10000-wsop-main-event-seat-in-our-exclusive-giveaway\/","og_site_name":"Luxon Pay","article_modified_time":"2025-05-25T09:18:12+00:00","og_image":[{"width":404,"height":640,"url":"https:\/\/luxon.com\/wp-content\/uploads\/Luxon-website-banner-image.png","type":"image\/png"}],"twitter_card":"summary_large_image","twitter_misc":{"Gesch\u00e4tzte Lesezeit":"1\u00a0Minute"},"schema":{"@context":"https:\/\/schema.org","@graph":[{"@type":"WebPage","@id":"https:\/\/luxon.com\/de\/win-a-free-10000-wsop-main-event-seat-in-our-exclusive-giveaway\/","url":"https:\/\/luxon.com\/de\/win-a-free-10000-wsop-main-event-seat-in-our-exclusive-giveaway\/","name":"Gewinne einen kostenlosen WSOP Main Event Seat im Wert von $10.000 bei unserem exklusiven Gewinnspiel - Luxon Pay","isPartOf":{"@id":"https:\/\/luxon.com\/de\/#website"},"primaryImageOfPage":{"@id":"https:\/\/luxon.com\/de\/win-a-free-10000-wsop-main-event-seat-in-our-exclusive-giveaway\/#primaryimage"},"image":{"@id":"https:\/\/luxon.com\/de\/win-a-free-10000-wsop-main-event-seat-in-our-exclusive-giveaway\/#primaryimage"},"thumbnailUrl":"https:\/\/luxon.com\/wp-content\/uploads\/Luxon-website-banner-image.png","datePublished":"2025-05-22T14:37:46+00:00","dateModified":"2025-05-25T09:18:12+00:00","inLanguage":"de","potentialAction":[{"@type":"ReadAction","target":["https:\/\/luxon.com\/de\/win-a-free-10000-wsop-main-event-seat-in-our-exclusive-giveaway\/"]}]},{"@type":"ImageObject","inLanguage":"de","@id":"https:\/\/luxon.com\/de\/win-a-free-10000-wsop-main-event-seat-in-our-exclusive-giveaway\/#primaryimage","url":"https:\/\/luxon.com\/wp-content\/uploads\/Luxon-website-banner-image.png","contentUrl":"https:\/\/luxon.com\/wp-content\/uploads\/Luxon-website-banner-image.png","width":404,"height":640},{"@type":"WebSite","@id":"https:\/\/luxon.com\/de\/#website","url":"https:\/\/luxon.com\/de\/","name":"Luxon Pay","description":"Instant secure global payments","publisher":{"@id":"https:\/\/luxon.com\/de\/#organization"},"potentialAction":[{"@type":"SearchAction","target":{"@type":"EntryPoint","urlTemplate":"https:\/\/luxon.com\/de\/?s={search_term_string}"},"query-input":{"@type":"PropertyValueSpecification","valueRequired":true,"valueName":"search_term_string"}}],"inLanguage":"de"},{"@type":"Organization","@id":"https:\/\/luxon.com\/de\/#organization","name":"Luxon Pay","url":"https:\/\/luxon.com\/de\/","logo":{"@type":"ImageObject","inLanguage":"de","@id":"https:\/\/luxon.com\/de\/#\/schema\/logo\/image\/","url":"https:\/\/luxon.com\/wp-content\/uploads\/WebsiteImage04.png","contentUrl":"https:\/\/luxon.com\/wp-content\/uploads\/WebsiteImage04.png","width":1200,"height":630,"caption":"Luxon Pay"},"image":{"@id":"https:\/\/luxon.com\/de\/#\/schema\/logo\/image\/"}}]}},"_links":{"self":[{"href":"https:\/\/luxon.com\/de\/wp-json\/wp\/v2\/pages\/29800","targetHints":{"allow":["GET"]}}],"collection":[{"href":"https:\/\/luxon.com\/de\/wp-json\/wp\/v2\/pages"}],"about":[{"href":"https:\/\/luxon.com\/de\/wp-json\/wp\/v2\/types\/page"}],"author":[{"embeddable":true,"href":"https:\/\/luxon.com\/de\/wp-json\/wp\/v2\/users\/5"}],"replies":[{"embeddable":true,"href":"https:\/\/luxon.com\/de\/wp-json\/wp\/v2\/comments?post=29800"}],"version-history":[{"count":2,"href":"https:\/\/luxon.com\/de\/wp-json\/wp\/v2\/pages\/29800\/revisions"}],"predecessor-version":[{"id":29802,"href":"https:\/\/luxon.com\/de\/wp-json\/wp\/v2\/pages\/29800\/revisions\/29802"}],"wp:featuredmedia":[{"embeddable":true,"href":"https:\/\/luxon.com\/de\/wp-json\/wp\/v2\/media\/29575"}],"wp:attachment":[{"href":"https:\/\/luxon.com\/de\/wp-json\/wp\/v2\/media?parent=29800"}],"curies":[{"name":"wp","href":"https:\/\/api.w.org\/{rel}","templated":true}]}}