{"id":32176,"date":"2025-08-29T13:57:14","date_gmt":"2025-08-29T13:57:14","guid":{"rendered":"https:\/\/luxon.com\/luxon-welcomes-you-to-paradise-with-5000\/"},"modified":"2025-10-12T18:55:04","modified_gmt":"2025-10-12T18:55:04","slug":"luxon-welcomes-you-to-paradise-with-5000","status":"publish","type":"page","link":"https:\/\/luxon.com\/de\/luxon-welcomes-you-to-paradise-with-5000\/","title":{"rendered":"Luxon Pay hei\u00dft dich mit 5.000 $ bei Paradise willkommen!"},"content":{"rendered":"<p class=\"p1\">Zum ersten Mal bei Paradise? Wenn dies dein Deb\u00fct bei WSOP Paradise ist, m\u00f6chte Luxon Pay dir den roten Teppich ausrollen. Diese Sonderaktion soll Neueinsteigern einen zus\u00e4tzlichen Boost beim Einstieg geben.<\/p>\n<p class=\"p1\">\n","protected":false},"excerpt":{"rendered":"<p>Zum ersten Mal bei Paradise? Wenn dies dein Deb\u00fct bei WSOP Paradise ist, m\u00f6chte Luxon Pay dir den roten Teppich ausrollen. Diese Sonderaktion soll Neueinsteigern einen zus\u00e4tzlichen Boost beim Einstieg geben.<\/p>\n","protected":false},"author":3,"featured_media":31573,"parent":0,"menu_order":0,"comment_status":"closed","ping_status":"closed","template":"templates\/block-template.php","meta":{"_acf_changed":false,"footnotes":""},"class_list":["post-32176","page","type-page","status-publish","has-post-thumbnail","hentry"],"acf":[],"yoast_head":"<!-- This site is optimized with the Yoast SEO plugin v27.4 - https:\/\/yoast.com\/product\/yoast-seo-wordpress\/ -->\n<title>Luxon Pay hei\u00dft dich mit 5.000 $ bei Paradise willkommen! - Luxon Pay<\/title>\n<meta name=\"robots\" content=\"index, follow, max-snippet:-1, max-image-preview:large, max-video-preview:-1\" \/>\n<link rel=\"canonical\" href=\"https:\/\/luxon.com\/de\/luxon-welcomes-you-to-paradise-with-5000\/\" \/>\n<meta property=\"og:locale\" content=\"de_DE\" \/>\n<meta property=\"og:type\" content=\"article\" \/>\n<meta property=\"og:title\" content=\"Luxon Pay hei\u00dft dich mit 5.000 $ bei Paradise willkommen! - Luxon Pay\" \/>\n<meta property=\"og:description\" content=\"Zum ersten Mal bei Paradise? Wenn dies dein Deb\u00fct bei WSOP Paradise ist, m\u00f6chte Luxon Pay dir den roten Teppich ausrollen. Diese Sonderaktion soll Neueinsteigern einen zus\u00e4tzlichen Boost beim Einstieg geben.\" \/>\n<meta property=\"og:url\" content=\"https:\/\/luxon.com\/de\/luxon-welcomes-you-to-paradise-with-5000\/\" \/>\n<meta property=\"og:site_name\" content=\"Luxon Pay\" \/>\n<meta property=\"article:modified_time\" content=\"2025-10-12T18:55:04+00:00\" \/>\n<meta property=\"og:image\" content=\"https:\/\/luxon.com\/wp-content\/uploads\/WSOP_Paradise_Header.png\" \/>\n\t<meta property=\"og:image:width\" content=\"720\" \/>\n\t<meta property=\"og:image:height\" content=\"686\" \/>\n\t<meta property=\"og:image:type\" content=\"image\/png\" \/>\n<meta name=\"twitter:card\" content=\"summary_large_image\" \/>\n<meta name=\"twitter:label1\" content=\"Gesch\u00e4tzte Lesezeit\" \/>\n\t<meta name=\"twitter:data1\" content=\"1\u00a0Minute\" \/>\n<script type=\"application\/ld+json\" class=\"yoast-schema-graph\">{\"@context\":\"https:\\\/\\\/schema.org\",\"@graph\":[{\"@type\":\"WebPage\",\"@id\":\"https:\\\/\\\/luxon.com\\\/de\\\/luxon-welcomes-you-to-paradise-with-5000\\\/\",\"url\":\"https:\\\/\\\/luxon.com\\\/de\\\/luxon-welcomes-you-to-paradise-with-5000\\\/\",\"name\":\"Luxon Pay hei\u00dft dich mit 5.000 $ bei Paradise willkommen! - Luxon Pay\",\"isPartOf\":{\"@id\":\"https:\\\/\\\/luxon.com\\\/de\\\/#website\"},\"primaryImageOfPage\":{\"@id\":\"https:\\\/\\\/luxon.com\\\/de\\\/luxon-welcomes-you-to-paradise-with-5000\\\/#primaryimage\"},\"image\":{\"@id\":\"https:\\\/\\\/luxon.com\\\/de\\\/luxon-welcomes-you-to-paradise-with-5000\\\/#primaryimage\"},\"thumbnailUrl\":\"https:\\\/\\\/luxon.com\\\/wp-content\\\/uploads\\\/WSOP_Paradise_Header.png\",\"datePublished\":\"2025-08-29T13:57:14+00:00\",\"dateModified\":\"2025-10-12T18:55:04+00:00\",\"inLanguage\":\"de\",\"potentialAction\":[{\"@type\":\"ReadAction\",\"target\":[\"https:\\\/\\\/luxon.com\\\/de\\\/luxon-welcomes-you-to-paradise-with-5000\\\/\"]}]},{\"@type\":\"ImageObject\",\"inLanguage\":\"de\",\"@id\":\"https:\\\/\\\/luxon.com\\\/de\\\/luxon-welcomes-you-to-paradise-with-5000\\\/#primaryimage\",\"url\":\"https:\\\/\\\/luxon.com\\\/wp-content\\\/uploads\\\/WSOP_Paradise_Header.png\",\"contentUrl\":\"https:\\\/\\\/luxon.com\\\/wp-content\\\/uploads\\\/WSOP_Paradise_Header.png\",\"width\":720,\"height\":686},{\"@type\":\"WebSite\",\"@id\":\"https:\\\/\\\/luxon.com\\\/de\\\/#website\",\"url\":\"https:\\\/\\\/luxon.com\\\/de\\\/\",\"name\":\"Luxon Pay\",\"description\":\"Instant secure global payments\",\"publisher\":{\"@id\":\"https:\\\/\\\/luxon.com\\\/de\\\/#organization\"},\"potentialAction\":[{\"@type\":\"SearchAction\",\"target\":{\"@type\":\"EntryPoint\",\"urlTemplate\":\"https:\\\/\\\/luxon.com\\\/de\\\/?s={search_term_string}\"},\"query-input\":{\"@type\":\"PropertyValueSpecification\",\"valueRequired\":true,\"valueName\":\"search_term_string\"}}],\"inLanguage\":\"de\"},{\"@type\":\"Organization\",\"@id\":\"https:\\\/\\\/luxon.com\\\/de\\\/#organization\",\"name\":\"Luxon Pay\",\"url\":\"https:\\\/\\\/luxon.com\\\/de\\\/\",\"logo\":{\"@type\":\"ImageObject\",\"inLanguage\":\"de\",\"@id\":\"https:\\\/\\\/luxon.com\\\/de\\\/#\\\/schema\\\/logo\\\/image\\\/\",\"url\":\"https:\\\/\\\/luxon.com\\\/wp-content\\\/uploads\\\/WebsiteImage04.png\",\"contentUrl\":\"https:\\\/\\\/luxon.com\\\/wp-content\\\/uploads\\\/WebsiteImage04.png\",\"width\":1200,\"height\":630,\"caption\":\"Luxon Pay\"},\"image\":{\"@id\":\"https:\\\/\\\/luxon.com\\\/de\\\/#\\\/schema\\\/logo\\\/image\\\/\"}}]}<\/script>\n<!-- \/ Yoast SEO plugin. -->","yoast_head_json":{"title":"Luxon Pay hei\u00dft dich mit 5.000 $ bei Paradise willkommen! - Luxon Pay","robots":{"index":"index","follow":"follow","max-snippet":"max-snippet:-1","max-image-preview":"max-image-preview:large","max-video-preview":"max-video-preview:-1"},"canonical":"https:\/\/luxon.com\/de\/luxon-welcomes-you-to-paradise-with-5000\/","og_locale":"de_DE","og_type":"article","og_title":"Luxon Pay hei\u00dft dich mit 5.000 $ bei Paradise willkommen! - Luxon Pay","og_description":"Zum ersten Mal bei Paradise? Wenn dies dein Deb\u00fct bei WSOP Paradise ist, m\u00f6chte Luxon Pay dir den roten Teppich ausrollen. Diese Sonderaktion soll Neueinsteigern einen zus\u00e4tzlichen Boost beim Einstieg geben.","og_url":"https:\/\/luxon.com\/de\/luxon-welcomes-you-to-paradise-with-5000\/","og_site_name":"Luxon Pay","article_modified_time":"2025-10-12T18:55:04+00:00","og_image":[{"width":720,"height":686,"url":"https:\/\/luxon.com\/wp-content\/uploads\/WSOP_Paradise_Header.png","type":"image\/png"}],"twitter_card":"summary_large_image","twitter_misc":{"Gesch\u00e4tzte Lesezeit":"1\u00a0Minute"},"schema":{"@context":"https:\/\/schema.org","@graph":[{"@type":"WebPage","@id":"https:\/\/luxon.com\/de\/luxon-welcomes-you-to-paradise-with-5000\/","url":"https:\/\/luxon.com\/de\/luxon-welcomes-you-to-paradise-with-5000\/","name":"Luxon Pay hei\u00dft dich mit 5.000 $ bei Paradise willkommen! - Luxon Pay","isPartOf":{"@id":"https:\/\/luxon.com\/de\/#website"},"primaryImageOfPage":{"@id":"https:\/\/luxon.com\/de\/luxon-welcomes-you-to-paradise-with-5000\/#primaryimage"},"image":{"@id":"https:\/\/luxon.com\/de\/luxon-welcomes-you-to-paradise-with-5000\/#primaryimage"},"thumbnailUrl":"https:\/\/luxon.com\/wp-content\/uploads\/WSOP_Paradise_Header.png","datePublished":"2025-08-29T13:57:14+00:00","dateModified":"2025-10-12T18:55:04+00:00","inLanguage":"de","potentialAction":[{"@type":"ReadAction","target":["https:\/\/luxon.com\/de\/luxon-welcomes-you-to-paradise-with-5000\/"]}]},{"@type":"ImageObject","inLanguage":"de","@id":"https:\/\/luxon.com\/de\/luxon-welcomes-you-to-paradise-with-5000\/#primaryimage","url":"https:\/\/luxon.com\/wp-content\/uploads\/WSOP_Paradise_Header.png","contentUrl":"https:\/\/luxon.com\/wp-content\/uploads\/WSOP_Paradise_Header.png","width":720,"height":686},{"@type":"WebSite","@id":"https:\/\/luxon.com\/de\/#website","url":"https:\/\/luxon.com\/de\/","name":"Luxon Pay","description":"Instant secure global payments","publisher":{"@id":"https:\/\/luxon.com\/de\/#organization"},"potentialAction":[{"@type":"SearchAction","target":{"@type":"EntryPoint","urlTemplate":"https:\/\/luxon.com\/de\/?s={search_term_string}"},"query-input":{"@type":"PropertyValueSpecification","valueRequired":true,"valueName":"search_term_string"}}],"inLanguage":"de"},{"@type":"Organization","@id":"https:\/\/luxon.com\/de\/#organization","name":"Luxon Pay","url":"https:\/\/luxon.com\/de\/","logo":{"@type":"ImageObject","inLanguage":"de","@id":"https:\/\/luxon.com\/de\/#\/schema\/logo\/image\/","url":"https:\/\/luxon.com\/wp-content\/uploads\/WebsiteImage04.png","contentUrl":"https:\/\/luxon.com\/wp-content\/uploads\/WebsiteImage04.png","width":1200,"height":630,"caption":"Luxon Pay"},"image":{"@id":"https:\/\/luxon.com\/de\/#\/schema\/logo\/image\/"}}]}},"_links":{"self":[{"href":"https:\/\/luxon.com\/de\/wp-json\/wp\/v2\/pages\/32176","targetHints":{"allow":["GET"]}}],"collection":[{"href":"https:\/\/luxon.com\/de\/wp-json\/wp\/v2\/pages"}],"about":[{"href":"https:\/\/luxon.com\/de\/wp-json\/wp\/v2\/types\/page"}],"author":[{"embeddable":true,"href":"https:\/\/luxon.com\/de\/wp-json\/wp\/v2\/users\/3"}],"replies":[{"embeddable":true,"href":"https:\/\/luxon.com\/de\/wp-json\/wp\/v2\/comments?post=32176"}],"version-history":[{"count":1,"href":"https:\/\/luxon.com\/de\/wp-json\/wp\/v2\/pages\/32176\/revisions"}],"predecessor-version":[{"id":32177,"href":"https:\/\/luxon.com\/de\/wp-json\/wp\/v2\/pages\/32176\/revisions\/32177"}],"wp:featuredmedia":[{"embeddable":true,"href":"https:\/\/luxon.com\/de\/wp-json\/wp\/v2\/media\/31573"}],"wp:attachment":[{"href":"https:\/\/luxon.com\/de\/wp-json\/wp\/v2\/media?parent=32176"}],"curies":[{"name":"wp","href":"https:\/\/api.w.org\/{rel}","templated":true}]}}