{"id":33391,"date":"2024-08-30T14:04:06","date_gmt":"2024-08-30T14:04:06","guid":{"rendered":"https:\/\/luxon.com\/earn-1-cashback-on-merchant-deposits\/"},"modified":"2026-02-13T18:03:47","modified_gmt":"2026-02-13T18:03:47","slug":"earn-1-cashback-on-merchant-deposits","status":"publish","type":"page","link":"https:\/\/luxon.com\/de\/earn-1-cashback-on-merchant-deposits\/","title":{"rendered":"Erhalte 1 % Cashback auf Einzahlungen bei Online-Partnern"},"content":{"rendered":"<div>\n<p>F\u00fcr begrenzte Zeit erh\u00e4ltst du <strong>1 % Cashback auf Einzahlungen bei unseren Online-Partnern<\/strong>, wenn du Luxon Pay vor Ende des Monats nutzt.<\/p>\n<p><strong>Warum jetzt einloggen?<\/strong><\/p>\n<\/div>\n<ul data-list-tree=\"true\" data-indent=\"0\" data-border=\"0\">\n<li>Erhalte 1 % Cashback auf Einzahlungen bei Online-Partnern<\/li>\n<li>Schnelle, sichere und unkomplizierte Zahlungen<\/li>\n<li>Keine zus\u00e4tzlichen Schritte \u2013 einfach einloggen, eine Einzahlung t\u00e4tigen und den Cashback genie\u00dfen<\/li>\n<\/ul>\n<div><strong>Allgemeine Gesch\u00e4ftsbedingungen<\/strong><\/div>\n<ul data-list-tree=\"true\" data-indent=\"0\" data-border=\"0\">\n<li>\u00a0Dieses Angebot gilt f\u00fcr Einzahlungen bei Online-Partnern, die zwischen dem 13. und 28. Februar 2026 get\u00e4tigt werden<\/li>\n<li>Das Cashback wird innerhalb von 7 Werktagen nach Ende der Aktion automatisch gutgeschrieben<\/li>\n<li>Es gibt keine Obergrenze oder maximalen Cashback-Betrag<\/li>\n<li>Diese Aktion ist personengebunden und nicht \u00fcbertragbar<\/li>\n<li>G\u00fcltig nur f\u00fcr Online-Partner, ausgenommen sind Plattformen oder Einzahlungen im Zusammenhang mit Live-Events<\/li>\n<li>Es gelten die allgemeinen Gesch\u00e4ftsbedingungen von Luxon Pay<\/li>\n<\/ul>\n","protected":false},"excerpt":{"rendered":"<p>F\u00fcr begrenzte Zeit erh\u00e4ltst du 1 % Cashback auf Einzahlungen bei unseren Online-Partnern, wenn du Luxon Pay vor Ende des Monats nutzt. Warum jetzt einloggen? Erhalte 1 % Cashback auf Einzahlungen bei Online-Partnern Schnelle, sichere und unkomplizierte Zahlungen Keine zus\u00e4tzlichen Schritte \u2013 einfach einloggen, eine Einzahlung t\u00e4tigen und den Cashback genie\u00dfen Allgemeine Gesch\u00e4ftsbedingungen \u00a0Dieses Angebot<a class=\"excerpt-read-more\" href=\"https:\/\/luxon.com\/de\/earn-1-cashback-on-merchant-deposits\/\" title=\"ReadErhalte 1 % Cashback auf Einzahlungen bei Online-Partnern\">&#8230; Read more &raquo;<\/a><\/p>\n","protected":false},"author":5,"featured_media":27939,"parent":0,"menu_order":0,"comment_status":"closed","ping_status":"closed","template":"templates\/block-template.php","meta":{"_acf_changed":false,"footnotes":""},"class_list":["post-33391","page","type-page","status-publish","has-post-thumbnail","hentry"],"acf":[],"yoast_head":"<!-- This site is optimized with the Yoast SEO plugin v27.1.1 - https:\/\/yoast.com\/product\/yoast-seo-wordpress\/ -->\n<title>Erhalte 1 % Cashback auf Einzahlungen bei Online-Partnern - Luxon Pay<\/title>\n<meta name=\"robots\" content=\"index, follow, max-snippet:-1, max-image-preview:large, max-video-preview:-1\" \/>\n<link rel=\"canonical\" href=\"https:\/\/luxon.com\/de\/earn-1-cashback-on-merchant-deposits\/\" \/>\n<meta property=\"og:locale\" content=\"de_DE\" \/>\n<meta property=\"og:type\" content=\"article\" \/>\n<meta property=\"og:title\" content=\"Erhalte 1 % Cashback auf Einzahlungen bei Online-Partnern - Luxon Pay\" \/>\n<meta property=\"og:description\" content=\"F\u00fcr begrenzte Zeit erh\u00e4ltst du 1 % Cashback auf Einzahlungen bei unseren Online-Partnern, wenn du Luxon Pay vor Ende des Monats nutzt. Warum jetzt einloggen? Erhalte 1 % Cashback auf Einzahlungen bei Online-Partnern Schnelle, sichere und unkomplizierte Zahlungen Keine zus\u00e4tzlichen Schritte \u2013 einfach einloggen, eine Einzahlung t\u00e4tigen und den Cashback genie\u00dfen Allgemeine Gesch\u00e4ftsbedingungen \u00a0Dieses Angebot... Read more &raquo;\" \/>\n<meta property=\"og:url\" content=\"https:\/\/luxon.com\/de\/earn-1-cashback-on-merchant-deposits\/\" \/>\n<meta property=\"og:site_name\" content=\"Luxon Pay\" \/>\n<meta property=\"article:modified_time\" content=\"2026-02-13T18:03:47+00:00\" \/>\n<meta property=\"og:image\" content=\"https:\/\/luxon.com\/wp-content\/uploads\/Group-48095818-1.png\" \/>\n\t<meta property=\"og:image:width\" content=\"636\" \/>\n\t<meta property=\"og:image:height\" content=\"521\" \/>\n\t<meta property=\"og:image:type\" content=\"image\/png\" \/>\n<meta name=\"twitter:card\" content=\"summary_large_image\" \/>\n<meta name=\"twitter:label1\" content=\"Gesch\u00e4tzte Lesezeit\" \/>\n\t<meta name=\"twitter:data1\" content=\"1\u00a0Minute\" \/>\n<script type=\"application\/ld+json\" class=\"yoast-schema-graph\">{\"@context\":\"https:\/\/schema.org\",\"@graph\":[{\"@type\":\"WebPage\",\"@id\":\"https:\/\/luxon.com\/de\/earn-1-cashback-on-merchant-deposits\/\",\"url\":\"https:\/\/luxon.com\/de\/earn-1-cashback-on-merchant-deposits\/\",\"name\":\"Erhalte 1 % Cashback auf Einzahlungen bei Online-Partnern - Luxon Pay\",\"isPartOf\":{\"@id\":\"https:\/\/luxon.com\/de\/#website\"},\"primaryImageOfPage\":{\"@id\":\"https:\/\/luxon.com\/de\/earn-1-cashback-on-merchant-deposits\/#primaryimage\"},\"image\":{\"@id\":\"https:\/\/luxon.com\/de\/earn-1-cashback-on-merchant-deposits\/#primaryimage\"},\"thumbnailUrl\":\"https:\/\/luxon.com\/wp-content\/uploads\/Group-48095818-1.png\",\"datePublished\":\"2024-08-30T14:04:06+00:00\",\"dateModified\":\"2026-02-13T18:03:47+00:00\",\"inLanguage\":\"de\",\"potentialAction\":[{\"@type\":\"ReadAction\",\"target\":[\"https:\/\/luxon.com\/de\/earn-1-cashback-on-merchant-deposits\/\"]}]},{\"@type\":\"ImageObject\",\"inLanguage\":\"de\",\"@id\":\"https:\/\/luxon.com\/de\/earn-1-cashback-on-merchant-deposits\/#primaryimage\",\"url\":\"https:\/\/luxon.com\/wp-content\/uploads\/Group-48095818-1.png\",\"contentUrl\":\"https:\/\/luxon.com\/wp-content\/uploads\/Group-48095818-1.png\",\"width\":636,\"height\":521},{\"@type\":\"WebSite\",\"@id\":\"https:\/\/luxon.com\/de\/#website\",\"url\":\"https:\/\/luxon.com\/de\/\",\"name\":\"Luxon Pay\",\"description\":\"Instant secure global payments\",\"publisher\":{\"@id\":\"https:\/\/luxon.com\/de\/#organization\"},\"potentialAction\":[{\"@type\":\"SearchAction\",\"target\":{\"@type\":\"EntryPoint\",\"urlTemplate\":\"https:\/\/luxon.com\/de\/?s={search_term_string}\"},\"query-input\":{\"@type\":\"PropertyValueSpecification\",\"valueRequired\":true,\"valueName\":\"search_term_string\"}}],\"inLanguage\":\"de\"},{\"@type\":\"Organization\",\"@id\":\"https:\/\/luxon.com\/de\/#organization\",\"name\":\"Luxon Pay\",\"url\":\"https:\/\/luxon.com\/de\/\",\"logo\":{\"@type\":\"ImageObject\",\"inLanguage\":\"de\",\"@id\":\"https:\/\/luxon.com\/de\/#\/schema\/logo\/image\/\",\"url\":\"https:\/\/luxon.com\/wp-content\/uploads\/WebsiteImage04.png\",\"contentUrl\":\"https:\/\/luxon.com\/wp-content\/uploads\/WebsiteImage04.png\",\"width\":1200,\"height\":630,\"caption\":\"Luxon Pay\"},\"image\":{\"@id\":\"https:\/\/luxon.com\/de\/#\/schema\/logo\/image\/\"}}]}<\/script>\n<!-- \/ Yoast SEO plugin. -->","yoast_head_json":{"title":"Erhalte 1 % Cashback auf Einzahlungen bei Online-Partnern - Luxon Pay","robots":{"index":"index","follow":"follow","max-snippet":"max-snippet:-1","max-image-preview":"max-image-preview:large","max-video-preview":"max-video-preview:-1"},"canonical":"https:\/\/luxon.com\/de\/earn-1-cashback-on-merchant-deposits\/","og_locale":"de_DE","og_type":"article","og_title":"Erhalte 1 % Cashback auf Einzahlungen bei Online-Partnern - Luxon Pay","og_description":"F\u00fcr begrenzte Zeit erh\u00e4ltst du 1 % Cashback auf Einzahlungen bei unseren Online-Partnern, wenn du Luxon Pay vor Ende des Monats nutzt. Warum jetzt einloggen? Erhalte 1 % Cashback auf Einzahlungen bei Online-Partnern Schnelle, sichere und unkomplizierte Zahlungen Keine zus\u00e4tzlichen Schritte \u2013 einfach einloggen, eine Einzahlung t\u00e4tigen und den Cashback genie\u00dfen Allgemeine Gesch\u00e4ftsbedingungen \u00a0Dieses Angebot... Read more &raquo;","og_url":"https:\/\/luxon.com\/de\/earn-1-cashback-on-merchant-deposits\/","og_site_name":"Luxon Pay","article_modified_time":"2026-02-13T18:03:47+00:00","og_image":[{"width":636,"height":521,"url":"https:\/\/luxon.com\/wp-content\/uploads\/Group-48095818-1.png","type":"image\/png"}],"twitter_card":"summary_large_image","twitter_misc":{"Gesch\u00e4tzte Lesezeit":"1\u00a0Minute"},"schema":{"@context":"https:\/\/schema.org","@graph":[{"@type":"WebPage","@id":"https:\/\/luxon.com\/de\/earn-1-cashback-on-merchant-deposits\/","url":"https:\/\/luxon.com\/de\/earn-1-cashback-on-merchant-deposits\/","name":"Erhalte 1 % Cashback auf Einzahlungen bei Online-Partnern - Luxon Pay","isPartOf":{"@id":"https:\/\/luxon.com\/de\/#website"},"primaryImageOfPage":{"@id":"https:\/\/luxon.com\/de\/earn-1-cashback-on-merchant-deposits\/#primaryimage"},"image":{"@id":"https:\/\/luxon.com\/de\/earn-1-cashback-on-merchant-deposits\/#primaryimage"},"thumbnailUrl":"https:\/\/luxon.com\/wp-content\/uploads\/Group-48095818-1.png","datePublished":"2024-08-30T14:04:06+00:00","dateModified":"2026-02-13T18:03:47+00:00","inLanguage":"de","potentialAction":[{"@type":"ReadAction","target":["https:\/\/luxon.com\/de\/earn-1-cashback-on-merchant-deposits\/"]}]},{"@type":"ImageObject","inLanguage":"de","@id":"https:\/\/luxon.com\/de\/earn-1-cashback-on-merchant-deposits\/#primaryimage","url":"https:\/\/luxon.com\/wp-content\/uploads\/Group-48095818-1.png","contentUrl":"https:\/\/luxon.com\/wp-content\/uploads\/Group-48095818-1.png","width":636,"height":521},{"@type":"WebSite","@id":"https:\/\/luxon.com\/de\/#website","url":"https:\/\/luxon.com\/de\/","name":"Luxon Pay","description":"Instant secure global payments","publisher":{"@id":"https:\/\/luxon.com\/de\/#organization"},"potentialAction":[{"@type":"SearchAction","target":{"@type":"EntryPoint","urlTemplate":"https:\/\/luxon.com\/de\/?s={search_term_string}"},"query-input":{"@type":"PropertyValueSpecification","valueRequired":true,"valueName":"search_term_string"}}],"inLanguage":"de"},{"@type":"Organization","@id":"https:\/\/luxon.com\/de\/#organization","name":"Luxon Pay","url":"https:\/\/luxon.com\/de\/","logo":{"@type":"ImageObject","inLanguage":"de","@id":"https:\/\/luxon.com\/de\/#\/schema\/logo\/image\/","url":"https:\/\/luxon.com\/wp-content\/uploads\/WebsiteImage04.png","contentUrl":"https:\/\/luxon.com\/wp-content\/uploads\/WebsiteImage04.png","width":1200,"height":630,"caption":"Luxon Pay"},"image":{"@id":"https:\/\/luxon.com\/de\/#\/schema\/logo\/image\/"}}]}},"_links":{"self":[{"href":"https:\/\/luxon.com\/de\/wp-json\/wp\/v2\/pages\/33391","targetHints":{"allow":["GET"]}}],"collection":[{"href":"https:\/\/luxon.com\/de\/wp-json\/wp\/v2\/pages"}],"about":[{"href":"https:\/\/luxon.com\/de\/wp-json\/wp\/v2\/types\/page"}],"author":[{"embeddable":true,"href":"https:\/\/luxon.com\/de\/wp-json\/wp\/v2\/users\/5"}],"replies":[{"embeddable":true,"href":"https:\/\/luxon.com\/de\/wp-json\/wp\/v2\/comments?post=33391"}],"version-history":[{"count":4,"href":"https:\/\/luxon.com\/de\/wp-json\/wp\/v2\/pages\/33391\/revisions"}],"predecessor-version":[{"id":33408,"href":"https:\/\/luxon.com\/de\/wp-json\/wp\/v2\/pages\/33391\/revisions\/33408"}],"wp:featuredmedia":[{"embeddable":true,"href":"https:\/\/luxon.com\/de\/wp-json\/wp\/v2\/media\/27939"}],"wp:attachment":[{"href":"https:\/\/luxon.com\/de\/wp-json\/wp\/v2\/media?parent=33391"}],"curies":[{"name":"wp","href":"https:\/\/api.w.org\/{rel}","templated":true}]}}