{"id":33439,"date":"2026-02-17T20:00:32","date_gmt":"2026-02-17T20:00:32","guid":{"rendered":"https:\/\/luxon.com\/?page_id=33439"},"modified":"2026-02-17T16:42:34","modified_gmt":"2026-02-17T16:42:34","slug":"luxon-pay-fuehrt-null-auszahlungsgebuehren-fuer-kunden-ein","status":"publish","type":"page","link":"https:\/\/luxon.com\/de\/luxon-pay-fuehrt-null-auszahlungsgebuehren-fuer-kunden-ein\/","title":{"rendered":"Luxon Pay f\u00fchrt null Auszahlungsgeb\u00fchren f\u00fcr Kunden ein"},"content":{"rendered":"<h3 style=\"text-align: center;\"><strong>Ein klarerer und transparenterer Zugang zu deinem Geld.<\/strong><\/h3>\n<p>&nbsp;<\/p>\n<p>Du hast uns gesagt, dass Auszahlungsgeb\u00fchren frustrierend sind. Wir haben zugeh\u00f6rt.<\/p>\n<p>Als Luxon Pay Kunde kannst du jetzt ohne Luxon Pay Auszahlungsgeb\u00fchren Geld abheben \u2013 f\u00fcr einen klareren und besser planbaren Zugriff auf dein Geld.<\/p>\n<p>Weil es dein Geld ist \u2013 nicht unseres. Dieses Update unterstreicht Luxon Pays Anspruch auf Transparenz und Vertrauen bei allt\u00e4glichen Geldbewegungen und gibt dir klare Erwartungen bei Auszahlungen.<\/p>\n<p>Zu oft ist der Zugriff auf das eigene Geld mit unn\u00f6tiger Unsicherheit verbunden \u2013 unklare Geb\u00fchren oder unerwartete Abz\u00fcge. Diese \u00c4nderung entfernt Luxon Pay Auszahlungsgeb\u00fchren und sorgt f\u00fcr mehr Klarheit beim Abheben.<\/p>\n<p>Bewege dein Geld mit Vertrauen.<\/p>\n<p><img loading=\"lazy\" decoding=\"async\" class=\"alignnone size-full wp-image-33421\" src=\"https:\/\/luxon.com\/wp-content\/uploads\/Blog-Image_1600x900.png\" alt=\"\" width=\"1600\" height=\"900\" srcset=\"https:\/\/luxon.com\/wp-content\/uploads\/Blog-Image_1600x900.png 1600w, https:\/\/luxon.com\/wp-content\/uploads\/Blog-Image_1600x900-300x169.png 300w, https:\/\/luxon.com\/wp-content\/uploads\/Blog-Image_1600x900-1024x576.png 1024w, https:\/\/luxon.com\/wp-content\/uploads\/Blog-Image_1600x900-768x432.png 768w, https:\/\/luxon.com\/wp-content\/uploads\/Blog-Image_1600x900-1536x864.png 1536w\" sizes=\"auto, (max-width: 1600px) 100vw, 1600px\" \/><\/p>\n","protected":false},"excerpt":{"rendered":"<p>Ein klarerer und transparenterer Zugang zu deinem Geld. &nbsp; Du hast uns gesagt, dass Auszahlungsgeb\u00fchren frustrierend sind. Wir haben zugeh\u00f6rt. Als Luxon Pay Kunde kannst du jetzt ohne Luxon Pay Auszahlungsgeb\u00fchren Geld abheben \u2013 f\u00fcr einen klareren und besser planbaren Zugriff auf dein Geld. Weil es dein Geld ist \u2013 nicht unseres. Dieses Update unterstreicht<a class=\"excerpt-read-more\" href=\"https:\/\/luxon.com\/de\/luxon-pay-fuehrt-null-auszahlungsgebuehren-fuer-kunden-ein\/\" title=\"ReadLuxon Pay f\u00fchrt null Auszahlungsgeb\u00fchren f\u00fcr Kunden ein\">&#8230; Read more &raquo;<\/a><\/p>\n","protected":false},"author":3,"featured_media":33421,"parent":0,"menu_order":0,"comment_status":"closed","ping_status":"closed","template":"templates\/terms-and-conditions.php","meta":{"_acf_changed":false,"footnotes":""},"class_list":["post-33439","page","type-page","status-publish","has-post-thumbnail","hentry"],"acf":[],"yoast_head":"<!-- This site is optimized with the Yoast SEO plugin v27.4 - https:\/\/yoast.com\/product\/yoast-seo-wordpress\/ -->\n<title>Luxon Pay f\u00fchrt null Auszahlungsgeb\u00fchren f\u00fcr Kunden ein - Luxon Pay<\/title>\n<meta name=\"robots\" content=\"index, follow, max-snippet:-1, max-image-preview:large, max-video-preview:-1\" \/>\n<link rel=\"canonical\" href=\"https:\/\/luxon.com\/de\/luxon-pay-fuehrt-null-auszahlungsgebuehren-fuer-kunden-ein\/\" \/>\n<meta property=\"og:locale\" content=\"de_DE\" \/>\n<meta property=\"og:type\" content=\"article\" \/>\n<meta property=\"og:title\" content=\"Luxon Pay f\u00fchrt null Auszahlungsgeb\u00fchren f\u00fcr Kunden ein - Luxon Pay\" \/>\n<meta property=\"og:description\" content=\"Ein klarerer und transparenterer Zugang zu deinem Geld. &nbsp; Du hast uns gesagt, dass Auszahlungsgeb\u00fchren frustrierend sind. Wir haben zugeh\u00f6rt. Als Luxon Pay Kunde kannst du jetzt ohne Luxon Pay Auszahlungsgeb\u00fchren Geld abheben \u2013 f\u00fcr einen klareren und besser planbaren Zugriff auf dein Geld. Weil es dein Geld ist \u2013 nicht unseres. Dieses Update unterstreicht... Read more &raquo;\" \/>\n<meta property=\"og:url\" content=\"https:\/\/luxon.com\/de\/luxon-pay-fuehrt-null-auszahlungsgebuehren-fuer-kunden-ein\/\" \/>\n<meta property=\"og:site_name\" content=\"Luxon Pay\" \/>\n<meta property=\"og:image\" content=\"https:\/\/luxon.com\/wp-content\/uploads\/Blog-Image_1600x900.png\" \/>\n\t<meta property=\"og:image:width\" content=\"1600\" \/>\n\t<meta property=\"og:image:height\" content=\"900\" \/>\n\t<meta property=\"og:image:type\" content=\"image\/png\" \/>\n<meta name=\"twitter:card\" content=\"summary_large_image\" \/>\n<meta name=\"twitter:label1\" content=\"Gesch\u00e4tzte Lesezeit\" \/>\n\t<meta name=\"twitter:data1\" content=\"1\u00a0Minute\" \/>\n<script type=\"application\/ld+json\" class=\"yoast-schema-graph\">{\"@context\":\"https:\\\/\\\/schema.org\",\"@graph\":[{\"@type\":\"WebPage\",\"@id\":\"https:\\\/\\\/luxon.com\\\/de\\\/luxon-pay-fuehrt-null-auszahlungsgebuehren-fuer-kunden-ein\\\/\",\"url\":\"https:\\\/\\\/luxon.com\\\/de\\\/luxon-pay-fuehrt-null-auszahlungsgebuehren-fuer-kunden-ein\\\/\",\"name\":\"Luxon Pay f\u00fchrt null Auszahlungsgeb\u00fchren f\u00fcr Kunden ein - Luxon Pay\",\"isPartOf\":{\"@id\":\"https:\\\/\\\/luxon.com\\\/de\\\/#website\"},\"primaryImageOfPage\":{\"@id\":\"https:\\\/\\\/luxon.com\\\/de\\\/luxon-pay-fuehrt-null-auszahlungsgebuehren-fuer-kunden-ein\\\/#primaryimage\"},\"image\":{\"@id\":\"https:\\\/\\\/luxon.com\\\/de\\\/luxon-pay-fuehrt-null-auszahlungsgebuehren-fuer-kunden-ein\\\/#primaryimage\"},\"thumbnailUrl\":\"https:\\\/\\\/luxon.com\\\/wp-content\\\/uploads\\\/Blog-Image_1600x900.png\",\"datePublished\":\"2026-02-17T20:00:32+00:00\",\"inLanguage\":\"de\",\"potentialAction\":[{\"@type\":\"ReadAction\",\"target\":[\"https:\\\/\\\/luxon.com\\\/de\\\/luxon-pay-fuehrt-null-auszahlungsgebuehren-fuer-kunden-ein\\\/\"]}]},{\"@type\":\"ImageObject\",\"inLanguage\":\"de\",\"@id\":\"https:\\\/\\\/luxon.com\\\/de\\\/luxon-pay-fuehrt-null-auszahlungsgebuehren-fuer-kunden-ein\\\/#primaryimage\",\"url\":\"https:\\\/\\\/luxon.com\\\/wp-content\\\/uploads\\\/Blog-Image_1600x900.png\",\"contentUrl\":\"https:\\\/\\\/luxon.com\\\/wp-content\\\/uploads\\\/Blog-Image_1600x900.png\",\"width\":1600,\"height\":900},{\"@type\":\"WebSite\",\"@id\":\"https:\\\/\\\/luxon.com\\\/de\\\/#website\",\"url\":\"https:\\\/\\\/luxon.com\\\/de\\\/\",\"name\":\"Luxon Pay\",\"description\":\"Instant secure global payments\",\"publisher\":{\"@id\":\"https:\\\/\\\/luxon.com\\\/de\\\/#organization\"},\"potentialAction\":[{\"@type\":\"SearchAction\",\"target\":{\"@type\":\"EntryPoint\",\"urlTemplate\":\"https:\\\/\\\/luxon.com\\\/de\\\/?s={search_term_string}\"},\"query-input\":{\"@type\":\"PropertyValueSpecification\",\"valueRequired\":true,\"valueName\":\"search_term_string\"}}],\"inLanguage\":\"de\"},{\"@type\":\"Organization\",\"@id\":\"https:\\\/\\\/luxon.com\\\/de\\\/#organization\",\"name\":\"Luxon Pay\",\"url\":\"https:\\\/\\\/luxon.com\\\/de\\\/\",\"logo\":{\"@type\":\"ImageObject\",\"inLanguage\":\"de\",\"@id\":\"https:\\\/\\\/luxon.com\\\/de\\\/#\\\/schema\\\/logo\\\/image\\\/\",\"url\":\"https:\\\/\\\/luxon.com\\\/wp-content\\\/uploads\\\/WebsiteImage04.png\",\"contentUrl\":\"https:\\\/\\\/luxon.com\\\/wp-content\\\/uploads\\\/WebsiteImage04.png\",\"width\":1200,\"height\":630,\"caption\":\"Luxon Pay\"},\"image\":{\"@id\":\"https:\\\/\\\/luxon.com\\\/de\\\/#\\\/schema\\\/logo\\\/image\\\/\"}}]}<\/script>\n<!-- \/ Yoast SEO plugin. -->","yoast_head_json":{"title":"Luxon Pay f\u00fchrt null Auszahlungsgeb\u00fchren f\u00fcr Kunden ein - Luxon Pay","robots":{"index":"index","follow":"follow","max-snippet":"max-snippet:-1","max-image-preview":"max-image-preview:large","max-video-preview":"max-video-preview:-1"},"canonical":"https:\/\/luxon.com\/de\/luxon-pay-fuehrt-null-auszahlungsgebuehren-fuer-kunden-ein\/","og_locale":"de_DE","og_type":"article","og_title":"Luxon Pay f\u00fchrt null Auszahlungsgeb\u00fchren f\u00fcr Kunden ein - Luxon Pay","og_description":"Ein klarerer und transparenterer Zugang zu deinem Geld. &nbsp; Du hast uns gesagt, dass Auszahlungsgeb\u00fchren frustrierend sind. Wir haben zugeh\u00f6rt. Als Luxon Pay Kunde kannst du jetzt ohne Luxon Pay Auszahlungsgeb\u00fchren Geld abheben \u2013 f\u00fcr einen klareren und besser planbaren Zugriff auf dein Geld. Weil es dein Geld ist \u2013 nicht unseres. Dieses Update unterstreicht... Read more &raquo;","og_url":"https:\/\/luxon.com\/de\/luxon-pay-fuehrt-null-auszahlungsgebuehren-fuer-kunden-ein\/","og_site_name":"Luxon Pay","og_image":[{"width":1600,"height":900,"url":"https:\/\/luxon.com\/wp-content\/uploads\/Blog-Image_1600x900.png","type":"image\/png"}],"twitter_card":"summary_large_image","twitter_misc":{"Gesch\u00e4tzte Lesezeit":"1\u00a0Minute"},"schema":{"@context":"https:\/\/schema.org","@graph":[{"@type":"WebPage","@id":"https:\/\/luxon.com\/de\/luxon-pay-fuehrt-null-auszahlungsgebuehren-fuer-kunden-ein\/","url":"https:\/\/luxon.com\/de\/luxon-pay-fuehrt-null-auszahlungsgebuehren-fuer-kunden-ein\/","name":"Luxon Pay f\u00fchrt null Auszahlungsgeb\u00fchren f\u00fcr Kunden ein - Luxon Pay","isPartOf":{"@id":"https:\/\/luxon.com\/de\/#website"},"primaryImageOfPage":{"@id":"https:\/\/luxon.com\/de\/luxon-pay-fuehrt-null-auszahlungsgebuehren-fuer-kunden-ein\/#primaryimage"},"image":{"@id":"https:\/\/luxon.com\/de\/luxon-pay-fuehrt-null-auszahlungsgebuehren-fuer-kunden-ein\/#primaryimage"},"thumbnailUrl":"https:\/\/luxon.com\/wp-content\/uploads\/Blog-Image_1600x900.png","datePublished":"2026-02-17T20:00:32+00:00","inLanguage":"de","potentialAction":[{"@type":"ReadAction","target":["https:\/\/luxon.com\/de\/luxon-pay-fuehrt-null-auszahlungsgebuehren-fuer-kunden-ein\/"]}]},{"@type":"ImageObject","inLanguage":"de","@id":"https:\/\/luxon.com\/de\/luxon-pay-fuehrt-null-auszahlungsgebuehren-fuer-kunden-ein\/#primaryimage","url":"https:\/\/luxon.com\/wp-content\/uploads\/Blog-Image_1600x900.png","contentUrl":"https:\/\/luxon.com\/wp-content\/uploads\/Blog-Image_1600x900.png","width":1600,"height":900},{"@type":"WebSite","@id":"https:\/\/luxon.com\/de\/#website","url":"https:\/\/luxon.com\/de\/","name":"Luxon Pay","description":"Instant secure global payments","publisher":{"@id":"https:\/\/luxon.com\/de\/#organization"},"potentialAction":[{"@type":"SearchAction","target":{"@type":"EntryPoint","urlTemplate":"https:\/\/luxon.com\/de\/?s={search_term_string}"},"query-input":{"@type":"PropertyValueSpecification","valueRequired":true,"valueName":"search_term_string"}}],"inLanguage":"de"},{"@type":"Organization","@id":"https:\/\/luxon.com\/de\/#organization","name":"Luxon Pay","url":"https:\/\/luxon.com\/de\/","logo":{"@type":"ImageObject","inLanguage":"de","@id":"https:\/\/luxon.com\/de\/#\/schema\/logo\/image\/","url":"https:\/\/luxon.com\/wp-content\/uploads\/WebsiteImage04.png","contentUrl":"https:\/\/luxon.com\/wp-content\/uploads\/WebsiteImage04.png","width":1200,"height":630,"caption":"Luxon Pay"},"image":{"@id":"https:\/\/luxon.com\/de\/#\/schema\/logo\/image\/"}}]}},"_links":{"self":[{"href":"https:\/\/luxon.com\/de\/wp-json\/wp\/v2\/pages\/33439","targetHints":{"allow":["GET"]}}],"collection":[{"href":"https:\/\/luxon.com\/de\/wp-json\/wp\/v2\/pages"}],"about":[{"href":"https:\/\/luxon.com\/de\/wp-json\/wp\/v2\/types\/page"}],"author":[{"embeddable":true,"href":"https:\/\/luxon.com\/de\/wp-json\/wp\/v2\/users\/3"}],"replies":[{"embeddable":true,"href":"https:\/\/luxon.com\/de\/wp-json\/wp\/v2\/comments?post=33439"}],"version-history":[{"count":2,"href":"https:\/\/luxon.com\/de\/wp-json\/wp\/v2\/pages\/33439\/revisions"}],"predecessor-version":[{"id":33481,"href":"https:\/\/luxon.com\/de\/wp-json\/wp\/v2\/pages\/33439\/revisions\/33481"}],"wp:featuredmedia":[{"embeddable":true,"href":"https:\/\/luxon.com\/de\/wp-json\/wp\/v2\/media\/33421"}],"wp:attachment":[{"href":"https:\/\/luxon.com\/de\/wp-json\/wp\/v2\/media?parent=33439"}],"curies":[{"name":"wp","href":"https:\/\/api.w.org\/{rel}","templated":true}]}}