{"id":33801,"date":"2026-03-02T12:33:47","date_gmt":"2026-03-02T12:33:47","guid":{"rendered":"https:\/\/luxon.com\/an-exclusive-promo-for-using-luxon-pay-at-ept-paris\/"},"modified":"2026-03-02T16:01:22","modified_gmt":"2026-03-02T16:01:22","slug":"an-exclusive-promo-for-using-luxon-pay-at-ept-paris","status":"publish","type":"page","link":"https:\/\/luxon.com\/de\/an-exclusive-promo-for-using-luxon-pay-at-ept-paris\/","title":{"rendered":"Exklusive Aktion f\u00fcr die Nutzung von Luxon Pay bei der EPT Paris"},"content":{"rendered":"<p>Vielen Dank, dass du Luxon Pay bei der EPT Paris genutzt hast.<\/p>\n<p><strong>Exklusive Aktion<\/strong><br \/>\nWir haben ein exklusives Angebot f\u00fcr dich: Bis zum 9. M\u00e4rz erh\u00e4ltst du 1 % Cashback auf alle Online-Einzahlungen \u00fcber Luxon Pay!<\/p>\n<p>Einfach einzahlen und Geld verdienen.<\/p>\n<p>Wir sehen uns beim n\u00e4chsten Event!<\/p>\n<p>Dein Luxon Pay Team<\/p>\n<p><strong>Allgemeine Gesch\u00e4ftsbedingungen<\/strong><\/p>\n<ul>\n<li>Dieses Angebot gilt f\u00fcr alle Online-Partner-Einzahlungen, die zwischen dem 2. und 9. M\u00e4rz 2026 get\u00e4tigt werden<\/li>\n<li>Der Cashback wird innerhalb von 7 Werktagen nach Ende der Aktion automatisch gutgeschrieben<\/li>\n<li>Es gibt keine Obergrenze oder maximalen Cashback-Betrag<\/li>\n<li>Diese Aktion ist personenbezogen und nicht \u00fcbertragbar<\/li>\n<li>G\u00fcltig nur f\u00fcr Online-Partner, ausgenommen sind Plattformen oder Einzahlungen im Zusammenhang mit Live-Events<\/li>\n<li>Es gelten die allgemeinen Gesch\u00e4ftsbedingungen von Luxon Pay<\/li>\n<\/ul>\n","protected":false},"excerpt":{"rendered":"<p>Vielen Dank, dass du Luxon Pay bei der EPT Paris genutzt hast. Exklusive Aktion Wir haben ein exklusives Angebot f\u00fcr dich: Bis zum 9. M\u00e4rz erh\u00e4ltst du 1 % Cashback auf alle Online-Einzahlungen \u00fcber Luxon Pay! Einfach einzahlen und Geld verdienen. Wir sehen uns beim n\u00e4chsten Event! Dein Luxon Pay Team Allgemeine Gesch\u00e4ftsbedingungen Dieses Angebot<a class=\"excerpt-read-more\" href=\"https:\/\/luxon.com\/de\/an-exclusive-promo-for-using-luxon-pay-at-ept-paris\/\" title=\"ReadExklusive Aktion f\u00fcr die Nutzung von Luxon Pay bei der EPT Paris\">&#8230; Read more &raquo;<\/a><\/p>\n","protected":false},"author":5,"featured_media":33786,"parent":0,"menu_order":0,"comment_status":"closed","ping_status":"closed","template":"templates\/block-template.php","meta":{"_acf_changed":false,"footnotes":""},"class_list":["post-33801","page","type-page","status-publish","has-post-thumbnail","hentry"],"acf":[],"yoast_head":"<!-- This site is optimized with the Yoast SEO plugin v27.1.1 - https:\/\/yoast.com\/product\/yoast-seo-wordpress\/ -->\n<title>Exklusive Aktion f\u00fcr die Nutzung von Luxon Pay bei der EPT Paris - Luxon Pay<\/title>\n<meta name=\"robots\" content=\"index, follow, max-snippet:-1, max-image-preview:large, max-video-preview:-1\" \/>\n<link rel=\"canonical\" href=\"https:\/\/luxon.com\/de\/an-exclusive-promo-for-using-luxon-pay-at-ept-paris\/\" \/>\n<meta property=\"og:locale\" content=\"de_DE\" \/>\n<meta property=\"og:type\" content=\"article\" \/>\n<meta property=\"og:title\" content=\"Exklusive Aktion f\u00fcr die Nutzung von Luxon Pay bei der EPT Paris - Luxon Pay\" \/>\n<meta property=\"og:description\" content=\"Vielen Dank, dass du Luxon Pay bei der EPT Paris genutzt hast. Exklusive Aktion Wir haben ein exklusives Angebot f\u00fcr dich: Bis zum 9. M\u00e4rz erh\u00e4ltst du 1 % Cashback auf alle Online-Einzahlungen \u00fcber Luxon Pay! Einfach einzahlen und Geld verdienen. Wir sehen uns beim n\u00e4chsten Event! Dein Luxon Pay Team Allgemeine Gesch\u00e4ftsbedingungen Dieses Angebot... Read more &raquo;\" \/>\n<meta property=\"og:url\" content=\"https:\/\/luxon.com\/de\/an-exclusive-promo-for-using-luxon-pay-at-ept-paris\/\" \/>\n<meta property=\"og:site_name\" content=\"Luxon Pay\" \/>\n<meta property=\"article:modified_time\" content=\"2026-03-02T16:01:22+00:00\" \/>\n<meta property=\"og:image\" content=\"https:\/\/luxon.com\/wp-content\/uploads\/Post-Event-Email-Promo_header-1.png\" \/>\n\t<meta property=\"og:image:width\" content=\"600\" \/>\n\t<meta property=\"og:image:height\" content=\"400\" \/>\n\t<meta property=\"og:image:type\" content=\"image\/png\" \/>\n<meta name=\"twitter:card\" content=\"summary_large_image\" \/>\n<meta name=\"twitter:label1\" content=\"Gesch\u00e4tzte Lesezeit\" \/>\n\t<meta name=\"twitter:data1\" content=\"1\u00a0Minute\" \/>\n<script type=\"application\/ld+json\" class=\"yoast-schema-graph\">{\"@context\":\"https:\/\/schema.org\",\"@graph\":[{\"@type\":\"WebPage\",\"@id\":\"https:\/\/luxon.com\/de\/an-exclusive-promo-for-using-luxon-pay-at-ept-paris\/\",\"url\":\"https:\/\/luxon.com\/de\/an-exclusive-promo-for-using-luxon-pay-at-ept-paris\/\",\"name\":\"Exklusive Aktion f\u00fcr die Nutzung von Luxon Pay bei der EPT Paris - Luxon Pay\",\"isPartOf\":{\"@id\":\"https:\/\/luxon.com\/de\/#website\"},\"primaryImageOfPage\":{\"@id\":\"https:\/\/luxon.com\/de\/an-exclusive-promo-for-using-luxon-pay-at-ept-paris\/#primaryimage\"},\"image\":{\"@id\":\"https:\/\/luxon.com\/de\/an-exclusive-promo-for-using-luxon-pay-at-ept-paris\/#primaryimage\"},\"thumbnailUrl\":\"https:\/\/luxon.com\/wp-content\/uploads\/Post-Event-Email-Promo_header-1.png\",\"datePublished\":\"2026-03-02T12:33:47+00:00\",\"dateModified\":\"2026-03-02T16:01:22+00:00\",\"inLanguage\":\"de\",\"potentialAction\":[{\"@type\":\"ReadAction\",\"target\":[\"https:\/\/luxon.com\/de\/an-exclusive-promo-for-using-luxon-pay-at-ept-paris\/\"]}]},{\"@type\":\"ImageObject\",\"inLanguage\":\"de\",\"@id\":\"https:\/\/luxon.com\/de\/an-exclusive-promo-for-using-luxon-pay-at-ept-paris\/#primaryimage\",\"url\":\"https:\/\/luxon.com\/wp-content\/uploads\/Post-Event-Email-Promo_header-1.png\",\"contentUrl\":\"https:\/\/luxon.com\/wp-content\/uploads\/Post-Event-Email-Promo_header-1.png\",\"width\":600,\"height\":400},{\"@type\":\"WebSite\",\"@id\":\"https:\/\/luxon.com\/de\/#website\",\"url\":\"https:\/\/luxon.com\/de\/\",\"name\":\"Luxon Pay\",\"description\":\"Instant secure global payments\",\"publisher\":{\"@id\":\"https:\/\/luxon.com\/de\/#organization\"},\"potentialAction\":[{\"@type\":\"SearchAction\",\"target\":{\"@type\":\"EntryPoint\",\"urlTemplate\":\"https:\/\/luxon.com\/de\/?s={search_term_string}\"},\"query-input\":{\"@type\":\"PropertyValueSpecification\",\"valueRequired\":true,\"valueName\":\"search_term_string\"}}],\"inLanguage\":\"de\"},{\"@type\":\"Organization\",\"@id\":\"https:\/\/luxon.com\/de\/#organization\",\"name\":\"Luxon Pay\",\"url\":\"https:\/\/luxon.com\/de\/\",\"logo\":{\"@type\":\"ImageObject\",\"inLanguage\":\"de\",\"@id\":\"https:\/\/luxon.com\/de\/#\/schema\/logo\/image\/\",\"url\":\"https:\/\/luxon.com\/wp-content\/uploads\/WebsiteImage04.png\",\"contentUrl\":\"https:\/\/luxon.com\/wp-content\/uploads\/WebsiteImage04.png\",\"width\":1200,\"height\":630,\"caption\":\"Luxon Pay\"},\"image\":{\"@id\":\"https:\/\/luxon.com\/de\/#\/schema\/logo\/image\/\"}}]}<\/script>\n<!-- \/ Yoast SEO plugin. -->","yoast_head_json":{"title":"Exklusive Aktion f\u00fcr die Nutzung von Luxon Pay bei der EPT Paris - Luxon Pay","robots":{"index":"index","follow":"follow","max-snippet":"max-snippet:-1","max-image-preview":"max-image-preview:large","max-video-preview":"max-video-preview:-1"},"canonical":"https:\/\/luxon.com\/de\/an-exclusive-promo-for-using-luxon-pay-at-ept-paris\/","og_locale":"de_DE","og_type":"article","og_title":"Exklusive Aktion f\u00fcr die Nutzung von Luxon Pay bei der EPT Paris - Luxon Pay","og_description":"Vielen Dank, dass du Luxon Pay bei der EPT Paris genutzt hast. Exklusive Aktion Wir haben ein exklusives Angebot f\u00fcr dich: Bis zum 9. M\u00e4rz erh\u00e4ltst du 1 % Cashback auf alle Online-Einzahlungen \u00fcber Luxon Pay! Einfach einzahlen und Geld verdienen. Wir sehen uns beim n\u00e4chsten Event! Dein Luxon Pay Team Allgemeine Gesch\u00e4ftsbedingungen Dieses Angebot... Read more &raquo;","og_url":"https:\/\/luxon.com\/de\/an-exclusive-promo-for-using-luxon-pay-at-ept-paris\/","og_site_name":"Luxon Pay","article_modified_time":"2026-03-02T16:01:22+00:00","og_image":[{"width":600,"height":400,"url":"https:\/\/luxon.com\/wp-content\/uploads\/Post-Event-Email-Promo_header-1.png","type":"image\/png"}],"twitter_card":"summary_large_image","twitter_misc":{"Gesch\u00e4tzte Lesezeit":"1\u00a0Minute"},"schema":{"@context":"https:\/\/schema.org","@graph":[{"@type":"WebPage","@id":"https:\/\/luxon.com\/de\/an-exclusive-promo-for-using-luxon-pay-at-ept-paris\/","url":"https:\/\/luxon.com\/de\/an-exclusive-promo-for-using-luxon-pay-at-ept-paris\/","name":"Exklusive Aktion f\u00fcr die Nutzung von Luxon Pay bei der EPT Paris - Luxon Pay","isPartOf":{"@id":"https:\/\/luxon.com\/de\/#website"},"primaryImageOfPage":{"@id":"https:\/\/luxon.com\/de\/an-exclusive-promo-for-using-luxon-pay-at-ept-paris\/#primaryimage"},"image":{"@id":"https:\/\/luxon.com\/de\/an-exclusive-promo-for-using-luxon-pay-at-ept-paris\/#primaryimage"},"thumbnailUrl":"https:\/\/luxon.com\/wp-content\/uploads\/Post-Event-Email-Promo_header-1.png","datePublished":"2026-03-02T12:33:47+00:00","dateModified":"2026-03-02T16:01:22+00:00","inLanguage":"de","potentialAction":[{"@type":"ReadAction","target":["https:\/\/luxon.com\/de\/an-exclusive-promo-for-using-luxon-pay-at-ept-paris\/"]}]},{"@type":"ImageObject","inLanguage":"de","@id":"https:\/\/luxon.com\/de\/an-exclusive-promo-for-using-luxon-pay-at-ept-paris\/#primaryimage","url":"https:\/\/luxon.com\/wp-content\/uploads\/Post-Event-Email-Promo_header-1.png","contentUrl":"https:\/\/luxon.com\/wp-content\/uploads\/Post-Event-Email-Promo_header-1.png","width":600,"height":400},{"@type":"WebSite","@id":"https:\/\/luxon.com\/de\/#website","url":"https:\/\/luxon.com\/de\/","name":"Luxon Pay","description":"Instant secure global payments","publisher":{"@id":"https:\/\/luxon.com\/de\/#organization"},"potentialAction":[{"@type":"SearchAction","target":{"@type":"EntryPoint","urlTemplate":"https:\/\/luxon.com\/de\/?s={search_term_string}"},"query-input":{"@type":"PropertyValueSpecification","valueRequired":true,"valueName":"search_term_string"}}],"inLanguage":"de"},{"@type":"Organization","@id":"https:\/\/luxon.com\/de\/#organization","name":"Luxon Pay","url":"https:\/\/luxon.com\/de\/","logo":{"@type":"ImageObject","inLanguage":"de","@id":"https:\/\/luxon.com\/de\/#\/schema\/logo\/image\/","url":"https:\/\/luxon.com\/wp-content\/uploads\/WebsiteImage04.png","contentUrl":"https:\/\/luxon.com\/wp-content\/uploads\/WebsiteImage04.png","width":1200,"height":630,"caption":"Luxon Pay"},"image":{"@id":"https:\/\/luxon.com\/de\/#\/schema\/logo\/image\/"}}]}},"_links":{"self":[{"href":"https:\/\/luxon.com\/de\/wp-json\/wp\/v2\/pages\/33801","targetHints":{"allow":["GET"]}}],"collection":[{"href":"https:\/\/luxon.com\/de\/wp-json\/wp\/v2\/pages"}],"about":[{"href":"https:\/\/luxon.com\/de\/wp-json\/wp\/v2\/types\/page"}],"author":[{"embeddable":true,"href":"https:\/\/luxon.com\/de\/wp-json\/wp\/v2\/users\/5"}],"replies":[{"embeddable":true,"href":"https:\/\/luxon.com\/de\/wp-json\/wp\/v2\/comments?post=33801"}],"version-history":[{"count":3,"href":"https:\/\/luxon.com\/de\/wp-json\/wp\/v2\/pages\/33801\/revisions"}],"predecessor-version":[{"id":33823,"href":"https:\/\/luxon.com\/de\/wp-json\/wp\/v2\/pages\/33801\/revisions\/33823"}],"wp:featuredmedia":[{"embeddable":true,"href":"https:\/\/luxon.com\/de\/wp-json\/wp\/v2\/media\/33786"}],"wp:attachment":[{"href":"https:\/\/luxon.com\/de\/wp-json\/wp\/v2\/media?parent=33801"}],"curies":[{"name":"wp","href":"https:\/\/api.w.org\/{rel}","templated":true}]}}