{"id":26594,"date":"2024-06-07T14:24:28","date_gmt":"2024-06-07T14:24:28","guid":{"rendered":"https:\/\/luxon.com\/wpt-global-cash-back-promo\/"},"modified":"2024-06-13T18:20:58","modified_gmt":"2024-06-13T18:20:58","slug":"wpt-global-cash-back-promo","status":"publish","type":"page","link":"https:\/\/luxon.com\/es-ar\/wpt-global-cash-back-promo\/","title":{"rendered":"Promoci\u00f3n de reembolso en efectivo de WPT Global"},"content":{"rendered":"<p>Obt\u00e9n hasta $50 de reembolso en efectivo.<\/p>\n<p>Deposita en WPT Global a trav\u00e9s de Luxon Pay y recibe un 1% de reembolso en efectivo en todos los dep\u00f3sitos hasta el 30 de junio de 2024.<\/p>\n<ul>\n<li>La promoci\u00f3n est\u00e1 disponible para todos los usuarios que depositen en WPT Global a trav\u00e9s de Luxon Pay durante las fechas de la promoci\u00f3n.<\/li>\n<li>La promoci\u00f3n se lleva a cabo desde el 13 de junio de 2024 a las 00:00 CET hasta el 30 de junio de 2024 a las 23:59 CET.<\/li>\n<li>Los usuarios deben tener una cuenta activa de Luxon Pay (con KYC completado) antes de poder depositar en WPT Global.<\/li>\n<li>El reembolso en efectivo se pagar\u00e1 en todos los dep\u00f3sitos en WPT Global hasta un valor de $50.<\/li>\n<li>El reembolso en efectivo se acreditar\u00e1 en tu cuenta de Luxon Pay el 2 de julio de 2024.<\/li>\n<\/ul>\n","protected":false},"excerpt":{"rendered":"<p>Obt\u00e9n hasta $50 de reembolso en efectivo. Deposita en WPT Global a trav\u00e9s de Luxon Pay y recibe un 1% de reembolso en efectivo en todos los dep\u00f3sitos hasta el 30 de junio de 2024. La promoci\u00f3n est\u00e1 disponible para todos los usuarios que depositen en WPT Global a trav\u00e9s de Luxon Pay durante las<a class=\"excerpt-read-more\" href=\"https:\/\/luxon.com\/es-ar\/wpt-global-cash-back-promo\/\" title=\"ReadPromoci\u00f3n de reembolso en efectivo de WPT Global\">&#8230; Read more &raquo;<\/a><\/p>\n","protected":false},"author":5,"featured_media":26566,"parent":0,"menu_order":0,"comment_status":"closed","ping_status":"closed","template":"templates\/block-template.php","meta":{"_acf_changed":false,"footnotes":""},"class_list":["post-26594","page","type-page","status-publish","has-post-thumbnail","hentry"],"acf":[],"yoast_head":"<!-- This site is optimized with the Yoast SEO plugin v27.1.1 - https:\/\/yoast.com\/product\/yoast-seo-wordpress\/ -->\n<title>Promoci\u00f3n de reembolso en efectivo de WPT Global - Luxon Pay<\/title>\n<meta name=\"robots\" content=\"index, follow, max-snippet:-1, max-image-preview:large, max-video-preview:-1\" \/>\n<link rel=\"canonical\" href=\"https:\/\/luxon.com\/es-ar\/wpt-global-cash-back-promo\/\" \/>\n<meta property=\"og:locale\" content=\"es_ES\" \/>\n<meta property=\"og:type\" content=\"article\" \/>\n<meta property=\"og:title\" content=\"Promoci\u00f3n de reembolso en efectivo de WPT Global - Luxon Pay\" \/>\n<meta property=\"og:description\" content=\"Obt\u00e9n hasta $50 de reembolso en efectivo. Deposita en WPT Global a trav\u00e9s de Luxon Pay y recibe un 1% de reembolso en efectivo en todos los dep\u00f3sitos hasta el 30 de junio de 2024. La promoci\u00f3n est\u00e1 disponible para todos los usuarios que depositen en WPT Global a trav\u00e9s de Luxon Pay durante las... Read more &raquo;\" \/>\n<meta property=\"og:url\" content=\"https:\/\/luxon.com\/es-ar\/wpt-global-cash-back-promo\/\" \/>\n<meta property=\"og:site_name\" content=\"Luxon Pay\" \/>\n<meta property=\"article:modified_time\" content=\"2024-06-13T18:20:58+00:00\" \/>\n<meta property=\"og:image\" content=\"https:\/\/luxon.com\/wp-content\/uploads\/1f0e507fca6c7f520e2fa51ad0759238-420fc-fill-1200-0.png\" \/>\n\t<meta property=\"og:image:width\" content=\"1200\" \/>\n\t<meta property=\"og:image:height\" content=\"582\" \/>\n\t<meta property=\"og:image:type\" content=\"image\/png\" \/>\n<meta name=\"twitter:card\" content=\"summary_large_image\" \/>\n<meta name=\"twitter:label1\" content=\"Tiempo de lectura\" \/>\n\t<meta name=\"twitter:data1\" content=\"1 minuto\" \/>\n<script type=\"application\/ld+json\" class=\"yoast-schema-graph\">{\"@context\":\"https:\/\/schema.org\",\"@graph\":[{\"@type\":\"WebPage\",\"@id\":\"https:\/\/luxon.com\/es-ar\/wpt-global-cash-back-promo\/\",\"url\":\"https:\/\/luxon.com\/es-ar\/wpt-global-cash-back-promo\/\",\"name\":\"Promoci\u00f3n de reembolso en efectivo de WPT Global - Luxon Pay\",\"isPartOf\":{\"@id\":\"https:\/\/luxon.com\/es-ar\/#website\"},\"primaryImageOfPage\":{\"@id\":\"https:\/\/luxon.com\/es-ar\/wpt-global-cash-back-promo\/#primaryimage\"},\"image\":{\"@id\":\"https:\/\/luxon.com\/es-ar\/wpt-global-cash-back-promo\/#primaryimage\"},\"thumbnailUrl\":\"https:\/\/luxon.com\/wp-content\/uploads\/1f0e507fca6c7f520e2fa51ad0759238-420fc-fill-1200-0.png\",\"datePublished\":\"2024-06-07T14:24:28+00:00\",\"dateModified\":\"2024-06-13T18:20:58+00:00\",\"inLanguage\":\"es-AR\",\"potentialAction\":[{\"@type\":\"ReadAction\",\"target\":[\"https:\/\/luxon.com\/es-ar\/wpt-global-cash-back-promo\/\"]}]},{\"@type\":\"ImageObject\",\"inLanguage\":\"es-AR\",\"@id\":\"https:\/\/luxon.com\/es-ar\/wpt-global-cash-back-promo\/#primaryimage\",\"url\":\"https:\/\/luxon.com\/wp-content\/uploads\/1f0e507fca6c7f520e2fa51ad0759238-420fc-fill-1200-0.png\",\"contentUrl\":\"https:\/\/luxon.com\/wp-content\/uploads\/1f0e507fca6c7f520e2fa51ad0759238-420fc-fill-1200-0.png\",\"width\":1200,\"height\":582},{\"@type\":\"WebSite\",\"@id\":\"https:\/\/luxon.com\/es-ar\/#website\",\"url\":\"https:\/\/luxon.com\/es-ar\/\",\"name\":\"Luxon Pay\",\"description\":\"Instant secure global payments\",\"publisher\":{\"@id\":\"https:\/\/luxon.com\/es-ar\/#organization\"},\"potentialAction\":[{\"@type\":\"SearchAction\",\"target\":{\"@type\":\"EntryPoint\",\"urlTemplate\":\"https:\/\/luxon.com\/es-ar\/?s={search_term_string}\"},\"query-input\":{\"@type\":\"PropertyValueSpecification\",\"valueRequired\":true,\"valueName\":\"search_term_string\"}}],\"inLanguage\":\"es-AR\"},{\"@type\":\"Organization\",\"@id\":\"https:\/\/luxon.com\/es-ar\/#organization\",\"name\":\"Luxon Pay\",\"url\":\"https:\/\/luxon.com\/es-ar\/\",\"logo\":{\"@type\":\"ImageObject\",\"inLanguage\":\"es-AR\",\"@id\":\"https:\/\/luxon.com\/es-ar\/#\/schema\/logo\/image\/\",\"url\":\"https:\/\/luxon.com\/wp-content\/uploads\/WebsiteImage04.png\",\"contentUrl\":\"https:\/\/luxon.com\/wp-content\/uploads\/WebsiteImage04.png\",\"width\":1200,\"height\":630,\"caption\":\"Luxon Pay\"},\"image\":{\"@id\":\"https:\/\/luxon.com\/es-ar\/#\/schema\/logo\/image\/\"}}]}<\/script>\n<!-- \/ Yoast SEO plugin. -->","yoast_head_json":{"title":"Promoci\u00f3n de reembolso en efectivo de WPT Global - Luxon Pay","robots":{"index":"index","follow":"follow","max-snippet":"max-snippet:-1","max-image-preview":"max-image-preview:large","max-video-preview":"max-video-preview:-1"},"canonical":"https:\/\/luxon.com\/es-ar\/wpt-global-cash-back-promo\/","og_locale":"es_ES","og_type":"article","og_title":"Promoci\u00f3n de reembolso en efectivo de WPT Global - Luxon Pay","og_description":"Obt\u00e9n hasta $50 de reembolso en efectivo. Deposita en WPT Global a trav\u00e9s de Luxon Pay y recibe un 1% de reembolso en efectivo en todos los dep\u00f3sitos hasta el 30 de junio de 2024. La promoci\u00f3n est\u00e1 disponible para todos los usuarios que depositen en WPT Global a trav\u00e9s de Luxon Pay durante las... Read more &raquo;","og_url":"https:\/\/luxon.com\/es-ar\/wpt-global-cash-back-promo\/","og_site_name":"Luxon Pay","article_modified_time":"2024-06-13T18:20:58+00:00","og_image":[{"width":1200,"height":582,"url":"https:\/\/luxon.com\/wp-content\/uploads\/1f0e507fca6c7f520e2fa51ad0759238-420fc-fill-1200-0.png","type":"image\/png"}],"twitter_card":"summary_large_image","twitter_misc":{"Tiempo de lectura":"1 minuto"},"schema":{"@context":"https:\/\/schema.org","@graph":[{"@type":"WebPage","@id":"https:\/\/luxon.com\/es-ar\/wpt-global-cash-back-promo\/","url":"https:\/\/luxon.com\/es-ar\/wpt-global-cash-back-promo\/","name":"Promoci\u00f3n de reembolso en efectivo de WPT Global - Luxon Pay","isPartOf":{"@id":"https:\/\/luxon.com\/es-ar\/#website"},"primaryImageOfPage":{"@id":"https:\/\/luxon.com\/es-ar\/wpt-global-cash-back-promo\/#primaryimage"},"image":{"@id":"https:\/\/luxon.com\/es-ar\/wpt-global-cash-back-promo\/#primaryimage"},"thumbnailUrl":"https:\/\/luxon.com\/wp-content\/uploads\/1f0e507fca6c7f520e2fa51ad0759238-420fc-fill-1200-0.png","datePublished":"2024-06-07T14:24:28+00:00","dateModified":"2024-06-13T18:20:58+00:00","inLanguage":"es-AR","potentialAction":[{"@type":"ReadAction","target":["https:\/\/luxon.com\/es-ar\/wpt-global-cash-back-promo\/"]}]},{"@type":"ImageObject","inLanguage":"es-AR","@id":"https:\/\/luxon.com\/es-ar\/wpt-global-cash-back-promo\/#primaryimage","url":"https:\/\/luxon.com\/wp-content\/uploads\/1f0e507fca6c7f520e2fa51ad0759238-420fc-fill-1200-0.png","contentUrl":"https:\/\/luxon.com\/wp-content\/uploads\/1f0e507fca6c7f520e2fa51ad0759238-420fc-fill-1200-0.png","width":1200,"height":582},{"@type":"WebSite","@id":"https:\/\/luxon.com\/es-ar\/#website","url":"https:\/\/luxon.com\/es-ar\/","name":"Luxon Pay","description":"Instant secure global payments","publisher":{"@id":"https:\/\/luxon.com\/es-ar\/#organization"},"potentialAction":[{"@type":"SearchAction","target":{"@type":"EntryPoint","urlTemplate":"https:\/\/luxon.com\/es-ar\/?s={search_term_string}"},"query-input":{"@type":"PropertyValueSpecification","valueRequired":true,"valueName":"search_term_string"}}],"inLanguage":"es-AR"},{"@type":"Organization","@id":"https:\/\/luxon.com\/es-ar\/#organization","name":"Luxon Pay","url":"https:\/\/luxon.com\/es-ar\/","logo":{"@type":"ImageObject","inLanguage":"es-AR","@id":"https:\/\/luxon.com\/es-ar\/#\/schema\/logo\/image\/","url":"https:\/\/luxon.com\/wp-content\/uploads\/WebsiteImage04.png","contentUrl":"https:\/\/luxon.com\/wp-content\/uploads\/WebsiteImage04.png","width":1200,"height":630,"caption":"Luxon Pay"},"image":{"@id":"https:\/\/luxon.com\/es-ar\/#\/schema\/logo\/image\/"}}]}},"_links":{"self":[{"href":"https:\/\/luxon.com\/es-ar\/wp-json\/wp\/v2\/pages\/26594","targetHints":{"allow":["GET"]}}],"collection":[{"href":"https:\/\/luxon.com\/es-ar\/wp-json\/wp\/v2\/pages"}],"about":[{"href":"https:\/\/luxon.com\/es-ar\/wp-json\/wp\/v2\/types\/page"}],"author":[{"embeddable":true,"href":"https:\/\/luxon.com\/es-ar\/wp-json\/wp\/v2\/users\/5"}],"replies":[{"embeddable":true,"href":"https:\/\/luxon.com\/es-ar\/wp-json\/wp\/v2\/comments?post=26594"}],"version-history":[{"count":2,"href":"https:\/\/luxon.com\/es-ar\/wp-json\/wp\/v2\/pages\/26594\/revisions"}],"predecessor-version":[{"id":26596,"href":"https:\/\/luxon.com\/es-ar\/wp-json\/wp\/v2\/pages\/26594\/revisions\/26596"}],"wp:featuredmedia":[{"embeddable":true,"href":"https:\/\/luxon.com\/es-ar\/wp-json\/wp\/v2\/media\/26566"}],"wp:attachment":[{"href":"https:\/\/luxon.com\/es-ar\/wp-json\/wp\/v2\/media?parent=26594"}],"curies":[{"name":"wp","href":"https:\/\/api.w.org\/{rel}","templated":true}]}}