{"id":27572,"date":"2024-11-29T09:43:57","date_gmt":"2024-11-29T09:43:57","guid":{"rendered":"https:\/\/luxon.com\/free-luxon-pay-mastercard-in-december\/"},"modified":"2025-06-02T09:38:47","modified_gmt":"2025-06-02T09:38:47","slug":"free-luxon-pay-mastercard-in-december","status":"publish","type":"page","link":"https:\/\/luxon.com\/es-ar\/free-luxon-pay-mastercard-in-december\/","title":{"rendered":"Tarjeta Luxon Pay Mastercard gratuita"},"content":{"rendered":"<p data-start=\"2572\" data-end=\"2676\">I juni g\u00f6r vi det enklare \u00e4n n\u00e5gonsin att anv\u00e4nda dina pengar \u2013 med ett <strong data-start=\"2644\" data-end=\"2675\">GRATIS Luxon Pay Mastercard<\/strong>!<\/p>\n<p data-start=\"2678\" data-end=\"2781\">Begr\u00e4nsad tid: Best\u00e4ll ditt fysiska kort helt kostnadsfritt \u2013 ett smidigt s\u00e4tt att betala v\u00e4rlden \u00f6ver.<\/p>\n<p data-start=\"2783\" data-end=\"2877\">Missa inte detta \u2013 erbjudandet g\u00e4ller endast under en begr\u00e4nsad period. Skaffa ditt kort idag!<\/p>\n<p data-start=\"2879\" data-end=\"2929\">G\u00e5 till \u201cKort\u201d-sektionen i appen f\u00f6r att best\u00e4lla.<\/p>\n<p data-start=\"2931\" data-end=\"2943\"><strong data-start=\"2931\" data-end=\"2943\">Villkor:<\/strong><\/p>\n<ul data-start=\"2944\" data-end=\"3334\">\n<li data-start=\"2944\" data-end=\"3031\">\n<p data-start=\"2946\" data-end=\"3031\">Anv\u00e4ndaren m\u00e5ste ha ett fullst\u00e4ndigt verifierat konto f\u00f6r att kunna best\u00e4lla kortet<\/p>\n<\/li>\n<li data-start=\"3032\" data-end=\"3091\">\n<p data-start=\"3034\" data-end=\"3091\">Endast anv\u00e4ndare i Storbritannien och EU \u00e4r ber\u00e4ttigade<\/p>\n<\/li>\n<li data-start=\"3092\" data-end=\"3181\">\n<p data-start=\"3094\" data-end=\"3181\">Kortet levereras vanligtvis till den adress som finns p\u00e5 kontot inom 5\u201310 arbetsdagar<\/p>\n<\/li>\n<li data-start=\"3182\" data-end=\"3234\">\n<p data-start=\"3184\" data-end=\"3234\">Erbjudandet g\u00e4ller fr\u00e5n 1 juni till 30 juni 2025<\/p>\n<\/li>\n<li data-start=\"3235\" data-end=\"3334\">\n<p data-start=\"3237\" data-end=\"3334\">Endast ett kort per anv\u00e4ndare \u00e4r till\u00e5tet. Om du redan har ett kort kan du inte best\u00e4lla ett till<\/p>\n<\/li>\n<\/ul>\n","protected":false},"excerpt":{"rendered":"<p>I juni g\u00f6r vi det enklare \u00e4n n\u00e5gonsin att anv\u00e4nda dina pengar \u2013 med ett GRATIS Luxon Pay Mastercard! Begr\u00e4nsad tid: Best\u00e4ll ditt fysiska kort helt kostnadsfritt \u2013 ett smidigt s\u00e4tt att betala v\u00e4rlden \u00f6ver. Missa inte detta \u2013 erbjudandet g\u00e4ller endast under en begr\u00e4nsad period. Skaffa ditt kort idag! G\u00e5 till \u201cKort\u201d-sektionen i appen<a class=\"excerpt-read-more\" href=\"https:\/\/luxon.com\/es-ar\/free-luxon-pay-mastercard-in-december\/\" title=\"ReadTarjeta Luxon Pay Mastercard gratuita\">&#8230; Read more &raquo;<\/a><\/p>\n","protected":false},"author":5,"featured_media":26430,"parent":0,"menu_order":0,"comment_status":"closed","ping_status":"closed","template":"templates\/block-template.php","meta":{"_acf_changed":false,"footnotes":""},"class_list":["post-27572","page","type-page","status-publish","has-post-thumbnail","hentry"],"acf":[],"yoast_head":"<!-- This site is optimized with the Yoast SEO plugin v27.1.1 - https:\/\/yoast.com\/product\/yoast-seo-wordpress\/ -->\n<title>Tarjeta Luxon Pay Mastercard gratuita - Luxon Pay<\/title>\n<meta name=\"robots\" content=\"index, follow, max-snippet:-1, max-image-preview:large, max-video-preview:-1\" \/>\n<link rel=\"canonical\" href=\"https:\/\/luxon.com\/es-ar\/free-luxon-pay-mastercard-in-december\/\" \/>\n<meta property=\"og:locale\" content=\"es_ES\" \/>\n<meta property=\"og:type\" content=\"article\" \/>\n<meta property=\"og:title\" content=\"Tarjeta Luxon Pay Mastercard gratuita - Luxon Pay\" \/>\n<meta property=\"og:description\" content=\"I juni g\u00f6r vi det enklare \u00e4n n\u00e5gonsin att anv\u00e4nda dina pengar \u2013 med ett GRATIS Luxon Pay Mastercard! Begr\u00e4nsad tid: Best\u00e4ll ditt fysiska kort helt kostnadsfritt \u2013 ett smidigt s\u00e4tt att betala v\u00e4rlden \u00f6ver. Missa inte detta \u2013 erbjudandet g\u00e4ller endast under en begr\u00e4nsad period. Skaffa ditt kort idag! G\u00e5 till \u201cKort\u201d-sektionen i appen... Read more &raquo;\" \/>\n<meta property=\"og:url\" content=\"https:\/\/luxon.com\/es-ar\/free-luxon-pay-mastercard-in-december\/\" \/>\n<meta property=\"og:site_name\" content=\"Luxon Pay\" \/>\n<meta property=\"article:modified_time\" content=\"2025-06-02T09:38:47+00:00\" \/>\n<meta property=\"og:image\" content=\"https:\/\/luxon.com\/wp-content\/uploads\/Hero-Image@3x-3.png\" \/>\n\t<meta property=\"og:image:width\" content=\"1652\" \/>\n\t<meta property=\"og:image:height\" content=\"1727\" \/>\n\t<meta property=\"og:image:type\" content=\"image\/png\" \/>\n<meta name=\"twitter:card\" content=\"summary_large_image\" \/>\n<meta name=\"twitter:label1\" content=\"Tiempo de lectura\" \/>\n\t<meta name=\"twitter:data1\" content=\"1 minuto\" \/>\n<script type=\"application\/ld+json\" class=\"yoast-schema-graph\">{\"@context\":\"https:\/\/schema.org\",\"@graph\":[{\"@type\":\"WebPage\",\"@id\":\"https:\/\/luxon.com\/es-ar\/free-luxon-pay-mastercard-in-december\/\",\"url\":\"https:\/\/luxon.com\/es-ar\/free-luxon-pay-mastercard-in-december\/\",\"name\":\"Tarjeta Luxon Pay Mastercard gratuita - Luxon Pay\",\"isPartOf\":{\"@id\":\"https:\/\/luxon.com\/es-ar\/#website\"},\"primaryImageOfPage\":{\"@id\":\"https:\/\/luxon.com\/es-ar\/free-luxon-pay-mastercard-in-december\/#primaryimage\"},\"image\":{\"@id\":\"https:\/\/luxon.com\/es-ar\/free-luxon-pay-mastercard-in-december\/#primaryimage\"},\"thumbnailUrl\":\"https:\/\/luxon.com\/wp-content\/uploads\/Hero-Image@3x-3.png\",\"datePublished\":\"2024-11-29T09:43:57+00:00\",\"dateModified\":\"2025-06-02T09:38:47+00:00\",\"inLanguage\":\"es-AR\",\"potentialAction\":[{\"@type\":\"ReadAction\",\"target\":[\"https:\/\/luxon.com\/es-ar\/free-luxon-pay-mastercard-in-december\/\"]}]},{\"@type\":\"ImageObject\",\"inLanguage\":\"es-AR\",\"@id\":\"https:\/\/luxon.com\/es-ar\/free-luxon-pay-mastercard-in-december\/#primaryimage\",\"url\":\"https:\/\/luxon.com\/wp-content\/uploads\/Hero-Image@3x-3.png\",\"contentUrl\":\"https:\/\/luxon.com\/wp-content\/uploads\/Hero-Image@3x-3.png\",\"width\":1652,\"height\":1727},{\"@type\":\"WebSite\",\"@id\":\"https:\/\/luxon.com\/es-ar\/#website\",\"url\":\"https:\/\/luxon.com\/es-ar\/\",\"name\":\"Luxon Pay\",\"description\":\"Instant secure global payments\",\"publisher\":{\"@id\":\"https:\/\/luxon.com\/es-ar\/#organization\"},\"potentialAction\":[{\"@type\":\"SearchAction\",\"target\":{\"@type\":\"EntryPoint\",\"urlTemplate\":\"https:\/\/luxon.com\/es-ar\/?s={search_term_string}\"},\"query-input\":{\"@type\":\"PropertyValueSpecification\",\"valueRequired\":true,\"valueName\":\"search_term_string\"}}],\"inLanguage\":\"es-AR\"},{\"@type\":\"Organization\",\"@id\":\"https:\/\/luxon.com\/es-ar\/#organization\",\"name\":\"Luxon Pay\",\"url\":\"https:\/\/luxon.com\/es-ar\/\",\"logo\":{\"@type\":\"ImageObject\",\"inLanguage\":\"es-AR\",\"@id\":\"https:\/\/luxon.com\/es-ar\/#\/schema\/logo\/image\/\",\"url\":\"https:\/\/luxon.com\/wp-content\/uploads\/WebsiteImage04.png\",\"contentUrl\":\"https:\/\/luxon.com\/wp-content\/uploads\/WebsiteImage04.png\",\"width\":1200,\"height\":630,\"caption\":\"Luxon Pay\"},\"image\":{\"@id\":\"https:\/\/luxon.com\/es-ar\/#\/schema\/logo\/image\/\"}}]}<\/script>\n<!-- \/ Yoast SEO plugin. -->","yoast_head_json":{"title":"Tarjeta Luxon Pay Mastercard gratuita - Luxon Pay","robots":{"index":"index","follow":"follow","max-snippet":"max-snippet:-1","max-image-preview":"max-image-preview:large","max-video-preview":"max-video-preview:-1"},"canonical":"https:\/\/luxon.com\/es-ar\/free-luxon-pay-mastercard-in-december\/","og_locale":"es_ES","og_type":"article","og_title":"Tarjeta Luxon Pay Mastercard gratuita - Luxon Pay","og_description":"I juni g\u00f6r vi det enklare \u00e4n n\u00e5gonsin att anv\u00e4nda dina pengar \u2013 med ett GRATIS Luxon Pay Mastercard! Begr\u00e4nsad tid: Best\u00e4ll ditt fysiska kort helt kostnadsfritt \u2013 ett smidigt s\u00e4tt att betala v\u00e4rlden \u00f6ver. Missa inte detta \u2013 erbjudandet g\u00e4ller endast under en begr\u00e4nsad period. Skaffa ditt kort idag! G\u00e5 till \u201cKort\u201d-sektionen i appen... Read more &raquo;","og_url":"https:\/\/luxon.com\/es-ar\/free-luxon-pay-mastercard-in-december\/","og_site_name":"Luxon Pay","article_modified_time":"2025-06-02T09:38:47+00:00","og_image":[{"width":1652,"height":1727,"url":"https:\/\/luxon.com\/wp-content\/uploads\/Hero-Image@3x-3.png","type":"image\/png"}],"twitter_card":"summary_large_image","twitter_misc":{"Tiempo de lectura":"1 minuto"},"schema":{"@context":"https:\/\/schema.org","@graph":[{"@type":"WebPage","@id":"https:\/\/luxon.com\/es-ar\/free-luxon-pay-mastercard-in-december\/","url":"https:\/\/luxon.com\/es-ar\/free-luxon-pay-mastercard-in-december\/","name":"Tarjeta Luxon Pay Mastercard gratuita - Luxon Pay","isPartOf":{"@id":"https:\/\/luxon.com\/es-ar\/#website"},"primaryImageOfPage":{"@id":"https:\/\/luxon.com\/es-ar\/free-luxon-pay-mastercard-in-december\/#primaryimage"},"image":{"@id":"https:\/\/luxon.com\/es-ar\/free-luxon-pay-mastercard-in-december\/#primaryimage"},"thumbnailUrl":"https:\/\/luxon.com\/wp-content\/uploads\/Hero-Image@3x-3.png","datePublished":"2024-11-29T09:43:57+00:00","dateModified":"2025-06-02T09:38:47+00:00","inLanguage":"es-AR","potentialAction":[{"@type":"ReadAction","target":["https:\/\/luxon.com\/es-ar\/free-luxon-pay-mastercard-in-december\/"]}]},{"@type":"ImageObject","inLanguage":"es-AR","@id":"https:\/\/luxon.com\/es-ar\/free-luxon-pay-mastercard-in-december\/#primaryimage","url":"https:\/\/luxon.com\/wp-content\/uploads\/Hero-Image@3x-3.png","contentUrl":"https:\/\/luxon.com\/wp-content\/uploads\/Hero-Image@3x-3.png","width":1652,"height":1727},{"@type":"WebSite","@id":"https:\/\/luxon.com\/es-ar\/#website","url":"https:\/\/luxon.com\/es-ar\/","name":"Luxon Pay","description":"Instant secure global payments","publisher":{"@id":"https:\/\/luxon.com\/es-ar\/#organization"},"potentialAction":[{"@type":"SearchAction","target":{"@type":"EntryPoint","urlTemplate":"https:\/\/luxon.com\/es-ar\/?s={search_term_string}"},"query-input":{"@type":"PropertyValueSpecification","valueRequired":true,"valueName":"search_term_string"}}],"inLanguage":"es-AR"},{"@type":"Organization","@id":"https:\/\/luxon.com\/es-ar\/#organization","name":"Luxon Pay","url":"https:\/\/luxon.com\/es-ar\/","logo":{"@type":"ImageObject","inLanguage":"es-AR","@id":"https:\/\/luxon.com\/es-ar\/#\/schema\/logo\/image\/","url":"https:\/\/luxon.com\/wp-content\/uploads\/WebsiteImage04.png","contentUrl":"https:\/\/luxon.com\/wp-content\/uploads\/WebsiteImage04.png","width":1200,"height":630,"caption":"Luxon Pay"},"image":{"@id":"https:\/\/luxon.com\/es-ar\/#\/schema\/logo\/image\/"}}]}},"_links":{"self":[{"href":"https:\/\/luxon.com\/es-ar\/wp-json\/wp\/v2\/pages\/27572","targetHints":{"allow":["GET"]}}],"collection":[{"href":"https:\/\/luxon.com\/es-ar\/wp-json\/wp\/v2\/pages"}],"about":[{"href":"https:\/\/luxon.com\/es-ar\/wp-json\/wp\/v2\/types\/page"}],"author":[{"embeddable":true,"href":"https:\/\/luxon.com\/es-ar\/wp-json\/wp\/v2\/users\/5"}],"replies":[{"embeddable":true,"href":"https:\/\/luxon.com\/es-ar\/wp-json\/wp\/v2\/comments?post=27572"}],"version-history":[{"count":6,"href":"https:\/\/luxon.com\/es-ar\/wp-json\/wp\/v2\/pages\/27572\/revisions"}],"predecessor-version":[{"id":29927,"href":"https:\/\/luxon.com\/es-ar\/wp-json\/wp\/v2\/pages\/27572\/revisions\/29927"}],"wp:featuredmedia":[{"embeddable":true,"href":"https:\/\/luxon.com\/es-ar\/wp-json\/wp\/v2\/media\/26430"}],"wp:attachment":[{"href":"https:\/\/luxon.com\/es-ar\/wp-json\/wp\/v2\/media?parent=27572"}],"curies":[{"name":"wp","href":"https:\/\/api.w.org\/{rel}","templated":true}]}}