{"id":29885,"date":"2025-05-22T14:37:46","date_gmt":"2025-05-22T14:37:46","guid":{"rendered":"https:\/\/luxon.com\/win-a-free-10000-wsop-main-event-seat-in-our-exclusive-giveaway\/"},"modified":"2025-05-29T15:49:10","modified_gmt":"2025-05-29T15:49:10","slug":"win-a-free-10000-wsop-main-event-seat-in-our-exclusive-giveaway","status":"publish","type":"page","link":"https:\/\/luxon.com\/es-ar\/win-a-free-10000-wsop-main-event-seat-in-our-exclusive-giveaway\/","title":{"rendered":"Gana una entrada gratuita de $10,000 para el Evento Principal del WSOP en nuestro sorteo exclusivo"},"content":{"rendered":"<ul>\n<li style=\"font-weight: 400;\">Sigue a Luxon Pay en X<\/li>\n<li style=\"font-weight: 400;\"><span style=\"font-size: 16px;\">Comparte la publicaci\u00f3n en X<\/span><\/li>\n<li style=\"font-weight: 400;\"><span style=\"font-size: 16px;\">Compra la entrada para cualquier evento del WSOP a trav\u00e9s de Luxon Pay antes del 30 de junio<\/span><\/li>\n<\/ul>\n<p style=\"font-weight: 400;\">T\u00e9rminos y Condiciones<\/p>\n<p style=\"font-weight: 400;\">1.\u2060 \u2060Los usuarios deben comprar una entrada a trav\u00e9s de la app WSOP+ y pagar con Luxon Pay para ser elegibles para la promoci\u00f3n<\/p>\n<p style=\"font-weight: 400;\">2.\u2060 \u2060Los usuarios deben haber seguido a Luxon Pay en X y compartido la publicaci\u00f3n correspondiente para ser elegibles<\/p>\n<p style=\"font-weight: 400;\">3.\u2060 \u2060Las participaciones se cerrar\u00e1n a las 23:59 CET del 30 de junio de 2025<\/p>\n<p style=\"font-weight: 400;\">4.\u2060 \u2060El ganador ser\u00e1 anunciado el 1 de julio de 2025<\/p>\n<p style=\"font-weight: 400;\">5.\u2060 \u2060La entrada de $10,000 para el Evento Principal del WSOP podr\u00e1 utilizarse en el WSOP de 2025 o 2026<\/p>\n<p style=\"font-weight: 400;\">\n","protected":false},"excerpt":{"rendered":"<p>Sigue a Luxon Pay en X Comparte la publicaci\u00f3n en X Compra la entrada para cualquier evento del WSOP a trav\u00e9s de Luxon Pay antes del 30 de junio T\u00e9rminos y Condiciones 1.\u2060 \u2060Los usuarios deben comprar una entrada a trav\u00e9s de la app WSOP+ y pagar con Luxon Pay para ser elegibles para la<a class=\"excerpt-read-more\" href=\"https:\/\/luxon.com\/es-ar\/win-a-free-10000-wsop-main-event-seat-in-our-exclusive-giveaway\/\" title=\"ReadGana una entrada gratuita de $10,000 para el Evento Principal del WSOP en nuestro sorteo exclusivo\">&#8230; Read more &raquo;<\/a><\/p>\n","protected":false},"author":5,"featured_media":29586,"parent":0,"menu_order":0,"comment_status":"closed","ping_status":"closed","template":"templates\/block-template.php","meta":{"_acf_changed":false,"footnotes":""},"class_list":["post-29885","page","type-page","status-publish","has-post-thumbnail","hentry"],"acf":[],"yoast_head":"<!-- This site is optimized with the Yoast SEO plugin v27.1.1 - https:\/\/yoast.com\/product\/yoast-seo-wordpress\/ -->\n<title>Gana una entrada gratuita de $10,000 para el Evento Principal del WSOP en nuestro sorteo exclusivo - Luxon Pay<\/title>\n<meta name=\"robots\" content=\"index, follow, max-snippet:-1, max-image-preview:large, max-video-preview:-1\" \/>\n<link rel=\"canonical\" href=\"https:\/\/luxon.com\/es-ar\/win-a-free-10000-wsop-main-event-seat-in-our-exclusive-giveaway\/\" \/>\n<meta property=\"og:locale\" content=\"es_ES\" \/>\n<meta property=\"og:type\" content=\"article\" \/>\n<meta property=\"og:title\" content=\"Gana una entrada gratuita de $10,000 para el Evento Principal del WSOP en nuestro sorteo exclusivo - Luxon Pay\" \/>\n<meta property=\"og:description\" content=\"Sigue a Luxon Pay en X Comparte la publicaci\u00f3n en X Compra la entrada para cualquier evento del WSOP a trav\u00e9s de Luxon Pay antes del 30 de junio T\u00e9rminos y Condiciones 1.\u2060 \u2060Los usuarios deben comprar una entrada a trav\u00e9s de la app WSOP+ y pagar con Luxon Pay para ser elegibles para la... Read more &raquo;\" \/>\n<meta property=\"og:url\" content=\"https:\/\/luxon.com\/es-ar\/win-a-free-10000-wsop-main-event-seat-in-our-exclusive-giveaway\/\" \/>\n<meta property=\"og:site_name\" content=\"Luxon Pay\" \/>\n<meta property=\"article:modified_time\" content=\"2025-05-29T15:49:10+00:00\" \/>\n<meta property=\"og:image\" content=\"https:\/\/luxon.com\/wp-content\/uploads\/Luxon-website-banner-image.png\" \/>\n\t<meta property=\"og:image:width\" content=\"404\" \/>\n\t<meta property=\"og:image:height\" content=\"640\" \/>\n\t<meta property=\"og:image:type\" content=\"image\/png\" \/>\n<meta name=\"twitter:card\" content=\"summary_large_image\" \/>\n<meta name=\"twitter:label1\" content=\"Tiempo de lectura\" \/>\n\t<meta name=\"twitter:data1\" content=\"1 minuto\" \/>\n<script type=\"application\/ld+json\" class=\"yoast-schema-graph\">{\"@context\":\"https:\/\/schema.org\",\"@graph\":[{\"@type\":\"WebPage\",\"@id\":\"https:\/\/luxon.com\/es-ar\/win-a-free-10000-wsop-main-event-seat-in-our-exclusive-giveaway\/\",\"url\":\"https:\/\/luxon.com\/es-ar\/win-a-free-10000-wsop-main-event-seat-in-our-exclusive-giveaway\/\",\"name\":\"Gana una entrada gratuita de $10,000 para el Evento Principal del WSOP en nuestro sorteo exclusivo - Luxon Pay\",\"isPartOf\":{\"@id\":\"https:\/\/luxon.com\/es-ar\/#website\"},\"primaryImageOfPage\":{\"@id\":\"https:\/\/luxon.com\/es-ar\/win-a-free-10000-wsop-main-event-seat-in-our-exclusive-giveaway\/#primaryimage\"},\"image\":{\"@id\":\"https:\/\/luxon.com\/es-ar\/win-a-free-10000-wsop-main-event-seat-in-our-exclusive-giveaway\/#primaryimage\"},\"thumbnailUrl\":\"https:\/\/luxon.com\/wp-content\/uploads\/Luxon-website-banner-image.png\",\"datePublished\":\"2025-05-22T14:37:46+00:00\",\"dateModified\":\"2025-05-29T15:49:10+00:00\",\"inLanguage\":\"es-AR\",\"potentialAction\":[{\"@type\":\"ReadAction\",\"target\":[\"https:\/\/luxon.com\/es-ar\/win-a-free-10000-wsop-main-event-seat-in-our-exclusive-giveaway\/\"]}]},{\"@type\":\"ImageObject\",\"inLanguage\":\"es-AR\",\"@id\":\"https:\/\/luxon.com\/es-ar\/win-a-free-10000-wsop-main-event-seat-in-our-exclusive-giveaway\/#primaryimage\",\"url\":\"https:\/\/luxon.com\/wp-content\/uploads\/Luxon-website-banner-image.png\",\"contentUrl\":\"https:\/\/luxon.com\/wp-content\/uploads\/Luxon-website-banner-image.png\",\"width\":404,\"height\":640},{\"@type\":\"WebSite\",\"@id\":\"https:\/\/luxon.com\/es-ar\/#website\",\"url\":\"https:\/\/luxon.com\/es-ar\/\",\"name\":\"Luxon Pay\",\"description\":\"Instant secure global payments\",\"publisher\":{\"@id\":\"https:\/\/luxon.com\/es-ar\/#organization\"},\"potentialAction\":[{\"@type\":\"SearchAction\",\"target\":{\"@type\":\"EntryPoint\",\"urlTemplate\":\"https:\/\/luxon.com\/es-ar\/?s={search_term_string}\"},\"query-input\":{\"@type\":\"PropertyValueSpecification\",\"valueRequired\":true,\"valueName\":\"search_term_string\"}}],\"inLanguage\":\"es-AR\"},{\"@type\":\"Organization\",\"@id\":\"https:\/\/luxon.com\/es-ar\/#organization\",\"name\":\"Luxon Pay\",\"url\":\"https:\/\/luxon.com\/es-ar\/\",\"logo\":{\"@type\":\"ImageObject\",\"inLanguage\":\"es-AR\",\"@id\":\"https:\/\/luxon.com\/es-ar\/#\/schema\/logo\/image\/\",\"url\":\"https:\/\/luxon.com\/wp-content\/uploads\/WebsiteImage04.png\",\"contentUrl\":\"https:\/\/luxon.com\/wp-content\/uploads\/WebsiteImage04.png\",\"width\":1200,\"height\":630,\"caption\":\"Luxon Pay\"},\"image\":{\"@id\":\"https:\/\/luxon.com\/es-ar\/#\/schema\/logo\/image\/\"}}]}<\/script>\n<!-- \/ Yoast SEO plugin. -->","yoast_head_json":{"title":"Gana una entrada gratuita de $10,000 para el Evento Principal del WSOP en nuestro sorteo exclusivo - Luxon Pay","robots":{"index":"index","follow":"follow","max-snippet":"max-snippet:-1","max-image-preview":"max-image-preview:large","max-video-preview":"max-video-preview:-1"},"canonical":"https:\/\/luxon.com\/es-ar\/win-a-free-10000-wsop-main-event-seat-in-our-exclusive-giveaway\/","og_locale":"es_ES","og_type":"article","og_title":"Gana una entrada gratuita de $10,000 para el Evento Principal del WSOP en nuestro sorteo exclusivo - Luxon Pay","og_description":"Sigue a Luxon Pay en X Comparte la publicaci\u00f3n en X Compra la entrada para cualquier evento del WSOP a trav\u00e9s de Luxon Pay antes del 30 de junio T\u00e9rminos y Condiciones 1.\u2060 \u2060Los usuarios deben comprar una entrada a trav\u00e9s de la app WSOP+ y pagar con Luxon Pay para ser elegibles para la... Read more &raquo;","og_url":"https:\/\/luxon.com\/es-ar\/win-a-free-10000-wsop-main-event-seat-in-our-exclusive-giveaway\/","og_site_name":"Luxon Pay","article_modified_time":"2025-05-29T15:49:10+00:00","og_image":[{"width":404,"height":640,"url":"https:\/\/luxon.com\/wp-content\/uploads\/Luxon-website-banner-image.png","type":"image\/png"}],"twitter_card":"summary_large_image","twitter_misc":{"Tiempo de lectura":"1 minuto"},"schema":{"@context":"https:\/\/schema.org","@graph":[{"@type":"WebPage","@id":"https:\/\/luxon.com\/es-ar\/win-a-free-10000-wsop-main-event-seat-in-our-exclusive-giveaway\/","url":"https:\/\/luxon.com\/es-ar\/win-a-free-10000-wsop-main-event-seat-in-our-exclusive-giveaway\/","name":"Gana una entrada gratuita de $10,000 para el Evento Principal del WSOP en nuestro sorteo exclusivo - Luxon Pay","isPartOf":{"@id":"https:\/\/luxon.com\/es-ar\/#website"},"primaryImageOfPage":{"@id":"https:\/\/luxon.com\/es-ar\/win-a-free-10000-wsop-main-event-seat-in-our-exclusive-giveaway\/#primaryimage"},"image":{"@id":"https:\/\/luxon.com\/es-ar\/win-a-free-10000-wsop-main-event-seat-in-our-exclusive-giveaway\/#primaryimage"},"thumbnailUrl":"https:\/\/luxon.com\/wp-content\/uploads\/Luxon-website-banner-image.png","datePublished":"2025-05-22T14:37:46+00:00","dateModified":"2025-05-29T15:49:10+00:00","inLanguage":"es-AR","potentialAction":[{"@type":"ReadAction","target":["https:\/\/luxon.com\/es-ar\/win-a-free-10000-wsop-main-event-seat-in-our-exclusive-giveaway\/"]}]},{"@type":"ImageObject","inLanguage":"es-AR","@id":"https:\/\/luxon.com\/es-ar\/win-a-free-10000-wsop-main-event-seat-in-our-exclusive-giveaway\/#primaryimage","url":"https:\/\/luxon.com\/wp-content\/uploads\/Luxon-website-banner-image.png","contentUrl":"https:\/\/luxon.com\/wp-content\/uploads\/Luxon-website-banner-image.png","width":404,"height":640},{"@type":"WebSite","@id":"https:\/\/luxon.com\/es-ar\/#website","url":"https:\/\/luxon.com\/es-ar\/","name":"Luxon Pay","description":"Instant secure global payments","publisher":{"@id":"https:\/\/luxon.com\/es-ar\/#organization"},"potentialAction":[{"@type":"SearchAction","target":{"@type":"EntryPoint","urlTemplate":"https:\/\/luxon.com\/es-ar\/?s={search_term_string}"},"query-input":{"@type":"PropertyValueSpecification","valueRequired":true,"valueName":"search_term_string"}}],"inLanguage":"es-AR"},{"@type":"Organization","@id":"https:\/\/luxon.com\/es-ar\/#organization","name":"Luxon Pay","url":"https:\/\/luxon.com\/es-ar\/","logo":{"@type":"ImageObject","inLanguage":"es-AR","@id":"https:\/\/luxon.com\/es-ar\/#\/schema\/logo\/image\/","url":"https:\/\/luxon.com\/wp-content\/uploads\/WebsiteImage04.png","contentUrl":"https:\/\/luxon.com\/wp-content\/uploads\/WebsiteImage04.png","width":1200,"height":630,"caption":"Luxon Pay"},"image":{"@id":"https:\/\/luxon.com\/es-ar\/#\/schema\/logo\/image\/"}}]}},"_links":{"self":[{"href":"https:\/\/luxon.com\/es-ar\/wp-json\/wp\/v2\/pages\/29885","targetHints":{"allow":["GET"]}}],"collection":[{"href":"https:\/\/luxon.com\/es-ar\/wp-json\/wp\/v2\/pages"}],"about":[{"href":"https:\/\/luxon.com\/es-ar\/wp-json\/wp\/v2\/types\/page"}],"author":[{"embeddable":true,"href":"https:\/\/luxon.com\/es-ar\/wp-json\/wp\/v2\/users\/5"}],"replies":[{"embeddable":true,"href":"https:\/\/luxon.com\/es-ar\/wp-json\/wp\/v2\/comments?post=29885"}],"version-history":[{"count":2,"href":"https:\/\/luxon.com\/es-ar\/wp-json\/wp\/v2\/pages\/29885\/revisions"}],"predecessor-version":[{"id":29887,"href":"https:\/\/luxon.com\/es-ar\/wp-json\/wp\/v2\/pages\/29885\/revisions\/29887"}],"wp:featuredmedia":[{"embeddable":true,"href":"https:\/\/luxon.com\/es-ar\/wp-json\/wp\/v2\/media\/29586"}],"wp:attachment":[{"href":"https:\/\/luxon.com\/es-ar\/wp-json\/wp\/v2\/media?parent=29885"}],"curies":[{"name":"wp","href":"https:\/\/api.w.org\/{rel}","templated":true}]}}