{"id":32155,"date":"2025-08-29T13:57:14","date_gmt":"2025-08-29T13:57:14","guid":{"rendered":"https:\/\/luxon.com\/luxon-welcomes-you-to-paradise-with-5000\/"},"modified":"2025-10-10T20:38:45","modified_gmt":"2025-10-10T20:38:45","slug":"luxon-welcomes-you-to-paradise-with-5000","status":"publish","type":"page","link":"https:\/\/luxon.com\/es-ar\/luxon-welcomes-you-to-paradise-with-5000\/","title":{"rendered":"\u00a1Luxon Pay te da la bienvenida al Para\u00edso con 5.000\u202f$!"},"content":{"rendered":"<p style=\"font-weight: 400;\">\u00bfEs tu primera vez en el Para\u00edso? Si este es tu debut en WSOP Paradise, Luxon Pay quiere desplegar la alfombra roja para ti. Esta promoci\u00f3n especial est\u00e1 pensada para dar a los reci\u00e9n llegados un impulso extra al entrar en acci\u00f3n.<\/p>\n<p style=\"font-weight: 400;\">\n<p style=\"font-weight: 400;\">\n","protected":false},"excerpt":{"rendered":"<p>\u00bfEs tu primera vez en el Para\u00edso? Si este es tu debut en WSOP Paradise, Luxon Pay quiere desplegar la alfombra roja para ti. Esta promoci\u00f3n especial est\u00e1 pensada para dar a los reci\u00e9n llegados un impulso extra al entrar en acci\u00f3n.<\/p>\n","protected":false},"author":3,"featured_media":31584,"parent":0,"menu_order":0,"comment_status":"closed","ping_status":"closed","template":"templates\/block-template.php","meta":{"_acf_changed":false,"footnotes":""},"class_list":["post-32155","page","type-page","status-publish","has-post-thumbnail","hentry"],"acf":[],"yoast_head":"<!-- This site is optimized with the Yoast SEO plugin v27.4 - https:\/\/yoast.com\/product\/yoast-seo-wordpress\/ -->\n<title>\u00a1Luxon Pay te da la bienvenida al Para\u00edso con 5.000\u202f$! - Luxon Pay<\/title>\n<meta name=\"robots\" content=\"index, follow, max-snippet:-1, max-image-preview:large, max-video-preview:-1\" \/>\n<link rel=\"canonical\" href=\"https:\/\/luxon.com\/es-ar\/luxon-welcomes-you-to-paradise-with-5000\/\" \/>\n<meta property=\"og:locale\" content=\"es_ES\" \/>\n<meta property=\"og:type\" content=\"article\" \/>\n<meta property=\"og:title\" content=\"\u00a1Luxon Pay te da la bienvenida al Para\u00edso con 5.000\u202f$! - Luxon Pay\" \/>\n<meta property=\"og:description\" content=\"\u00bfEs tu primera vez en el Para\u00edso? Si este es tu debut en WSOP Paradise, Luxon Pay quiere desplegar la alfombra roja para ti. Esta promoci\u00f3n especial est\u00e1 pensada para dar a los reci\u00e9n llegados un impulso extra al entrar en acci\u00f3n.\" \/>\n<meta property=\"og:url\" content=\"https:\/\/luxon.com\/es-ar\/luxon-welcomes-you-to-paradise-with-5000\/\" \/>\n<meta property=\"og:site_name\" content=\"Luxon Pay\" \/>\n<meta property=\"article:modified_time\" content=\"2025-10-10T20:38:45+00:00\" \/>\n<meta property=\"og:image\" content=\"https:\/\/luxon.com\/wp-content\/uploads\/WSOP_Paradise_Header.png\" \/>\n\t<meta property=\"og:image:width\" content=\"720\" \/>\n\t<meta property=\"og:image:height\" content=\"686\" \/>\n\t<meta property=\"og:image:type\" content=\"image\/png\" \/>\n<meta name=\"twitter:card\" content=\"summary_large_image\" \/>\n<meta name=\"twitter:label1\" content=\"Tiempo de lectura\" \/>\n\t<meta name=\"twitter:data1\" content=\"1 minuto\" \/>\n<script type=\"application\/ld+json\" class=\"yoast-schema-graph\">{\"@context\":\"https:\\\/\\\/schema.org\",\"@graph\":[{\"@type\":\"WebPage\",\"@id\":\"https:\\\/\\\/luxon.com\\\/es-ar\\\/luxon-welcomes-you-to-paradise-with-5000\\\/\",\"url\":\"https:\\\/\\\/luxon.com\\\/es-ar\\\/luxon-welcomes-you-to-paradise-with-5000\\\/\",\"name\":\"\u00a1Luxon Pay te da la bienvenida al Para\u00edso con 5.000\u202f$! - Luxon Pay\",\"isPartOf\":{\"@id\":\"https:\\\/\\\/luxon.com\\\/es-ar\\\/#website\"},\"primaryImageOfPage\":{\"@id\":\"https:\\\/\\\/luxon.com\\\/es-ar\\\/luxon-welcomes-you-to-paradise-with-5000\\\/#primaryimage\"},\"image\":{\"@id\":\"https:\\\/\\\/luxon.com\\\/es-ar\\\/luxon-welcomes-you-to-paradise-with-5000\\\/#primaryimage\"},\"thumbnailUrl\":\"https:\\\/\\\/luxon.com\\\/wp-content\\\/uploads\\\/WSOP_Paradise_Header.png\",\"datePublished\":\"2025-08-29T13:57:14+00:00\",\"dateModified\":\"2025-10-10T20:38:45+00:00\",\"inLanguage\":\"es-AR\",\"potentialAction\":[{\"@type\":\"ReadAction\",\"target\":[\"https:\\\/\\\/luxon.com\\\/es-ar\\\/luxon-welcomes-you-to-paradise-with-5000\\\/\"]}]},{\"@type\":\"ImageObject\",\"inLanguage\":\"es-AR\",\"@id\":\"https:\\\/\\\/luxon.com\\\/es-ar\\\/luxon-welcomes-you-to-paradise-with-5000\\\/#primaryimage\",\"url\":\"https:\\\/\\\/luxon.com\\\/wp-content\\\/uploads\\\/WSOP_Paradise_Header.png\",\"contentUrl\":\"https:\\\/\\\/luxon.com\\\/wp-content\\\/uploads\\\/WSOP_Paradise_Header.png\",\"width\":720,\"height\":686},{\"@type\":\"WebSite\",\"@id\":\"https:\\\/\\\/luxon.com\\\/es-ar\\\/#website\",\"url\":\"https:\\\/\\\/luxon.com\\\/es-ar\\\/\",\"name\":\"Luxon Pay\",\"description\":\"Instant secure global payments\",\"publisher\":{\"@id\":\"https:\\\/\\\/luxon.com\\\/es-ar\\\/#organization\"},\"potentialAction\":[{\"@type\":\"SearchAction\",\"target\":{\"@type\":\"EntryPoint\",\"urlTemplate\":\"https:\\\/\\\/luxon.com\\\/es-ar\\\/?s={search_term_string}\"},\"query-input\":{\"@type\":\"PropertyValueSpecification\",\"valueRequired\":true,\"valueName\":\"search_term_string\"}}],\"inLanguage\":\"es-AR\"},{\"@type\":\"Organization\",\"@id\":\"https:\\\/\\\/luxon.com\\\/es-ar\\\/#organization\",\"name\":\"Luxon Pay\",\"url\":\"https:\\\/\\\/luxon.com\\\/es-ar\\\/\",\"logo\":{\"@type\":\"ImageObject\",\"inLanguage\":\"es-AR\",\"@id\":\"https:\\\/\\\/luxon.com\\\/es-ar\\\/#\\\/schema\\\/logo\\\/image\\\/\",\"url\":\"https:\\\/\\\/luxon.com\\\/wp-content\\\/uploads\\\/WebsiteImage04.png\",\"contentUrl\":\"https:\\\/\\\/luxon.com\\\/wp-content\\\/uploads\\\/WebsiteImage04.png\",\"width\":1200,\"height\":630,\"caption\":\"Luxon Pay\"},\"image\":{\"@id\":\"https:\\\/\\\/luxon.com\\\/es-ar\\\/#\\\/schema\\\/logo\\\/image\\\/\"}}]}<\/script>\n<!-- \/ Yoast SEO plugin. -->","yoast_head_json":{"title":"\u00a1Luxon Pay te da la bienvenida al Para\u00edso con 5.000\u202f$! - Luxon Pay","robots":{"index":"index","follow":"follow","max-snippet":"max-snippet:-1","max-image-preview":"max-image-preview:large","max-video-preview":"max-video-preview:-1"},"canonical":"https:\/\/luxon.com\/es-ar\/luxon-welcomes-you-to-paradise-with-5000\/","og_locale":"es_ES","og_type":"article","og_title":"\u00a1Luxon Pay te da la bienvenida al Para\u00edso con 5.000\u202f$! - Luxon Pay","og_description":"\u00bfEs tu primera vez en el Para\u00edso? Si este es tu debut en WSOP Paradise, Luxon Pay quiere desplegar la alfombra roja para ti. Esta promoci\u00f3n especial est\u00e1 pensada para dar a los reci\u00e9n llegados un impulso extra al entrar en acci\u00f3n.","og_url":"https:\/\/luxon.com\/es-ar\/luxon-welcomes-you-to-paradise-with-5000\/","og_site_name":"Luxon Pay","article_modified_time":"2025-10-10T20:38:45+00:00","og_image":[{"width":720,"height":686,"url":"https:\/\/luxon.com\/wp-content\/uploads\/WSOP_Paradise_Header.png","type":"image\/png"}],"twitter_card":"summary_large_image","twitter_misc":{"Tiempo de lectura":"1 minuto"},"schema":{"@context":"https:\/\/schema.org","@graph":[{"@type":"WebPage","@id":"https:\/\/luxon.com\/es-ar\/luxon-welcomes-you-to-paradise-with-5000\/","url":"https:\/\/luxon.com\/es-ar\/luxon-welcomes-you-to-paradise-with-5000\/","name":"\u00a1Luxon Pay te da la bienvenida al Para\u00edso con 5.000\u202f$! - Luxon Pay","isPartOf":{"@id":"https:\/\/luxon.com\/es-ar\/#website"},"primaryImageOfPage":{"@id":"https:\/\/luxon.com\/es-ar\/luxon-welcomes-you-to-paradise-with-5000\/#primaryimage"},"image":{"@id":"https:\/\/luxon.com\/es-ar\/luxon-welcomes-you-to-paradise-with-5000\/#primaryimage"},"thumbnailUrl":"https:\/\/luxon.com\/wp-content\/uploads\/WSOP_Paradise_Header.png","datePublished":"2025-08-29T13:57:14+00:00","dateModified":"2025-10-10T20:38:45+00:00","inLanguage":"es-AR","potentialAction":[{"@type":"ReadAction","target":["https:\/\/luxon.com\/es-ar\/luxon-welcomes-you-to-paradise-with-5000\/"]}]},{"@type":"ImageObject","inLanguage":"es-AR","@id":"https:\/\/luxon.com\/es-ar\/luxon-welcomes-you-to-paradise-with-5000\/#primaryimage","url":"https:\/\/luxon.com\/wp-content\/uploads\/WSOP_Paradise_Header.png","contentUrl":"https:\/\/luxon.com\/wp-content\/uploads\/WSOP_Paradise_Header.png","width":720,"height":686},{"@type":"WebSite","@id":"https:\/\/luxon.com\/es-ar\/#website","url":"https:\/\/luxon.com\/es-ar\/","name":"Luxon Pay","description":"Instant secure global payments","publisher":{"@id":"https:\/\/luxon.com\/es-ar\/#organization"},"potentialAction":[{"@type":"SearchAction","target":{"@type":"EntryPoint","urlTemplate":"https:\/\/luxon.com\/es-ar\/?s={search_term_string}"},"query-input":{"@type":"PropertyValueSpecification","valueRequired":true,"valueName":"search_term_string"}}],"inLanguage":"es-AR"},{"@type":"Organization","@id":"https:\/\/luxon.com\/es-ar\/#organization","name":"Luxon Pay","url":"https:\/\/luxon.com\/es-ar\/","logo":{"@type":"ImageObject","inLanguage":"es-AR","@id":"https:\/\/luxon.com\/es-ar\/#\/schema\/logo\/image\/","url":"https:\/\/luxon.com\/wp-content\/uploads\/WebsiteImage04.png","contentUrl":"https:\/\/luxon.com\/wp-content\/uploads\/WebsiteImage04.png","width":1200,"height":630,"caption":"Luxon Pay"},"image":{"@id":"https:\/\/luxon.com\/es-ar\/#\/schema\/logo\/image\/"}}]}},"_links":{"self":[{"href":"https:\/\/luxon.com\/es-ar\/wp-json\/wp\/v2\/pages\/32155","targetHints":{"allow":["GET"]}}],"collection":[{"href":"https:\/\/luxon.com\/es-ar\/wp-json\/wp\/v2\/pages"}],"about":[{"href":"https:\/\/luxon.com\/es-ar\/wp-json\/wp\/v2\/types\/page"}],"author":[{"embeddable":true,"href":"https:\/\/luxon.com\/es-ar\/wp-json\/wp\/v2\/users\/3"}],"replies":[{"embeddable":true,"href":"https:\/\/luxon.com\/es-ar\/wp-json\/wp\/v2\/comments?post=32155"}],"version-history":[{"count":1,"href":"https:\/\/luxon.com\/es-ar\/wp-json\/wp\/v2\/pages\/32155\/revisions"}],"predecessor-version":[{"id":32156,"href":"https:\/\/luxon.com\/es-ar\/wp-json\/wp\/v2\/pages\/32155\/revisions\/32156"}],"wp:featuredmedia":[{"embeddable":true,"href":"https:\/\/luxon.com\/es-ar\/wp-json\/wp\/v2\/media\/31584"}],"wp:attachment":[{"href":"https:\/\/luxon.com\/es-ar\/wp-json\/wp\/v2\/media?parent=32155"}],"curies":[{"name":"wp","href":"https:\/\/api.w.org\/{rel}","templated":true}]}}