{"id":33329,"date":"2025-08-20T08:36:39","date_gmt":"2025-08-20T08:36:39","guid":{"rendered":"https:\/\/luxon.com\/luxon-pay-stone-cold-bubble-protection\/"},"modified":"2026-02-09T05:42:51","modified_gmt":"2026-02-09T05:42:51","slug":"luxon-pay-stone-cold-bubble-protection","status":"publish","type":"page","link":"https:\/\/luxon.com\/es-ar\/luxon-pay-stone-cold-bubble-protection\/","title":{"rendered":"Luxon Pay \u2013 Protecci\u00f3n Stone Cold contra la Burbuja"},"content":{"rendered":"<p data-start=\"180\" data-end=\"509\"><img loading=\"lazy\" decoding=\"async\" class=\"alignnone wp-image-31328\" src=\"https:\/\/luxon.com\/wp-content\/uploads\/LuxonBubbleProtectionBanner2-300x169.png\" alt=\"\" width=\"719\" height=\"405\" srcset=\"https:\/\/luxon.com\/wp-content\/uploads\/LuxonBubbleProtectionBanner2-300x169.png 300w, https:\/\/luxon.com\/wp-content\/uploads\/LuxonBubbleProtectionBanner2-1024x576.png 1024w, https:\/\/luxon.com\/wp-content\/uploads\/LuxonBubbleProtectionBanner2-768x432.png 768w, https:\/\/luxon.com\/wp-content\/uploads\/LuxonBubbleProtectionBanner2-1536x864.png 1536w, https:\/\/luxon.com\/wp-content\/uploads\/LuxonBubbleProtectionBanner2.png 1920w\" sizes=\"auto, (max-width: 719px) 100vw, 719px\" \/><\/p>\n<p>A nadie le gusta quedarse en la burbuja de un torneo: estar tan cerca de cobrar y marcharse con las manos vac\u00edas. Por eso, Luxon Pay te respalda. Con nuestra Protecci\u00f3n Stone Cold contra la Burbuja, si eres el jugador desafortunado que cae eliminado en la burbuja tras haber pagado la inscripci\u00f3n con Luxon Pay, te reembolsaremos el importe total del buy-in directamente en tu cuenta de Luxon.<\/p>\n<p>Juega con confianza, sabiendo que ni siquiera la burbuja podr\u00e1 romperte.<br \/>\nT\u00e9rminos y Condiciones:<\/p>\n<p>1.\u2060 \u2060Elegibilidad:<\/p>\n<p>Los jugadores deben procesar la inscripci\u00f3n al torneo a trav\u00e9s de la aplicaci\u00f3n Luxon Pay para poder optar a la protecci\u00f3n contra la burbuja.<br \/>\nPara reclamar la protecci\u00f3n, el jugador debe haber entrado al torneo al menos una vez utilizando Luxon Pay.<\/p>\n<p>La protecci\u00f3n contra la burbuja solo es aplicable a torneos espec\u00edficos, seg\u00fan se anuncie.<\/p>\n<p>2.\u2060 \u2060Definici\u00f3n de Protecci\u00f3n contra la Burbuja:<\/p>\n<p>La protecci\u00f3n contra la burbuja garantiza el reembolso del importe del buy-in si el jugador finaliza en la posici\u00f3n de \u201cburbuja\u201d (la primera posici\u00f3n fuera de los premios), siempre que no se haya realizado ning\u00fan acuerdo o reparto del \u00faltimo puesto premiado.<\/p>\n<p>El importe del reembolso ser\u00e1 equivalente al buy-in del torneo, excluyendo cualquier comisi\u00f3n o cargo adicional.<\/p>\n<p>3.\u2060 \u2060Solicitud de la Protecci\u00f3n contra la Burbuja:<\/p>\n<p>La protecci\u00f3n se aplica autom\u00e1ticamente cuando los jugadores procesan su inscripci\u00f3n al torneo a trav\u00e9s de la app de Luxon Pay.<\/p>\n<p>La determinaci\u00f3n del jugador burbuja ser\u00e1 confirmada por Luxon Pay en consulta con el casino o el Director del Torneo, bas\u00e1ndose exclusivamente en el sistema oficial del torneo del casino y en el nombre del jugador eliminado en la posici\u00f3n de burbuja.<\/p>\n<p>Los reembolsos se procesar\u00e1n dentro de las 72 horas h\u00e1biles posteriores a la verificaci\u00f3n de los resultados del torneo.<\/p>\n<p>4.\u2060 \u2060Limitaciones y Exclusiones:<\/p>\n<p>La protecci\u00f3n contra la burbuja no es transferible ni canjeable por efectivo.<br \/>\nEn caso de disputa sobre la posici\u00f3n de burbuja, la decisi\u00f3n de Luxon Pay ser\u00e1 definitiva.*<\/p>\n<p>La protecci\u00f3n contra la burbuja no cubre re-entradas ni add-ons.<\/p>\n<p>5.\u2060 \u2060Condiciones Generales:<\/p>\n<p>Luxon Pay se reserva el derecho de modificar o cancelar la oferta en cualquier momento.<br \/>\nCualquier actividad fraudulenta o uso indebido dar\u00e1 lugar a la descalificaci\u00f3n de la oferta.<\/p>\n<p>Al participar en esta promoci\u00f3n, los jugadores aceptan cumplir estos t\u00e9rminos y condiciones.<\/p>\n<p>*Esto significa que, si existe cualquier desacuerdo o discusi\u00f3n sobre si un jugador es realmente la \u201cburbuja\u201d (por ejemplo, debido a clasificaciones poco claras del torneo o disputas sobre acuerdos o repartos), Luxon Pay tendr\u00e1 la \u00faltima palabra al respecto.<\/p>\n<p>Esta cl\u00e1usula ayuda a proteger a Luxon Pay frente a discusiones prolongadas o reclamaciones por parte de jugadores que intenten impugnar la decisi\u00f3n, haciendo que el proceso sea m\u00e1s \u00e1gil y eficiente.<\/p>\n","protected":false},"excerpt":{"rendered":"<p>A nadie le gusta quedarse en la burbuja de un torneo: estar tan cerca de cobrar y marcharse con las manos vac\u00edas. Por eso, Luxon Pay te respalda. Con nuestra Protecci\u00f3n Stone Cold contra la Burbuja, si eres el jugador desafortunado que cae eliminado en la burbuja tras haber pagado la inscripci\u00f3n con Luxon Pay,<a class=\"excerpt-read-more\" href=\"https:\/\/luxon.com\/es-ar\/luxon-pay-stone-cold-bubble-protection\/\" title=\"ReadLuxon Pay \u2013 Protecci\u00f3n Stone Cold contra la Burbuja\">&#8230; Read more &raquo;<\/a><\/p>\n","protected":false},"author":9,"featured_media":31323,"parent":0,"menu_order":0,"comment_status":"closed","ping_status":"closed","template":"template-full-width.php","meta":{"_acf_changed":false,"footnotes":""},"class_list":["post-33329","page","type-page","status-publish","has-post-thumbnail","hentry"],"acf":[],"yoast_head":"<!-- This site is optimized with the Yoast SEO plugin v27.1.1 - https:\/\/yoast.com\/product\/yoast-seo-wordpress\/ -->\n<title>Luxon Pay \u2013 Protecci\u00f3n Stone Cold contra la Burbuja - Luxon Pay<\/title>\n<meta name=\"robots\" content=\"index, follow, max-snippet:-1, max-image-preview:large, max-video-preview:-1\" \/>\n<link rel=\"canonical\" href=\"https:\/\/luxon.com\/es-ar\/luxon-pay-stone-cold-bubble-protection\/\" \/>\n<meta property=\"og:locale\" content=\"es_ES\" \/>\n<meta property=\"og:type\" content=\"article\" \/>\n<meta property=\"og:title\" content=\"Luxon Pay \u2013 Protecci\u00f3n Stone Cold contra la Burbuja - Luxon Pay\" \/>\n<meta property=\"og:description\" content=\"A nadie le gusta quedarse en la burbuja de un torneo: estar tan cerca de cobrar y marcharse con las manos vac\u00edas. Por eso, Luxon Pay te respalda. Con nuestra Protecci\u00f3n Stone Cold contra la Burbuja, si eres el jugador desafortunado que cae eliminado en la burbuja tras haber pagado la inscripci\u00f3n con Luxon Pay,... Read more &raquo;\" \/>\n<meta property=\"og:url\" content=\"https:\/\/luxon.com\/es-ar\/luxon-pay-stone-cold-bubble-protection\/\" \/>\n<meta property=\"og:site_name\" content=\"Luxon Pay\" \/>\n<meta property=\"article:modified_time\" content=\"2026-02-09T05:42:51+00:00\" \/>\n<meta property=\"og:image\" content=\"https:\/\/luxon.com\/wp-content\/uploads\/LuxonBubbleProtectionBanner.jpeg\" \/>\n\t<meta property=\"og:image:width\" content=\"1920\" \/>\n\t<meta property=\"og:image:height\" content=\"1080\" \/>\n\t<meta property=\"og:image:type\" content=\"image\/jpeg\" \/>\n<meta name=\"twitter:card\" content=\"summary_large_image\" \/>\n<meta name=\"twitter:label1\" content=\"Tiempo de lectura\" \/>\n\t<meta name=\"twitter:data1\" content=\"3 minutos\" \/>\n<script type=\"application\/ld+json\" class=\"yoast-schema-graph\">{\"@context\":\"https:\/\/schema.org\",\"@graph\":[{\"@type\":\"WebPage\",\"@id\":\"https:\/\/luxon.com\/es-ar\/luxon-pay-stone-cold-bubble-protection\/\",\"url\":\"https:\/\/luxon.com\/es-ar\/luxon-pay-stone-cold-bubble-protection\/\",\"name\":\"Luxon Pay \u2013 Protecci\u00f3n Stone Cold contra la Burbuja - Luxon Pay\",\"isPartOf\":{\"@id\":\"https:\/\/luxon.com\/es-ar\/#website\"},\"primaryImageOfPage\":{\"@id\":\"https:\/\/luxon.com\/es-ar\/luxon-pay-stone-cold-bubble-protection\/#primaryimage\"},\"image\":{\"@id\":\"https:\/\/luxon.com\/es-ar\/luxon-pay-stone-cold-bubble-protection\/#primaryimage\"},\"thumbnailUrl\":\"https:\/\/luxon.com\/wp-content\/uploads\/LuxonBubbleProtectionBanner.jpeg\",\"datePublished\":\"2025-08-20T08:36:39+00:00\",\"dateModified\":\"2026-02-09T05:42:51+00:00\",\"inLanguage\":\"es-AR\",\"potentialAction\":[{\"@type\":\"ReadAction\",\"target\":[\"https:\/\/luxon.com\/es-ar\/luxon-pay-stone-cold-bubble-protection\/\"]}]},{\"@type\":\"ImageObject\",\"inLanguage\":\"es-AR\",\"@id\":\"https:\/\/luxon.com\/es-ar\/luxon-pay-stone-cold-bubble-protection\/#primaryimage\",\"url\":\"https:\/\/luxon.com\/wp-content\/uploads\/LuxonBubbleProtectionBanner.jpeg\",\"contentUrl\":\"https:\/\/luxon.com\/wp-content\/uploads\/LuxonBubbleProtectionBanner.jpeg\",\"width\":1920,\"height\":1080},{\"@type\":\"WebSite\",\"@id\":\"https:\/\/luxon.com\/es-ar\/#website\",\"url\":\"https:\/\/luxon.com\/es-ar\/\",\"name\":\"Luxon Pay\",\"description\":\"Instant secure global payments\",\"publisher\":{\"@id\":\"https:\/\/luxon.com\/es-ar\/#organization\"},\"potentialAction\":[{\"@type\":\"SearchAction\",\"target\":{\"@type\":\"EntryPoint\",\"urlTemplate\":\"https:\/\/luxon.com\/es-ar\/?s={search_term_string}\"},\"query-input\":{\"@type\":\"PropertyValueSpecification\",\"valueRequired\":true,\"valueName\":\"search_term_string\"}}],\"inLanguage\":\"es-AR\"},{\"@type\":\"Organization\",\"@id\":\"https:\/\/luxon.com\/es-ar\/#organization\",\"name\":\"Luxon Pay\",\"url\":\"https:\/\/luxon.com\/es-ar\/\",\"logo\":{\"@type\":\"ImageObject\",\"inLanguage\":\"es-AR\",\"@id\":\"https:\/\/luxon.com\/es-ar\/#\/schema\/logo\/image\/\",\"url\":\"https:\/\/luxon.com\/wp-content\/uploads\/WebsiteImage04.png\",\"contentUrl\":\"https:\/\/luxon.com\/wp-content\/uploads\/WebsiteImage04.png\",\"width\":1200,\"height\":630,\"caption\":\"Luxon Pay\"},\"image\":{\"@id\":\"https:\/\/luxon.com\/es-ar\/#\/schema\/logo\/image\/\"}}]}<\/script>\n<!-- \/ Yoast SEO plugin. -->","yoast_head_json":{"title":"Luxon Pay \u2013 Protecci\u00f3n Stone Cold contra la Burbuja - Luxon Pay","robots":{"index":"index","follow":"follow","max-snippet":"max-snippet:-1","max-image-preview":"max-image-preview:large","max-video-preview":"max-video-preview:-1"},"canonical":"https:\/\/luxon.com\/es-ar\/luxon-pay-stone-cold-bubble-protection\/","og_locale":"es_ES","og_type":"article","og_title":"Luxon Pay \u2013 Protecci\u00f3n Stone Cold contra la Burbuja - Luxon Pay","og_description":"A nadie le gusta quedarse en la burbuja de un torneo: estar tan cerca de cobrar y marcharse con las manos vac\u00edas. Por eso, Luxon Pay te respalda. Con nuestra Protecci\u00f3n Stone Cold contra la Burbuja, si eres el jugador desafortunado que cae eliminado en la burbuja tras haber pagado la inscripci\u00f3n con Luxon Pay,... Read more &raquo;","og_url":"https:\/\/luxon.com\/es-ar\/luxon-pay-stone-cold-bubble-protection\/","og_site_name":"Luxon Pay","article_modified_time":"2026-02-09T05:42:51+00:00","og_image":[{"width":1920,"height":1080,"url":"https:\/\/luxon.com\/wp-content\/uploads\/LuxonBubbleProtectionBanner.jpeg","type":"image\/jpeg"}],"twitter_card":"summary_large_image","twitter_misc":{"Tiempo de lectura":"3 minutos"},"schema":{"@context":"https:\/\/schema.org","@graph":[{"@type":"WebPage","@id":"https:\/\/luxon.com\/es-ar\/luxon-pay-stone-cold-bubble-protection\/","url":"https:\/\/luxon.com\/es-ar\/luxon-pay-stone-cold-bubble-protection\/","name":"Luxon Pay \u2013 Protecci\u00f3n Stone Cold contra la Burbuja - Luxon Pay","isPartOf":{"@id":"https:\/\/luxon.com\/es-ar\/#website"},"primaryImageOfPage":{"@id":"https:\/\/luxon.com\/es-ar\/luxon-pay-stone-cold-bubble-protection\/#primaryimage"},"image":{"@id":"https:\/\/luxon.com\/es-ar\/luxon-pay-stone-cold-bubble-protection\/#primaryimage"},"thumbnailUrl":"https:\/\/luxon.com\/wp-content\/uploads\/LuxonBubbleProtectionBanner.jpeg","datePublished":"2025-08-20T08:36:39+00:00","dateModified":"2026-02-09T05:42:51+00:00","inLanguage":"es-AR","potentialAction":[{"@type":"ReadAction","target":["https:\/\/luxon.com\/es-ar\/luxon-pay-stone-cold-bubble-protection\/"]}]},{"@type":"ImageObject","inLanguage":"es-AR","@id":"https:\/\/luxon.com\/es-ar\/luxon-pay-stone-cold-bubble-protection\/#primaryimage","url":"https:\/\/luxon.com\/wp-content\/uploads\/LuxonBubbleProtectionBanner.jpeg","contentUrl":"https:\/\/luxon.com\/wp-content\/uploads\/LuxonBubbleProtectionBanner.jpeg","width":1920,"height":1080},{"@type":"WebSite","@id":"https:\/\/luxon.com\/es-ar\/#website","url":"https:\/\/luxon.com\/es-ar\/","name":"Luxon Pay","description":"Instant secure global payments","publisher":{"@id":"https:\/\/luxon.com\/es-ar\/#organization"},"potentialAction":[{"@type":"SearchAction","target":{"@type":"EntryPoint","urlTemplate":"https:\/\/luxon.com\/es-ar\/?s={search_term_string}"},"query-input":{"@type":"PropertyValueSpecification","valueRequired":true,"valueName":"search_term_string"}}],"inLanguage":"es-AR"},{"@type":"Organization","@id":"https:\/\/luxon.com\/es-ar\/#organization","name":"Luxon Pay","url":"https:\/\/luxon.com\/es-ar\/","logo":{"@type":"ImageObject","inLanguage":"es-AR","@id":"https:\/\/luxon.com\/es-ar\/#\/schema\/logo\/image\/","url":"https:\/\/luxon.com\/wp-content\/uploads\/WebsiteImage04.png","contentUrl":"https:\/\/luxon.com\/wp-content\/uploads\/WebsiteImage04.png","width":1200,"height":630,"caption":"Luxon Pay"},"image":{"@id":"https:\/\/luxon.com\/es-ar\/#\/schema\/logo\/image\/"}}]}},"_links":{"self":[{"href":"https:\/\/luxon.com\/es-ar\/wp-json\/wp\/v2\/pages\/33329","targetHints":{"allow":["GET"]}}],"collection":[{"href":"https:\/\/luxon.com\/es-ar\/wp-json\/wp\/v2\/pages"}],"about":[{"href":"https:\/\/luxon.com\/es-ar\/wp-json\/wp\/v2\/types\/page"}],"author":[{"embeddable":true,"href":"https:\/\/luxon.com\/es-ar\/wp-json\/wp\/v2\/users\/9"}],"replies":[{"embeddable":true,"href":"https:\/\/luxon.com\/es-ar\/wp-json\/wp\/v2\/comments?post=33329"}],"version-history":[{"count":1,"href":"https:\/\/luxon.com\/es-ar\/wp-json\/wp\/v2\/pages\/33329\/revisions"}],"predecessor-version":[{"id":33330,"href":"https:\/\/luxon.com\/es-ar\/wp-json\/wp\/v2\/pages\/33329\/revisions\/33330"}],"wp:featuredmedia":[{"embeddable":true,"href":"https:\/\/luxon.com\/es-ar\/wp-json\/wp\/v2\/media\/31323"}],"wp:attachment":[{"href":"https:\/\/luxon.com\/es-ar\/wp-json\/wp\/v2\/media?parent=33329"}],"curies":[{"name":"wp","href":"https:\/\/api.w.org\/{rel}","templated":true}]}}