{"id":33472,"date":"2026-02-17T20:00:32","date_gmt":"2026-02-17T20:00:32","guid":{"rendered":"https:\/\/luxon.com\/?page_id=33472"},"modified":"2026-02-17T16:44:13","modified_gmt":"2026-02-17T16:44:13","slug":"luxon-pay-introduce-cero-comisiones-por-retiro-para-los-clientes","status":"publish","type":"page","link":"https:\/\/luxon.com\/es-ar\/luxon-pay-introduce-cero-comisiones-por-retiro-para-los-clientes\/","title":{"rendered":"Luxon Pay introduce cero comisiones por retiro para los clientes"},"content":{"rendered":"<h3 style=\"text-align: center;\"><strong>Una forma m\u00e1s clara y transparente de acceder a su dinero.<\/strong><\/h3>\n<p>&nbsp;<\/p>\n<p>Nos dijo que las comisiones por retiro eran frustrantes. Le escuchamos.<\/p>\n<p>Los clientes de Luxon Pay ahora pueden retirar fondos sin comisiones de retiro de Luxon Pay, con un acceso m\u00e1s claro y predecible a su dinero.<\/p>\n<p>Porque es su dinero \u2014 no el nuestro. Esta actualizaci\u00f3n refleja el compromiso de Luxon Pay con la transparencia y la confianza en el movimiento de dinero de todos los d\u00edas, y le da expectativas m\u00e1s claras al retirar tus fondos.<\/p>\n<p>Frecuentemente, acceder a su propio dinero trae una incertidumbre innecesaria: cargos poco claros o deducciones inesperadas. Este cambio elimina las comisiones por retiro de Luxon Pay y da mayor claridad al retirar fondos.<\/p>\n<p>Mueva su dinero con confianza.<\/p>\n<p><img loading=\"lazy\" decoding=\"async\" class=\"alignnone size-full wp-image-33432\" src=\"https:\/\/luxon.com\/wp-content\/uploads\/Blog-Image_1600x900.png\" alt=\"\" width=\"1600\" height=\"900\" srcset=\"https:\/\/luxon.com\/wp-content\/uploads\/Blog-Image_1600x900.png 1600w, https:\/\/luxon.com\/wp-content\/uploads\/Blog-Image_1600x900-300x169.png 300w, https:\/\/luxon.com\/wp-content\/uploads\/Blog-Image_1600x900-1024x576.png 1024w, https:\/\/luxon.com\/wp-content\/uploads\/Blog-Image_1600x900-768x432.png 768w, https:\/\/luxon.com\/wp-content\/uploads\/Blog-Image_1600x900-1536x864.png 1536w\" sizes=\"auto, (max-width: 1600px) 100vw, 1600px\" \/><\/p>\n","protected":false},"excerpt":{"rendered":"<p>Una forma m\u00e1s clara y transparente de acceder a su dinero. &nbsp; Nos dijo que las comisiones por retiro eran frustrantes. Le escuchamos. Los clientes de Luxon Pay ahora pueden retirar fondos sin comisiones de retiro de Luxon Pay, con un acceso m\u00e1s claro y predecible a su dinero. Porque es su dinero \u2014 no<a class=\"excerpt-read-more\" href=\"https:\/\/luxon.com\/es-ar\/luxon-pay-introduce-cero-comisiones-por-retiro-para-los-clientes\/\" title=\"ReadLuxon Pay introduce cero comisiones por retiro para los clientes\">&#8230; Read more &raquo;<\/a><\/p>\n","protected":false},"author":3,"featured_media":33432,"parent":0,"menu_order":0,"comment_status":"closed","ping_status":"closed","template":"templates\/terms-and-conditions.php","meta":{"_acf_changed":false,"footnotes":""},"class_list":["post-33472","page","type-page","status-publish","has-post-thumbnail","hentry"],"acf":[],"yoast_head":"<!-- This site is optimized with the Yoast SEO plugin v27.4 - https:\/\/yoast.com\/product\/yoast-seo-wordpress\/ -->\n<title>Luxon Pay introduce cero comisiones por retiro para los clientes - Luxon Pay<\/title>\n<meta name=\"robots\" content=\"index, follow, max-snippet:-1, max-image-preview:large, max-video-preview:-1\" \/>\n<link rel=\"canonical\" href=\"https:\/\/luxon.com\/es-ar\/luxon-pay-introduce-cero-comisiones-por-retiro-para-los-clientes\/\" \/>\n<meta property=\"og:locale\" content=\"es_ES\" \/>\n<meta property=\"og:type\" content=\"article\" \/>\n<meta property=\"og:title\" content=\"Luxon Pay introduce cero comisiones por retiro para los clientes - Luxon Pay\" \/>\n<meta property=\"og:description\" content=\"Una forma m\u00e1s clara y transparente de acceder a su dinero. &nbsp; Nos dijo que las comisiones por retiro eran frustrantes. Le escuchamos. Los clientes de Luxon Pay ahora pueden retirar fondos sin comisiones de retiro de Luxon Pay, con un acceso m\u00e1s claro y predecible a su dinero. Porque es su dinero \u2014 no... Read more &raquo;\" \/>\n<meta property=\"og:url\" content=\"https:\/\/luxon.com\/es-ar\/luxon-pay-introduce-cero-comisiones-por-retiro-para-los-clientes\/\" \/>\n<meta property=\"og:site_name\" content=\"Luxon Pay\" \/>\n<meta property=\"og:image\" content=\"https:\/\/luxon.com\/wp-content\/uploads\/Blog-Image_1600x900.png\" \/>\n\t<meta property=\"og:image:width\" content=\"1600\" \/>\n\t<meta property=\"og:image:height\" content=\"900\" \/>\n\t<meta property=\"og:image:type\" content=\"image\/png\" \/>\n<meta name=\"twitter:card\" content=\"summary_large_image\" \/>\n<meta name=\"twitter:label1\" content=\"Tiempo de lectura\" \/>\n\t<meta name=\"twitter:data1\" content=\"1 minuto\" \/>\n<script type=\"application\/ld+json\" class=\"yoast-schema-graph\">{\"@context\":\"https:\\\/\\\/schema.org\",\"@graph\":[{\"@type\":\"WebPage\",\"@id\":\"https:\\\/\\\/luxon.com\\\/es-ar\\\/luxon-pay-introduce-cero-comisiones-por-retiro-para-los-clientes\\\/\",\"url\":\"https:\\\/\\\/luxon.com\\\/es-ar\\\/luxon-pay-introduce-cero-comisiones-por-retiro-para-los-clientes\\\/\",\"name\":\"Luxon Pay introduce cero comisiones por retiro para los clientes - Luxon Pay\",\"isPartOf\":{\"@id\":\"https:\\\/\\\/luxon.com\\\/es-ar\\\/#website\"},\"primaryImageOfPage\":{\"@id\":\"https:\\\/\\\/luxon.com\\\/es-ar\\\/luxon-pay-introduce-cero-comisiones-por-retiro-para-los-clientes\\\/#primaryimage\"},\"image\":{\"@id\":\"https:\\\/\\\/luxon.com\\\/es-ar\\\/luxon-pay-introduce-cero-comisiones-por-retiro-para-los-clientes\\\/#primaryimage\"},\"thumbnailUrl\":\"https:\\\/\\\/luxon.com\\\/wp-content\\\/uploads\\\/Blog-Image_1600x900.png\",\"datePublished\":\"2026-02-17T20:00:32+00:00\",\"inLanguage\":\"es-AR\",\"potentialAction\":[{\"@type\":\"ReadAction\",\"target\":[\"https:\\\/\\\/luxon.com\\\/es-ar\\\/luxon-pay-introduce-cero-comisiones-por-retiro-para-los-clientes\\\/\"]}]},{\"@type\":\"ImageObject\",\"inLanguage\":\"es-AR\",\"@id\":\"https:\\\/\\\/luxon.com\\\/es-ar\\\/luxon-pay-introduce-cero-comisiones-por-retiro-para-los-clientes\\\/#primaryimage\",\"url\":\"https:\\\/\\\/luxon.com\\\/wp-content\\\/uploads\\\/Blog-Image_1600x900.png\",\"contentUrl\":\"https:\\\/\\\/luxon.com\\\/wp-content\\\/uploads\\\/Blog-Image_1600x900.png\",\"width\":1600,\"height\":900},{\"@type\":\"WebSite\",\"@id\":\"https:\\\/\\\/luxon.com\\\/es-ar\\\/#website\",\"url\":\"https:\\\/\\\/luxon.com\\\/es-ar\\\/\",\"name\":\"Luxon Pay\",\"description\":\"Instant secure global payments\",\"publisher\":{\"@id\":\"https:\\\/\\\/luxon.com\\\/es-ar\\\/#organization\"},\"potentialAction\":[{\"@type\":\"SearchAction\",\"target\":{\"@type\":\"EntryPoint\",\"urlTemplate\":\"https:\\\/\\\/luxon.com\\\/es-ar\\\/?s={search_term_string}\"},\"query-input\":{\"@type\":\"PropertyValueSpecification\",\"valueRequired\":true,\"valueName\":\"search_term_string\"}}],\"inLanguage\":\"es-AR\"},{\"@type\":\"Organization\",\"@id\":\"https:\\\/\\\/luxon.com\\\/es-ar\\\/#organization\",\"name\":\"Luxon Pay\",\"url\":\"https:\\\/\\\/luxon.com\\\/es-ar\\\/\",\"logo\":{\"@type\":\"ImageObject\",\"inLanguage\":\"es-AR\",\"@id\":\"https:\\\/\\\/luxon.com\\\/es-ar\\\/#\\\/schema\\\/logo\\\/image\\\/\",\"url\":\"https:\\\/\\\/luxon.com\\\/wp-content\\\/uploads\\\/WebsiteImage04.png\",\"contentUrl\":\"https:\\\/\\\/luxon.com\\\/wp-content\\\/uploads\\\/WebsiteImage04.png\",\"width\":1200,\"height\":630,\"caption\":\"Luxon Pay\"},\"image\":{\"@id\":\"https:\\\/\\\/luxon.com\\\/es-ar\\\/#\\\/schema\\\/logo\\\/image\\\/\"}}]}<\/script>\n<!-- \/ Yoast SEO plugin. -->","yoast_head_json":{"title":"Luxon Pay introduce cero comisiones por retiro para los clientes - Luxon Pay","robots":{"index":"index","follow":"follow","max-snippet":"max-snippet:-1","max-image-preview":"max-image-preview:large","max-video-preview":"max-video-preview:-1"},"canonical":"https:\/\/luxon.com\/es-ar\/luxon-pay-introduce-cero-comisiones-por-retiro-para-los-clientes\/","og_locale":"es_ES","og_type":"article","og_title":"Luxon Pay introduce cero comisiones por retiro para los clientes - Luxon Pay","og_description":"Una forma m\u00e1s clara y transparente de acceder a su dinero. &nbsp; Nos dijo que las comisiones por retiro eran frustrantes. Le escuchamos. Los clientes de Luxon Pay ahora pueden retirar fondos sin comisiones de retiro de Luxon Pay, con un acceso m\u00e1s claro y predecible a su dinero. Porque es su dinero \u2014 no... Read more &raquo;","og_url":"https:\/\/luxon.com\/es-ar\/luxon-pay-introduce-cero-comisiones-por-retiro-para-los-clientes\/","og_site_name":"Luxon Pay","og_image":[{"width":1600,"height":900,"url":"https:\/\/luxon.com\/wp-content\/uploads\/Blog-Image_1600x900.png","type":"image\/png"}],"twitter_card":"summary_large_image","twitter_misc":{"Tiempo de lectura":"1 minuto"},"schema":{"@context":"https:\/\/schema.org","@graph":[{"@type":"WebPage","@id":"https:\/\/luxon.com\/es-ar\/luxon-pay-introduce-cero-comisiones-por-retiro-para-los-clientes\/","url":"https:\/\/luxon.com\/es-ar\/luxon-pay-introduce-cero-comisiones-por-retiro-para-los-clientes\/","name":"Luxon Pay introduce cero comisiones por retiro para los clientes - Luxon Pay","isPartOf":{"@id":"https:\/\/luxon.com\/es-ar\/#website"},"primaryImageOfPage":{"@id":"https:\/\/luxon.com\/es-ar\/luxon-pay-introduce-cero-comisiones-por-retiro-para-los-clientes\/#primaryimage"},"image":{"@id":"https:\/\/luxon.com\/es-ar\/luxon-pay-introduce-cero-comisiones-por-retiro-para-los-clientes\/#primaryimage"},"thumbnailUrl":"https:\/\/luxon.com\/wp-content\/uploads\/Blog-Image_1600x900.png","datePublished":"2026-02-17T20:00:32+00:00","inLanguage":"es-AR","potentialAction":[{"@type":"ReadAction","target":["https:\/\/luxon.com\/es-ar\/luxon-pay-introduce-cero-comisiones-por-retiro-para-los-clientes\/"]}]},{"@type":"ImageObject","inLanguage":"es-AR","@id":"https:\/\/luxon.com\/es-ar\/luxon-pay-introduce-cero-comisiones-por-retiro-para-los-clientes\/#primaryimage","url":"https:\/\/luxon.com\/wp-content\/uploads\/Blog-Image_1600x900.png","contentUrl":"https:\/\/luxon.com\/wp-content\/uploads\/Blog-Image_1600x900.png","width":1600,"height":900},{"@type":"WebSite","@id":"https:\/\/luxon.com\/es-ar\/#website","url":"https:\/\/luxon.com\/es-ar\/","name":"Luxon Pay","description":"Instant secure global payments","publisher":{"@id":"https:\/\/luxon.com\/es-ar\/#organization"},"potentialAction":[{"@type":"SearchAction","target":{"@type":"EntryPoint","urlTemplate":"https:\/\/luxon.com\/es-ar\/?s={search_term_string}"},"query-input":{"@type":"PropertyValueSpecification","valueRequired":true,"valueName":"search_term_string"}}],"inLanguage":"es-AR"},{"@type":"Organization","@id":"https:\/\/luxon.com\/es-ar\/#organization","name":"Luxon Pay","url":"https:\/\/luxon.com\/es-ar\/","logo":{"@type":"ImageObject","inLanguage":"es-AR","@id":"https:\/\/luxon.com\/es-ar\/#\/schema\/logo\/image\/","url":"https:\/\/luxon.com\/wp-content\/uploads\/WebsiteImage04.png","contentUrl":"https:\/\/luxon.com\/wp-content\/uploads\/WebsiteImage04.png","width":1200,"height":630,"caption":"Luxon Pay"},"image":{"@id":"https:\/\/luxon.com\/es-ar\/#\/schema\/logo\/image\/"}}]}},"_links":{"self":[{"href":"https:\/\/luxon.com\/es-ar\/wp-json\/wp\/v2\/pages\/33472","targetHints":{"allow":["GET"]}}],"collection":[{"href":"https:\/\/luxon.com\/es-ar\/wp-json\/wp\/v2\/pages"}],"about":[{"href":"https:\/\/luxon.com\/es-ar\/wp-json\/wp\/v2\/types\/page"}],"author":[{"embeddable":true,"href":"https:\/\/luxon.com\/es-ar\/wp-json\/wp\/v2\/users\/3"}],"replies":[{"embeddable":true,"href":"https:\/\/luxon.com\/es-ar\/wp-json\/wp\/v2\/comments?post=33472"}],"version-history":[{"count":2,"href":"https:\/\/luxon.com\/es-ar\/wp-json\/wp\/v2\/pages\/33472\/revisions"}],"predecessor-version":[{"id":33494,"href":"https:\/\/luxon.com\/es-ar\/wp-json\/wp\/v2\/pages\/33472\/revisions\/33494"}],"wp:featuredmedia":[{"embeddable":true,"href":"https:\/\/luxon.com\/es-ar\/wp-json\/wp\/v2\/media\/33432"}],"wp:attachment":[{"href":"https:\/\/luxon.com\/es-ar\/wp-json\/wp\/v2\/media?parent=33472"}],"curies":[{"name":"wp","href":"https:\/\/api.w.org\/{rel}","templated":true}]}}