{"id":33655,"date":"2026-02-24T13:11:43","date_gmt":"2026-02-24T13:11:43","guid":{"rendered":"https:\/\/luxon.com\/receive-1-cashback-on-all-pokerstars-deposits\/"},"modified":"2026-03-09T07:28:57","modified_gmt":"2026-03-09T07:28:57","slug":"receive-1-cashback-on-all-pokerstars-deposits","status":"publish","type":"page","link":"https:\/\/luxon.com\/es-ar\/receive-1-cashback-on-all-pokerstars-deposits\/","title":{"rendered":"Reciba un 1% de cashback sobre todos sus dep\u00f3sitos en PokerStars."},"content":{"rendered":"<p><strong>1% de cashback en todos los dep\u00f3sitos online en PokerStars realizados con Luxon Pay.<\/strong><\/p>\n<p><strong>C\u00f3mo funciona:<\/strong><br \/>\n\u2022\u2060 \u2060Realice un dep\u00f3sito online en PokerStars utilizando Luxon Pay.<br \/>\n\u2022\u2060 \u2060Reciba un 1% de cashback sobre todos sus dep\u00f3sitos en PokerStars.<\/p>\n<p>Si ya est\u00e1 participando en SCOOP, esta es una forma sencilla de obtener un beneficio adicional por su juego.<\/p>\n<p>\u00a1Le deseamos mucha suerte en las mesas!<\/p>\n<p><strong>T\u00e9rminos y Condiciones<\/strong><\/p>\n<ul>\n<li>Esta oferta es v\u00e1lida para dep\u00f3sitos en PokerStars realizados entre el 10 de marzo y el 25 de marzo de 2026.<\/li>\n<li>El cashback se acreditar\u00e1 autom\u00e1ticamente en un plazo m\u00e1ximo de 7 d\u00edas h\u00e1biles tras la finalizaci\u00f3n de la promoci\u00f3n.<\/li>\n<li>No existe l\u00edmite m\u00e1ximo de cashback.<\/li>\n<li>Esta promoci\u00f3n es nominativa e intransferible.<\/li>\n<li>V\u00e1lida \u00fanicamente para comercios online. Excluye plataformas o dep\u00f3sitos relacionados con eventos en vivo.<\/li>\n<li>Se aplican las condiciones generales de Luxon Pay<\/li>\n<\/ul>\n","protected":false},"excerpt":{"rendered":"<p>1% de cashback en todos los dep\u00f3sitos online en PokerStars realizados con Luxon Pay. C\u00f3mo funciona: \u2022\u2060 \u2060Realice un dep\u00f3sito online en PokerStars utilizando Luxon Pay. \u2022\u2060 \u2060Reciba un 1% de cashback sobre todos sus dep\u00f3sitos en PokerStars. Si ya est\u00e1 participando en SCOOP, esta es una forma sencilla de obtener un beneficio adicional por<a class=\"excerpt-read-more\" href=\"https:\/\/luxon.com\/es-ar\/receive-1-cashback-on-all-pokerstars-deposits\/\" title=\"ReadReciba un 1% de cashback sobre todos sus dep\u00f3sitos en PokerStars.\">&#8230; Read more &raquo;<\/a><\/p>\n","protected":false},"author":5,"featured_media":33647,"parent":0,"menu_order":0,"comment_status":"closed","ping_status":"closed","template":"templates\/block-template.php","meta":{"_acf_changed":false,"footnotes":""},"class_list":["post-33655","page","type-page","status-publish","has-post-thumbnail","hentry"],"acf":[],"yoast_head":"<!-- This site is optimized with the Yoast SEO plugin v27.4 - https:\/\/yoast.com\/product\/yoast-seo-wordpress\/ -->\n<title>Reciba un 1% de cashback sobre todos sus dep\u00f3sitos en PokerStars. - Luxon Pay<\/title>\n<meta name=\"robots\" content=\"index, follow, max-snippet:-1, max-image-preview:large, max-video-preview:-1\" \/>\n<link rel=\"canonical\" href=\"https:\/\/luxon.com\/es-ar\/receive-1-cashback-on-all-pokerstars-deposits\/\" \/>\n<meta property=\"og:locale\" content=\"es_ES\" \/>\n<meta property=\"og:type\" content=\"article\" \/>\n<meta property=\"og:title\" content=\"Reciba un 1% de cashback sobre todos sus dep\u00f3sitos en PokerStars. - Luxon Pay\" \/>\n<meta property=\"og:description\" content=\"1% de cashback en todos los dep\u00f3sitos online en PokerStars realizados con Luxon Pay. C\u00f3mo funciona: \u2022\u2060 \u2060Realice un dep\u00f3sito online en PokerStars utilizando Luxon Pay. \u2022\u2060 \u2060Reciba un 1% de cashback sobre todos sus dep\u00f3sitos en PokerStars. Si ya est\u00e1 participando en SCOOP, esta es una forma sencilla de obtener un beneficio adicional por... Read more &raquo;\" \/>\n<meta property=\"og:url\" content=\"https:\/\/luxon.com\/es-ar\/receive-1-cashback-on-all-pokerstars-deposits\/\" \/>\n<meta property=\"og:site_name\" content=\"Luxon Pay\" \/>\n<meta property=\"article:modified_time\" content=\"2026-03-09T07:28:57+00:00\" \/>\n<meta property=\"og:image\" content=\"https:\/\/luxon.com\/wp-content\/uploads\/595b1b843e.png\" \/>\n\t<meta property=\"og:image:width\" content=\"660\" \/>\n\t<meta property=\"og:image:height\" content=\"438\" \/>\n\t<meta property=\"og:image:type\" content=\"image\/png\" \/>\n<meta name=\"twitter:card\" content=\"summary_large_image\" \/>\n<meta name=\"twitter:label1\" content=\"Tiempo de lectura\" \/>\n\t<meta name=\"twitter:data1\" content=\"1 minuto\" \/>\n<script type=\"application\/ld+json\" class=\"yoast-schema-graph\">{\"@context\":\"https:\\\/\\\/schema.org\",\"@graph\":[{\"@type\":\"WebPage\",\"@id\":\"https:\\\/\\\/luxon.com\\\/es-ar\\\/receive-1-cashback-on-all-pokerstars-deposits\\\/\",\"url\":\"https:\\\/\\\/luxon.com\\\/es-ar\\\/receive-1-cashback-on-all-pokerstars-deposits\\\/\",\"name\":\"Reciba un 1% de cashback sobre todos sus dep\u00f3sitos en PokerStars. - Luxon Pay\",\"isPartOf\":{\"@id\":\"https:\\\/\\\/luxon.com\\\/es-ar\\\/#website\"},\"primaryImageOfPage\":{\"@id\":\"https:\\\/\\\/luxon.com\\\/es-ar\\\/receive-1-cashback-on-all-pokerstars-deposits\\\/#primaryimage\"},\"image\":{\"@id\":\"https:\\\/\\\/luxon.com\\\/es-ar\\\/receive-1-cashback-on-all-pokerstars-deposits\\\/#primaryimage\"},\"thumbnailUrl\":\"https:\\\/\\\/luxon.com\\\/wp-content\\\/uploads\\\/595b1b843e.png\",\"datePublished\":\"2026-02-24T13:11:43+00:00\",\"dateModified\":\"2026-03-09T07:28:57+00:00\",\"inLanguage\":\"es-AR\",\"potentialAction\":[{\"@type\":\"ReadAction\",\"target\":[\"https:\\\/\\\/luxon.com\\\/es-ar\\\/receive-1-cashback-on-all-pokerstars-deposits\\\/\"]}]},{\"@type\":\"ImageObject\",\"inLanguage\":\"es-AR\",\"@id\":\"https:\\\/\\\/luxon.com\\\/es-ar\\\/receive-1-cashback-on-all-pokerstars-deposits\\\/#primaryimage\",\"url\":\"https:\\\/\\\/luxon.com\\\/wp-content\\\/uploads\\\/595b1b843e.png\",\"contentUrl\":\"https:\\\/\\\/luxon.com\\\/wp-content\\\/uploads\\\/595b1b843e.png\",\"width\":660,\"height\":438},{\"@type\":\"WebSite\",\"@id\":\"https:\\\/\\\/luxon.com\\\/es-ar\\\/#website\",\"url\":\"https:\\\/\\\/luxon.com\\\/es-ar\\\/\",\"name\":\"Luxon Pay\",\"description\":\"Instant secure global payments\",\"publisher\":{\"@id\":\"https:\\\/\\\/luxon.com\\\/es-ar\\\/#organization\"},\"potentialAction\":[{\"@type\":\"SearchAction\",\"target\":{\"@type\":\"EntryPoint\",\"urlTemplate\":\"https:\\\/\\\/luxon.com\\\/es-ar\\\/?s={search_term_string}\"},\"query-input\":{\"@type\":\"PropertyValueSpecification\",\"valueRequired\":true,\"valueName\":\"search_term_string\"}}],\"inLanguage\":\"es-AR\"},{\"@type\":\"Organization\",\"@id\":\"https:\\\/\\\/luxon.com\\\/es-ar\\\/#organization\",\"name\":\"Luxon Pay\",\"url\":\"https:\\\/\\\/luxon.com\\\/es-ar\\\/\",\"logo\":{\"@type\":\"ImageObject\",\"inLanguage\":\"es-AR\",\"@id\":\"https:\\\/\\\/luxon.com\\\/es-ar\\\/#\\\/schema\\\/logo\\\/image\\\/\",\"url\":\"https:\\\/\\\/luxon.com\\\/wp-content\\\/uploads\\\/WebsiteImage04.png\",\"contentUrl\":\"https:\\\/\\\/luxon.com\\\/wp-content\\\/uploads\\\/WebsiteImage04.png\",\"width\":1200,\"height\":630,\"caption\":\"Luxon Pay\"},\"image\":{\"@id\":\"https:\\\/\\\/luxon.com\\\/es-ar\\\/#\\\/schema\\\/logo\\\/image\\\/\"}}]}<\/script>\n<!-- \/ Yoast SEO plugin. -->","yoast_head_json":{"title":"Reciba un 1% de cashback sobre todos sus dep\u00f3sitos en PokerStars. - Luxon Pay","robots":{"index":"index","follow":"follow","max-snippet":"max-snippet:-1","max-image-preview":"max-image-preview:large","max-video-preview":"max-video-preview:-1"},"canonical":"https:\/\/luxon.com\/es-ar\/receive-1-cashback-on-all-pokerstars-deposits\/","og_locale":"es_ES","og_type":"article","og_title":"Reciba un 1% de cashback sobre todos sus dep\u00f3sitos en PokerStars. - Luxon Pay","og_description":"1% de cashback en todos los dep\u00f3sitos online en PokerStars realizados con Luxon Pay. C\u00f3mo funciona: \u2022\u2060 \u2060Realice un dep\u00f3sito online en PokerStars utilizando Luxon Pay. \u2022\u2060 \u2060Reciba un 1% de cashback sobre todos sus dep\u00f3sitos en PokerStars. Si ya est\u00e1 participando en SCOOP, esta es una forma sencilla de obtener un beneficio adicional por... Read more &raquo;","og_url":"https:\/\/luxon.com\/es-ar\/receive-1-cashback-on-all-pokerstars-deposits\/","og_site_name":"Luxon Pay","article_modified_time":"2026-03-09T07:28:57+00:00","og_image":[{"width":660,"height":438,"url":"https:\/\/luxon.com\/wp-content\/uploads\/595b1b843e.png","type":"image\/png"}],"twitter_card":"summary_large_image","twitter_misc":{"Tiempo de lectura":"1 minuto"},"schema":{"@context":"https:\/\/schema.org","@graph":[{"@type":"WebPage","@id":"https:\/\/luxon.com\/es-ar\/receive-1-cashback-on-all-pokerstars-deposits\/","url":"https:\/\/luxon.com\/es-ar\/receive-1-cashback-on-all-pokerstars-deposits\/","name":"Reciba un 1% de cashback sobre todos sus dep\u00f3sitos en PokerStars. - Luxon Pay","isPartOf":{"@id":"https:\/\/luxon.com\/es-ar\/#website"},"primaryImageOfPage":{"@id":"https:\/\/luxon.com\/es-ar\/receive-1-cashback-on-all-pokerstars-deposits\/#primaryimage"},"image":{"@id":"https:\/\/luxon.com\/es-ar\/receive-1-cashback-on-all-pokerstars-deposits\/#primaryimage"},"thumbnailUrl":"https:\/\/luxon.com\/wp-content\/uploads\/595b1b843e.png","datePublished":"2026-02-24T13:11:43+00:00","dateModified":"2026-03-09T07:28:57+00:00","inLanguage":"es-AR","potentialAction":[{"@type":"ReadAction","target":["https:\/\/luxon.com\/es-ar\/receive-1-cashback-on-all-pokerstars-deposits\/"]}]},{"@type":"ImageObject","inLanguage":"es-AR","@id":"https:\/\/luxon.com\/es-ar\/receive-1-cashback-on-all-pokerstars-deposits\/#primaryimage","url":"https:\/\/luxon.com\/wp-content\/uploads\/595b1b843e.png","contentUrl":"https:\/\/luxon.com\/wp-content\/uploads\/595b1b843e.png","width":660,"height":438},{"@type":"WebSite","@id":"https:\/\/luxon.com\/es-ar\/#website","url":"https:\/\/luxon.com\/es-ar\/","name":"Luxon Pay","description":"Instant secure global payments","publisher":{"@id":"https:\/\/luxon.com\/es-ar\/#organization"},"potentialAction":[{"@type":"SearchAction","target":{"@type":"EntryPoint","urlTemplate":"https:\/\/luxon.com\/es-ar\/?s={search_term_string}"},"query-input":{"@type":"PropertyValueSpecification","valueRequired":true,"valueName":"search_term_string"}}],"inLanguage":"es-AR"},{"@type":"Organization","@id":"https:\/\/luxon.com\/es-ar\/#organization","name":"Luxon Pay","url":"https:\/\/luxon.com\/es-ar\/","logo":{"@type":"ImageObject","inLanguage":"es-AR","@id":"https:\/\/luxon.com\/es-ar\/#\/schema\/logo\/image\/","url":"https:\/\/luxon.com\/wp-content\/uploads\/WebsiteImage04.png","contentUrl":"https:\/\/luxon.com\/wp-content\/uploads\/WebsiteImage04.png","width":1200,"height":630,"caption":"Luxon Pay"},"image":{"@id":"https:\/\/luxon.com\/es-ar\/#\/schema\/logo\/image\/"}}]}},"_links":{"self":[{"href":"https:\/\/luxon.com\/es-ar\/wp-json\/wp\/v2\/pages\/33655","targetHints":{"allow":["GET"]}}],"collection":[{"href":"https:\/\/luxon.com\/es-ar\/wp-json\/wp\/v2\/pages"}],"about":[{"href":"https:\/\/luxon.com\/es-ar\/wp-json\/wp\/v2\/types\/page"}],"author":[{"embeddable":true,"href":"https:\/\/luxon.com\/es-ar\/wp-json\/wp\/v2\/users\/5"}],"replies":[{"embeddable":true,"href":"https:\/\/luxon.com\/es-ar\/wp-json\/wp\/v2\/comments?post=33655"}],"version-history":[{"count":3,"href":"https:\/\/luxon.com\/es-ar\/wp-json\/wp\/v2\/pages\/33655\/revisions"}],"predecessor-version":[{"id":33953,"href":"https:\/\/luxon.com\/es-ar\/wp-json\/wp\/v2\/pages\/33655\/revisions\/33953"}],"wp:featuredmedia":[{"embeddable":true,"href":"https:\/\/luxon.com\/es-ar\/wp-json\/wp\/v2\/media\/33647"}],"wp:attachment":[{"href":"https:\/\/luxon.com\/es-ar\/wp-json\/wp\/v2\/media?parent=33655"}],"curies":[{"name":"wp","href":"https:\/\/api.w.org\/{rel}","templated":true}]}}