{"id":33709,"date":"2026-02-26T21:24:01","date_gmt":"2026-02-26T21:24:01","guid":{"rendered":"https:\/\/luxon.com\/receive-1-cashback-on-all-gg-poker-deposits\/"},"modified":"2026-03-09T08:19:24","modified_gmt":"2026-03-09T08:19:24","slug":"receive-1-cashback-on-all-gg-poker-deposits","status":"publish","type":"page","link":"https:\/\/luxon.com\/es-ar\/receive-1-cashback-on-all-gg-poker-deposits\/","title":{"rendered":"Reciba 1% de cashback en todos sus dep\u00f3sitos en GG Poker"},"content":{"rendered":"<p><strong>1% de cashback en todos los dep\u00f3sitos online en GG Poker utilizando Luxon Pay.<\/strong><\/p>\n<p><strong>C\u00f3mo funciona:<\/strong><br \/>\n\u2022 Deposite en GG Poker online usando Luxon Pay.<br \/>\n\u2022 Reciba 1% de cashback en todos sus dep\u00f3sitos.<\/p>\n<p>Si ya est\u00e1 participando en el WSOP Super Circuit, esta es una forma sencilla de obtener un beneficio adicional.<\/p>\n<p>Le deseamos mucha suerte en las mesas.<\/p>\n<p><strong>T\u00e9rminos y Condiciones<\/strong><\/p>\n<ul>\n<li>Esta oferta aplica a los dep\u00f3sitos en GG Poker realizados entre el 10 y el 31 de marzo de 2026.<\/li>\n<li>El cashback ser\u00e1 acreditado autom\u00e1ticamente dentro de los 7 d\u00edas h\u00e1biles posteriores a la finalizaci\u00f3n de la promoci\u00f3n.<\/li>\n<li>No existe tope ni l\u00edmite m\u00e1ximo de cashback.<\/li>\n<li>Esta promoci\u00f3n es nominativa e intransferible.<\/li>\n<li>V\u00e1lida \u00fanicamente para comercios online y excluye plataformas o dep\u00f3sitos relacionados con eventos en vivo.<\/li>\n<li>Aplican los t\u00e9rminos y condiciones generales de Luxon Pay.<\/li>\n<\/ul>\n","protected":false},"excerpt":{"rendered":"<p>1% de cashback en todos los dep\u00f3sitos online en GG Poker utilizando Luxon Pay. C\u00f3mo funciona: \u2022 Deposite en GG Poker online usando Luxon Pay. \u2022 Reciba 1% de cashback en todos sus dep\u00f3sitos. Si ya est\u00e1 participando en el WSOP Super Circuit, esta es una forma sencilla de obtener un beneficio adicional. Le deseamos<a class=\"excerpt-read-more\" href=\"https:\/\/luxon.com\/es-ar\/receive-1-cashback-on-all-gg-poker-deposits\/\" title=\"ReadReciba 1% de cashback en todos sus dep\u00f3sitos en GG Poker\">&#8230; Read more &raquo;<\/a><\/p>\n","protected":false},"author":5,"featured_media":33685,"parent":0,"menu_order":0,"comment_status":"closed","ping_status":"closed","template":"templates\/block-template.php","meta":{"_acf_changed":false,"footnotes":""},"class_list":["post-33709","page","type-page","status-publish","has-post-thumbnail","hentry"],"acf":[],"yoast_head":"<!-- This site is optimized with the Yoast SEO plugin v27.1.1 - https:\/\/yoast.com\/product\/yoast-seo-wordpress\/ -->\n<title>Reciba 1% de cashback en todos sus dep\u00f3sitos en GG Poker - Luxon Pay<\/title>\n<meta name=\"robots\" content=\"index, follow, max-snippet:-1, max-image-preview:large, max-video-preview:-1\" \/>\n<link rel=\"canonical\" href=\"https:\/\/luxon.com\/es-ar\/receive-1-cashback-on-all-gg-poker-deposits\/\" \/>\n<meta property=\"og:locale\" content=\"es_ES\" \/>\n<meta property=\"og:type\" content=\"article\" \/>\n<meta property=\"og:title\" content=\"Reciba 1% de cashback en todos sus dep\u00f3sitos en GG Poker - Luxon Pay\" \/>\n<meta property=\"og:description\" content=\"1% de cashback en todos los dep\u00f3sitos online en GG Poker utilizando Luxon Pay. C\u00f3mo funciona: \u2022 Deposite en GG Poker online usando Luxon Pay. \u2022 Reciba 1% de cashback en todos sus dep\u00f3sitos. Si ya est\u00e1 participando en el WSOP Super Circuit, esta es una forma sencilla de obtener un beneficio adicional. Le deseamos... Read more &raquo;\" \/>\n<meta property=\"og:url\" content=\"https:\/\/luxon.com\/es-ar\/receive-1-cashback-on-all-gg-poker-deposits\/\" \/>\n<meta property=\"og:site_name\" content=\"Luxon Pay\" \/>\n<meta property=\"article:modified_time\" content=\"2026-03-09T08:19:24+00:00\" \/>\n<meta property=\"og:image\" content=\"https:\/\/luxon.com\/wp-content\/uploads\/wsop-super-circuit-2026-featured-image-web-enhanced.webp\" \/>\n\t<meta property=\"og:image:width\" content=\"2048\" \/>\n\t<meta property=\"og:image:height\" content=\"1076\" \/>\n\t<meta property=\"og:image:type\" content=\"image\/webp\" \/>\n<meta name=\"twitter:card\" content=\"summary_large_image\" \/>\n<meta name=\"twitter:label1\" content=\"Tiempo de lectura\" \/>\n\t<meta name=\"twitter:data1\" content=\"1 minuto\" \/>\n<script type=\"application\/ld+json\" class=\"yoast-schema-graph\">{\"@context\":\"https:\/\/schema.org\",\"@graph\":[{\"@type\":\"WebPage\",\"@id\":\"https:\/\/luxon.com\/es-ar\/receive-1-cashback-on-all-gg-poker-deposits\/\",\"url\":\"https:\/\/luxon.com\/es-ar\/receive-1-cashback-on-all-gg-poker-deposits\/\",\"name\":\"Reciba 1% de cashback en todos sus dep\u00f3sitos en GG Poker - Luxon Pay\",\"isPartOf\":{\"@id\":\"https:\/\/luxon.com\/es-ar\/#website\"},\"primaryImageOfPage\":{\"@id\":\"https:\/\/luxon.com\/es-ar\/receive-1-cashback-on-all-gg-poker-deposits\/#primaryimage\"},\"image\":{\"@id\":\"https:\/\/luxon.com\/es-ar\/receive-1-cashback-on-all-gg-poker-deposits\/#primaryimage\"},\"thumbnailUrl\":\"https:\/\/luxon.com\/wp-content\/uploads\/wsop-super-circuit-2026-featured-image-web-enhanced.webp\",\"datePublished\":\"2026-02-26T21:24:01+00:00\",\"dateModified\":\"2026-03-09T08:19:24+00:00\",\"inLanguage\":\"es-AR\",\"potentialAction\":[{\"@type\":\"ReadAction\",\"target\":[\"https:\/\/luxon.com\/es-ar\/receive-1-cashback-on-all-gg-poker-deposits\/\"]}]},{\"@type\":\"ImageObject\",\"inLanguage\":\"es-AR\",\"@id\":\"https:\/\/luxon.com\/es-ar\/receive-1-cashback-on-all-gg-poker-deposits\/#primaryimage\",\"url\":\"https:\/\/luxon.com\/wp-content\/uploads\/wsop-super-circuit-2026-featured-image-web-enhanced.webp\",\"contentUrl\":\"https:\/\/luxon.com\/wp-content\/uploads\/wsop-super-circuit-2026-featured-image-web-enhanced.webp\",\"width\":2048,\"height\":1076},{\"@type\":\"WebSite\",\"@id\":\"https:\/\/luxon.com\/es-ar\/#website\",\"url\":\"https:\/\/luxon.com\/es-ar\/\",\"name\":\"Luxon Pay\",\"description\":\"Instant secure global payments\",\"publisher\":{\"@id\":\"https:\/\/luxon.com\/es-ar\/#organization\"},\"potentialAction\":[{\"@type\":\"SearchAction\",\"target\":{\"@type\":\"EntryPoint\",\"urlTemplate\":\"https:\/\/luxon.com\/es-ar\/?s={search_term_string}\"},\"query-input\":{\"@type\":\"PropertyValueSpecification\",\"valueRequired\":true,\"valueName\":\"search_term_string\"}}],\"inLanguage\":\"es-AR\"},{\"@type\":\"Organization\",\"@id\":\"https:\/\/luxon.com\/es-ar\/#organization\",\"name\":\"Luxon Pay\",\"url\":\"https:\/\/luxon.com\/es-ar\/\",\"logo\":{\"@type\":\"ImageObject\",\"inLanguage\":\"es-AR\",\"@id\":\"https:\/\/luxon.com\/es-ar\/#\/schema\/logo\/image\/\",\"url\":\"https:\/\/luxon.com\/wp-content\/uploads\/WebsiteImage04.png\",\"contentUrl\":\"https:\/\/luxon.com\/wp-content\/uploads\/WebsiteImage04.png\",\"width\":1200,\"height\":630,\"caption\":\"Luxon Pay\"},\"image\":{\"@id\":\"https:\/\/luxon.com\/es-ar\/#\/schema\/logo\/image\/\"}}]}<\/script>\n<!-- \/ Yoast SEO plugin. -->","yoast_head_json":{"title":"Reciba 1% de cashback en todos sus dep\u00f3sitos en GG Poker - Luxon Pay","robots":{"index":"index","follow":"follow","max-snippet":"max-snippet:-1","max-image-preview":"max-image-preview:large","max-video-preview":"max-video-preview:-1"},"canonical":"https:\/\/luxon.com\/es-ar\/receive-1-cashback-on-all-gg-poker-deposits\/","og_locale":"es_ES","og_type":"article","og_title":"Reciba 1% de cashback en todos sus dep\u00f3sitos en GG Poker - Luxon Pay","og_description":"1% de cashback en todos los dep\u00f3sitos online en GG Poker utilizando Luxon Pay. C\u00f3mo funciona: \u2022 Deposite en GG Poker online usando Luxon Pay. \u2022 Reciba 1% de cashback en todos sus dep\u00f3sitos. Si ya est\u00e1 participando en el WSOP Super Circuit, esta es una forma sencilla de obtener un beneficio adicional. Le deseamos... Read more &raquo;","og_url":"https:\/\/luxon.com\/es-ar\/receive-1-cashback-on-all-gg-poker-deposits\/","og_site_name":"Luxon Pay","article_modified_time":"2026-03-09T08:19:24+00:00","og_image":[{"width":2048,"height":1076,"url":"https:\/\/luxon.com\/wp-content\/uploads\/wsop-super-circuit-2026-featured-image-web-enhanced.webp","type":"image\/webp"}],"twitter_card":"summary_large_image","twitter_misc":{"Tiempo de lectura":"1 minuto"},"schema":{"@context":"https:\/\/schema.org","@graph":[{"@type":"WebPage","@id":"https:\/\/luxon.com\/es-ar\/receive-1-cashback-on-all-gg-poker-deposits\/","url":"https:\/\/luxon.com\/es-ar\/receive-1-cashback-on-all-gg-poker-deposits\/","name":"Reciba 1% de cashback en todos sus dep\u00f3sitos en GG Poker - Luxon Pay","isPartOf":{"@id":"https:\/\/luxon.com\/es-ar\/#website"},"primaryImageOfPage":{"@id":"https:\/\/luxon.com\/es-ar\/receive-1-cashback-on-all-gg-poker-deposits\/#primaryimage"},"image":{"@id":"https:\/\/luxon.com\/es-ar\/receive-1-cashback-on-all-gg-poker-deposits\/#primaryimage"},"thumbnailUrl":"https:\/\/luxon.com\/wp-content\/uploads\/wsop-super-circuit-2026-featured-image-web-enhanced.webp","datePublished":"2026-02-26T21:24:01+00:00","dateModified":"2026-03-09T08:19:24+00:00","inLanguage":"es-AR","potentialAction":[{"@type":"ReadAction","target":["https:\/\/luxon.com\/es-ar\/receive-1-cashback-on-all-gg-poker-deposits\/"]}]},{"@type":"ImageObject","inLanguage":"es-AR","@id":"https:\/\/luxon.com\/es-ar\/receive-1-cashback-on-all-gg-poker-deposits\/#primaryimage","url":"https:\/\/luxon.com\/wp-content\/uploads\/wsop-super-circuit-2026-featured-image-web-enhanced.webp","contentUrl":"https:\/\/luxon.com\/wp-content\/uploads\/wsop-super-circuit-2026-featured-image-web-enhanced.webp","width":2048,"height":1076},{"@type":"WebSite","@id":"https:\/\/luxon.com\/es-ar\/#website","url":"https:\/\/luxon.com\/es-ar\/","name":"Luxon Pay","description":"Instant secure global payments","publisher":{"@id":"https:\/\/luxon.com\/es-ar\/#organization"},"potentialAction":[{"@type":"SearchAction","target":{"@type":"EntryPoint","urlTemplate":"https:\/\/luxon.com\/es-ar\/?s={search_term_string}"},"query-input":{"@type":"PropertyValueSpecification","valueRequired":true,"valueName":"search_term_string"}}],"inLanguage":"es-AR"},{"@type":"Organization","@id":"https:\/\/luxon.com\/es-ar\/#organization","name":"Luxon Pay","url":"https:\/\/luxon.com\/es-ar\/","logo":{"@type":"ImageObject","inLanguage":"es-AR","@id":"https:\/\/luxon.com\/es-ar\/#\/schema\/logo\/image\/","url":"https:\/\/luxon.com\/wp-content\/uploads\/WebsiteImage04.png","contentUrl":"https:\/\/luxon.com\/wp-content\/uploads\/WebsiteImage04.png","width":1200,"height":630,"caption":"Luxon Pay"},"image":{"@id":"https:\/\/luxon.com\/es-ar\/#\/schema\/logo\/image\/"}}]}},"_links":{"self":[{"href":"https:\/\/luxon.com\/es-ar\/wp-json\/wp\/v2\/pages\/33709","targetHints":{"allow":["GET"]}}],"collection":[{"href":"https:\/\/luxon.com\/es-ar\/wp-json\/wp\/v2\/pages"}],"about":[{"href":"https:\/\/luxon.com\/es-ar\/wp-json\/wp\/v2\/types\/page"}],"author":[{"embeddable":true,"href":"https:\/\/luxon.com\/es-ar\/wp-json\/wp\/v2\/users\/5"}],"replies":[{"embeddable":true,"href":"https:\/\/luxon.com\/es-ar\/wp-json\/wp\/v2\/comments?post=33709"}],"version-history":[{"count":5,"href":"https:\/\/luxon.com\/es-ar\/wp-json\/wp\/v2\/pages\/33709\/revisions"}],"predecessor-version":[{"id":33966,"href":"https:\/\/luxon.com\/es-ar\/wp-json\/wp\/v2\/pages\/33709\/revisions\/33966"}],"wp:featuredmedia":[{"embeddable":true,"href":"https:\/\/luxon.com\/es-ar\/wp-json\/wp\/v2\/media\/33685"}],"wp:attachment":[{"href":"https:\/\/luxon.com\/es-ar\/wp-json\/wp\/v2\/media?parent=33709"}],"curies":[{"name":"wp","href":"https:\/\/api.w.org\/{rel}","templated":true}]}}