{"id":33754,"date":"2026-02-26T21:33:28","date_gmt":"2026-02-26T21:33:28","guid":{"rendered":"https:\/\/luxon.com\/get-10-cashback-when-you-deposit-for-scoop\/"},"modified":"2026-02-27T16:30:43","modified_gmt":"2026-02-27T16:30:43","slug":"get-10-cashback-when-you-deposit-for-scoop","status":"publish","type":"page","link":"https:\/\/luxon.com\/es-ar\/get-10-cashback-when-you-deposit-for-scoop\/","title":{"rendered":"Reciba $10 de cashback al depositar para el SCOOP"},"content":{"rendered":"<p><strong>Deposite $1,000 o m\u00e1s en PokerStars a trav\u00e9s de Luxon Pay y reciba $10 de cashback.<\/strong><\/p>\n<p><strong>C\u00f3mo funciona:<\/strong><br \/>\n\u2022 Deposite al menos $1,000 en PokerStars online utilizando Luxon Pay.<br \/>\n\u2022 Reciba $10 de cashback en su cuenta de Luxon Pay.<\/p>\n<p>Si ya est\u00e1 participando en el SCOOP, esta es una forma sencilla de obtener un beneficio adicional.<\/p>\n<p>Le deseamos mucho \u00e9xito en las mesas.<\/p>\n<p><strong>T\u00e9rminos y Condiciones<\/strong><br \/>\n\u2022 Esta oferta aplica a dep\u00f3sitos en PokerStars realizados entre el 27 de febrero y el 1 de marzo de 2026.<br \/>\n\u2022 El cashback de $10 se acreditar\u00e1 autom\u00e1ticamente dentro de los 7 d\u00edas h\u00e1biles posteriores al final de la promoci\u00f3n.<br \/>\n\u2022 Esta promoci\u00f3n es nominativa e intransferible.<br \/>\n\u2022 V\u00e1lida \u00fanicamente para comercios online y excluye plataformas o dep\u00f3sitos relacionados con eventos en vivo.<br \/>\n\u2022 Aplican las condiciones generales de Luxon Pay.<\/p>\n","protected":false},"excerpt":{"rendered":"<p>Deposite $1,000 o m\u00e1s en PokerStars a trav\u00e9s de Luxon Pay y reciba $10 de cashback. C\u00f3mo funciona: \u2022 Deposite al menos $1,000 en PokerStars online utilizando Luxon Pay. \u2022 Reciba $10 de cashback en su cuenta de Luxon Pay. Si ya est\u00e1 participando en el SCOOP, esta es una forma sencilla de obtener un<a class=\"excerpt-read-more\" href=\"https:\/\/luxon.com\/es-ar\/get-10-cashback-when-you-deposit-for-scoop\/\" title=\"ReadReciba $10 de cashback al depositar para el SCOOP\">&#8230; Read more &raquo;<\/a><\/p>\n","protected":false},"author":5,"featured_media":33704,"parent":0,"menu_order":0,"comment_status":"closed","ping_status":"closed","template":"templates\/block-template.php","meta":{"_acf_changed":false,"footnotes":""},"class_list":["post-33754","page","type-page","status-publish","has-post-thumbnail","hentry"],"acf":[],"yoast_head":"<!-- This site is optimized with the Yoast SEO plugin v27.1.1 - https:\/\/yoast.com\/product\/yoast-seo-wordpress\/ -->\n<title>Reciba $10 de cashback al depositar para el SCOOP - Luxon Pay<\/title>\n<meta name=\"robots\" content=\"index, follow, max-snippet:-1, max-image-preview:large, max-video-preview:-1\" \/>\n<link rel=\"canonical\" href=\"https:\/\/luxon.com\/es-ar\/get-10-cashback-when-you-deposit-for-scoop\/\" \/>\n<meta property=\"og:locale\" content=\"es_ES\" \/>\n<meta property=\"og:type\" content=\"article\" \/>\n<meta property=\"og:title\" content=\"Reciba $10 de cashback al depositar para el SCOOP - Luxon Pay\" \/>\n<meta property=\"og:description\" content=\"Deposite $1,000 o m\u00e1s en PokerStars a trav\u00e9s de Luxon Pay y reciba $10 de cashback. C\u00f3mo funciona: \u2022 Deposite al menos $1,000 en PokerStars online utilizando Luxon Pay. \u2022 Reciba $10 de cashback en su cuenta de Luxon Pay. Si ya est\u00e1 participando en el SCOOP, esta es una forma sencilla de obtener un... Read more &raquo;\" \/>\n<meta property=\"og:url\" content=\"https:\/\/luxon.com\/es-ar\/get-10-cashback-when-you-deposit-for-scoop\/\" \/>\n<meta property=\"og:site_name\" content=\"Luxon Pay\" \/>\n<meta property=\"article:modified_time\" content=\"2026-02-27T16:30:43+00:00\" \/>\n<meta property=\"og:image\" content=\"https:\/\/luxon.com\/wp-content\/uploads\/JjyyZqQ.png\" \/>\n\t<meta property=\"og:image:width\" content=\"600\" \/>\n\t<meta property=\"og:image:height\" content=\"400\" \/>\n\t<meta property=\"og:image:type\" content=\"image\/png\" \/>\n<meta name=\"twitter:card\" content=\"summary_large_image\" \/>\n<meta name=\"twitter:label1\" content=\"Tiempo de lectura\" \/>\n\t<meta name=\"twitter:data1\" content=\"1 minuto\" \/>\n<script type=\"application\/ld+json\" class=\"yoast-schema-graph\">{\"@context\":\"https:\/\/schema.org\",\"@graph\":[{\"@type\":\"WebPage\",\"@id\":\"https:\/\/luxon.com\/es-ar\/get-10-cashback-when-you-deposit-for-scoop\/\",\"url\":\"https:\/\/luxon.com\/es-ar\/get-10-cashback-when-you-deposit-for-scoop\/\",\"name\":\"Reciba $10 de cashback al depositar para el SCOOP - Luxon Pay\",\"isPartOf\":{\"@id\":\"https:\/\/luxon.com\/es-ar\/#website\"},\"primaryImageOfPage\":{\"@id\":\"https:\/\/luxon.com\/es-ar\/get-10-cashback-when-you-deposit-for-scoop\/#primaryimage\"},\"image\":{\"@id\":\"https:\/\/luxon.com\/es-ar\/get-10-cashback-when-you-deposit-for-scoop\/#primaryimage\"},\"thumbnailUrl\":\"https:\/\/luxon.com\/wp-content\/uploads\/JjyyZqQ.png\",\"datePublished\":\"2026-02-26T21:33:28+00:00\",\"dateModified\":\"2026-02-27T16:30:43+00:00\",\"inLanguage\":\"es-AR\",\"potentialAction\":[{\"@type\":\"ReadAction\",\"target\":[\"https:\/\/luxon.com\/es-ar\/get-10-cashback-when-you-deposit-for-scoop\/\"]}]},{\"@type\":\"ImageObject\",\"inLanguage\":\"es-AR\",\"@id\":\"https:\/\/luxon.com\/es-ar\/get-10-cashback-when-you-deposit-for-scoop\/#primaryimage\",\"url\":\"https:\/\/luxon.com\/wp-content\/uploads\/JjyyZqQ.png\",\"contentUrl\":\"https:\/\/luxon.com\/wp-content\/uploads\/JjyyZqQ.png\",\"width\":600,\"height\":400},{\"@type\":\"WebSite\",\"@id\":\"https:\/\/luxon.com\/es-ar\/#website\",\"url\":\"https:\/\/luxon.com\/es-ar\/\",\"name\":\"Luxon Pay\",\"description\":\"Instant secure global payments\",\"publisher\":{\"@id\":\"https:\/\/luxon.com\/es-ar\/#organization\"},\"potentialAction\":[{\"@type\":\"SearchAction\",\"target\":{\"@type\":\"EntryPoint\",\"urlTemplate\":\"https:\/\/luxon.com\/es-ar\/?s={search_term_string}\"},\"query-input\":{\"@type\":\"PropertyValueSpecification\",\"valueRequired\":true,\"valueName\":\"search_term_string\"}}],\"inLanguage\":\"es-AR\"},{\"@type\":\"Organization\",\"@id\":\"https:\/\/luxon.com\/es-ar\/#organization\",\"name\":\"Luxon Pay\",\"url\":\"https:\/\/luxon.com\/es-ar\/\",\"logo\":{\"@type\":\"ImageObject\",\"inLanguage\":\"es-AR\",\"@id\":\"https:\/\/luxon.com\/es-ar\/#\/schema\/logo\/image\/\",\"url\":\"https:\/\/luxon.com\/wp-content\/uploads\/WebsiteImage04.png\",\"contentUrl\":\"https:\/\/luxon.com\/wp-content\/uploads\/WebsiteImage04.png\",\"width\":1200,\"height\":630,\"caption\":\"Luxon Pay\"},\"image\":{\"@id\":\"https:\/\/luxon.com\/es-ar\/#\/schema\/logo\/image\/\"}}]}<\/script>\n<!-- \/ Yoast SEO plugin. -->","yoast_head_json":{"title":"Reciba $10 de cashback al depositar para el SCOOP - Luxon Pay","robots":{"index":"index","follow":"follow","max-snippet":"max-snippet:-1","max-image-preview":"max-image-preview:large","max-video-preview":"max-video-preview:-1"},"canonical":"https:\/\/luxon.com\/es-ar\/get-10-cashback-when-you-deposit-for-scoop\/","og_locale":"es_ES","og_type":"article","og_title":"Reciba $10 de cashback al depositar para el SCOOP - Luxon Pay","og_description":"Deposite $1,000 o m\u00e1s en PokerStars a trav\u00e9s de Luxon Pay y reciba $10 de cashback. C\u00f3mo funciona: \u2022 Deposite al menos $1,000 en PokerStars online utilizando Luxon Pay. \u2022 Reciba $10 de cashback en su cuenta de Luxon Pay. Si ya est\u00e1 participando en el SCOOP, esta es una forma sencilla de obtener un... Read more &raquo;","og_url":"https:\/\/luxon.com\/es-ar\/get-10-cashback-when-you-deposit-for-scoop\/","og_site_name":"Luxon Pay","article_modified_time":"2026-02-27T16:30:43+00:00","og_image":[{"width":600,"height":400,"url":"https:\/\/luxon.com\/wp-content\/uploads\/JjyyZqQ.png","type":"image\/png"}],"twitter_card":"summary_large_image","twitter_misc":{"Tiempo de lectura":"1 minuto"},"schema":{"@context":"https:\/\/schema.org","@graph":[{"@type":"WebPage","@id":"https:\/\/luxon.com\/es-ar\/get-10-cashback-when-you-deposit-for-scoop\/","url":"https:\/\/luxon.com\/es-ar\/get-10-cashback-when-you-deposit-for-scoop\/","name":"Reciba $10 de cashback al depositar para el SCOOP - Luxon Pay","isPartOf":{"@id":"https:\/\/luxon.com\/es-ar\/#website"},"primaryImageOfPage":{"@id":"https:\/\/luxon.com\/es-ar\/get-10-cashback-when-you-deposit-for-scoop\/#primaryimage"},"image":{"@id":"https:\/\/luxon.com\/es-ar\/get-10-cashback-when-you-deposit-for-scoop\/#primaryimage"},"thumbnailUrl":"https:\/\/luxon.com\/wp-content\/uploads\/JjyyZqQ.png","datePublished":"2026-02-26T21:33:28+00:00","dateModified":"2026-02-27T16:30:43+00:00","inLanguage":"es-AR","potentialAction":[{"@type":"ReadAction","target":["https:\/\/luxon.com\/es-ar\/get-10-cashback-when-you-deposit-for-scoop\/"]}]},{"@type":"ImageObject","inLanguage":"es-AR","@id":"https:\/\/luxon.com\/es-ar\/get-10-cashback-when-you-deposit-for-scoop\/#primaryimage","url":"https:\/\/luxon.com\/wp-content\/uploads\/JjyyZqQ.png","contentUrl":"https:\/\/luxon.com\/wp-content\/uploads\/JjyyZqQ.png","width":600,"height":400},{"@type":"WebSite","@id":"https:\/\/luxon.com\/es-ar\/#website","url":"https:\/\/luxon.com\/es-ar\/","name":"Luxon Pay","description":"Instant secure global payments","publisher":{"@id":"https:\/\/luxon.com\/es-ar\/#organization"},"potentialAction":[{"@type":"SearchAction","target":{"@type":"EntryPoint","urlTemplate":"https:\/\/luxon.com\/es-ar\/?s={search_term_string}"},"query-input":{"@type":"PropertyValueSpecification","valueRequired":true,"valueName":"search_term_string"}}],"inLanguage":"es-AR"},{"@type":"Organization","@id":"https:\/\/luxon.com\/es-ar\/#organization","name":"Luxon Pay","url":"https:\/\/luxon.com\/es-ar\/","logo":{"@type":"ImageObject","inLanguage":"es-AR","@id":"https:\/\/luxon.com\/es-ar\/#\/schema\/logo\/image\/","url":"https:\/\/luxon.com\/wp-content\/uploads\/WebsiteImage04.png","contentUrl":"https:\/\/luxon.com\/wp-content\/uploads\/WebsiteImage04.png","width":1200,"height":630,"caption":"Luxon Pay"},"image":{"@id":"https:\/\/luxon.com\/es-ar\/#\/schema\/logo\/image\/"}}]}},"_links":{"self":[{"href":"https:\/\/luxon.com\/es-ar\/wp-json\/wp\/v2\/pages\/33754","targetHints":{"allow":["GET"]}}],"collection":[{"href":"https:\/\/luxon.com\/es-ar\/wp-json\/wp\/v2\/pages"}],"about":[{"href":"https:\/\/luxon.com\/es-ar\/wp-json\/wp\/v2\/types\/page"}],"author":[{"embeddable":true,"href":"https:\/\/luxon.com\/es-ar\/wp-json\/wp\/v2\/users\/5"}],"replies":[{"embeddable":true,"href":"https:\/\/luxon.com\/es-ar\/wp-json\/wp\/v2\/comments?post=33754"}],"version-history":[{"count":1,"href":"https:\/\/luxon.com\/es-ar\/wp-json\/wp\/v2\/pages\/33754\/revisions"}],"predecessor-version":[{"id":33755,"href":"https:\/\/luxon.com\/es-ar\/wp-json\/wp\/v2\/pages\/33754\/revisions\/33755"}],"wp:featuredmedia":[{"embeddable":true,"href":"https:\/\/luxon.com\/es-ar\/wp-json\/wp\/v2\/media\/33704"}],"wp:attachment":[{"href":"https:\/\/luxon.com\/es-ar\/wp-json\/wp\/v2\/media?parent=33754"}],"curies":[{"name":"wp","href":"https:\/\/api.w.org\/{rel}","templated":true}]}}