{"id":33847,"date":"2026-03-02T12:33:47","date_gmt":"2026-03-02T12:33:47","guid":{"rendered":"https:\/\/luxon.com\/an-exclusive-promo-for-using-luxon-pay-at-ept-paris\/"},"modified":"2026-03-02T16:17:43","modified_gmt":"2026-03-02T16:17:43","slug":"an-exclusive-promo-for-using-luxon-pay-at-ept-paris","status":"publish","type":"page","link":"https:\/\/luxon.com\/es-ar\/an-exclusive-promo-for-using-luxon-pay-at-ept-paris\/","title":{"rendered":"Promoci\u00f3n exclusiva por utilizar Luxon Pay en el EPT Paris"},"content":{"rendered":"<p>Gracias por utilizar Luxon Pay en el EPT Paris.<\/p>\n<p><strong>Promoci\u00f3n exclusiva<\/strong><br \/>\nTenemos una oferta exclusiva para usted: reciba 1% de cashback en todos los dep\u00f3sitos en comercios online realizados a trav\u00e9s de Luxon Pay hasta el 9 de marzo.<\/p>\n<p>Simplemente deposite para comenzar a obtener beneficios.<\/p>\n<p>\u00a1Nos vemos en el pr\u00f3ximo evento!<\/p>\n<p>El equipo de Luxon Pay<\/p>\n<p><strong>T\u00e9rminos y Condiciones<\/strong><\/p>\n<ul>\n<li>Esta oferta aplica a todos los dep\u00f3sitos en comercios online realizados entre el 2 y el 9 de marzo de 2026.<\/li>\n<li>El cashback se acreditar\u00e1 autom\u00e1ticamente dentro de los 7 d\u00edas h\u00e1biles posteriores al final de la promoci\u00f3n.<\/li>\n<li>No existe l\u00edmite m\u00e1ximo de cashback.<\/li>\n<li>Esta promoci\u00f3n es nominativa e intransferible.<\/li>\n<li>V\u00e1lida \u00fanicamente para comercios online y excluye plataformas o dep\u00f3sitos relacionados con eventos en vivo.<\/li>\n<li>Aplican las condiciones generales de Luxon Pay.<\/li>\n<\/ul>\n","protected":false},"excerpt":{"rendered":"<p>Gracias por utilizar Luxon Pay en el EPT Paris. Promoci\u00f3n exclusiva Tenemos una oferta exclusiva para usted: reciba 1% de cashback en todos los dep\u00f3sitos en comercios online realizados a trav\u00e9s de Luxon Pay hasta el 9 de marzo. Simplemente deposite para comenzar a obtener beneficios. \u00a1Nos vemos en el pr\u00f3ximo evento! El equipo de<a class=\"excerpt-read-more\" href=\"https:\/\/luxon.com\/es-ar\/an-exclusive-promo-for-using-luxon-pay-at-ept-paris\/\" title=\"ReadPromoci\u00f3n exclusiva por utilizar Luxon Pay en el EPT Paris\">&#8230; Read more &raquo;<\/a><\/p>\n","protected":false},"author":5,"featured_media":33797,"parent":0,"menu_order":0,"comment_status":"closed","ping_status":"closed","template":"templates\/block-template.php","meta":{"_acf_changed":false,"footnotes":""},"class_list":["post-33847","page","type-page","status-publish","has-post-thumbnail","hentry"],"acf":[],"yoast_head":"<!-- This site is optimized with the Yoast SEO plugin v27.1.1 - https:\/\/yoast.com\/product\/yoast-seo-wordpress\/ -->\n<title>Promoci\u00f3n exclusiva por utilizar Luxon Pay en el EPT Paris - Luxon Pay<\/title>\n<meta name=\"robots\" content=\"index, follow, max-snippet:-1, max-image-preview:large, max-video-preview:-1\" \/>\n<link rel=\"canonical\" href=\"https:\/\/luxon.com\/es-ar\/an-exclusive-promo-for-using-luxon-pay-at-ept-paris\/\" \/>\n<meta property=\"og:locale\" content=\"es_ES\" \/>\n<meta property=\"og:type\" content=\"article\" \/>\n<meta property=\"og:title\" content=\"Promoci\u00f3n exclusiva por utilizar Luxon Pay en el EPT Paris - Luxon Pay\" \/>\n<meta property=\"og:description\" content=\"Gracias por utilizar Luxon Pay en el EPT Paris. Promoci\u00f3n exclusiva Tenemos una oferta exclusiva para usted: reciba 1% de cashback en todos los dep\u00f3sitos en comercios online realizados a trav\u00e9s de Luxon Pay hasta el 9 de marzo. Simplemente deposite para comenzar a obtener beneficios. \u00a1Nos vemos en el pr\u00f3ximo evento! El equipo de... Read more &raquo;\" \/>\n<meta property=\"og:url\" content=\"https:\/\/luxon.com\/es-ar\/an-exclusive-promo-for-using-luxon-pay-at-ept-paris\/\" \/>\n<meta property=\"og:site_name\" content=\"Luxon Pay\" \/>\n<meta property=\"article:modified_time\" content=\"2026-03-02T16:17:43+00:00\" \/>\n<meta property=\"og:image\" content=\"https:\/\/luxon.com\/wp-content\/uploads\/Post-Event-Email-Promo_header-1.png\" \/>\n\t<meta property=\"og:image:width\" content=\"600\" \/>\n\t<meta property=\"og:image:height\" content=\"400\" \/>\n\t<meta property=\"og:image:type\" content=\"image\/png\" \/>\n<meta name=\"twitter:card\" content=\"summary_large_image\" \/>\n<meta name=\"twitter:label1\" content=\"Tiempo de lectura\" \/>\n\t<meta name=\"twitter:data1\" content=\"1 minuto\" \/>\n<script type=\"application\/ld+json\" class=\"yoast-schema-graph\">{\"@context\":\"https:\/\/schema.org\",\"@graph\":[{\"@type\":\"WebPage\",\"@id\":\"https:\/\/luxon.com\/es-ar\/an-exclusive-promo-for-using-luxon-pay-at-ept-paris\/\",\"url\":\"https:\/\/luxon.com\/es-ar\/an-exclusive-promo-for-using-luxon-pay-at-ept-paris\/\",\"name\":\"Promoci\u00f3n exclusiva por utilizar Luxon Pay en el EPT Paris - Luxon Pay\",\"isPartOf\":{\"@id\":\"https:\/\/luxon.com\/es-ar\/#website\"},\"primaryImageOfPage\":{\"@id\":\"https:\/\/luxon.com\/es-ar\/an-exclusive-promo-for-using-luxon-pay-at-ept-paris\/#primaryimage\"},\"image\":{\"@id\":\"https:\/\/luxon.com\/es-ar\/an-exclusive-promo-for-using-luxon-pay-at-ept-paris\/#primaryimage\"},\"thumbnailUrl\":\"https:\/\/luxon.com\/wp-content\/uploads\/Post-Event-Email-Promo_header-1.png\",\"datePublished\":\"2026-03-02T12:33:47+00:00\",\"dateModified\":\"2026-03-02T16:17:43+00:00\",\"inLanguage\":\"es-AR\",\"potentialAction\":[{\"@type\":\"ReadAction\",\"target\":[\"https:\/\/luxon.com\/es-ar\/an-exclusive-promo-for-using-luxon-pay-at-ept-paris\/\"]}]},{\"@type\":\"ImageObject\",\"inLanguage\":\"es-AR\",\"@id\":\"https:\/\/luxon.com\/es-ar\/an-exclusive-promo-for-using-luxon-pay-at-ept-paris\/#primaryimage\",\"url\":\"https:\/\/luxon.com\/wp-content\/uploads\/Post-Event-Email-Promo_header-1.png\",\"contentUrl\":\"https:\/\/luxon.com\/wp-content\/uploads\/Post-Event-Email-Promo_header-1.png\",\"width\":600,\"height\":400},{\"@type\":\"WebSite\",\"@id\":\"https:\/\/luxon.com\/es-ar\/#website\",\"url\":\"https:\/\/luxon.com\/es-ar\/\",\"name\":\"Luxon Pay\",\"description\":\"Instant secure global payments\",\"publisher\":{\"@id\":\"https:\/\/luxon.com\/es-ar\/#organization\"},\"potentialAction\":[{\"@type\":\"SearchAction\",\"target\":{\"@type\":\"EntryPoint\",\"urlTemplate\":\"https:\/\/luxon.com\/es-ar\/?s={search_term_string}\"},\"query-input\":{\"@type\":\"PropertyValueSpecification\",\"valueRequired\":true,\"valueName\":\"search_term_string\"}}],\"inLanguage\":\"es-AR\"},{\"@type\":\"Organization\",\"@id\":\"https:\/\/luxon.com\/es-ar\/#organization\",\"name\":\"Luxon Pay\",\"url\":\"https:\/\/luxon.com\/es-ar\/\",\"logo\":{\"@type\":\"ImageObject\",\"inLanguage\":\"es-AR\",\"@id\":\"https:\/\/luxon.com\/es-ar\/#\/schema\/logo\/image\/\",\"url\":\"https:\/\/luxon.com\/wp-content\/uploads\/WebsiteImage04.png\",\"contentUrl\":\"https:\/\/luxon.com\/wp-content\/uploads\/WebsiteImage04.png\",\"width\":1200,\"height\":630,\"caption\":\"Luxon Pay\"},\"image\":{\"@id\":\"https:\/\/luxon.com\/es-ar\/#\/schema\/logo\/image\/\"}}]}<\/script>\n<!-- \/ Yoast SEO plugin. -->","yoast_head_json":{"title":"Promoci\u00f3n exclusiva por utilizar Luxon Pay en el EPT Paris - Luxon Pay","robots":{"index":"index","follow":"follow","max-snippet":"max-snippet:-1","max-image-preview":"max-image-preview:large","max-video-preview":"max-video-preview:-1"},"canonical":"https:\/\/luxon.com\/es-ar\/an-exclusive-promo-for-using-luxon-pay-at-ept-paris\/","og_locale":"es_ES","og_type":"article","og_title":"Promoci\u00f3n exclusiva por utilizar Luxon Pay en el EPT Paris - Luxon Pay","og_description":"Gracias por utilizar Luxon Pay en el EPT Paris. Promoci\u00f3n exclusiva Tenemos una oferta exclusiva para usted: reciba 1% de cashback en todos los dep\u00f3sitos en comercios online realizados a trav\u00e9s de Luxon Pay hasta el 9 de marzo. Simplemente deposite para comenzar a obtener beneficios. \u00a1Nos vemos en el pr\u00f3ximo evento! El equipo de... Read more &raquo;","og_url":"https:\/\/luxon.com\/es-ar\/an-exclusive-promo-for-using-luxon-pay-at-ept-paris\/","og_site_name":"Luxon Pay","article_modified_time":"2026-03-02T16:17:43+00:00","og_image":[{"width":600,"height":400,"url":"https:\/\/luxon.com\/wp-content\/uploads\/Post-Event-Email-Promo_header-1.png","type":"image\/png"}],"twitter_card":"summary_large_image","twitter_misc":{"Tiempo de lectura":"1 minuto"},"schema":{"@context":"https:\/\/schema.org","@graph":[{"@type":"WebPage","@id":"https:\/\/luxon.com\/es-ar\/an-exclusive-promo-for-using-luxon-pay-at-ept-paris\/","url":"https:\/\/luxon.com\/es-ar\/an-exclusive-promo-for-using-luxon-pay-at-ept-paris\/","name":"Promoci\u00f3n exclusiva por utilizar Luxon Pay en el EPT Paris - Luxon Pay","isPartOf":{"@id":"https:\/\/luxon.com\/es-ar\/#website"},"primaryImageOfPage":{"@id":"https:\/\/luxon.com\/es-ar\/an-exclusive-promo-for-using-luxon-pay-at-ept-paris\/#primaryimage"},"image":{"@id":"https:\/\/luxon.com\/es-ar\/an-exclusive-promo-for-using-luxon-pay-at-ept-paris\/#primaryimage"},"thumbnailUrl":"https:\/\/luxon.com\/wp-content\/uploads\/Post-Event-Email-Promo_header-1.png","datePublished":"2026-03-02T12:33:47+00:00","dateModified":"2026-03-02T16:17:43+00:00","inLanguage":"es-AR","potentialAction":[{"@type":"ReadAction","target":["https:\/\/luxon.com\/es-ar\/an-exclusive-promo-for-using-luxon-pay-at-ept-paris\/"]}]},{"@type":"ImageObject","inLanguage":"es-AR","@id":"https:\/\/luxon.com\/es-ar\/an-exclusive-promo-for-using-luxon-pay-at-ept-paris\/#primaryimage","url":"https:\/\/luxon.com\/wp-content\/uploads\/Post-Event-Email-Promo_header-1.png","contentUrl":"https:\/\/luxon.com\/wp-content\/uploads\/Post-Event-Email-Promo_header-1.png","width":600,"height":400},{"@type":"WebSite","@id":"https:\/\/luxon.com\/es-ar\/#website","url":"https:\/\/luxon.com\/es-ar\/","name":"Luxon Pay","description":"Instant secure global payments","publisher":{"@id":"https:\/\/luxon.com\/es-ar\/#organization"},"potentialAction":[{"@type":"SearchAction","target":{"@type":"EntryPoint","urlTemplate":"https:\/\/luxon.com\/es-ar\/?s={search_term_string}"},"query-input":{"@type":"PropertyValueSpecification","valueRequired":true,"valueName":"search_term_string"}}],"inLanguage":"es-AR"},{"@type":"Organization","@id":"https:\/\/luxon.com\/es-ar\/#organization","name":"Luxon Pay","url":"https:\/\/luxon.com\/es-ar\/","logo":{"@type":"ImageObject","inLanguage":"es-AR","@id":"https:\/\/luxon.com\/es-ar\/#\/schema\/logo\/image\/","url":"https:\/\/luxon.com\/wp-content\/uploads\/WebsiteImage04.png","contentUrl":"https:\/\/luxon.com\/wp-content\/uploads\/WebsiteImage04.png","width":1200,"height":630,"caption":"Luxon Pay"},"image":{"@id":"https:\/\/luxon.com\/es-ar\/#\/schema\/logo\/image\/"}}]}},"_links":{"self":[{"href":"https:\/\/luxon.com\/es-ar\/wp-json\/wp\/v2\/pages\/33847","targetHints":{"allow":["GET"]}}],"collection":[{"href":"https:\/\/luxon.com\/es-ar\/wp-json\/wp\/v2\/pages"}],"about":[{"href":"https:\/\/luxon.com\/es-ar\/wp-json\/wp\/v2\/types\/page"}],"author":[{"embeddable":true,"href":"https:\/\/luxon.com\/es-ar\/wp-json\/wp\/v2\/users\/5"}],"replies":[{"embeddable":true,"href":"https:\/\/luxon.com\/es-ar\/wp-json\/wp\/v2\/comments?post=33847"}],"version-history":[{"count":1,"href":"https:\/\/luxon.com\/es-ar\/wp-json\/wp\/v2\/pages\/33847\/revisions"}],"predecessor-version":[{"id":33848,"href":"https:\/\/luxon.com\/es-ar\/wp-json\/wp\/v2\/pages\/33847\/revisions\/33848"}],"wp:featuredmedia":[{"embeddable":true,"href":"https:\/\/luxon.com\/es-ar\/wp-json\/wp\/v2\/media\/33797"}],"wp:attachment":[{"href":"https:\/\/luxon.com\/es-ar\/wp-json\/wp\/v2\/media?parent=33847"}],"curies":[{"name":"wp","href":"https:\/\/api.w.org\/{rel}","templated":true}]}}