{"id":33938,"date":"2026-03-03T21:47:10","date_gmt":"2026-03-03T21:47:10","guid":{"rendered":"https:\/\/luxon.com\/win-a-main-event-seat-at-irish-open\/"},"modified":"2026-03-05T08:24:33","modified_gmt":"2026-03-05T08:24:33","slug":"win-a-main-event-seat-at-irish-open","status":"publish","type":"page","link":"https:\/\/luxon.com\/es-ar\/win-a-main-event-seat-at-irish-open\/","title":{"rendered":"\u00a1Gane un asiento para el Main Event del Irish Open! \ud83c\udf9f\ufe0f"},"content":{"rendered":"<p>Haga que su buy-in del Irish Open cuente.<\/p>\n<p>Cada buy-in realizado a trav\u00e9s de Luxon Pay equivale a 1 participaci\u00f3n en el sorteo para ganar 1 de los 4 asientos de \u20ac1,150 para el Main Event del Irish Open. \u00a1Su oportunidad de jugar el Main Event sin costo!<\/p>\n<p><strong>As\u00ed funciona:<\/strong><br \/>\n\u2022 Compre su entrada a cualquier evento del Irish Open utilizando Luxon Pay.<br \/>\n\u2022 Reciba 1 participaci\u00f3n en el sorteo por cada buy-in.<br \/>\n\u2022 Hasta 4 asientos para el Main Event ser\u00e1n otorgados.<\/p>\n<p><strong>T\u00e9rminos y Condiciones<\/strong><\/p>\n<ul>\n<li>Promoci\u00f3n v\u00e1lida para jugadores que compren entradas a cualquier torneo del Irish Open a trav\u00e9s de Luxon Pay hasta el 3 de abril.<\/li>\n<li>Habr\u00e1 4 sorteos los d\u00edas 29 de marzo, 1 de abril, 2 de abril y 3 de abril. Todos los buy-ins realizados antes de cada fecha participar\u00e1n en el sorteo correspondiente.<\/li>\n<li>Cada buy-in v\u00e1lido equivale a una participaci\u00f3n.<\/li>\n<li>Cada sorteo otorgar\u00e1 un asiento de \u20ac1,150 para el Main Event del Irish Open en el D\u00eda 1 especificado.<\/li>\n<li>Si el ganador avanza al D\u00eda 2 sin utilizar el premio, el valor equivalente ser\u00e1 acreditado en su cuenta de Luxon Pay.<\/li>\n<\/ul>\n","protected":false},"excerpt":{"rendered":"<p>Haga que su buy-in del Irish Open cuente. Cada buy-in realizado a trav\u00e9s de Luxon Pay equivale a 1 participaci\u00f3n en el sorteo para ganar 1 de los 4 asientos de \u20ac1,150 para el Main Event del Irish Open. \u00a1Su oportunidad de jugar el Main Event sin costo! As\u00ed funciona: \u2022 Compre su entrada a<a class=\"excerpt-read-more\" href=\"https:\/\/luxon.com\/es-ar\/win-a-main-event-seat-at-irish-open\/\" title=\"Read\u00a1Gane un asiento para el Main Event del Irish Open! \ud83c\udf9f\ufe0f\">&#8230; Read more &raquo;<\/a><\/p>\n","protected":false},"author":5,"featured_media":34099,"parent":0,"menu_order":0,"comment_status":"closed","ping_status":"closed","template":"templates\/block-template.php","meta":{"_acf_changed":false,"footnotes":""},"class_list":["post-33938","page","type-page","status-publish","has-post-thumbnail","hentry"],"acf":[],"yoast_head":"<!-- This site is optimized with the Yoast SEO plugin v27.1.1 - https:\/\/yoast.com\/product\/yoast-seo-wordpress\/ -->\n<title>\u00a1Gane un asiento para el Main Event del Irish Open! \ud83c\udf9f\ufe0f - Luxon Pay<\/title>\n<meta name=\"robots\" content=\"index, follow, max-snippet:-1, max-image-preview:large, max-video-preview:-1\" \/>\n<link rel=\"canonical\" href=\"https:\/\/luxon.com\/es-ar\/win-a-main-event-seat-at-irish-open\/\" \/>\n<meta property=\"og:locale\" content=\"es_ES\" \/>\n<meta property=\"og:type\" content=\"article\" \/>\n<meta property=\"og:title\" content=\"\u00a1Gane un asiento para el Main Event del Irish Open! \ud83c\udf9f\ufe0f - Luxon Pay\" \/>\n<meta property=\"og:description\" content=\"Haga que su buy-in del Irish Open cuente. Cada buy-in realizado a trav\u00e9s de Luxon Pay equivale a 1 participaci\u00f3n en el sorteo para ganar 1 de los 4 asientos de \u20ac1,150 para el Main Event del Irish Open. \u00a1Su oportunidad de jugar el Main Event sin costo! As\u00ed funciona: \u2022 Compre su entrada a... Read more &raquo;\" \/>\n<meta property=\"og:url\" content=\"https:\/\/luxon.com\/es-ar\/win-a-main-event-seat-at-irish-open\/\" \/>\n<meta property=\"og:site_name\" content=\"Luxon Pay\" \/>\n<meta property=\"article:modified_time\" content=\"2026-03-05T08:24:33+00:00\" \/>\n<meta property=\"og:image\" content=\"https:\/\/luxon.com\/wp-content\/uploads\/Live-Event-Announcement-Promo_header.png\" \/>\n\t<meta property=\"og:image:width\" content=\"600\" \/>\n\t<meta property=\"og:image:height\" content=\"400\" \/>\n\t<meta property=\"og:image:type\" content=\"image\/png\" \/>\n<meta name=\"twitter:card\" content=\"summary_large_image\" \/>\n<meta name=\"twitter:label1\" content=\"Tiempo de lectura\" \/>\n\t<meta name=\"twitter:data1\" content=\"2 minutos\" \/>\n<script type=\"application\/ld+json\" class=\"yoast-schema-graph\">{\"@context\":\"https:\/\/schema.org\",\"@graph\":[{\"@type\":\"WebPage\",\"@id\":\"https:\/\/luxon.com\/es-ar\/win-a-main-event-seat-at-irish-open\/\",\"url\":\"https:\/\/luxon.com\/es-ar\/win-a-main-event-seat-at-irish-open\/\",\"name\":\"\u00a1Gane un asiento para el Main Event del Irish Open! \ud83c\udf9f\ufe0f - Luxon Pay\",\"isPartOf\":{\"@id\":\"https:\/\/luxon.com\/es-ar\/#website\"},\"primaryImageOfPage\":{\"@id\":\"https:\/\/luxon.com\/es-ar\/win-a-main-event-seat-at-irish-open\/#primaryimage\"},\"image\":{\"@id\":\"https:\/\/luxon.com\/es-ar\/win-a-main-event-seat-at-irish-open\/#primaryimage\"},\"thumbnailUrl\":\"https:\/\/luxon.com\/wp-content\/uploads\/Irish-Open_Banner_2-1.png\",\"datePublished\":\"2026-03-03T21:47:10+00:00\",\"dateModified\":\"2026-03-05T08:24:33+00:00\",\"inLanguage\":\"es-AR\",\"potentialAction\":[{\"@type\":\"ReadAction\",\"target\":[\"https:\/\/luxon.com\/es-ar\/win-a-main-event-seat-at-irish-open\/\"]}]},{\"@type\":\"ImageObject\",\"inLanguage\":\"es-AR\",\"@id\":\"https:\/\/luxon.com\/es-ar\/win-a-main-event-seat-at-irish-open\/#primaryimage\",\"url\":\"https:\/\/luxon.com\/wp-content\/uploads\/Irish-Open_Banner_2-1.png\",\"contentUrl\":\"https:\/\/luxon.com\/wp-content\/uploads\/Irish-Open_Banner_2-1.png\",\"width\":700,\"height\":527},{\"@type\":\"WebSite\",\"@id\":\"https:\/\/luxon.com\/es-ar\/#website\",\"url\":\"https:\/\/luxon.com\/es-ar\/\",\"name\":\"Luxon Pay\",\"description\":\"Instant secure global payments\",\"publisher\":{\"@id\":\"https:\/\/luxon.com\/es-ar\/#organization\"},\"potentialAction\":[{\"@type\":\"SearchAction\",\"target\":{\"@type\":\"EntryPoint\",\"urlTemplate\":\"https:\/\/luxon.com\/es-ar\/?s={search_term_string}\"},\"query-input\":{\"@type\":\"PropertyValueSpecification\",\"valueRequired\":true,\"valueName\":\"search_term_string\"}}],\"inLanguage\":\"es-AR\"},{\"@type\":\"Organization\",\"@id\":\"https:\/\/luxon.com\/es-ar\/#organization\",\"name\":\"Luxon Pay\",\"url\":\"https:\/\/luxon.com\/es-ar\/\",\"logo\":{\"@type\":\"ImageObject\",\"inLanguage\":\"es-AR\",\"@id\":\"https:\/\/luxon.com\/es-ar\/#\/schema\/logo\/image\/\",\"url\":\"https:\/\/luxon.com\/wp-content\/uploads\/WebsiteImage04.png\",\"contentUrl\":\"https:\/\/luxon.com\/wp-content\/uploads\/WebsiteImage04.png\",\"width\":1200,\"height\":630,\"caption\":\"Luxon Pay\"},\"image\":{\"@id\":\"https:\/\/luxon.com\/es-ar\/#\/schema\/logo\/image\/\"}}]}<\/script>\n<!-- \/ Yoast SEO plugin. -->","yoast_head_json":{"title":"\u00a1Gane un asiento para el Main Event del Irish Open! \ud83c\udf9f\ufe0f - Luxon Pay","robots":{"index":"index","follow":"follow","max-snippet":"max-snippet:-1","max-image-preview":"max-image-preview:large","max-video-preview":"max-video-preview:-1"},"canonical":"https:\/\/luxon.com\/es-ar\/win-a-main-event-seat-at-irish-open\/","og_locale":"es_ES","og_type":"article","og_title":"\u00a1Gane un asiento para el Main Event del Irish Open! \ud83c\udf9f\ufe0f - Luxon Pay","og_description":"Haga que su buy-in del Irish Open cuente. Cada buy-in realizado a trav\u00e9s de Luxon Pay equivale a 1 participaci\u00f3n en el sorteo para ganar 1 de los 4 asientos de \u20ac1,150 para el Main Event del Irish Open. \u00a1Su oportunidad de jugar el Main Event sin costo! As\u00ed funciona: \u2022 Compre su entrada a... Read more &raquo;","og_url":"https:\/\/luxon.com\/es-ar\/win-a-main-event-seat-at-irish-open\/","og_site_name":"Luxon Pay","article_modified_time":"2026-03-05T08:24:33+00:00","og_image":[{"width":600,"height":400,"url":"https:\/\/luxon.com\/wp-content\/uploads\/Live-Event-Announcement-Promo_header.png","type":"image\/png"}],"twitter_card":"summary_large_image","twitter_misc":{"Tiempo de lectura":"2 minutos"},"schema":{"@context":"https:\/\/schema.org","@graph":[{"@type":"WebPage","@id":"https:\/\/luxon.com\/es-ar\/win-a-main-event-seat-at-irish-open\/","url":"https:\/\/luxon.com\/es-ar\/win-a-main-event-seat-at-irish-open\/","name":"\u00a1Gane un asiento para el Main Event del Irish Open! \ud83c\udf9f\ufe0f - Luxon Pay","isPartOf":{"@id":"https:\/\/luxon.com\/es-ar\/#website"},"primaryImageOfPage":{"@id":"https:\/\/luxon.com\/es-ar\/win-a-main-event-seat-at-irish-open\/#primaryimage"},"image":{"@id":"https:\/\/luxon.com\/es-ar\/win-a-main-event-seat-at-irish-open\/#primaryimage"},"thumbnailUrl":"https:\/\/luxon.com\/wp-content\/uploads\/Irish-Open_Banner_2-1.png","datePublished":"2026-03-03T21:47:10+00:00","dateModified":"2026-03-05T08:24:33+00:00","inLanguage":"es-AR","potentialAction":[{"@type":"ReadAction","target":["https:\/\/luxon.com\/es-ar\/win-a-main-event-seat-at-irish-open\/"]}]},{"@type":"ImageObject","inLanguage":"es-AR","@id":"https:\/\/luxon.com\/es-ar\/win-a-main-event-seat-at-irish-open\/#primaryimage","url":"https:\/\/luxon.com\/wp-content\/uploads\/Irish-Open_Banner_2-1.png","contentUrl":"https:\/\/luxon.com\/wp-content\/uploads\/Irish-Open_Banner_2-1.png","width":700,"height":527},{"@type":"WebSite","@id":"https:\/\/luxon.com\/es-ar\/#website","url":"https:\/\/luxon.com\/es-ar\/","name":"Luxon Pay","description":"Instant secure global payments","publisher":{"@id":"https:\/\/luxon.com\/es-ar\/#organization"},"potentialAction":[{"@type":"SearchAction","target":{"@type":"EntryPoint","urlTemplate":"https:\/\/luxon.com\/es-ar\/?s={search_term_string}"},"query-input":{"@type":"PropertyValueSpecification","valueRequired":true,"valueName":"search_term_string"}}],"inLanguage":"es-AR"},{"@type":"Organization","@id":"https:\/\/luxon.com\/es-ar\/#organization","name":"Luxon Pay","url":"https:\/\/luxon.com\/es-ar\/","logo":{"@type":"ImageObject","inLanguage":"es-AR","@id":"https:\/\/luxon.com\/es-ar\/#\/schema\/logo\/image\/","url":"https:\/\/luxon.com\/wp-content\/uploads\/WebsiteImage04.png","contentUrl":"https:\/\/luxon.com\/wp-content\/uploads\/WebsiteImage04.png","width":1200,"height":630,"caption":"Luxon Pay"},"image":{"@id":"https:\/\/luxon.com\/es-ar\/#\/schema\/logo\/image\/"}}]}},"_links":{"self":[{"href":"https:\/\/luxon.com\/es-ar\/wp-json\/wp\/v2\/pages\/33938","targetHints":{"allow":["GET"]}}],"collection":[{"href":"https:\/\/luxon.com\/es-ar\/wp-json\/wp\/v2\/pages"}],"about":[{"href":"https:\/\/luxon.com\/es-ar\/wp-json\/wp\/v2\/types\/page"}],"author":[{"embeddable":true,"href":"https:\/\/luxon.com\/es-ar\/wp-json\/wp\/v2\/users\/5"}],"replies":[{"embeddable":true,"href":"https:\/\/luxon.com\/es-ar\/wp-json\/wp\/v2\/comments?post=33938"}],"version-history":[{"count":2,"href":"https:\/\/luxon.com\/es-ar\/wp-json\/wp\/v2\/pages\/33938\/revisions"}],"predecessor-version":[{"id":33940,"href":"https:\/\/luxon.com\/es-ar\/wp-json\/wp\/v2\/pages\/33938\/revisions\/33940"}],"wp:featuredmedia":[{"embeddable":true,"href":"https:\/\/luxon.com\/es-ar\/wp-json\/wp\/v2\/media\/34099"}],"wp:attachment":[{"href":"https:\/\/luxon.com\/es-ar\/wp-json\/wp\/v2\/media?parent=33938"}],"curies":[{"name":"wp","href":"https:\/\/api.w.org\/{rel}","templated":true}]}}