{"id":35773,"date":"2026-05-12T20:55:03","date_gmt":"2026-05-12T20:55:03","guid":{"rendered":"https:\/\/luxon.com\/win-a-10k-wsop-seat\/"},"modified":"2026-05-13T18:15:33","modified_gmt":"2026-05-13T18:15:33","slug":"win-a-10k-wsop-seat","status":"publish","type":"page","link":"https:\/\/luxon.com\/es-ar\/win-a-10k-wsop-seat\/","title":{"rendered":"Gane un asiento de $10,000 para el Evento Principal de la WSOP"},"content":{"rendered":"<p><span data-sheets-root=\"1\">Haga que su inscripci\u00f3n para WSOP Vegas cuente.<\/span><\/p>\n<p>Cada inscripci\u00f3n realizada mediante Luxon Pay = 1 participaci\u00f3n en el sorteo para ganar un asiento de $10,000 para el Evento Principal de la WSOP. \u00a1Su oportunidad de jugar el Main Event gratis!<\/p>\n<p><strong>As\u00ed funciona:<\/strong><br \/>\n\u2022 Compre su entrada para cualquier torneo WSOP Vegas y pague con Luxon Pay en la aplicaci\u00f3n WSOP Live<br \/>\n\u2022 Obtenga 1 participaci\u00f3n en el sorteo por cada inscripci\u00f3n<br \/>\n\u2022 Se entregar\u00e1 1 asiento de $10,000 para el Evento Principal de la WSOP<\/p>\n<p><strong>T\u00e9rminos y condiciones<\/strong><\/p>\n<ul>\n<li>Promoci\u00f3n v\u00e1lida para jugadores que paguen mediante Luxon Pay cualquier torneo de WSOP Vegas a trav\u00e9s de la aplicaci\u00f3n WSOP Live hasta el 29 de junio.<\/li>\n<li>El sorteo se realizar\u00e1 el 30 de junio; todas las inscripciones realizadas antes de esa fecha participar\u00e1n autom\u00e1ticamente.<\/li>\n<li>Cada inscripci\u00f3n v\u00e1lida cuenta como una participaci\u00f3n en el sorteo, independientemente del valor de la entrada.<\/li>\n<li>Si el ganador no puede participar en el Evento Principal de la WSOP 2026, se conversar\u00e1 una recompensa de valor equivalente.<\/li>\n<\/ul>\n","protected":false},"excerpt":{"rendered":"<p>Haga que su inscripci\u00f3n para WSOP Vegas cuente. Cada inscripci\u00f3n realizada mediante Luxon Pay = 1 participaci\u00f3n en el sorteo para ganar un asiento de $10,000 para el Evento Principal de la WSOP. \u00a1Su oportunidad de jugar el Main Event gratis! As\u00ed funciona: \u2022 Compre su entrada para cualquier torneo WSOP Vegas y pague con<a class=\"excerpt-read-more\" href=\"https:\/\/luxon.com\/es-ar\/win-a-10k-wsop-seat\/\" title=\"ReadGane un asiento de $10,000 para el Evento Principal de la WSOP\">&#8230; Read more &raquo;<\/a><\/p>\n","protected":false},"author":5,"featured_media":35737,"parent":0,"menu_order":0,"comment_status":"closed","ping_status":"closed","template":"templates\/block-template.php","meta":{"_acf_changed":false,"footnotes":""},"class_list":["post-35773","page","type-page","status-publish","has-post-thumbnail","hentry"],"acf":[],"yoast_head":"<!-- This site is optimized with the Yoast SEO plugin v27.6 - https:\/\/yoast.com\/product\/yoast-seo-wordpress\/ -->\n<title>Gane un asiento de $10,000 para el Evento Principal de la WSOP - Luxon Pay<\/title>\n<meta name=\"robots\" content=\"index, follow, max-snippet:-1, max-image-preview:large, max-video-preview:-1\" \/>\n<link rel=\"canonical\" href=\"https:\/\/luxon.com\/es-ar\/win-a-10k-wsop-seat\/\" \/>\n<meta property=\"og:locale\" content=\"es_ES\" \/>\n<meta property=\"og:type\" content=\"article\" \/>\n<meta property=\"og:title\" content=\"Gane un asiento de $10,000 para el Evento Principal de la WSOP - Luxon Pay\" \/>\n<meta property=\"og:description\" content=\"Haga que su inscripci\u00f3n para WSOP Vegas cuente. Cada inscripci\u00f3n realizada mediante Luxon Pay = 1 participaci\u00f3n en el sorteo para ganar un asiento de $10,000 para el Evento Principal de la WSOP. \u00a1Su oportunidad de jugar el Main Event gratis! As\u00ed funciona: \u2022 Compre su entrada para cualquier torneo WSOP Vegas y pague con... Read more &raquo;\" \/>\n<meta property=\"og:url\" content=\"https:\/\/luxon.com\/es-ar\/win-a-10k-wsop-seat\/\" \/>\n<meta property=\"og:site_name\" content=\"Luxon Pay\" \/>\n<meta property=\"article:modified_time\" content=\"2026-05-13T18:15:33+00:00\" \/>\n<meta property=\"og:image\" content=\"https:\/\/luxon.com\/wp-content\/uploads\/EmailBanner_1200x800_1.png\" \/>\n\t<meta property=\"og:image:width\" content=\"600\" \/>\n\t<meta property=\"og:image:height\" content=\"400\" \/>\n\t<meta property=\"og:image:type\" content=\"image\/png\" \/>\n<meta name=\"twitter:card\" content=\"summary_large_image\" \/>\n<meta name=\"twitter:label1\" content=\"Tiempo de lectura\" \/>\n\t<meta name=\"twitter:data1\" content=\"1 minuto\" \/>\n<script type=\"application\/ld+json\" class=\"yoast-schema-graph\">{\"@context\":\"https:\\\/\\\/schema.org\",\"@graph\":[{\"@type\":\"WebPage\",\"@id\":\"https:\\\/\\\/luxon.com\\\/es-ar\\\/win-a-10k-wsop-seat\\\/\",\"url\":\"https:\\\/\\\/luxon.com\\\/es-ar\\\/win-a-10k-wsop-seat\\\/\",\"name\":\"Gane un asiento de $10,000 para el Evento Principal de la WSOP - Luxon Pay\",\"isPartOf\":{\"@id\":\"https:\\\/\\\/luxon.com\\\/es-ar\\\/#website\"},\"primaryImageOfPage\":{\"@id\":\"https:\\\/\\\/luxon.com\\\/es-ar\\\/win-a-10k-wsop-seat\\\/#primaryimage\"},\"image\":{\"@id\":\"https:\\\/\\\/luxon.com\\\/es-ar\\\/win-a-10k-wsop-seat\\\/#primaryimage\"},\"thumbnailUrl\":\"https:\\\/\\\/luxon.com\\\/wp-content\\\/uploads\\\/EmailBanner_1200x800_1.png\",\"datePublished\":\"2026-05-12T20:55:03+00:00\",\"dateModified\":\"2026-05-13T18:15:33+00:00\",\"inLanguage\":\"es-AR\",\"potentialAction\":[{\"@type\":\"ReadAction\",\"target\":[\"https:\\\/\\\/luxon.com\\\/es-ar\\\/win-a-10k-wsop-seat\\\/\"]}]},{\"@type\":\"ImageObject\",\"inLanguage\":\"es-AR\",\"@id\":\"https:\\\/\\\/luxon.com\\\/es-ar\\\/win-a-10k-wsop-seat\\\/#primaryimage\",\"url\":\"https:\\\/\\\/luxon.com\\\/wp-content\\\/uploads\\\/EmailBanner_1200x800_1.png\",\"contentUrl\":\"https:\\\/\\\/luxon.com\\\/wp-content\\\/uploads\\\/EmailBanner_1200x800_1.png\",\"width\":600,\"height\":400},{\"@type\":\"WebSite\",\"@id\":\"https:\\\/\\\/luxon.com\\\/es-ar\\\/#website\",\"url\":\"https:\\\/\\\/luxon.com\\\/es-ar\\\/\",\"name\":\"Luxon Pay\",\"description\":\"Instant secure global payments\",\"publisher\":{\"@id\":\"https:\\\/\\\/luxon.com\\\/es-ar\\\/#organization\"},\"potentialAction\":[{\"@type\":\"SearchAction\",\"target\":{\"@type\":\"EntryPoint\",\"urlTemplate\":\"https:\\\/\\\/luxon.com\\\/es-ar\\\/?s={search_term_string}\"},\"query-input\":{\"@type\":\"PropertyValueSpecification\",\"valueRequired\":true,\"valueName\":\"search_term_string\"}}],\"inLanguage\":\"es-AR\"},{\"@type\":\"Organization\",\"@id\":\"https:\\\/\\\/luxon.com\\\/es-ar\\\/#organization\",\"name\":\"Luxon Pay\",\"url\":\"https:\\\/\\\/luxon.com\\\/es-ar\\\/\",\"logo\":{\"@type\":\"ImageObject\",\"inLanguage\":\"es-AR\",\"@id\":\"https:\\\/\\\/luxon.com\\\/es-ar\\\/#\\\/schema\\\/logo\\\/image\\\/\",\"url\":\"https:\\\/\\\/luxon.com\\\/wp-content\\\/uploads\\\/WebsiteImage04.png\",\"contentUrl\":\"https:\\\/\\\/luxon.com\\\/wp-content\\\/uploads\\\/WebsiteImage04.png\",\"width\":1200,\"height\":630,\"caption\":\"Luxon Pay\"},\"image\":{\"@id\":\"https:\\\/\\\/luxon.com\\\/es-ar\\\/#\\\/schema\\\/logo\\\/image\\\/\"}}]}<\/script>\n<!-- \/ Yoast SEO plugin. -->","yoast_head_json":{"title":"Gane un asiento de $10,000 para el Evento Principal de la WSOP - Luxon Pay","robots":{"index":"index","follow":"follow","max-snippet":"max-snippet:-1","max-image-preview":"max-image-preview:large","max-video-preview":"max-video-preview:-1"},"canonical":"https:\/\/luxon.com\/es-ar\/win-a-10k-wsop-seat\/","og_locale":"es_ES","og_type":"article","og_title":"Gane un asiento de $10,000 para el Evento Principal de la WSOP - Luxon Pay","og_description":"Haga que su inscripci\u00f3n para WSOP Vegas cuente. Cada inscripci\u00f3n realizada mediante Luxon Pay = 1 participaci\u00f3n en el sorteo para ganar un asiento de $10,000 para el Evento Principal de la WSOP. \u00a1Su oportunidad de jugar el Main Event gratis! As\u00ed funciona: \u2022 Compre su entrada para cualquier torneo WSOP Vegas y pague con... Read more &raquo;","og_url":"https:\/\/luxon.com\/es-ar\/win-a-10k-wsop-seat\/","og_site_name":"Luxon Pay","article_modified_time":"2026-05-13T18:15:33+00:00","og_image":[{"width":600,"height":400,"url":"https:\/\/luxon.com\/wp-content\/uploads\/EmailBanner_1200x800_1.png","type":"image\/png"}],"twitter_card":"summary_large_image","twitter_misc":{"Tiempo de lectura":"1 minuto"},"schema":{"@context":"https:\/\/schema.org","@graph":[{"@type":"WebPage","@id":"https:\/\/luxon.com\/es-ar\/win-a-10k-wsop-seat\/","url":"https:\/\/luxon.com\/es-ar\/win-a-10k-wsop-seat\/","name":"Gane un asiento de $10,000 para el Evento Principal de la WSOP - Luxon Pay","isPartOf":{"@id":"https:\/\/luxon.com\/es-ar\/#website"},"primaryImageOfPage":{"@id":"https:\/\/luxon.com\/es-ar\/win-a-10k-wsop-seat\/#primaryimage"},"image":{"@id":"https:\/\/luxon.com\/es-ar\/win-a-10k-wsop-seat\/#primaryimage"},"thumbnailUrl":"https:\/\/luxon.com\/wp-content\/uploads\/EmailBanner_1200x800_1.png","datePublished":"2026-05-12T20:55:03+00:00","dateModified":"2026-05-13T18:15:33+00:00","inLanguage":"es-AR","potentialAction":[{"@type":"ReadAction","target":["https:\/\/luxon.com\/es-ar\/win-a-10k-wsop-seat\/"]}]},{"@type":"ImageObject","inLanguage":"es-AR","@id":"https:\/\/luxon.com\/es-ar\/win-a-10k-wsop-seat\/#primaryimage","url":"https:\/\/luxon.com\/wp-content\/uploads\/EmailBanner_1200x800_1.png","contentUrl":"https:\/\/luxon.com\/wp-content\/uploads\/EmailBanner_1200x800_1.png","width":600,"height":400},{"@type":"WebSite","@id":"https:\/\/luxon.com\/es-ar\/#website","url":"https:\/\/luxon.com\/es-ar\/","name":"Luxon Pay","description":"Instant secure global payments","publisher":{"@id":"https:\/\/luxon.com\/es-ar\/#organization"},"potentialAction":[{"@type":"SearchAction","target":{"@type":"EntryPoint","urlTemplate":"https:\/\/luxon.com\/es-ar\/?s={search_term_string}"},"query-input":{"@type":"PropertyValueSpecification","valueRequired":true,"valueName":"search_term_string"}}],"inLanguage":"es-AR"},{"@type":"Organization","@id":"https:\/\/luxon.com\/es-ar\/#organization","name":"Luxon Pay","url":"https:\/\/luxon.com\/es-ar\/","logo":{"@type":"ImageObject","inLanguage":"es-AR","@id":"https:\/\/luxon.com\/es-ar\/#\/schema\/logo\/image\/","url":"https:\/\/luxon.com\/wp-content\/uploads\/WebsiteImage04.png","contentUrl":"https:\/\/luxon.com\/wp-content\/uploads\/WebsiteImage04.png","width":1200,"height":630,"caption":"Luxon Pay"},"image":{"@id":"https:\/\/luxon.com\/es-ar\/#\/schema\/logo\/image\/"}}]}},"_links":{"self":[{"href":"https:\/\/luxon.com\/es-ar\/wp-json\/wp\/v2\/pages\/35773","targetHints":{"allow":["GET"]}}],"collection":[{"href":"https:\/\/luxon.com\/es-ar\/wp-json\/wp\/v2\/pages"}],"about":[{"href":"https:\/\/luxon.com\/es-ar\/wp-json\/wp\/v2\/types\/page"}],"author":[{"embeddable":true,"href":"https:\/\/luxon.com\/es-ar\/wp-json\/wp\/v2\/users\/5"}],"replies":[{"embeddable":true,"href":"https:\/\/luxon.com\/es-ar\/wp-json\/wp\/v2\/comments?post=35773"}],"version-history":[{"count":3,"href":"https:\/\/luxon.com\/es-ar\/wp-json\/wp\/v2\/pages\/35773\/revisions"}],"predecessor-version":[{"id":35805,"href":"https:\/\/luxon.com\/es-ar\/wp-json\/wp\/v2\/pages\/35773\/revisions\/35805"}],"wp:featuredmedia":[{"embeddable":true,"href":"https:\/\/luxon.com\/es-ar\/wp-json\/wp\/v2\/media\/35737"}],"wp:attachment":[{"href":"https:\/\/luxon.com\/es-ar\/wp-json\/wp\/v2\/media?parent=35773"}],"curies":[{"name":"wp","href":"https:\/\/api.w.org\/{rel}","templated":true}]}}