{"id":17444,"date":"2022-10-04T14:12:28","date_gmt":"2022-10-04T14:12:28","guid":{"rendered":"https:\/\/luxon.com\/security\/"},"modified":"2024-10-22T07:39:31","modified_gmt":"2024-10-22T07:39:31","slug":"security","status":"publish","type":"page","link":"https:\/\/luxon.com\/es\/security\/","title":{"rendered":"Nos tomamos en serio la protecci\u00f3n de sus fondos"},"content":{"rendered":"<p>Su dinero est\u00e1 en buenas manos. Puede personalizar su configuraci\u00f3n de seguridad con autenticaci\u00f3n de 2 factores incorporada. Todos los datos est\u00e1n encriptados y nuestro equipo de atenci\u00f3n al cliente 24\/7 lo ayudar\u00e1 al instante.<\/p>\n","protected":false},"excerpt":{"rendered":"<p>Su dinero est\u00e1 en buenas manos. Puede personalizar su configuraci\u00f3n de seguridad con autenticaci\u00f3n de 2 factores incorporada. Todos los datos est\u00e1n encriptados y nuestro equipo de atenci\u00f3n al cliente 24\/7 lo ayudar\u00e1 al instante.<\/p>\n","protected":false},"author":3,"featured_media":21040,"parent":0,"menu_order":0,"comment_status":"closed","ping_status":"closed","template":"templates\/block-template.php","meta":{"_acf_changed":false,"footnotes":""},"class_list":["post-17444","page","type-page","status-publish","has-post-thumbnail","hentry"],"acf":[],"yoast_head":"<!-- This site is optimized with the Yoast SEO plugin v27.4 - https:\/\/yoast.com\/product\/yoast-seo-wordpress\/ -->\n<title>Nos tomamos en serio la protecci\u00f3n de sus fondos - Luxon Pay<\/title>\n<meta name=\"robots\" content=\"index, follow, max-snippet:-1, max-image-preview:large, max-video-preview:-1\" \/>\n<link rel=\"canonical\" href=\"https:\/\/luxon.com\/es\/security\/\" \/>\n<meta property=\"og:locale\" content=\"es_ES\" \/>\n<meta property=\"og:type\" content=\"article\" \/>\n<meta property=\"og:title\" content=\"Nos tomamos en serio la protecci\u00f3n de sus fondos - Luxon Pay\" \/>\n<meta property=\"og:description\" content=\"Su dinero est\u00e1 en buenas manos. Puede personalizar su configuraci\u00f3n de seguridad con autenticaci\u00f3n de 2 factores incorporada. Todos los datos est\u00e1n encriptados y nuestro equipo de atenci\u00f3n al cliente 24\/7 lo ayudar\u00e1 al instante.\" \/>\n<meta property=\"og:url\" content=\"https:\/\/luxon.com\/es\/security\/\" \/>\n<meta property=\"og:site_name\" content=\"Luxon Pay\" \/>\n<meta property=\"article:modified_time\" content=\"2024-10-22T07:39:31+00:00\" \/>\n<meta property=\"og:image\" content=\"https:\/\/luxon.com\/wp-content\/uploads\/Security-4.png\" \/>\n\t<meta property=\"og:image:width\" content=\"370\" \/>\n\t<meta property=\"og:image:height\" content=\"466\" \/>\n\t<meta property=\"og:image:type\" content=\"image\/png\" \/>\n<meta name=\"twitter:card\" content=\"summary_large_image\" \/>\n<meta name=\"twitter:label1\" content=\"Tiempo de lectura\" \/>\n\t<meta name=\"twitter:data1\" content=\"1 minuto\" \/>\n<script type=\"application\/ld+json\" class=\"yoast-schema-graph\">{\"@context\":\"https:\\\/\\\/schema.org\",\"@graph\":[{\"@type\":\"WebPage\",\"@id\":\"https:\\\/\\\/luxon.com\\\/es\\\/security\\\/\",\"url\":\"https:\\\/\\\/luxon.com\\\/es\\\/security\\\/\",\"name\":\"Nos tomamos en serio la protecci\u00f3n de sus fondos - Luxon Pay\",\"isPartOf\":{\"@id\":\"https:\\\/\\\/luxon.com\\\/es\\\/#website\"},\"primaryImageOfPage\":{\"@id\":\"https:\\\/\\\/luxon.com\\\/es\\\/security\\\/#primaryimage\"},\"image\":{\"@id\":\"https:\\\/\\\/luxon.com\\\/es\\\/security\\\/#primaryimage\"},\"thumbnailUrl\":\"https:\\\/\\\/luxon.com\\\/wp-content\\\/uploads\\\/Security-4.png\",\"datePublished\":\"2022-10-04T14:12:28+00:00\",\"dateModified\":\"2024-10-22T07:39:31+00:00\",\"inLanguage\":\"es\",\"potentialAction\":[{\"@type\":\"ReadAction\",\"target\":[\"https:\\\/\\\/luxon.com\\\/es\\\/security\\\/\"]}]},{\"@type\":\"ImageObject\",\"inLanguage\":\"es\",\"@id\":\"https:\\\/\\\/luxon.com\\\/es\\\/security\\\/#primaryimage\",\"url\":\"https:\\\/\\\/luxon.com\\\/wp-content\\\/uploads\\\/Security-4.png\",\"contentUrl\":\"https:\\\/\\\/luxon.com\\\/wp-content\\\/uploads\\\/Security-4.png\",\"width\":370,\"height\":466},{\"@type\":\"WebSite\",\"@id\":\"https:\\\/\\\/luxon.com\\\/es\\\/#website\",\"url\":\"https:\\\/\\\/luxon.com\\\/es\\\/\",\"name\":\"Luxon Pay\",\"description\":\"Instant secure global payments\",\"publisher\":{\"@id\":\"https:\\\/\\\/luxon.com\\\/es\\\/#organization\"},\"potentialAction\":[{\"@type\":\"SearchAction\",\"target\":{\"@type\":\"EntryPoint\",\"urlTemplate\":\"https:\\\/\\\/luxon.com\\\/es\\\/?s={search_term_string}\"},\"query-input\":{\"@type\":\"PropertyValueSpecification\",\"valueRequired\":true,\"valueName\":\"search_term_string\"}}],\"inLanguage\":\"es\"},{\"@type\":\"Organization\",\"@id\":\"https:\\\/\\\/luxon.com\\\/es\\\/#organization\",\"name\":\"Luxon Pay\",\"url\":\"https:\\\/\\\/luxon.com\\\/es\\\/\",\"logo\":{\"@type\":\"ImageObject\",\"inLanguage\":\"es\",\"@id\":\"https:\\\/\\\/luxon.com\\\/es\\\/#\\\/schema\\\/logo\\\/image\\\/\",\"url\":\"https:\\\/\\\/luxon.com\\\/wp-content\\\/uploads\\\/WebsiteImage04.png\",\"contentUrl\":\"https:\\\/\\\/luxon.com\\\/wp-content\\\/uploads\\\/WebsiteImage04.png\",\"width\":1200,\"height\":630,\"caption\":\"Luxon Pay\"},\"image\":{\"@id\":\"https:\\\/\\\/luxon.com\\\/es\\\/#\\\/schema\\\/logo\\\/image\\\/\"}}]}<\/script>\n<!-- \/ Yoast SEO plugin. -->","yoast_head_json":{"title":"Nos tomamos en serio la protecci\u00f3n de sus fondos - Luxon Pay","robots":{"index":"index","follow":"follow","max-snippet":"max-snippet:-1","max-image-preview":"max-image-preview:large","max-video-preview":"max-video-preview:-1"},"canonical":"https:\/\/luxon.com\/es\/security\/","og_locale":"es_ES","og_type":"article","og_title":"Nos tomamos en serio la protecci\u00f3n de sus fondos - Luxon Pay","og_description":"Su dinero est\u00e1 en buenas manos. Puede personalizar su configuraci\u00f3n de seguridad con autenticaci\u00f3n de 2 factores incorporada. Todos los datos est\u00e1n encriptados y nuestro equipo de atenci\u00f3n al cliente 24\/7 lo ayudar\u00e1 al instante.","og_url":"https:\/\/luxon.com\/es\/security\/","og_site_name":"Luxon Pay","article_modified_time":"2024-10-22T07:39:31+00:00","og_image":[{"width":370,"height":466,"url":"https:\/\/luxon.com\/wp-content\/uploads\/Security-4.png","type":"image\/png"}],"twitter_card":"summary_large_image","twitter_misc":{"Tiempo de lectura":"1 minuto"},"schema":{"@context":"https:\/\/schema.org","@graph":[{"@type":"WebPage","@id":"https:\/\/luxon.com\/es\/security\/","url":"https:\/\/luxon.com\/es\/security\/","name":"Nos tomamos en serio la protecci\u00f3n de sus fondos - Luxon Pay","isPartOf":{"@id":"https:\/\/luxon.com\/es\/#website"},"primaryImageOfPage":{"@id":"https:\/\/luxon.com\/es\/security\/#primaryimage"},"image":{"@id":"https:\/\/luxon.com\/es\/security\/#primaryimage"},"thumbnailUrl":"https:\/\/luxon.com\/wp-content\/uploads\/Security-4.png","datePublished":"2022-10-04T14:12:28+00:00","dateModified":"2024-10-22T07:39:31+00:00","inLanguage":"es","potentialAction":[{"@type":"ReadAction","target":["https:\/\/luxon.com\/es\/security\/"]}]},{"@type":"ImageObject","inLanguage":"es","@id":"https:\/\/luxon.com\/es\/security\/#primaryimage","url":"https:\/\/luxon.com\/wp-content\/uploads\/Security-4.png","contentUrl":"https:\/\/luxon.com\/wp-content\/uploads\/Security-4.png","width":370,"height":466},{"@type":"WebSite","@id":"https:\/\/luxon.com\/es\/#website","url":"https:\/\/luxon.com\/es\/","name":"Luxon Pay","description":"Instant secure global payments","publisher":{"@id":"https:\/\/luxon.com\/es\/#organization"},"potentialAction":[{"@type":"SearchAction","target":{"@type":"EntryPoint","urlTemplate":"https:\/\/luxon.com\/es\/?s={search_term_string}"},"query-input":{"@type":"PropertyValueSpecification","valueRequired":true,"valueName":"search_term_string"}}],"inLanguage":"es"},{"@type":"Organization","@id":"https:\/\/luxon.com\/es\/#organization","name":"Luxon Pay","url":"https:\/\/luxon.com\/es\/","logo":{"@type":"ImageObject","inLanguage":"es","@id":"https:\/\/luxon.com\/es\/#\/schema\/logo\/image\/","url":"https:\/\/luxon.com\/wp-content\/uploads\/WebsiteImage04.png","contentUrl":"https:\/\/luxon.com\/wp-content\/uploads\/WebsiteImage04.png","width":1200,"height":630,"caption":"Luxon Pay"},"image":{"@id":"https:\/\/luxon.com\/es\/#\/schema\/logo\/image\/"}}]}},"_links":{"self":[{"href":"https:\/\/luxon.com\/es\/wp-json\/wp\/v2\/pages\/17444","targetHints":{"allow":["GET"]}}],"collection":[{"href":"https:\/\/luxon.com\/es\/wp-json\/wp\/v2\/pages"}],"about":[{"href":"https:\/\/luxon.com\/es\/wp-json\/wp\/v2\/types\/page"}],"author":[{"embeddable":true,"href":"https:\/\/luxon.com\/es\/wp-json\/wp\/v2\/users\/3"}],"replies":[{"embeddable":true,"href":"https:\/\/luxon.com\/es\/wp-json\/wp\/v2\/comments?post=17444"}],"version-history":[{"count":3,"href":"https:\/\/luxon.com\/es\/wp-json\/wp\/v2\/pages\/17444\/revisions"}],"predecessor-version":[{"id":27466,"href":"https:\/\/luxon.com\/es\/wp-json\/wp\/v2\/pages\/17444\/revisions\/27466"}],"wp:featuredmedia":[{"embeddable":true,"href":"https:\/\/luxon.com\/es\/wp-json\/wp\/v2\/media\/21040"}],"wp:attachment":[{"href":"https:\/\/luxon.com\/es\/wp-json\/wp\/v2\/media?parent=17444"}],"curies":[{"name":"wp","href":"https:\/\/api.w.org\/{rel}","templated":true}]}}