{"id":33310,"date":"2025-08-20T08:36:39","date_gmt":"2025-08-20T08:36:39","guid":{"rendered":"https:\/\/luxon.com\/luxon-pay-stone-cold-bubble-protection\/"},"modified":"2026-02-06T16:42:52","modified_gmt":"2026-02-06T16:42:52","slug":"luxon-pay-stone-cold-bubble-protection","status":"publish","type":"page","link":"https:\/\/luxon.com\/es\/luxon-pay-stone-cold-bubble-protection\/","title":{"rendered":"Luxon Pay \u2013 Protecci\u00f3n Burbuja"},"content":{"rendered":"<p data-start=\"180\" data-end=\"509\"><img loading=\"lazy\" decoding=\"async\" class=\"alignnone wp-image-31328\" src=\"https:\/\/luxon.com\/wp-content\/uploads\/LuxonBubbleProtectionBanner2-300x169.png\" alt=\"\" width=\"719\" height=\"405\" srcset=\"https:\/\/luxon.com\/wp-content\/uploads\/LuxonBubbleProtectionBanner2-300x169.png 300w, https:\/\/luxon.com\/wp-content\/uploads\/LuxonBubbleProtectionBanner2-1024x576.png 1024w, https:\/\/luxon.com\/wp-content\/uploads\/LuxonBubbleProtectionBanner2-768x432.png 768w, https:\/\/luxon.com\/wp-content\/uploads\/LuxonBubbleProtectionBanner2-1536x864.png 1536w, https:\/\/luxon.com\/wp-content\/uploads\/LuxonBubbleProtectionBanner2.png 1920w\" sizes=\"auto, (max-width: 719px) 100vw, 719px\" \/><\/p>\n<p>A nadie le gusta quedar burbuja en un torneo, es decir, que est\u00e9 a punto de ganar premios y luego se vaya con las manos vac\u00edas. Por eso, Luxon Pay le protege. Con nuestra Protecci\u00f3n Burbuja, si es el jugador desafortunado que pierde la burbuja despu\u00e9s de registrarse con Luxon Pay, le reembolsaremos el importe completo directamente a su cuenta Luxon.<\/p>\n<p>Juegue con confianza, sabiendo que ni siquiera la burbuja le arruinar\u00e1.<\/p>\n<p>T\u00e9rminos y Condiciones:<br \/>\n1.\u2060 \u2060Requisitos:<br \/>\n\u2022\u2060 \u2060Los jugadores deben procesar su buy-in del torneo a trav\u00e9s de la aplicaci\u00f3n Luxon Pay para optar a la protecci\u00f3n burbuja.<br \/>\n\u2022\u2060 \u2060Para solicitar la protecci\u00f3n burbuja, el jugador debe haber participado en el torneo al menos una vez con Luxon Pay. La protecci\u00f3n contra burbujas solo se aplica a torneos espec\u00edficos, seg\u00fan lo anunciado.<br \/>\n2.\u2060 \u2060Definici\u00f3n de la protecci\u00f3n contra burbujas:<br \/>\nLa protecci\u00f3n contra burbujas garantiza el reembolso del importe de la entrada si el jugador termina en la \u00abburbuja\u00bb (la primera posici\u00f3n fuera de las posiciones pagadas), siempre que no se haya cerrado ning\u00fan pacto ni reparto de la \u00faltima posici\u00f3n pagada.<br \/>\nEl importe del reembolso ser\u00e1 igual al importe de la entrada del torneo, sin incluir cargos ni comisiones adicionales.<br \/>\n3.\u2060 \u2060C\u00f3mo solicitar la protecci\u00f3n contra burbujas:<br \/>\nLa protecci\u00f3n contra burbujas se aplica autom\u00e1ticamente cuando los jugadores procesan su entrada al torneo a trav\u00e9s de la aplicaci\u00f3n Luxon Pay.<br \/>\nLuxon Pay confirmar\u00e1 la determinaci\u00f3n del jugador en la burbuja tras consultar con el casino o el director del torneo, bas\u00e1ndose \u00fanicamente en el sistema oficial de torneos del casino y en el nombre del jugador eliminado en la posici\u00f3n de la burbuja. Los reembolsos se procesar\u00e1n dentro de las 72 horas h\u00e1biles posteriores a la verificaci\u00f3n de los resultados del torneo.<br \/>\n4.\u2060 \u2060Limitaciones y exclusiones:<br \/>\nLa protecci\u00f3n de la burbuja no es transferible ni canjeable por dinero en efectivo.<br \/>\nEn caso de disputa sobre la posici\u00f3n de la burbuja, la decisi\u00f3n de Luxon Pay ser\u00e1 inapelable. *<br \/>\nLa protecci\u00f3n de la burbuja no cubre reingresos ni complementos.<br \/>\n5.\u2060 \u2060Condiciones generales:<br \/>\nLuxon Pay se reserva el derecho de modificar o cancelar la oferta en cualquier momento.<br \/>\nCualquier actividad fraudulenta o uso indebido resultar\u00e1 en la descalificaci\u00f3n de la oferta.<br \/>\nAl participar en esta oferta, los jugadores aceptan cumplir con estos t\u00e9rminos y condiciones.<\/p>\n<p>*Significa que, si hay alg\u00fan desacuerdo o discusi\u00f3n sobre si un jugador pertenece realmente a la \u00abburbuja\u00bb (por ejemplo, debido a una clasificaci\u00f3n incierta en torneos o disputas sobre acuerdos\/divisiones), Luxon Pay tiene la \u00faltima palabra.<\/p>\n<p>Esta cl\u00e1usula protege a Luxon Pay de largas discusiones o apelaciones por parte de jugadores que podr\u00edan intentar impugnar la decisi\u00f3n, simplificando y haciendo el proceso m\u00e1s eficiente.<\/p>\n","protected":false},"excerpt":{"rendered":"<p>A nadie le gusta quedar burbuja en un torneo, es decir, que est\u00e9 a punto de ganar premios y luego se vaya con las manos vac\u00edas. Por eso, Luxon Pay le protege. Con nuestra Protecci\u00f3n Burbuja, si es el jugador desafortunado que pierde la burbuja despu\u00e9s de registrarse con Luxon Pay, le reembolsaremos el importe<a class=\"excerpt-read-more\" href=\"https:\/\/luxon.com\/es\/luxon-pay-stone-cold-bubble-protection\/\" title=\"ReadLuxon Pay \u2013 Protecci\u00f3n Burbuja\">&#8230; Read more &raquo;<\/a><\/p>\n","protected":false},"author":9,"featured_media":31322,"parent":0,"menu_order":0,"comment_status":"closed","ping_status":"closed","template":"template-full-width.php","meta":{"_acf_changed":false,"footnotes":""},"class_list":["post-33310","page","type-page","status-publish","has-post-thumbnail","hentry"],"acf":[],"yoast_head":"<!-- This site is optimized with the Yoast SEO plugin v27.1.1 - https:\/\/yoast.com\/product\/yoast-seo-wordpress\/ -->\n<title>Luxon Pay \u2013 Protecci\u00f3n Burbuja - Luxon Pay<\/title>\n<meta name=\"robots\" content=\"index, follow, max-snippet:-1, max-image-preview:large, max-video-preview:-1\" \/>\n<link rel=\"canonical\" href=\"https:\/\/luxon.com\/es\/luxon-pay-stone-cold-bubble-protection\/\" \/>\n<meta property=\"og:locale\" content=\"es_ES\" \/>\n<meta property=\"og:type\" content=\"article\" \/>\n<meta property=\"og:title\" content=\"Luxon Pay \u2013 Protecci\u00f3n Burbuja - Luxon Pay\" \/>\n<meta property=\"og:description\" content=\"A nadie le gusta quedar burbuja en un torneo, es decir, que est\u00e9 a punto de ganar premios y luego se vaya con las manos vac\u00edas. Por eso, Luxon Pay le protege. Con nuestra Protecci\u00f3n Burbuja, si es el jugador desafortunado que pierde la burbuja despu\u00e9s de registrarse con Luxon Pay, le reembolsaremos el importe... Read more &raquo;\" \/>\n<meta property=\"og:url\" content=\"https:\/\/luxon.com\/es\/luxon-pay-stone-cold-bubble-protection\/\" \/>\n<meta property=\"og:site_name\" content=\"Luxon Pay\" \/>\n<meta property=\"article:modified_time\" content=\"2026-02-06T16:42:52+00:00\" \/>\n<meta property=\"og:image\" content=\"https:\/\/luxon.com\/wp-content\/uploads\/LuxonBubbleProtectionBanner.jpeg\" \/>\n\t<meta property=\"og:image:width\" content=\"1920\" \/>\n\t<meta property=\"og:image:height\" content=\"1080\" \/>\n\t<meta property=\"og:image:type\" content=\"image\/jpeg\" \/>\n<meta name=\"twitter:card\" content=\"summary_large_image\" \/>\n<meta name=\"twitter:label1\" content=\"Tiempo de lectura\" \/>\n\t<meta name=\"twitter:data1\" content=\"3 minutos\" \/>\n<script type=\"application\/ld+json\" class=\"yoast-schema-graph\">{\"@context\":\"https:\/\/schema.org\",\"@graph\":[{\"@type\":\"WebPage\",\"@id\":\"https:\/\/luxon.com\/es\/luxon-pay-stone-cold-bubble-protection\/\",\"url\":\"https:\/\/luxon.com\/es\/luxon-pay-stone-cold-bubble-protection\/\",\"name\":\"Luxon Pay \u2013 Protecci\u00f3n Burbuja - Luxon Pay\",\"isPartOf\":{\"@id\":\"https:\/\/luxon.com\/es\/#website\"},\"primaryImageOfPage\":{\"@id\":\"https:\/\/luxon.com\/es\/luxon-pay-stone-cold-bubble-protection\/#primaryimage\"},\"image\":{\"@id\":\"https:\/\/luxon.com\/es\/luxon-pay-stone-cold-bubble-protection\/#primaryimage\"},\"thumbnailUrl\":\"https:\/\/luxon.com\/wp-content\/uploads\/LuxonBubbleProtectionBanner.jpeg\",\"datePublished\":\"2025-08-20T08:36:39+00:00\",\"dateModified\":\"2026-02-06T16:42:52+00:00\",\"inLanguage\":\"es\",\"potentialAction\":[{\"@type\":\"ReadAction\",\"target\":[\"https:\/\/luxon.com\/es\/luxon-pay-stone-cold-bubble-protection\/\"]}]},{\"@type\":\"ImageObject\",\"inLanguage\":\"es\",\"@id\":\"https:\/\/luxon.com\/es\/luxon-pay-stone-cold-bubble-protection\/#primaryimage\",\"url\":\"https:\/\/luxon.com\/wp-content\/uploads\/LuxonBubbleProtectionBanner.jpeg\",\"contentUrl\":\"https:\/\/luxon.com\/wp-content\/uploads\/LuxonBubbleProtectionBanner.jpeg\",\"width\":1920,\"height\":1080},{\"@type\":\"WebSite\",\"@id\":\"https:\/\/luxon.com\/es\/#website\",\"url\":\"https:\/\/luxon.com\/es\/\",\"name\":\"Luxon Pay\",\"description\":\"Instant secure global payments\",\"publisher\":{\"@id\":\"https:\/\/luxon.com\/es\/#organization\"},\"potentialAction\":[{\"@type\":\"SearchAction\",\"target\":{\"@type\":\"EntryPoint\",\"urlTemplate\":\"https:\/\/luxon.com\/es\/?s={search_term_string}\"},\"query-input\":{\"@type\":\"PropertyValueSpecification\",\"valueRequired\":true,\"valueName\":\"search_term_string\"}}],\"inLanguage\":\"es\"},{\"@type\":\"Organization\",\"@id\":\"https:\/\/luxon.com\/es\/#organization\",\"name\":\"Luxon Pay\",\"url\":\"https:\/\/luxon.com\/es\/\",\"logo\":{\"@type\":\"ImageObject\",\"inLanguage\":\"es\",\"@id\":\"https:\/\/luxon.com\/es\/#\/schema\/logo\/image\/\",\"url\":\"https:\/\/luxon.com\/wp-content\/uploads\/WebsiteImage04.png\",\"contentUrl\":\"https:\/\/luxon.com\/wp-content\/uploads\/WebsiteImage04.png\",\"width\":1200,\"height\":630,\"caption\":\"Luxon Pay\"},\"image\":{\"@id\":\"https:\/\/luxon.com\/es\/#\/schema\/logo\/image\/\"}}]}<\/script>\n<!-- \/ Yoast SEO plugin. -->","yoast_head_json":{"title":"Luxon Pay \u2013 Protecci\u00f3n Burbuja - Luxon Pay","robots":{"index":"index","follow":"follow","max-snippet":"max-snippet:-1","max-image-preview":"max-image-preview:large","max-video-preview":"max-video-preview:-1"},"canonical":"https:\/\/luxon.com\/es\/luxon-pay-stone-cold-bubble-protection\/","og_locale":"es_ES","og_type":"article","og_title":"Luxon Pay \u2013 Protecci\u00f3n Burbuja - Luxon Pay","og_description":"A nadie le gusta quedar burbuja en un torneo, es decir, que est\u00e9 a punto de ganar premios y luego se vaya con las manos vac\u00edas. Por eso, Luxon Pay le protege. Con nuestra Protecci\u00f3n Burbuja, si es el jugador desafortunado que pierde la burbuja despu\u00e9s de registrarse con Luxon Pay, le reembolsaremos el importe... Read more &raquo;","og_url":"https:\/\/luxon.com\/es\/luxon-pay-stone-cold-bubble-protection\/","og_site_name":"Luxon Pay","article_modified_time":"2026-02-06T16:42:52+00:00","og_image":[{"width":1920,"height":1080,"url":"https:\/\/luxon.com\/wp-content\/uploads\/LuxonBubbleProtectionBanner.jpeg","type":"image\/jpeg"}],"twitter_card":"summary_large_image","twitter_misc":{"Tiempo de lectura":"3 minutos"},"schema":{"@context":"https:\/\/schema.org","@graph":[{"@type":"WebPage","@id":"https:\/\/luxon.com\/es\/luxon-pay-stone-cold-bubble-protection\/","url":"https:\/\/luxon.com\/es\/luxon-pay-stone-cold-bubble-protection\/","name":"Luxon Pay \u2013 Protecci\u00f3n Burbuja - Luxon Pay","isPartOf":{"@id":"https:\/\/luxon.com\/es\/#website"},"primaryImageOfPage":{"@id":"https:\/\/luxon.com\/es\/luxon-pay-stone-cold-bubble-protection\/#primaryimage"},"image":{"@id":"https:\/\/luxon.com\/es\/luxon-pay-stone-cold-bubble-protection\/#primaryimage"},"thumbnailUrl":"https:\/\/luxon.com\/wp-content\/uploads\/LuxonBubbleProtectionBanner.jpeg","datePublished":"2025-08-20T08:36:39+00:00","dateModified":"2026-02-06T16:42:52+00:00","inLanguage":"es","potentialAction":[{"@type":"ReadAction","target":["https:\/\/luxon.com\/es\/luxon-pay-stone-cold-bubble-protection\/"]}]},{"@type":"ImageObject","inLanguage":"es","@id":"https:\/\/luxon.com\/es\/luxon-pay-stone-cold-bubble-protection\/#primaryimage","url":"https:\/\/luxon.com\/wp-content\/uploads\/LuxonBubbleProtectionBanner.jpeg","contentUrl":"https:\/\/luxon.com\/wp-content\/uploads\/LuxonBubbleProtectionBanner.jpeg","width":1920,"height":1080},{"@type":"WebSite","@id":"https:\/\/luxon.com\/es\/#website","url":"https:\/\/luxon.com\/es\/","name":"Luxon Pay","description":"Instant secure global payments","publisher":{"@id":"https:\/\/luxon.com\/es\/#organization"},"potentialAction":[{"@type":"SearchAction","target":{"@type":"EntryPoint","urlTemplate":"https:\/\/luxon.com\/es\/?s={search_term_string}"},"query-input":{"@type":"PropertyValueSpecification","valueRequired":true,"valueName":"search_term_string"}}],"inLanguage":"es"},{"@type":"Organization","@id":"https:\/\/luxon.com\/es\/#organization","name":"Luxon Pay","url":"https:\/\/luxon.com\/es\/","logo":{"@type":"ImageObject","inLanguage":"es","@id":"https:\/\/luxon.com\/es\/#\/schema\/logo\/image\/","url":"https:\/\/luxon.com\/wp-content\/uploads\/WebsiteImage04.png","contentUrl":"https:\/\/luxon.com\/wp-content\/uploads\/WebsiteImage04.png","width":1200,"height":630,"caption":"Luxon Pay"},"image":{"@id":"https:\/\/luxon.com\/es\/#\/schema\/logo\/image\/"}}]}},"_links":{"self":[{"href":"https:\/\/luxon.com\/es\/wp-json\/wp\/v2\/pages\/33310","targetHints":{"allow":["GET"]}}],"collection":[{"href":"https:\/\/luxon.com\/es\/wp-json\/wp\/v2\/pages"}],"about":[{"href":"https:\/\/luxon.com\/es\/wp-json\/wp\/v2\/types\/page"}],"author":[{"embeddable":true,"href":"https:\/\/luxon.com\/es\/wp-json\/wp\/v2\/users\/9"}],"replies":[{"embeddable":true,"href":"https:\/\/luxon.com\/es\/wp-json\/wp\/v2\/comments?post=33310"}],"version-history":[{"count":2,"href":"https:\/\/luxon.com\/es\/wp-json\/wp\/v2\/pages\/33310\/revisions"}],"predecessor-version":[{"id":33318,"href":"https:\/\/luxon.com\/es\/wp-json\/wp\/v2\/pages\/33310\/revisions\/33318"}],"wp:featuredmedia":[{"embeddable":true,"href":"https:\/\/luxon.com\/es\/wp-json\/wp\/v2\/media\/31322"}],"wp:attachment":[{"href":"https:\/\/luxon.com\/es\/wp-json\/wp\/v2\/media?parent=33310"}],"curies":[{"name":"wp","href":"https:\/\/api.w.org\/{rel}","templated":true}]}}