{"id":33400,"date":"2024-08-30T14:04:06","date_gmt":"2024-08-30T14:04:06","guid":{"rendered":"https:\/\/luxon.com\/earn-1-cashback-on-merchant-deposits\/"},"modified":"2026-02-13T17:57:41","modified_gmt":"2026-02-13T17:57:41","slug":"earn-1-cashback-on-merchant-deposits","status":"publish","type":"page","link":"https:\/\/luxon.com\/es\/earn-1-cashback-on-merchant-deposits\/","title":{"rendered":"Gane un 1% de reembolso en dep\u00f3sitos de comerciantes en l\u00ednea"},"content":{"rendered":"<div>\n<p>Por tiempo limitado, gane <strong>\u00ab1% de reembolso en dep\u00f3sitos a nuestros comercios en l\u00ednea\u00bb<\/strong> cuando use Luxon Pay antes de que termine el mes.<\/p>\n<p><strong>\u00bfPor qu\u00e9 iniciar sesi\u00f3n ahora?<\/strong><\/p>\n<\/div>\n<ul data-list-tree=\"true\" data-indent=\"0\" data-border=\"0\">\n<li>Gane un 1% de reembolso en dep\u00f3sitos de comerciantes en l\u00ednea<\/li>\n<li>Pagos r\u00e1pidos, seguros y sin complicaciones<\/li>\n<li>Sin pasos adicionales: solo inicie sesi\u00f3n, realice un dep\u00f3sito y disfrute del reembolso<\/li>\n<\/ul>\n<div><strong>T\u00e9rminos y Condiciones<\/strong><\/div>\n<ul data-list-tree=\"true\" data-indent=\"0\" data-border=\"0\">\n<li>Esta oferta se aplica a los dep\u00f3sitos realizados en comercios en l\u00ednea entre el 13 y el 28 de febrero de 2026<\/li>\n<li>El reembolso se acreditar\u00e1 autom\u00e1ticamente dentro de los 7 d\u00edas h\u00e1biles posteriores al final de la promoci\u00f3n<\/li>\n<li>No se aplica l\u00edmite m\u00e1ximo de reembolso<\/li>\n<li>Esta promoci\u00f3n es nominativa y no transferible<\/li>\n<li>V\u00e1lida solo para comercios en l\u00ednea y excluye plataformas o dep\u00f3sitos relacionados con Eventos en Vivo<\/li>\n<li>Se aplican las condiciones generales de Luxon Pay.<\/li>\n<\/ul>\n","protected":false},"excerpt":{"rendered":"<p>Por tiempo limitado, gane \u00ab1% de reembolso en dep\u00f3sitos a nuestros comercios en l\u00ednea\u00bb cuando use Luxon Pay antes de que termine el mes. \u00bfPor qu\u00e9 iniciar sesi\u00f3n ahora? Gane un 1% de reembolso en dep\u00f3sitos de comerciantes en l\u00ednea Pagos r\u00e1pidos, seguros y sin complicaciones Sin pasos adicionales: solo inicie sesi\u00f3n, realice un dep\u00f3sito<a class=\"excerpt-read-more\" href=\"https:\/\/luxon.com\/es\/earn-1-cashback-on-merchant-deposits\/\" title=\"ReadGane un 1% de reembolso en dep\u00f3sitos de comerciantes en l\u00ednea\">&#8230; Read more &raquo;<\/a><\/p>\n","protected":false},"author":5,"featured_media":27949,"parent":0,"menu_order":0,"comment_status":"closed","ping_status":"closed","template":"templates\/block-template.php","meta":{"_acf_changed":false,"footnotes":""},"class_list":["post-33400","page","type-page","status-publish","has-post-thumbnail","hentry"],"acf":[],"yoast_head":"<!-- This site is optimized with the Yoast SEO plugin v27.1.1 - https:\/\/yoast.com\/product\/yoast-seo-wordpress\/ -->\n<title>Gane un 1% de reembolso en dep\u00f3sitos de comerciantes en l\u00ednea - Luxon Pay<\/title>\n<meta name=\"robots\" content=\"index, follow, max-snippet:-1, max-image-preview:large, max-video-preview:-1\" \/>\n<link rel=\"canonical\" href=\"https:\/\/luxon.com\/es\/earn-1-cashback-on-merchant-deposits\/\" \/>\n<meta property=\"og:locale\" content=\"es_ES\" \/>\n<meta property=\"og:type\" content=\"article\" \/>\n<meta property=\"og:title\" content=\"Gane un 1% de reembolso en dep\u00f3sitos de comerciantes en l\u00ednea - Luxon Pay\" \/>\n<meta property=\"og:description\" content=\"Por tiempo limitado, gane \u00ab1% de reembolso en dep\u00f3sitos a nuestros comercios en l\u00ednea\u00bb cuando use Luxon Pay antes de que termine el mes. \u00bfPor qu\u00e9 iniciar sesi\u00f3n ahora? Gane un 1% de reembolso en dep\u00f3sitos de comerciantes en l\u00ednea Pagos r\u00e1pidos, seguros y sin complicaciones Sin pasos adicionales: solo inicie sesi\u00f3n, realice un dep\u00f3sito... Read more &raquo;\" \/>\n<meta property=\"og:url\" content=\"https:\/\/luxon.com\/es\/earn-1-cashback-on-merchant-deposits\/\" \/>\n<meta property=\"og:site_name\" content=\"Luxon Pay\" \/>\n<meta property=\"article:modified_time\" content=\"2026-02-13T17:57:41+00:00\" \/>\n<meta property=\"og:image\" content=\"https:\/\/luxon.com\/wp-content\/uploads\/Group-48095818-1.png\" \/>\n\t<meta property=\"og:image:width\" content=\"636\" \/>\n\t<meta property=\"og:image:height\" content=\"521\" \/>\n\t<meta property=\"og:image:type\" content=\"image\/png\" \/>\n<meta name=\"twitter:card\" content=\"summary_large_image\" \/>\n<meta name=\"twitter:label1\" content=\"Tiempo de lectura\" \/>\n\t<meta name=\"twitter:data1\" content=\"1 minuto\" \/>\n<script type=\"application\/ld+json\" class=\"yoast-schema-graph\">{\"@context\":\"https:\/\/schema.org\",\"@graph\":[{\"@type\":\"WebPage\",\"@id\":\"https:\/\/luxon.com\/es\/earn-1-cashback-on-merchant-deposits\/\",\"url\":\"https:\/\/luxon.com\/es\/earn-1-cashback-on-merchant-deposits\/\",\"name\":\"Gane un 1% de reembolso en dep\u00f3sitos de comerciantes en l\u00ednea - Luxon Pay\",\"isPartOf\":{\"@id\":\"https:\/\/luxon.com\/es\/#website\"},\"primaryImageOfPage\":{\"@id\":\"https:\/\/luxon.com\/es\/earn-1-cashback-on-merchant-deposits\/#primaryimage\"},\"image\":{\"@id\":\"https:\/\/luxon.com\/es\/earn-1-cashback-on-merchant-deposits\/#primaryimage\"},\"thumbnailUrl\":\"https:\/\/luxon.com\/wp-content\/uploads\/Group-48095818-1.png\",\"datePublished\":\"2024-08-30T14:04:06+00:00\",\"dateModified\":\"2026-02-13T17:57:41+00:00\",\"inLanguage\":\"es\",\"potentialAction\":[{\"@type\":\"ReadAction\",\"target\":[\"https:\/\/luxon.com\/es\/earn-1-cashback-on-merchant-deposits\/\"]}]},{\"@type\":\"ImageObject\",\"inLanguage\":\"es\",\"@id\":\"https:\/\/luxon.com\/es\/earn-1-cashback-on-merchant-deposits\/#primaryimage\",\"url\":\"https:\/\/luxon.com\/wp-content\/uploads\/Group-48095818-1.png\",\"contentUrl\":\"https:\/\/luxon.com\/wp-content\/uploads\/Group-48095818-1.png\",\"width\":636,\"height\":521},{\"@type\":\"WebSite\",\"@id\":\"https:\/\/luxon.com\/es\/#website\",\"url\":\"https:\/\/luxon.com\/es\/\",\"name\":\"Luxon Pay\",\"description\":\"Instant secure global payments\",\"publisher\":{\"@id\":\"https:\/\/luxon.com\/es\/#organization\"},\"potentialAction\":[{\"@type\":\"SearchAction\",\"target\":{\"@type\":\"EntryPoint\",\"urlTemplate\":\"https:\/\/luxon.com\/es\/?s={search_term_string}\"},\"query-input\":{\"@type\":\"PropertyValueSpecification\",\"valueRequired\":true,\"valueName\":\"search_term_string\"}}],\"inLanguage\":\"es\"},{\"@type\":\"Organization\",\"@id\":\"https:\/\/luxon.com\/es\/#organization\",\"name\":\"Luxon Pay\",\"url\":\"https:\/\/luxon.com\/es\/\",\"logo\":{\"@type\":\"ImageObject\",\"inLanguage\":\"es\",\"@id\":\"https:\/\/luxon.com\/es\/#\/schema\/logo\/image\/\",\"url\":\"https:\/\/luxon.com\/wp-content\/uploads\/WebsiteImage04.png\",\"contentUrl\":\"https:\/\/luxon.com\/wp-content\/uploads\/WebsiteImage04.png\",\"width\":1200,\"height\":630,\"caption\":\"Luxon Pay\"},\"image\":{\"@id\":\"https:\/\/luxon.com\/es\/#\/schema\/logo\/image\/\"}}]}<\/script>\n<!-- \/ Yoast SEO plugin. -->","yoast_head_json":{"title":"Gane un 1% de reembolso en dep\u00f3sitos de comerciantes en l\u00ednea - Luxon Pay","robots":{"index":"index","follow":"follow","max-snippet":"max-snippet:-1","max-image-preview":"max-image-preview:large","max-video-preview":"max-video-preview:-1"},"canonical":"https:\/\/luxon.com\/es\/earn-1-cashback-on-merchant-deposits\/","og_locale":"es_ES","og_type":"article","og_title":"Gane un 1% de reembolso en dep\u00f3sitos de comerciantes en l\u00ednea - Luxon Pay","og_description":"Por tiempo limitado, gane \u00ab1% de reembolso en dep\u00f3sitos a nuestros comercios en l\u00ednea\u00bb cuando use Luxon Pay antes de que termine el mes. \u00bfPor qu\u00e9 iniciar sesi\u00f3n ahora? Gane un 1% de reembolso en dep\u00f3sitos de comerciantes en l\u00ednea Pagos r\u00e1pidos, seguros y sin complicaciones Sin pasos adicionales: solo inicie sesi\u00f3n, realice un dep\u00f3sito... Read more &raquo;","og_url":"https:\/\/luxon.com\/es\/earn-1-cashback-on-merchant-deposits\/","og_site_name":"Luxon Pay","article_modified_time":"2026-02-13T17:57:41+00:00","og_image":[{"width":636,"height":521,"url":"https:\/\/luxon.com\/wp-content\/uploads\/Group-48095818-1.png","type":"image\/png"}],"twitter_card":"summary_large_image","twitter_misc":{"Tiempo de lectura":"1 minuto"},"schema":{"@context":"https:\/\/schema.org","@graph":[{"@type":"WebPage","@id":"https:\/\/luxon.com\/es\/earn-1-cashback-on-merchant-deposits\/","url":"https:\/\/luxon.com\/es\/earn-1-cashback-on-merchant-deposits\/","name":"Gane un 1% de reembolso en dep\u00f3sitos de comerciantes en l\u00ednea - Luxon Pay","isPartOf":{"@id":"https:\/\/luxon.com\/es\/#website"},"primaryImageOfPage":{"@id":"https:\/\/luxon.com\/es\/earn-1-cashback-on-merchant-deposits\/#primaryimage"},"image":{"@id":"https:\/\/luxon.com\/es\/earn-1-cashback-on-merchant-deposits\/#primaryimage"},"thumbnailUrl":"https:\/\/luxon.com\/wp-content\/uploads\/Group-48095818-1.png","datePublished":"2024-08-30T14:04:06+00:00","dateModified":"2026-02-13T17:57:41+00:00","inLanguage":"es","potentialAction":[{"@type":"ReadAction","target":["https:\/\/luxon.com\/es\/earn-1-cashback-on-merchant-deposits\/"]}]},{"@type":"ImageObject","inLanguage":"es","@id":"https:\/\/luxon.com\/es\/earn-1-cashback-on-merchant-deposits\/#primaryimage","url":"https:\/\/luxon.com\/wp-content\/uploads\/Group-48095818-1.png","contentUrl":"https:\/\/luxon.com\/wp-content\/uploads\/Group-48095818-1.png","width":636,"height":521},{"@type":"WebSite","@id":"https:\/\/luxon.com\/es\/#website","url":"https:\/\/luxon.com\/es\/","name":"Luxon Pay","description":"Instant secure global payments","publisher":{"@id":"https:\/\/luxon.com\/es\/#organization"},"potentialAction":[{"@type":"SearchAction","target":{"@type":"EntryPoint","urlTemplate":"https:\/\/luxon.com\/es\/?s={search_term_string}"},"query-input":{"@type":"PropertyValueSpecification","valueRequired":true,"valueName":"search_term_string"}}],"inLanguage":"es"},{"@type":"Organization","@id":"https:\/\/luxon.com\/es\/#organization","name":"Luxon Pay","url":"https:\/\/luxon.com\/es\/","logo":{"@type":"ImageObject","inLanguage":"es","@id":"https:\/\/luxon.com\/es\/#\/schema\/logo\/image\/","url":"https:\/\/luxon.com\/wp-content\/uploads\/WebsiteImage04.png","contentUrl":"https:\/\/luxon.com\/wp-content\/uploads\/WebsiteImage04.png","width":1200,"height":630,"caption":"Luxon Pay"},"image":{"@id":"https:\/\/luxon.com\/es\/#\/schema\/logo\/image\/"}}]}},"_links":{"self":[{"href":"https:\/\/luxon.com\/es\/wp-json\/wp\/v2\/pages\/33400","targetHints":{"allow":["GET"]}}],"collection":[{"href":"https:\/\/luxon.com\/es\/wp-json\/wp\/v2\/pages"}],"about":[{"href":"https:\/\/luxon.com\/es\/wp-json\/wp\/v2\/types\/page"}],"author":[{"embeddable":true,"href":"https:\/\/luxon.com\/es\/wp-json\/wp\/v2\/users\/5"}],"replies":[{"embeddable":true,"href":"https:\/\/luxon.com\/es\/wp-json\/wp\/v2\/comments?post=33400"}],"version-history":[{"count":3,"href":"https:\/\/luxon.com\/es\/wp-json\/wp\/v2\/pages\/33400\/revisions"}],"predecessor-version":[{"id":33403,"href":"https:\/\/luxon.com\/es\/wp-json\/wp\/v2\/pages\/33400\/revisions\/33403"}],"wp:featuredmedia":[{"embeddable":true,"href":"https:\/\/luxon.com\/es\/wp-json\/wp\/v2\/media\/27949"}],"wp:attachment":[{"href":"https:\/\/luxon.com\/es\/wp-json\/wp\/v2\/media?parent=33400"}],"curies":[{"name":"wp","href":"https:\/\/api.w.org\/{rel}","templated":true}]}}