{"id":35793,"date":"2026-05-12T20:55:03","date_gmt":"2026-05-12T20:55:03","guid":{"rendered":"https:\/\/luxon.com\/win-a-10k-wsop-seat\/"},"modified":"2026-05-13T18:01:39","modified_gmt":"2026-05-13T18:01:39","slug":"win-a-10k-wsop-seat","status":"publish","type":"page","link":"https:\/\/luxon.com\/es\/win-a-10k-wsop-seat\/","title":{"rendered":"\u00a1Gane un asiento de $10,000 para el Evento Principal de las WSOP!"},"content":{"rendered":"<p>\u00a1Aproveche al m\u00e1ximo su entrada a las WSOP de Las Vegas!<\/p>\n<p>Cada entrada a trav\u00e9s de Luxon Pay equivale a una participaci\u00f3n en el sorteo de un asiento de $10,000 para el Evento Principal de las WSOP. \u00a1Su oportunidad de jugar el Evento Principal gratis!<\/p>\n<p><strong>As\u00ed funciona:<\/strong><br \/>\n\u2022\u2060 \u2060Inscr\u00edbase en cualquier torneo de las WSOP Vegas y pague con Luxon Pay en la app WSOP Live.<br \/>\n\u2022\u2060 \u2060Gane una participaci\u00f3n en el sorteo por cada inscripci\u00f3n.<br \/>\n\u2022\u2060 \u2060Se sortear\u00e1 un asiento de $10,000 para el Evento Principal de las WSOP.<\/p>\n<p><strong>T\u00e9rminos y condiciones<\/strong><\/p>\n<ul>\n<li>Promoci\u00f3n v\u00e1lida para jugadores que paguen con Luxon Pay en cualquier torneo de las WSOP Vegas a trav\u00e9s de la app WSOP Live hasta el 29 de junio.<\/li>\n<li>\u2060El sorteo se realizar\u00e1 el 30 de junio; todas las inscripciones realizadas antes de esa fecha participar\u00e1n en el sorteo.<\/li>\n<li>Cada inscripci\u00f3n v\u00e1lida cuenta como una participaci\u00f3n en el sorteo, independientemente del importe.<\/li>\n<li>Si un ganador no puede participar en el Evento Principal de las WSOP 2026, se discutir\u00e1 un premio de valor equivalente.<\/li>\n<\/ul>\n","protected":false},"excerpt":{"rendered":"<p>\u00a1Aproveche al m\u00e1ximo su entrada a las WSOP de Las Vegas! Cada entrada a trav\u00e9s de Luxon Pay equivale a una participaci\u00f3n en el sorteo de un asiento de $10,000 para el Evento Principal de las WSOP. \u00a1Su oportunidad de jugar el Evento Principal gratis! As\u00ed funciona: \u2022\u2060 \u2060Inscr\u00edbase en cualquier torneo de las WSOP<a class=\"excerpt-read-more\" href=\"https:\/\/luxon.com\/es\/win-a-10k-wsop-seat\/\" title=\"Read\u00a1Gane un asiento de $10,000 para el Evento Principal de las WSOP!\">&#8230; Read more &raquo;<\/a><\/p>\n","protected":false},"author":5,"featured_media":35736,"parent":0,"menu_order":0,"comment_status":"closed","ping_status":"closed","template":"templates\/block-template.php","meta":{"_acf_changed":false,"footnotes":""},"class_list":["post-35793","page","type-page","status-publish","has-post-thumbnail","hentry"],"acf":[],"yoast_head":"<!-- This site is optimized with the Yoast SEO plugin v27.6 - https:\/\/yoast.com\/product\/yoast-seo-wordpress\/ -->\n<title>\u00a1Gane un asiento de $10,000 para el Evento Principal de las WSOP! - Luxon Pay<\/title>\n<meta name=\"robots\" content=\"index, follow, max-snippet:-1, max-image-preview:large, max-video-preview:-1\" \/>\n<link rel=\"canonical\" href=\"https:\/\/luxon.com\/es\/win-a-10k-wsop-seat\/\" \/>\n<meta property=\"og:locale\" content=\"es_ES\" \/>\n<meta property=\"og:type\" content=\"article\" \/>\n<meta property=\"og:title\" content=\"\u00a1Gane un asiento de $10,000 para el Evento Principal de las WSOP! - Luxon Pay\" \/>\n<meta property=\"og:description\" content=\"\u00a1Aproveche al m\u00e1ximo su entrada a las WSOP de Las Vegas! Cada entrada a trav\u00e9s de Luxon Pay equivale a una participaci\u00f3n en el sorteo de un asiento de $10,000 para el Evento Principal de las WSOP. \u00a1Su oportunidad de jugar el Evento Principal gratis! As\u00ed funciona: \u2022\u2060 \u2060Inscr\u00edbase en cualquier torneo de las WSOP... Read more &raquo;\" \/>\n<meta property=\"og:url\" content=\"https:\/\/luxon.com\/es\/win-a-10k-wsop-seat\/\" \/>\n<meta property=\"og:site_name\" content=\"Luxon Pay\" \/>\n<meta property=\"article:modified_time\" content=\"2026-05-13T18:01:39+00:00\" \/>\n<meta property=\"og:image\" content=\"https:\/\/luxon.com\/wp-content\/uploads\/EmailBanner_1200x800_1.png\" \/>\n\t<meta property=\"og:image:width\" content=\"600\" \/>\n\t<meta property=\"og:image:height\" content=\"400\" \/>\n\t<meta property=\"og:image:type\" content=\"image\/png\" \/>\n<meta name=\"twitter:card\" content=\"summary_large_image\" \/>\n<meta name=\"twitter:label1\" content=\"Tiempo de lectura\" \/>\n\t<meta name=\"twitter:data1\" content=\"1 minuto\" \/>\n<script type=\"application\/ld+json\" class=\"yoast-schema-graph\">{\"@context\":\"https:\\\/\\\/schema.org\",\"@graph\":[{\"@type\":\"WebPage\",\"@id\":\"https:\\\/\\\/luxon.com\\\/es\\\/win-a-10k-wsop-seat\\\/\",\"url\":\"https:\\\/\\\/luxon.com\\\/es\\\/win-a-10k-wsop-seat\\\/\",\"name\":\"\u00a1Gane un asiento de $10,000 para el Evento Principal de las WSOP! - Luxon Pay\",\"isPartOf\":{\"@id\":\"https:\\\/\\\/luxon.com\\\/es\\\/#website\"},\"primaryImageOfPage\":{\"@id\":\"https:\\\/\\\/luxon.com\\\/es\\\/win-a-10k-wsop-seat\\\/#primaryimage\"},\"image\":{\"@id\":\"https:\\\/\\\/luxon.com\\\/es\\\/win-a-10k-wsop-seat\\\/#primaryimage\"},\"thumbnailUrl\":\"https:\\\/\\\/luxon.com\\\/wp-content\\\/uploads\\\/EmailBanner_1200x800_1.png\",\"datePublished\":\"2026-05-12T20:55:03+00:00\",\"dateModified\":\"2026-05-13T18:01:39+00:00\",\"inLanguage\":\"es\",\"potentialAction\":[{\"@type\":\"ReadAction\",\"target\":[\"https:\\\/\\\/luxon.com\\\/es\\\/win-a-10k-wsop-seat\\\/\"]}]},{\"@type\":\"ImageObject\",\"inLanguage\":\"es\",\"@id\":\"https:\\\/\\\/luxon.com\\\/es\\\/win-a-10k-wsop-seat\\\/#primaryimage\",\"url\":\"https:\\\/\\\/luxon.com\\\/wp-content\\\/uploads\\\/EmailBanner_1200x800_1.png\",\"contentUrl\":\"https:\\\/\\\/luxon.com\\\/wp-content\\\/uploads\\\/EmailBanner_1200x800_1.png\",\"width\":600,\"height\":400},{\"@type\":\"WebSite\",\"@id\":\"https:\\\/\\\/luxon.com\\\/es\\\/#website\",\"url\":\"https:\\\/\\\/luxon.com\\\/es\\\/\",\"name\":\"Luxon Pay\",\"description\":\"Instant secure global payments\",\"publisher\":{\"@id\":\"https:\\\/\\\/luxon.com\\\/es\\\/#organization\"},\"potentialAction\":[{\"@type\":\"SearchAction\",\"target\":{\"@type\":\"EntryPoint\",\"urlTemplate\":\"https:\\\/\\\/luxon.com\\\/es\\\/?s={search_term_string}\"},\"query-input\":{\"@type\":\"PropertyValueSpecification\",\"valueRequired\":true,\"valueName\":\"search_term_string\"}}],\"inLanguage\":\"es\"},{\"@type\":\"Organization\",\"@id\":\"https:\\\/\\\/luxon.com\\\/es\\\/#organization\",\"name\":\"Luxon Pay\",\"url\":\"https:\\\/\\\/luxon.com\\\/es\\\/\",\"logo\":{\"@type\":\"ImageObject\",\"inLanguage\":\"es\",\"@id\":\"https:\\\/\\\/luxon.com\\\/es\\\/#\\\/schema\\\/logo\\\/image\\\/\",\"url\":\"https:\\\/\\\/luxon.com\\\/wp-content\\\/uploads\\\/WebsiteImage04.png\",\"contentUrl\":\"https:\\\/\\\/luxon.com\\\/wp-content\\\/uploads\\\/WebsiteImage04.png\",\"width\":1200,\"height\":630,\"caption\":\"Luxon Pay\"},\"image\":{\"@id\":\"https:\\\/\\\/luxon.com\\\/es\\\/#\\\/schema\\\/logo\\\/image\\\/\"}}]}<\/script>\n<!-- \/ Yoast SEO plugin. -->","yoast_head_json":{"title":"\u00a1Gane un asiento de $10,000 para el Evento Principal de las WSOP! - Luxon Pay","robots":{"index":"index","follow":"follow","max-snippet":"max-snippet:-1","max-image-preview":"max-image-preview:large","max-video-preview":"max-video-preview:-1"},"canonical":"https:\/\/luxon.com\/es\/win-a-10k-wsop-seat\/","og_locale":"es_ES","og_type":"article","og_title":"\u00a1Gane un asiento de $10,000 para el Evento Principal de las WSOP! - Luxon Pay","og_description":"\u00a1Aproveche al m\u00e1ximo su entrada a las WSOP de Las Vegas! Cada entrada a trav\u00e9s de Luxon Pay equivale a una participaci\u00f3n en el sorteo de un asiento de $10,000 para el Evento Principal de las WSOP. \u00a1Su oportunidad de jugar el Evento Principal gratis! As\u00ed funciona: \u2022\u2060 \u2060Inscr\u00edbase en cualquier torneo de las WSOP... Read more &raquo;","og_url":"https:\/\/luxon.com\/es\/win-a-10k-wsop-seat\/","og_site_name":"Luxon Pay","article_modified_time":"2026-05-13T18:01:39+00:00","og_image":[{"width":600,"height":400,"url":"https:\/\/luxon.com\/wp-content\/uploads\/EmailBanner_1200x800_1.png","type":"image\/png"}],"twitter_card":"summary_large_image","twitter_misc":{"Tiempo de lectura":"1 minuto"},"schema":{"@context":"https:\/\/schema.org","@graph":[{"@type":"WebPage","@id":"https:\/\/luxon.com\/es\/win-a-10k-wsop-seat\/","url":"https:\/\/luxon.com\/es\/win-a-10k-wsop-seat\/","name":"\u00a1Gane un asiento de $10,000 para el Evento Principal de las WSOP! - Luxon Pay","isPartOf":{"@id":"https:\/\/luxon.com\/es\/#website"},"primaryImageOfPage":{"@id":"https:\/\/luxon.com\/es\/win-a-10k-wsop-seat\/#primaryimage"},"image":{"@id":"https:\/\/luxon.com\/es\/win-a-10k-wsop-seat\/#primaryimage"},"thumbnailUrl":"https:\/\/luxon.com\/wp-content\/uploads\/EmailBanner_1200x800_1.png","datePublished":"2026-05-12T20:55:03+00:00","dateModified":"2026-05-13T18:01:39+00:00","inLanguage":"es","potentialAction":[{"@type":"ReadAction","target":["https:\/\/luxon.com\/es\/win-a-10k-wsop-seat\/"]}]},{"@type":"ImageObject","inLanguage":"es","@id":"https:\/\/luxon.com\/es\/win-a-10k-wsop-seat\/#primaryimage","url":"https:\/\/luxon.com\/wp-content\/uploads\/EmailBanner_1200x800_1.png","contentUrl":"https:\/\/luxon.com\/wp-content\/uploads\/EmailBanner_1200x800_1.png","width":600,"height":400},{"@type":"WebSite","@id":"https:\/\/luxon.com\/es\/#website","url":"https:\/\/luxon.com\/es\/","name":"Luxon Pay","description":"Instant secure global payments","publisher":{"@id":"https:\/\/luxon.com\/es\/#organization"},"potentialAction":[{"@type":"SearchAction","target":{"@type":"EntryPoint","urlTemplate":"https:\/\/luxon.com\/es\/?s={search_term_string}"},"query-input":{"@type":"PropertyValueSpecification","valueRequired":true,"valueName":"search_term_string"}}],"inLanguage":"es"},{"@type":"Organization","@id":"https:\/\/luxon.com\/es\/#organization","name":"Luxon Pay","url":"https:\/\/luxon.com\/es\/","logo":{"@type":"ImageObject","inLanguage":"es","@id":"https:\/\/luxon.com\/es\/#\/schema\/logo\/image\/","url":"https:\/\/luxon.com\/wp-content\/uploads\/WebsiteImage04.png","contentUrl":"https:\/\/luxon.com\/wp-content\/uploads\/WebsiteImage04.png","width":1200,"height":630,"caption":"Luxon Pay"},"image":{"@id":"https:\/\/luxon.com\/es\/#\/schema\/logo\/image\/"}}]}},"_links":{"self":[{"href":"https:\/\/luxon.com\/es\/wp-json\/wp\/v2\/pages\/35793","targetHints":{"allow":["GET"]}}],"collection":[{"href":"https:\/\/luxon.com\/es\/wp-json\/wp\/v2\/pages"}],"about":[{"href":"https:\/\/luxon.com\/es\/wp-json\/wp\/v2\/types\/page"}],"author":[{"embeddable":true,"href":"https:\/\/luxon.com\/es\/wp-json\/wp\/v2\/users\/5"}],"replies":[{"embeddable":true,"href":"https:\/\/luxon.com\/es\/wp-json\/wp\/v2\/comments?post=35793"}],"version-history":[{"count":3,"href":"https:\/\/luxon.com\/es\/wp-json\/wp\/v2\/pages\/35793\/revisions"}],"predecessor-version":[{"id":35796,"href":"https:\/\/luxon.com\/es\/wp-json\/wp\/v2\/pages\/35793\/revisions\/35796"}],"wp:featuredmedia":[{"embeddable":true,"href":"https:\/\/luxon.com\/es\/wp-json\/wp\/v2\/media\/35736"}],"wp:attachment":[{"href":"https:\/\/luxon.com\/es\/wp-json\/wp\/v2\/media?parent=35793"}],"curies":[{"name":"wp","href":"https:\/\/api.w.org\/{rel}","templated":true}]}}