{"id":17179,"date":"2022-11-29T11:18:36","date_gmt":"2022-11-29T11:18:36","guid":{"rendered":"https:\/\/luxon.com\/currency-exchange\/"},"modified":"2023-03-28T15:41:56","modified_gmt":"2023-03-28T15:41:56","slug":"currency-exchange","status":"publish","type":"page","link":"https:\/\/luxon.com\/fr\/currency-exchange\/","title":{"rendered":"\u00c9change de devises"},"content":{"rendered":"<p>Conservez et envoyez une large gamme de devises \u00e0 l\u2019aide de votre portefeuille Luxon, y compris des GBP, EURO et USD. \u00c9changez instantan\u00e9ment, \u00e0 tout moment, et transf\u00e9rez facilement de l\u2019argent \u00e0 vos amis et \u00e0 votre famille, ce qui vous donne un contr\u00f4le total sur votre argent.<\/p>\n","protected":false},"excerpt":{"rendered":"<p>Conservez et envoyez une large gamme de devises \u00e0 l\u2019aide de votre portefeuille Luxon, y compris des GBP, EURO et USD. \u00c9changez instantan\u00e9ment, \u00e0 tout moment, et transf\u00e9rez facilement de l\u2019argent \u00e0 vos amis et \u00e0 votre famille, ce qui vous donne un contr\u00f4le total sur votre argent.<\/p>\n","protected":false},"author":5,"featured_media":21151,"parent":0,"menu_order":0,"comment_status":"closed","ping_status":"closed","template":"templates\/block-template.php","meta":{"_acf_changed":false,"footnotes":""},"class_list":["post-17179","page","type-page","status-publish","has-post-thumbnail","hentry"],"acf":[],"yoast_head":"<!-- This site is optimized with the Yoast SEO plugin v27.1.1 - https:\/\/yoast.com\/product\/yoast-seo-wordpress\/ -->\n<title>\u00c9change de devises - Luxon Pay<\/title>\n<meta name=\"robots\" content=\"index, follow, max-snippet:-1, max-image-preview:large, max-video-preview:-1\" \/>\n<link rel=\"canonical\" href=\"https:\/\/luxon.com\/fr\/currency-exchange\/\" \/>\n<meta property=\"og:locale\" content=\"fr_FR\" \/>\n<meta property=\"og:type\" content=\"article\" \/>\n<meta property=\"og:title\" content=\"\u00c9change de devises - Luxon Pay\" \/>\n<meta property=\"og:description\" content=\"Conservez et envoyez une large gamme de devises \u00e0 l\u2019aide de votre portefeuille Luxon, y compris des GBP, EURO et USD. \u00c9changez instantan\u00e9ment, \u00e0 tout moment, et transf\u00e9rez facilement de l\u2019argent \u00e0 vos amis et \u00e0 votre famille, ce qui vous donne un contr\u00f4le total sur votre argent.\" \/>\n<meta property=\"og:url\" content=\"https:\/\/luxon.com\/fr\/currency-exchange\/\" \/>\n<meta property=\"og:site_name\" content=\"Luxon Pay\" \/>\n<meta property=\"article:modified_time\" content=\"2023-03-28T15:41:56+00:00\" \/>\n<meta property=\"og:image\" content=\"https:\/\/luxon.com\/wp-content\/uploads\/FX_FR.png\" \/>\n\t<meta property=\"og:image:width\" content=\"886\" \/>\n\t<meta property=\"og:image:height\" content=\"1288\" \/>\n\t<meta property=\"og:image:type\" content=\"image\/png\" \/>\n<meta name=\"twitter:card\" content=\"summary_large_image\" \/>\n<meta name=\"twitter:label1\" content=\"Dur\u00e9e de lecture estim\u00e9e\" \/>\n\t<meta name=\"twitter:data1\" content=\"1 minute\" \/>\n<script type=\"application\/ld+json\" class=\"yoast-schema-graph\">{\"@context\":\"https:\/\/schema.org\",\"@graph\":[{\"@type\":\"WebPage\",\"@id\":\"https:\/\/luxon.com\/fr\/currency-exchange\/\",\"url\":\"https:\/\/luxon.com\/fr\/currency-exchange\/\",\"name\":\"\u00c9change de devises - Luxon Pay\",\"isPartOf\":{\"@id\":\"https:\/\/luxon.com\/fr\/#website\"},\"primaryImageOfPage\":{\"@id\":\"https:\/\/luxon.com\/fr\/currency-exchange\/#primaryimage\"},\"image\":{\"@id\":\"https:\/\/luxon.com\/fr\/currency-exchange\/#primaryimage\"},\"thumbnailUrl\":\"https:\/\/luxon.com\/wp-content\/uploads\/FX_FR.png\",\"datePublished\":\"2022-11-29T11:18:36+00:00\",\"dateModified\":\"2023-03-28T15:41:56+00:00\",\"inLanguage\":\"fr-FR\",\"potentialAction\":[{\"@type\":\"ReadAction\",\"target\":[\"https:\/\/luxon.com\/fr\/currency-exchange\/\"]}]},{\"@type\":\"ImageObject\",\"inLanguage\":\"fr-FR\",\"@id\":\"https:\/\/luxon.com\/fr\/currency-exchange\/#primaryimage\",\"url\":\"https:\/\/luxon.com\/wp-content\/uploads\/FX_FR.png\",\"contentUrl\":\"https:\/\/luxon.com\/wp-content\/uploads\/FX_FR.png\",\"width\":886,\"height\":1288},{\"@type\":\"WebSite\",\"@id\":\"https:\/\/luxon.com\/fr\/#website\",\"url\":\"https:\/\/luxon.com\/fr\/\",\"name\":\"Luxon Pay\",\"description\":\"Instant secure global payments\",\"publisher\":{\"@id\":\"https:\/\/luxon.com\/fr\/#organization\"},\"potentialAction\":[{\"@type\":\"SearchAction\",\"target\":{\"@type\":\"EntryPoint\",\"urlTemplate\":\"https:\/\/luxon.com\/fr\/?s={search_term_string}\"},\"query-input\":{\"@type\":\"PropertyValueSpecification\",\"valueRequired\":true,\"valueName\":\"search_term_string\"}}],\"inLanguage\":\"fr-FR\"},{\"@type\":\"Organization\",\"@id\":\"https:\/\/luxon.com\/fr\/#organization\",\"name\":\"Luxon Pay\",\"url\":\"https:\/\/luxon.com\/fr\/\",\"logo\":{\"@type\":\"ImageObject\",\"inLanguage\":\"fr-FR\",\"@id\":\"https:\/\/luxon.com\/fr\/#\/schema\/logo\/image\/\",\"url\":\"https:\/\/luxon.com\/wp-content\/uploads\/WebsiteImage04.png\",\"contentUrl\":\"https:\/\/luxon.com\/wp-content\/uploads\/WebsiteImage04.png\",\"width\":1200,\"height\":630,\"caption\":\"Luxon Pay\"},\"image\":{\"@id\":\"https:\/\/luxon.com\/fr\/#\/schema\/logo\/image\/\"}}]}<\/script>\n<!-- \/ Yoast SEO plugin. -->","yoast_head_json":{"title":"\u00c9change de devises - Luxon Pay","robots":{"index":"index","follow":"follow","max-snippet":"max-snippet:-1","max-image-preview":"max-image-preview:large","max-video-preview":"max-video-preview:-1"},"canonical":"https:\/\/luxon.com\/fr\/currency-exchange\/","og_locale":"fr_FR","og_type":"article","og_title":"\u00c9change de devises - Luxon Pay","og_description":"Conservez et envoyez une large gamme de devises \u00e0 l\u2019aide de votre portefeuille Luxon, y compris des GBP, EURO et USD. \u00c9changez instantan\u00e9ment, \u00e0 tout moment, et transf\u00e9rez facilement de l\u2019argent \u00e0 vos amis et \u00e0 votre famille, ce qui vous donne un contr\u00f4le total sur votre argent.","og_url":"https:\/\/luxon.com\/fr\/currency-exchange\/","og_site_name":"Luxon Pay","article_modified_time":"2023-03-28T15:41:56+00:00","og_image":[{"width":886,"height":1288,"url":"https:\/\/luxon.com\/wp-content\/uploads\/FX_FR.png","type":"image\/png"}],"twitter_card":"summary_large_image","twitter_misc":{"Dur\u00e9e de lecture estim\u00e9e":"1 minute"},"schema":{"@context":"https:\/\/schema.org","@graph":[{"@type":"WebPage","@id":"https:\/\/luxon.com\/fr\/currency-exchange\/","url":"https:\/\/luxon.com\/fr\/currency-exchange\/","name":"\u00c9change de devises - Luxon Pay","isPartOf":{"@id":"https:\/\/luxon.com\/fr\/#website"},"primaryImageOfPage":{"@id":"https:\/\/luxon.com\/fr\/currency-exchange\/#primaryimage"},"image":{"@id":"https:\/\/luxon.com\/fr\/currency-exchange\/#primaryimage"},"thumbnailUrl":"https:\/\/luxon.com\/wp-content\/uploads\/FX_FR.png","datePublished":"2022-11-29T11:18:36+00:00","dateModified":"2023-03-28T15:41:56+00:00","inLanguage":"fr-FR","potentialAction":[{"@type":"ReadAction","target":["https:\/\/luxon.com\/fr\/currency-exchange\/"]}]},{"@type":"ImageObject","inLanguage":"fr-FR","@id":"https:\/\/luxon.com\/fr\/currency-exchange\/#primaryimage","url":"https:\/\/luxon.com\/wp-content\/uploads\/FX_FR.png","contentUrl":"https:\/\/luxon.com\/wp-content\/uploads\/FX_FR.png","width":886,"height":1288},{"@type":"WebSite","@id":"https:\/\/luxon.com\/fr\/#website","url":"https:\/\/luxon.com\/fr\/","name":"Luxon Pay","description":"Instant secure global payments","publisher":{"@id":"https:\/\/luxon.com\/fr\/#organization"},"potentialAction":[{"@type":"SearchAction","target":{"@type":"EntryPoint","urlTemplate":"https:\/\/luxon.com\/fr\/?s={search_term_string}"},"query-input":{"@type":"PropertyValueSpecification","valueRequired":true,"valueName":"search_term_string"}}],"inLanguage":"fr-FR"},{"@type":"Organization","@id":"https:\/\/luxon.com\/fr\/#organization","name":"Luxon Pay","url":"https:\/\/luxon.com\/fr\/","logo":{"@type":"ImageObject","inLanguage":"fr-FR","@id":"https:\/\/luxon.com\/fr\/#\/schema\/logo\/image\/","url":"https:\/\/luxon.com\/wp-content\/uploads\/WebsiteImage04.png","contentUrl":"https:\/\/luxon.com\/wp-content\/uploads\/WebsiteImage04.png","width":1200,"height":630,"caption":"Luxon Pay"},"image":{"@id":"https:\/\/luxon.com\/fr\/#\/schema\/logo\/image\/"}}]}},"_links":{"self":[{"href":"https:\/\/luxon.com\/fr\/wp-json\/wp\/v2\/pages\/17179","targetHints":{"allow":["GET"]}}],"collection":[{"href":"https:\/\/luxon.com\/fr\/wp-json\/wp\/v2\/pages"}],"about":[{"href":"https:\/\/luxon.com\/fr\/wp-json\/wp\/v2\/types\/page"}],"author":[{"embeddable":true,"href":"https:\/\/luxon.com\/fr\/wp-json\/wp\/v2\/users\/5"}],"replies":[{"embeddable":true,"href":"https:\/\/luxon.com\/fr\/wp-json\/wp\/v2\/comments?post=17179"}],"version-history":[{"count":4,"href":"https:\/\/luxon.com\/fr\/wp-json\/wp\/v2\/pages\/17179\/revisions"}],"predecessor-version":[{"id":17491,"href":"https:\/\/luxon.com\/fr\/wp-json\/wp\/v2\/pages\/17179\/revisions\/17491"}],"wp:featuredmedia":[{"embeddable":true,"href":"https:\/\/luxon.com\/fr\/wp-json\/wp\/v2\/media\/21151"}],"wp:attachment":[{"href":"https:\/\/luxon.com\/fr\/wp-json\/wp\/v2\/media?parent=17179"}],"curies":[{"name":"wp","href":"https:\/\/api.w.org\/{rel}","templated":true}]}}