{"id":17194,"date":"2022-10-04T14:12:28","date_gmt":"2022-10-04T14:12:28","guid":{"rendered":"https:\/\/luxon.com\/security\/"},"modified":"2024-10-21T14:13:06","modified_gmt":"2024-10-21T14:13:06","slug":"security","status":"publish","type":"page","link":"https:\/\/luxon.com\/fr\/security\/","title":{"rendered":"Nous prenons la protection de vos fonds au s\u00e9rieux"},"content":{"rendered":"<p>Votre argent est entre de bonnes mains. Vous pouvez personnaliser vos param\u00e8tres de s\u00e9curit\u00e9 gr\u00e2ce \u00e0 l&rsquo;authentification \u00e0 2 facteurs int\u00e9gr\u00e9e. Toutes les donn\u00e9es sont crypt\u00e9es et notre \u00e9quipe de support client 24h\/24 et 7j\/7 vous assistera instantan\u00e9ment.<\/p>\n","protected":false},"excerpt":{"rendered":"<p>Votre argent est entre de bonnes mains. Vous pouvez personnaliser vos param\u00e8tres de s\u00e9curit\u00e9 gr\u00e2ce \u00e0 l&rsquo;authentification \u00e0 2 facteurs int\u00e9gr\u00e9e. Toutes les donn\u00e9es sont crypt\u00e9es et notre \u00e9quipe de support client 24h\/24 et 7j\/7 vous assistera instantan\u00e9ment.<\/p>\n","protected":false},"author":3,"featured_media":21004,"parent":0,"menu_order":0,"comment_status":"closed","ping_status":"closed","template":"templates\/block-template.php","meta":{"_acf_changed":false,"footnotes":""},"class_list":["post-17194","page","type-page","status-publish","has-post-thumbnail","hentry"],"acf":[],"yoast_head":"<!-- This site is optimized with the Yoast SEO plugin v27.1.1 - https:\/\/yoast.com\/product\/yoast-seo-wordpress\/ -->\n<title>Nous prenons la protection de vos fonds au s\u00e9rieux - Luxon Pay<\/title>\n<meta name=\"robots\" content=\"index, follow, max-snippet:-1, max-image-preview:large, max-video-preview:-1\" \/>\n<link rel=\"canonical\" href=\"https:\/\/luxon.com\/fr\/security\/\" \/>\n<meta property=\"og:locale\" content=\"fr_FR\" \/>\n<meta property=\"og:type\" content=\"article\" \/>\n<meta property=\"og:title\" content=\"Nous prenons la protection de vos fonds au s\u00e9rieux - Luxon Pay\" \/>\n<meta property=\"og:description\" content=\"Votre argent est entre de bonnes mains. Vous pouvez personnaliser vos param\u00e8tres de s\u00e9curit\u00e9 gr\u00e2ce \u00e0 l&rsquo;authentification \u00e0 2 facteurs int\u00e9gr\u00e9e. Toutes les donn\u00e9es sont crypt\u00e9es et notre \u00e9quipe de support client 24h\/24 et 7j\/7 vous assistera instantan\u00e9ment.\" \/>\n<meta property=\"og:url\" content=\"https:\/\/luxon.com\/fr\/security\/\" \/>\n<meta property=\"og:site_name\" content=\"Luxon Pay\" \/>\n<meta property=\"article:modified_time\" content=\"2024-10-21T14:13:06+00:00\" \/>\n<meta property=\"og:image\" content=\"https:\/\/luxon.com\/wp-content\/uploads\/Security.png\" \/>\n\t<meta property=\"og:image:width\" content=\"370\" \/>\n\t<meta property=\"og:image:height\" content=\"466\" \/>\n\t<meta property=\"og:image:type\" content=\"image\/png\" \/>\n<meta name=\"twitter:card\" content=\"summary_large_image\" \/>\n<meta name=\"twitter:label1\" content=\"Dur\u00e9e de lecture estim\u00e9e\" \/>\n\t<meta name=\"twitter:data1\" content=\"1 minute\" \/>\n<script type=\"application\/ld+json\" class=\"yoast-schema-graph\">{\"@context\":\"https:\/\/schema.org\",\"@graph\":[{\"@type\":\"WebPage\",\"@id\":\"https:\/\/luxon.com\/fr\/security\/\",\"url\":\"https:\/\/luxon.com\/fr\/security\/\",\"name\":\"Nous prenons la protection de vos fonds au s\u00e9rieux - Luxon Pay\",\"isPartOf\":{\"@id\":\"https:\/\/luxon.com\/fr\/#website\"},\"primaryImageOfPage\":{\"@id\":\"https:\/\/luxon.com\/fr\/security\/#primaryimage\"},\"image\":{\"@id\":\"https:\/\/luxon.com\/fr\/security\/#primaryimage\"},\"thumbnailUrl\":\"https:\/\/luxon.com\/wp-content\/uploads\/Security.png\",\"datePublished\":\"2022-10-04T14:12:28+00:00\",\"dateModified\":\"2024-10-21T14:13:06+00:00\",\"inLanguage\":\"fr-FR\",\"potentialAction\":[{\"@type\":\"ReadAction\",\"target\":[\"https:\/\/luxon.com\/fr\/security\/\"]}]},{\"@type\":\"ImageObject\",\"inLanguage\":\"fr-FR\",\"@id\":\"https:\/\/luxon.com\/fr\/security\/#primaryimage\",\"url\":\"https:\/\/luxon.com\/wp-content\/uploads\/Security.png\",\"contentUrl\":\"https:\/\/luxon.com\/wp-content\/uploads\/Security.png\",\"width\":370,\"height\":466},{\"@type\":\"WebSite\",\"@id\":\"https:\/\/luxon.com\/fr\/#website\",\"url\":\"https:\/\/luxon.com\/fr\/\",\"name\":\"Luxon Pay\",\"description\":\"Instant secure global payments\",\"publisher\":{\"@id\":\"https:\/\/luxon.com\/fr\/#organization\"},\"potentialAction\":[{\"@type\":\"SearchAction\",\"target\":{\"@type\":\"EntryPoint\",\"urlTemplate\":\"https:\/\/luxon.com\/fr\/?s={search_term_string}\"},\"query-input\":{\"@type\":\"PropertyValueSpecification\",\"valueRequired\":true,\"valueName\":\"search_term_string\"}}],\"inLanguage\":\"fr-FR\"},{\"@type\":\"Organization\",\"@id\":\"https:\/\/luxon.com\/fr\/#organization\",\"name\":\"Luxon Pay\",\"url\":\"https:\/\/luxon.com\/fr\/\",\"logo\":{\"@type\":\"ImageObject\",\"inLanguage\":\"fr-FR\",\"@id\":\"https:\/\/luxon.com\/fr\/#\/schema\/logo\/image\/\",\"url\":\"https:\/\/luxon.com\/wp-content\/uploads\/WebsiteImage04.png\",\"contentUrl\":\"https:\/\/luxon.com\/wp-content\/uploads\/WebsiteImage04.png\",\"width\":1200,\"height\":630,\"caption\":\"Luxon Pay\"},\"image\":{\"@id\":\"https:\/\/luxon.com\/fr\/#\/schema\/logo\/image\/\"}}]}<\/script>\n<!-- \/ Yoast SEO plugin. -->","yoast_head_json":{"title":"Nous prenons la protection de vos fonds au s\u00e9rieux - Luxon Pay","robots":{"index":"index","follow":"follow","max-snippet":"max-snippet:-1","max-image-preview":"max-image-preview:large","max-video-preview":"max-video-preview:-1"},"canonical":"https:\/\/luxon.com\/fr\/security\/","og_locale":"fr_FR","og_type":"article","og_title":"Nous prenons la protection de vos fonds au s\u00e9rieux - Luxon Pay","og_description":"Votre argent est entre de bonnes mains. Vous pouvez personnaliser vos param\u00e8tres de s\u00e9curit\u00e9 gr\u00e2ce \u00e0 l&rsquo;authentification \u00e0 2 facteurs int\u00e9gr\u00e9e. Toutes les donn\u00e9es sont crypt\u00e9es et notre \u00e9quipe de support client 24h\/24 et 7j\/7 vous assistera instantan\u00e9ment.","og_url":"https:\/\/luxon.com\/fr\/security\/","og_site_name":"Luxon Pay","article_modified_time":"2024-10-21T14:13:06+00:00","og_image":[{"width":370,"height":466,"url":"https:\/\/luxon.com\/wp-content\/uploads\/Security.png","type":"image\/png"}],"twitter_card":"summary_large_image","twitter_misc":{"Dur\u00e9e de lecture estim\u00e9e":"1 minute"},"schema":{"@context":"https:\/\/schema.org","@graph":[{"@type":"WebPage","@id":"https:\/\/luxon.com\/fr\/security\/","url":"https:\/\/luxon.com\/fr\/security\/","name":"Nous prenons la protection de vos fonds au s\u00e9rieux - Luxon Pay","isPartOf":{"@id":"https:\/\/luxon.com\/fr\/#website"},"primaryImageOfPage":{"@id":"https:\/\/luxon.com\/fr\/security\/#primaryimage"},"image":{"@id":"https:\/\/luxon.com\/fr\/security\/#primaryimage"},"thumbnailUrl":"https:\/\/luxon.com\/wp-content\/uploads\/Security.png","datePublished":"2022-10-04T14:12:28+00:00","dateModified":"2024-10-21T14:13:06+00:00","inLanguage":"fr-FR","potentialAction":[{"@type":"ReadAction","target":["https:\/\/luxon.com\/fr\/security\/"]}]},{"@type":"ImageObject","inLanguage":"fr-FR","@id":"https:\/\/luxon.com\/fr\/security\/#primaryimage","url":"https:\/\/luxon.com\/wp-content\/uploads\/Security.png","contentUrl":"https:\/\/luxon.com\/wp-content\/uploads\/Security.png","width":370,"height":466},{"@type":"WebSite","@id":"https:\/\/luxon.com\/fr\/#website","url":"https:\/\/luxon.com\/fr\/","name":"Luxon Pay","description":"Instant secure global payments","publisher":{"@id":"https:\/\/luxon.com\/fr\/#organization"},"potentialAction":[{"@type":"SearchAction","target":{"@type":"EntryPoint","urlTemplate":"https:\/\/luxon.com\/fr\/?s={search_term_string}"},"query-input":{"@type":"PropertyValueSpecification","valueRequired":true,"valueName":"search_term_string"}}],"inLanguage":"fr-FR"},{"@type":"Organization","@id":"https:\/\/luxon.com\/fr\/#organization","name":"Luxon Pay","url":"https:\/\/luxon.com\/fr\/","logo":{"@type":"ImageObject","inLanguage":"fr-FR","@id":"https:\/\/luxon.com\/fr\/#\/schema\/logo\/image\/","url":"https:\/\/luxon.com\/wp-content\/uploads\/WebsiteImage04.png","contentUrl":"https:\/\/luxon.com\/wp-content\/uploads\/WebsiteImage04.png","width":1200,"height":630,"caption":"Luxon Pay"},"image":{"@id":"https:\/\/luxon.com\/fr\/#\/schema\/logo\/image\/"}}]}},"_links":{"self":[{"href":"https:\/\/luxon.com\/fr\/wp-json\/wp\/v2\/pages\/17194","targetHints":{"allow":["GET"]}}],"collection":[{"href":"https:\/\/luxon.com\/fr\/wp-json\/wp\/v2\/pages"}],"about":[{"href":"https:\/\/luxon.com\/fr\/wp-json\/wp\/v2\/types\/page"}],"author":[{"embeddable":true,"href":"https:\/\/luxon.com\/fr\/wp-json\/wp\/v2\/users\/3"}],"replies":[{"embeddable":true,"href":"https:\/\/luxon.com\/fr\/wp-json\/wp\/v2\/comments?post=17194"}],"version-history":[{"count":6,"href":"https:\/\/luxon.com\/fr\/wp-json\/wp\/v2\/pages\/17194\/revisions"}],"predecessor-version":[{"id":27445,"href":"https:\/\/luxon.com\/fr\/wp-json\/wp\/v2\/pages\/17194\/revisions\/27445"}],"wp:featuredmedia":[{"embeddable":true,"href":"https:\/\/luxon.com\/fr\/wp-json\/wp\/v2\/media\/21004"}],"wp:attachment":[{"href":"https:\/\/luxon.com\/fr\/wp-json\/wp\/v2\/media?parent=17194"}],"curies":[{"name":"wp","href":"https:\/\/api.w.org\/{rel}","templated":true}]}}