{"id":25929,"date":"2023-09-18T11:33:46","date_gmt":"2023-09-18T11:33:46","guid":{"rendered":"https:\/\/luxon.com\/business\/"},"modified":"2025-01-30T22:11:19","modified_gmt":"2025-01-30T22:11:19","slug":"business-24","status":"publish","type":"page","link":"https:\/\/luxon.com\/fr\/business-24\/","title":{"rendered":"Paiements en ligne s\u00e9curis\u00e9s pour votre entreprise"},"content":{"rendered":"<p>Luxon Pay propose des solutions de paiement avanc\u00e9es adapt\u00e9es \u00e0 tous les besoins de votre entreprise. D\u00e9veloppez-vous sur plusieurs march\u00e9s, acqu\u00e9rez de nouveaux clients et proposez des m\u00e9thodes de paiement suppl\u00e9mentaires avec notre plateforme de bout en bout.<\/p>\n","protected":false},"excerpt":{"rendered":"<p>Luxon Pay propose des solutions de paiement avanc\u00e9es adapt\u00e9es \u00e0 tous les besoins de votre entreprise. D\u00e9veloppez-vous sur plusieurs march\u00e9s, acqu\u00e9rez de nouveaux clients et proposez des m\u00e9thodes de paiement suppl\u00e9mentaires avec notre plateforme de bout en bout.<\/p>\n","protected":false},"author":2,"featured_media":24514,"parent":0,"menu_order":0,"comment_status":"closed","ping_status":"closed","template":"templates\/block-template.php","meta":{"_acf_changed":false,"footnotes":""},"class_list":["post-25929","page","type-page","status-publish","has-post-thumbnail","hentry"],"acf":[],"yoast_head":"<!-- This site is optimized with the Yoast SEO plugin v27.4 - https:\/\/yoast.com\/product\/yoast-seo-wordpress\/ -->\n<title>Paiements en ligne s\u00e9curis\u00e9s pour votre entreprise - Luxon Pay<\/title>\n<meta name=\"robots\" content=\"index, follow, max-snippet:-1, max-image-preview:large, max-video-preview:-1\" \/>\n<link rel=\"canonical\" href=\"https:\/\/luxon.com\/fr\/business-24\/\" \/>\n<meta property=\"og:locale\" content=\"fr_FR\" \/>\n<meta property=\"og:type\" content=\"article\" \/>\n<meta property=\"og:title\" content=\"Paiements en ligne s\u00e9curis\u00e9s pour votre entreprise - Luxon Pay\" \/>\n<meta property=\"og:description\" content=\"Luxon Pay propose des solutions de paiement avanc\u00e9es adapt\u00e9es \u00e0 tous les besoins de votre entreprise. D\u00e9veloppez-vous sur plusieurs march\u00e9s, acqu\u00e9rez de nouveaux clients et proposez des m\u00e9thodes de paiement suppl\u00e9mentaires avec notre plateforme de bout en bout.\" \/>\n<meta property=\"og:url\" content=\"https:\/\/luxon.com\/fr\/business-24\/\" \/>\n<meta property=\"og:site_name\" content=\"Luxon Pay\" \/>\n<meta property=\"article:modified_time\" content=\"2025-01-30T22:11:19+00:00\" \/>\n<meta property=\"og:image\" content=\"https:\/\/luxon.com\/wp-content\/uploads\/Frame-7055-3.png\" \/>\n\t<meta property=\"og:image:width\" content=\"425\" \/>\n\t<meta property=\"og:image:height\" content=\"860\" \/>\n\t<meta property=\"og:image:type\" content=\"image\/png\" \/>\n<meta name=\"twitter:card\" content=\"summary_large_image\" \/>\n<meta name=\"twitter:label1\" content=\"Dur\u00e9e de lecture estim\u00e9e\" \/>\n\t<meta name=\"twitter:data1\" content=\"1 minute\" \/>\n<script type=\"application\/ld+json\" class=\"yoast-schema-graph\">{\"@context\":\"https:\\\/\\\/schema.org\",\"@graph\":[{\"@type\":\"WebPage\",\"@id\":\"https:\\\/\\\/luxon.com\\\/fr\\\/business-24\\\/\",\"url\":\"https:\\\/\\\/luxon.com\\\/fr\\\/business-24\\\/\",\"name\":\"Paiements en ligne s\u00e9curis\u00e9s pour votre entreprise - Luxon Pay\",\"isPartOf\":{\"@id\":\"https:\\\/\\\/luxon.com\\\/fr\\\/#website\"},\"primaryImageOfPage\":{\"@id\":\"https:\\\/\\\/luxon.com\\\/fr\\\/business-24\\\/#primaryimage\"},\"image\":{\"@id\":\"https:\\\/\\\/luxon.com\\\/fr\\\/business-24\\\/#primaryimage\"},\"thumbnailUrl\":\"https:\\\/\\\/luxon.com\\\/wp-content\\\/uploads\\\/Frame-7055-3.png\",\"datePublished\":\"2023-09-18T11:33:46+00:00\",\"dateModified\":\"2025-01-30T22:11:19+00:00\",\"inLanguage\":\"fr-FR\",\"potentialAction\":[{\"@type\":\"ReadAction\",\"target\":[\"https:\\\/\\\/luxon.com\\\/fr\\\/business-24\\\/\"]}]},{\"@type\":\"ImageObject\",\"inLanguage\":\"fr-FR\",\"@id\":\"https:\\\/\\\/luxon.com\\\/fr\\\/business-24\\\/#primaryimage\",\"url\":\"https:\\\/\\\/luxon.com\\\/wp-content\\\/uploads\\\/Frame-7055-3.png\",\"contentUrl\":\"https:\\\/\\\/luxon.com\\\/wp-content\\\/uploads\\\/Frame-7055-3.png\",\"width\":425,\"height\":860},{\"@type\":\"WebSite\",\"@id\":\"https:\\\/\\\/luxon.com\\\/fr\\\/#website\",\"url\":\"https:\\\/\\\/luxon.com\\\/fr\\\/\",\"name\":\"Luxon Pay\",\"description\":\"Instant secure global payments\",\"publisher\":{\"@id\":\"https:\\\/\\\/luxon.com\\\/fr\\\/#organization\"},\"potentialAction\":[{\"@type\":\"SearchAction\",\"target\":{\"@type\":\"EntryPoint\",\"urlTemplate\":\"https:\\\/\\\/luxon.com\\\/fr\\\/?s={search_term_string}\"},\"query-input\":{\"@type\":\"PropertyValueSpecification\",\"valueRequired\":true,\"valueName\":\"search_term_string\"}}],\"inLanguage\":\"fr-FR\"},{\"@type\":\"Organization\",\"@id\":\"https:\\\/\\\/luxon.com\\\/fr\\\/#organization\",\"name\":\"Luxon Pay\",\"url\":\"https:\\\/\\\/luxon.com\\\/fr\\\/\",\"logo\":{\"@type\":\"ImageObject\",\"inLanguage\":\"fr-FR\",\"@id\":\"https:\\\/\\\/luxon.com\\\/fr\\\/#\\\/schema\\\/logo\\\/image\\\/\",\"url\":\"https:\\\/\\\/luxon.com\\\/wp-content\\\/uploads\\\/WebsiteImage04.png\",\"contentUrl\":\"https:\\\/\\\/luxon.com\\\/wp-content\\\/uploads\\\/WebsiteImage04.png\",\"width\":1200,\"height\":630,\"caption\":\"Luxon Pay\"},\"image\":{\"@id\":\"https:\\\/\\\/luxon.com\\\/fr\\\/#\\\/schema\\\/logo\\\/image\\\/\"}}]}<\/script>\n<!-- \/ Yoast SEO plugin. -->","yoast_head_json":{"title":"Paiements en ligne s\u00e9curis\u00e9s pour votre entreprise - Luxon Pay","robots":{"index":"index","follow":"follow","max-snippet":"max-snippet:-1","max-image-preview":"max-image-preview:large","max-video-preview":"max-video-preview:-1"},"canonical":"https:\/\/luxon.com\/fr\/business-24\/","og_locale":"fr_FR","og_type":"article","og_title":"Paiements en ligne s\u00e9curis\u00e9s pour votre entreprise - Luxon Pay","og_description":"Luxon Pay propose des solutions de paiement avanc\u00e9es adapt\u00e9es \u00e0 tous les besoins de votre entreprise. D\u00e9veloppez-vous sur plusieurs march\u00e9s, acqu\u00e9rez de nouveaux clients et proposez des m\u00e9thodes de paiement suppl\u00e9mentaires avec notre plateforme de bout en bout.","og_url":"https:\/\/luxon.com\/fr\/business-24\/","og_site_name":"Luxon Pay","article_modified_time":"2025-01-30T22:11:19+00:00","og_image":[{"width":425,"height":860,"url":"https:\/\/luxon.com\/wp-content\/uploads\/Frame-7055-3.png","type":"image\/png"}],"twitter_card":"summary_large_image","twitter_misc":{"Dur\u00e9e de lecture estim\u00e9e":"1 minute"},"schema":{"@context":"https:\/\/schema.org","@graph":[{"@type":"WebPage","@id":"https:\/\/luxon.com\/fr\/business-24\/","url":"https:\/\/luxon.com\/fr\/business-24\/","name":"Paiements en ligne s\u00e9curis\u00e9s pour votre entreprise - Luxon Pay","isPartOf":{"@id":"https:\/\/luxon.com\/fr\/#website"},"primaryImageOfPage":{"@id":"https:\/\/luxon.com\/fr\/business-24\/#primaryimage"},"image":{"@id":"https:\/\/luxon.com\/fr\/business-24\/#primaryimage"},"thumbnailUrl":"https:\/\/luxon.com\/wp-content\/uploads\/Frame-7055-3.png","datePublished":"2023-09-18T11:33:46+00:00","dateModified":"2025-01-30T22:11:19+00:00","inLanguage":"fr-FR","potentialAction":[{"@type":"ReadAction","target":["https:\/\/luxon.com\/fr\/business-24\/"]}]},{"@type":"ImageObject","inLanguage":"fr-FR","@id":"https:\/\/luxon.com\/fr\/business-24\/#primaryimage","url":"https:\/\/luxon.com\/wp-content\/uploads\/Frame-7055-3.png","contentUrl":"https:\/\/luxon.com\/wp-content\/uploads\/Frame-7055-3.png","width":425,"height":860},{"@type":"WebSite","@id":"https:\/\/luxon.com\/fr\/#website","url":"https:\/\/luxon.com\/fr\/","name":"Luxon Pay","description":"Instant secure global payments","publisher":{"@id":"https:\/\/luxon.com\/fr\/#organization"},"potentialAction":[{"@type":"SearchAction","target":{"@type":"EntryPoint","urlTemplate":"https:\/\/luxon.com\/fr\/?s={search_term_string}"},"query-input":{"@type":"PropertyValueSpecification","valueRequired":true,"valueName":"search_term_string"}}],"inLanguage":"fr-FR"},{"@type":"Organization","@id":"https:\/\/luxon.com\/fr\/#organization","name":"Luxon Pay","url":"https:\/\/luxon.com\/fr\/","logo":{"@type":"ImageObject","inLanguage":"fr-FR","@id":"https:\/\/luxon.com\/fr\/#\/schema\/logo\/image\/","url":"https:\/\/luxon.com\/wp-content\/uploads\/WebsiteImage04.png","contentUrl":"https:\/\/luxon.com\/wp-content\/uploads\/WebsiteImage04.png","width":1200,"height":630,"caption":"Luxon Pay"},"image":{"@id":"https:\/\/luxon.com\/fr\/#\/schema\/logo\/image\/"}}]}},"_links":{"self":[{"href":"https:\/\/luxon.com\/fr\/wp-json\/wp\/v2\/pages\/25929","targetHints":{"allow":["GET"]}}],"collection":[{"href":"https:\/\/luxon.com\/fr\/wp-json\/wp\/v2\/pages"}],"about":[{"href":"https:\/\/luxon.com\/fr\/wp-json\/wp\/v2\/types\/page"}],"author":[{"embeddable":true,"href":"https:\/\/luxon.com\/fr\/wp-json\/wp\/v2\/users\/2"}],"replies":[{"embeddable":true,"href":"https:\/\/luxon.com\/fr\/wp-json\/wp\/v2\/comments?post=25929"}],"version-history":[{"count":3,"href":"https:\/\/luxon.com\/fr\/wp-json\/wp\/v2\/pages\/25929\/revisions"}],"predecessor-version":[{"id":25932,"href":"https:\/\/luxon.com\/fr\/wp-json\/wp\/v2\/pages\/25929\/revisions\/25932"}],"wp:featuredmedia":[{"embeddable":true,"href":"https:\/\/luxon.com\/fr\/wp-json\/wp\/v2\/media\/24514"}],"wp:attachment":[{"href":"https:\/\/luxon.com\/fr\/wp-json\/wp\/v2\/media?parent=25929"}],"curies":[{"name":"wp","href":"https:\/\/api.w.org\/{rel}","templated":true}]}}