{"id":26600,"date":"2024-06-07T14:24:28","date_gmt":"2024-06-07T14:24:28","guid":{"rendered":"https:\/\/luxon.com\/wpt-global-cash-back-promo\/"},"modified":"2024-06-13T18:25:16","modified_gmt":"2024-06-13T18:25:16","slug":"wpt-global-cash-back-promo","status":"publish","type":"page","link":"https:\/\/luxon.com\/fr\/wpt-global-cash-back-promo\/","title":{"rendered":"WPT Global promotion de cashback"},"content":{"rendered":"<p>Obtenez jusqu&rsquo;\u00e0 50 $ de cashback<\/p>\n<p>D\u00e9posez sur WPT Global via Luxon Pay et obtenez 1 % de cashback sur tous les d\u00e9p\u00f4ts jusqu&rsquo;au 30 juin 2024.<\/p>\n<ul>\n<li>Promotion disponible pour tous les utilisateurs qui d\u00e9posent sur WPT Global via Luxon Pay pendant les dates de la promotion<\/li>\n<li>Promotion en cours du 13 juin 2024 \u00e0 00h00 CET au 30 juin 2024 \u00e0 23h59 CET<\/li>\n<li>Les utilisateurs doivent avoir un compte Luxon Pay actif (KYC compl\u00e9t\u00e9) avant de pouvoir effectuer un d\u00e9p\u00f4t sur WPT Global<\/li>\n<li>Le cashback sera vers\u00e9 sur tous les d\u00e9p\u00f4ts sur WPT Global jusqu&rsquo;\u00e0 une valeur de 50 $<\/li>\n<li>Le cashback sera cr\u00e9dit\u00e9 sur votre compte Luxon Pay le 2 juillet 2024<\/li>\n<\/ul>\n","protected":false},"excerpt":{"rendered":"<p>Obtenez jusqu&rsquo;\u00e0 50 $ de cashback D\u00e9posez sur WPT Global via Luxon Pay et obtenez 1 % de cashback sur tous les d\u00e9p\u00f4ts jusqu&rsquo;au 30 juin 2024. Promotion disponible pour tous les utilisateurs qui d\u00e9posent sur WPT Global via Luxon Pay pendant les dates de la promotion Promotion en cours du 13 juin 2024 \u00e0<a class=\"excerpt-read-more\" href=\"https:\/\/luxon.com\/fr\/wpt-global-cash-back-promo\/\" title=\"ReadWPT Global promotion de cashback\">&#8230; Read more &raquo;<\/a><\/p>\n","protected":false},"author":5,"featured_media":26554,"parent":0,"menu_order":0,"comment_status":"closed","ping_status":"closed","template":"templates\/block-template.php","meta":{"_acf_changed":false,"footnotes":""},"class_list":["post-26600","page","type-page","status-publish","has-post-thumbnail","hentry"],"acf":[],"yoast_head":"<!-- This site is optimized with the Yoast SEO plugin v27.4 - https:\/\/yoast.com\/product\/yoast-seo-wordpress\/ -->\n<title>WPT Global promotion de cashback - Luxon Pay<\/title>\n<meta name=\"robots\" content=\"index, follow, max-snippet:-1, max-image-preview:large, max-video-preview:-1\" \/>\n<link rel=\"canonical\" href=\"https:\/\/luxon.com\/fr\/wpt-global-cash-back-promo\/\" \/>\n<meta property=\"og:locale\" content=\"fr_FR\" \/>\n<meta property=\"og:type\" content=\"article\" \/>\n<meta property=\"og:title\" content=\"WPT Global promotion de cashback - Luxon Pay\" \/>\n<meta property=\"og:description\" content=\"Obtenez jusqu&rsquo;\u00e0 50 $ de cashback D\u00e9posez sur WPT Global via Luxon Pay et obtenez 1 % de cashback sur tous les d\u00e9p\u00f4ts jusqu&rsquo;au 30 juin 2024. Promotion disponible pour tous les utilisateurs qui d\u00e9posent sur WPT Global via Luxon Pay pendant les dates de la promotion Promotion en cours du 13 juin 2024 \u00e0... Read more &raquo;\" \/>\n<meta property=\"og:url\" content=\"https:\/\/luxon.com\/fr\/wpt-global-cash-back-promo\/\" \/>\n<meta property=\"og:site_name\" content=\"Luxon Pay\" \/>\n<meta property=\"article:modified_time\" content=\"2024-06-13T18:25:16+00:00\" \/>\n<meta property=\"og:image\" content=\"https:\/\/luxon.com\/wp-content\/uploads\/1f0e507fca6c7f520e2fa51ad0759238-420fc-fill-1200-0.png\" \/>\n\t<meta property=\"og:image:width\" content=\"1200\" \/>\n\t<meta property=\"og:image:height\" content=\"582\" \/>\n\t<meta property=\"og:image:type\" content=\"image\/png\" \/>\n<meta name=\"twitter:card\" content=\"summary_large_image\" \/>\n<meta name=\"twitter:label1\" content=\"Dur\u00e9e de lecture estim\u00e9e\" \/>\n\t<meta name=\"twitter:data1\" content=\"1 minute\" \/>\n<script type=\"application\/ld+json\" class=\"yoast-schema-graph\">{\"@context\":\"https:\\\/\\\/schema.org\",\"@graph\":[{\"@type\":\"WebPage\",\"@id\":\"https:\\\/\\\/luxon.com\\\/fr\\\/wpt-global-cash-back-promo\\\/\",\"url\":\"https:\\\/\\\/luxon.com\\\/fr\\\/wpt-global-cash-back-promo\\\/\",\"name\":\"WPT Global promotion de cashback - Luxon Pay\",\"isPartOf\":{\"@id\":\"https:\\\/\\\/luxon.com\\\/fr\\\/#website\"},\"primaryImageOfPage\":{\"@id\":\"https:\\\/\\\/luxon.com\\\/fr\\\/wpt-global-cash-back-promo\\\/#primaryimage\"},\"image\":{\"@id\":\"https:\\\/\\\/luxon.com\\\/fr\\\/wpt-global-cash-back-promo\\\/#primaryimage\"},\"thumbnailUrl\":\"https:\\\/\\\/luxon.com\\\/wp-content\\\/uploads\\\/1f0e507fca6c7f520e2fa51ad0759238-420fc-fill-1200-0.png\",\"datePublished\":\"2024-06-07T14:24:28+00:00\",\"dateModified\":\"2024-06-13T18:25:16+00:00\",\"inLanguage\":\"fr-FR\",\"potentialAction\":[{\"@type\":\"ReadAction\",\"target\":[\"https:\\\/\\\/luxon.com\\\/fr\\\/wpt-global-cash-back-promo\\\/\"]}]},{\"@type\":\"ImageObject\",\"inLanguage\":\"fr-FR\",\"@id\":\"https:\\\/\\\/luxon.com\\\/fr\\\/wpt-global-cash-back-promo\\\/#primaryimage\",\"url\":\"https:\\\/\\\/luxon.com\\\/wp-content\\\/uploads\\\/1f0e507fca6c7f520e2fa51ad0759238-420fc-fill-1200-0.png\",\"contentUrl\":\"https:\\\/\\\/luxon.com\\\/wp-content\\\/uploads\\\/1f0e507fca6c7f520e2fa51ad0759238-420fc-fill-1200-0.png\",\"width\":1200,\"height\":582},{\"@type\":\"WebSite\",\"@id\":\"https:\\\/\\\/luxon.com\\\/fr\\\/#website\",\"url\":\"https:\\\/\\\/luxon.com\\\/fr\\\/\",\"name\":\"Luxon Pay\",\"description\":\"Instant secure global payments\",\"publisher\":{\"@id\":\"https:\\\/\\\/luxon.com\\\/fr\\\/#organization\"},\"potentialAction\":[{\"@type\":\"SearchAction\",\"target\":{\"@type\":\"EntryPoint\",\"urlTemplate\":\"https:\\\/\\\/luxon.com\\\/fr\\\/?s={search_term_string}\"},\"query-input\":{\"@type\":\"PropertyValueSpecification\",\"valueRequired\":true,\"valueName\":\"search_term_string\"}}],\"inLanguage\":\"fr-FR\"},{\"@type\":\"Organization\",\"@id\":\"https:\\\/\\\/luxon.com\\\/fr\\\/#organization\",\"name\":\"Luxon Pay\",\"url\":\"https:\\\/\\\/luxon.com\\\/fr\\\/\",\"logo\":{\"@type\":\"ImageObject\",\"inLanguage\":\"fr-FR\",\"@id\":\"https:\\\/\\\/luxon.com\\\/fr\\\/#\\\/schema\\\/logo\\\/image\\\/\",\"url\":\"https:\\\/\\\/luxon.com\\\/wp-content\\\/uploads\\\/WebsiteImage04.png\",\"contentUrl\":\"https:\\\/\\\/luxon.com\\\/wp-content\\\/uploads\\\/WebsiteImage04.png\",\"width\":1200,\"height\":630,\"caption\":\"Luxon Pay\"},\"image\":{\"@id\":\"https:\\\/\\\/luxon.com\\\/fr\\\/#\\\/schema\\\/logo\\\/image\\\/\"}}]}<\/script>\n<!-- \/ Yoast SEO plugin. -->","yoast_head_json":{"title":"WPT Global promotion de cashback - Luxon Pay","robots":{"index":"index","follow":"follow","max-snippet":"max-snippet:-1","max-image-preview":"max-image-preview:large","max-video-preview":"max-video-preview:-1"},"canonical":"https:\/\/luxon.com\/fr\/wpt-global-cash-back-promo\/","og_locale":"fr_FR","og_type":"article","og_title":"WPT Global promotion de cashback - Luxon Pay","og_description":"Obtenez jusqu&rsquo;\u00e0 50 $ de cashback D\u00e9posez sur WPT Global via Luxon Pay et obtenez 1 % de cashback sur tous les d\u00e9p\u00f4ts jusqu&rsquo;au 30 juin 2024. Promotion disponible pour tous les utilisateurs qui d\u00e9posent sur WPT Global via Luxon Pay pendant les dates de la promotion Promotion en cours du 13 juin 2024 \u00e0... Read more &raquo;","og_url":"https:\/\/luxon.com\/fr\/wpt-global-cash-back-promo\/","og_site_name":"Luxon Pay","article_modified_time":"2024-06-13T18:25:16+00:00","og_image":[{"width":1200,"height":582,"url":"https:\/\/luxon.com\/wp-content\/uploads\/1f0e507fca6c7f520e2fa51ad0759238-420fc-fill-1200-0.png","type":"image\/png"}],"twitter_card":"summary_large_image","twitter_misc":{"Dur\u00e9e de lecture estim\u00e9e":"1 minute"},"schema":{"@context":"https:\/\/schema.org","@graph":[{"@type":"WebPage","@id":"https:\/\/luxon.com\/fr\/wpt-global-cash-back-promo\/","url":"https:\/\/luxon.com\/fr\/wpt-global-cash-back-promo\/","name":"WPT Global promotion de cashback - Luxon Pay","isPartOf":{"@id":"https:\/\/luxon.com\/fr\/#website"},"primaryImageOfPage":{"@id":"https:\/\/luxon.com\/fr\/wpt-global-cash-back-promo\/#primaryimage"},"image":{"@id":"https:\/\/luxon.com\/fr\/wpt-global-cash-back-promo\/#primaryimage"},"thumbnailUrl":"https:\/\/luxon.com\/wp-content\/uploads\/1f0e507fca6c7f520e2fa51ad0759238-420fc-fill-1200-0.png","datePublished":"2024-06-07T14:24:28+00:00","dateModified":"2024-06-13T18:25:16+00:00","inLanguage":"fr-FR","potentialAction":[{"@type":"ReadAction","target":["https:\/\/luxon.com\/fr\/wpt-global-cash-back-promo\/"]}]},{"@type":"ImageObject","inLanguage":"fr-FR","@id":"https:\/\/luxon.com\/fr\/wpt-global-cash-back-promo\/#primaryimage","url":"https:\/\/luxon.com\/wp-content\/uploads\/1f0e507fca6c7f520e2fa51ad0759238-420fc-fill-1200-0.png","contentUrl":"https:\/\/luxon.com\/wp-content\/uploads\/1f0e507fca6c7f520e2fa51ad0759238-420fc-fill-1200-0.png","width":1200,"height":582},{"@type":"WebSite","@id":"https:\/\/luxon.com\/fr\/#website","url":"https:\/\/luxon.com\/fr\/","name":"Luxon Pay","description":"Instant secure global payments","publisher":{"@id":"https:\/\/luxon.com\/fr\/#organization"},"potentialAction":[{"@type":"SearchAction","target":{"@type":"EntryPoint","urlTemplate":"https:\/\/luxon.com\/fr\/?s={search_term_string}"},"query-input":{"@type":"PropertyValueSpecification","valueRequired":true,"valueName":"search_term_string"}}],"inLanguage":"fr-FR"},{"@type":"Organization","@id":"https:\/\/luxon.com\/fr\/#organization","name":"Luxon Pay","url":"https:\/\/luxon.com\/fr\/","logo":{"@type":"ImageObject","inLanguage":"fr-FR","@id":"https:\/\/luxon.com\/fr\/#\/schema\/logo\/image\/","url":"https:\/\/luxon.com\/wp-content\/uploads\/WebsiteImage04.png","contentUrl":"https:\/\/luxon.com\/wp-content\/uploads\/WebsiteImage04.png","width":1200,"height":630,"caption":"Luxon Pay"},"image":{"@id":"https:\/\/luxon.com\/fr\/#\/schema\/logo\/image\/"}}]}},"_links":{"self":[{"href":"https:\/\/luxon.com\/fr\/wp-json\/wp\/v2\/pages\/26600","targetHints":{"allow":["GET"]}}],"collection":[{"href":"https:\/\/luxon.com\/fr\/wp-json\/wp\/v2\/pages"}],"about":[{"href":"https:\/\/luxon.com\/fr\/wp-json\/wp\/v2\/types\/page"}],"author":[{"embeddable":true,"href":"https:\/\/luxon.com\/fr\/wp-json\/wp\/v2\/users\/5"}],"replies":[{"embeddable":true,"href":"https:\/\/luxon.com\/fr\/wp-json\/wp\/v2\/comments?post=26600"}],"version-history":[{"count":2,"href":"https:\/\/luxon.com\/fr\/wp-json\/wp\/v2\/pages\/26600\/revisions"}],"predecessor-version":[{"id":26602,"href":"https:\/\/luxon.com\/fr\/wp-json\/wp\/v2\/pages\/26600\/revisions\/26602"}],"wp:featuredmedia":[{"embeddable":true,"href":"https:\/\/luxon.com\/fr\/wp-json\/wp\/v2\/media\/26554"}],"wp:attachment":[{"href":"https:\/\/luxon.com\/fr\/wp-json\/wp\/v2\/media?parent=26600"}],"curies":[{"name":"wp","href":"https:\/\/api.w.org\/{rel}","templated":true}]}}