{"id":26828,"date":"2024-09-12T13:39:00","date_gmt":"2024-09-12T13:39:00","guid":{"rendered":"https:\/\/luxon.com\/financial-freedom-with-regular-bank-transfer-iban\/"},"modified":"2024-09-23T16:30:44","modified_gmt":"2024-09-23T16:30:44","slug":"financial-freedom-with-regular-bank-transfer-iban","status":"publish","type":"page","link":"https:\/\/luxon.com\/fr\/financial-freedom-with-regular-bank-transfer-iban\/","title":{"rendered":"Libert\u00e9 financi\u00e8re avec virement bancaire \/ IBAN"},"content":{"rendered":"<p style=\"font-weight: 400;\">Recevez de l&rsquo;argent directement sur votre compte Luxon Pay depuis n&rsquo;importe quel compte bancaire en partageant les d\u00e9tails de votre compte personnel Luxon Pay \/ IBAN. Cliquez sur D\u00e9p\u00f4t &gt; Virement bancaire pour obtenir vos coordonn\u00e9es.<\/p>\n<p style=\"font-weight: 400;\">\n","protected":false},"excerpt":{"rendered":"<p>Recevez de l&rsquo;argent directement sur votre compte Luxon Pay depuis n&rsquo;importe quel compte bancaire en partageant les d\u00e9tails de votre compte personnel Luxon Pay \/ IBAN. Cliquez sur D\u00e9p\u00f4t &gt; Virement bancaire pour obtenir vos coordonn\u00e9es.<\/p>\n","protected":false},"author":5,"featured_media":27133,"parent":0,"menu_order":0,"comment_status":"closed","ping_status":"closed","template":"templates\/block-template.php","meta":{"_acf_changed":false,"footnotes":""},"class_list":["post-26828","page","type-page","status-publish","has-post-thumbnail","hentry"],"acf":[],"yoast_head":"<!-- This site is optimized with the Yoast SEO plugin v27.4 - https:\/\/yoast.com\/product\/yoast-seo-wordpress\/ -->\n<title>Libert\u00e9 financi\u00e8re avec virement bancaire \/ IBAN - Luxon Pay<\/title>\n<meta name=\"robots\" content=\"index, follow, max-snippet:-1, max-image-preview:large, max-video-preview:-1\" \/>\n<link rel=\"canonical\" href=\"https:\/\/luxon.com\/fr\/financial-freedom-with-regular-bank-transfer-iban\/\" \/>\n<meta property=\"og:locale\" content=\"fr_FR\" \/>\n<meta property=\"og:type\" content=\"article\" \/>\n<meta property=\"og:title\" content=\"Libert\u00e9 financi\u00e8re avec virement bancaire \/ IBAN - Luxon Pay\" \/>\n<meta property=\"og:description\" content=\"Recevez de l&rsquo;argent directement sur votre compte Luxon Pay depuis n&rsquo;importe quel compte bancaire en partageant les d\u00e9tails de votre compte personnel Luxon Pay \/ IBAN. Cliquez sur D\u00e9p\u00f4t &gt; Virement bancaire pour obtenir vos coordonn\u00e9es.\" \/>\n<meta property=\"og:url\" content=\"https:\/\/luxon.com\/fr\/financial-freedom-with-regular-bank-transfer-iban\/\" \/>\n<meta property=\"og:site_name\" content=\"Luxon Pay\" \/>\n<meta property=\"article:modified_time\" content=\"2024-09-23T16:30:44+00:00\" \/>\n<meta property=\"og:image\" content=\"https:\/\/luxon.com\/wp-content\/uploads\/Hero-Image@3x-2-1.png\" \/>\n\t<meta property=\"og:image:width\" content=\"930\" \/>\n\t<meta property=\"og:image:height\" content=\"1026\" \/>\n\t<meta property=\"og:image:type\" content=\"image\/png\" \/>\n<meta name=\"twitter:card\" content=\"summary_large_image\" \/>\n<meta name=\"twitter:label1\" content=\"Dur\u00e9e de lecture estim\u00e9e\" \/>\n\t<meta name=\"twitter:data1\" content=\"1 minute\" \/>\n<script type=\"application\/ld+json\" class=\"yoast-schema-graph\">{\"@context\":\"https:\\\/\\\/schema.org\",\"@graph\":[{\"@type\":\"WebPage\",\"@id\":\"https:\\\/\\\/luxon.com\\\/fr\\\/financial-freedom-with-regular-bank-transfer-iban\\\/\",\"url\":\"https:\\\/\\\/luxon.com\\\/fr\\\/financial-freedom-with-regular-bank-transfer-iban\\\/\",\"name\":\"Libert\u00e9 financi\u00e8re avec virement bancaire \\\/ IBAN - Luxon Pay\",\"isPartOf\":{\"@id\":\"https:\\\/\\\/luxon.com\\\/fr\\\/#website\"},\"primaryImageOfPage\":{\"@id\":\"https:\\\/\\\/luxon.com\\\/fr\\\/financial-freedom-with-regular-bank-transfer-iban\\\/#primaryimage\"},\"image\":{\"@id\":\"https:\\\/\\\/luxon.com\\\/fr\\\/financial-freedom-with-regular-bank-transfer-iban\\\/#primaryimage\"},\"thumbnailUrl\":\"https:\\\/\\\/luxon.com\\\/wp-content\\\/uploads\\\/IBAN-Banner-Image-2.png\",\"datePublished\":\"2024-09-12T13:39:00+00:00\",\"dateModified\":\"2024-09-23T16:30:44+00:00\",\"inLanguage\":\"fr-FR\",\"potentialAction\":[{\"@type\":\"ReadAction\",\"target\":[\"https:\\\/\\\/luxon.com\\\/fr\\\/financial-freedom-with-regular-bank-transfer-iban\\\/\"]}]},{\"@type\":\"ImageObject\",\"inLanguage\":\"fr-FR\",\"@id\":\"https:\\\/\\\/luxon.com\\\/fr\\\/financial-freedom-with-regular-bank-transfer-iban\\\/#primaryimage\",\"url\":\"https:\\\/\\\/luxon.com\\\/wp-content\\\/uploads\\\/IBAN-Banner-Image-2.png\",\"contentUrl\":\"https:\\\/\\\/luxon.com\\\/wp-content\\\/uploads\\\/IBAN-Banner-Image-2.png\",\"width\":1263,\"height\":1203},{\"@type\":\"WebSite\",\"@id\":\"https:\\\/\\\/luxon.com\\\/fr\\\/#website\",\"url\":\"https:\\\/\\\/luxon.com\\\/fr\\\/\",\"name\":\"Luxon Pay\",\"description\":\"Instant secure global payments\",\"publisher\":{\"@id\":\"https:\\\/\\\/luxon.com\\\/fr\\\/#organization\"},\"potentialAction\":[{\"@type\":\"SearchAction\",\"target\":{\"@type\":\"EntryPoint\",\"urlTemplate\":\"https:\\\/\\\/luxon.com\\\/fr\\\/?s={search_term_string}\"},\"query-input\":{\"@type\":\"PropertyValueSpecification\",\"valueRequired\":true,\"valueName\":\"search_term_string\"}}],\"inLanguage\":\"fr-FR\"},{\"@type\":\"Organization\",\"@id\":\"https:\\\/\\\/luxon.com\\\/fr\\\/#organization\",\"name\":\"Luxon Pay\",\"url\":\"https:\\\/\\\/luxon.com\\\/fr\\\/\",\"logo\":{\"@type\":\"ImageObject\",\"inLanguage\":\"fr-FR\",\"@id\":\"https:\\\/\\\/luxon.com\\\/fr\\\/#\\\/schema\\\/logo\\\/image\\\/\",\"url\":\"https:\\\/\\\/luxon.com\\\/wp-content\\\/uploads\\\/WebsiteImage04.png\",\"contentUrl\":\"https:\\\/\\\/luxon.com\\\/wp-content\\\/uploads\\\/WebsiteImage04.png\",\"width\":1200,\"height\":630,\"caption\":\"Luxon Pay\"},\"image\":{\"@id\":\"https:\\\/\\\/luxon.com\\\/fr\\\/#\\\/schema\\\/logo\\\/image\\\/\"}}]}<\/script>\n<!-- \/ Yoast SEO plugin. -->","yoast_head_json":{"title":"Libert\u00e9 financi\u00e8re avec virement bancaire \/ IBAN - Luxon Pay","robots":{"index":"index","follow":"follow","max-snippet":"max-snippet:-1","max-image-preview":"max-image-preview:large","max-video-preview":"max-video-preview:-1"},"canonical":"https:\/\/luxon.com\/fr\/financial-freedom-with-regular-bank-transfer-iban\/","og_locale":"fr_FR","og_type":"article","og_title":"Libert\u00e9 financi\u00e8re avec virement bancaire \/ IBAN - Luxon Pay","og_description":"Recevez de l&rsquo;argent directement sur votre compte Luxon Pay depuis n&rsquo;importe quel compte bancaire en partageant les d\u00e9tails de votre compte personnel Luxon Pay \/ IBAN. Cliquez sur D\u00e9p\u00f4t &gt; Virement bancaire pour obtenir vos coordonn\u00e9es.","og_url":"https:\/\/luxon.com\/fr\/financial-freedom-with-regular-bank-transfer-iban\/","og_site_name":"Luxon Pay","article_modified_time":"2024-09-23T16:30:44+00:00","og_image":[{"width":930,"height":1026,"url":"https:\/\/luxon.com\/wp-content\/uploads\/Hero-Image@3x-2-1.png","type":"image\/png"}],"twitter_card":"summary_large_image","twitter_misc":{"Dur\u00e9e de lecture estim\u00e9e":"1 minute"},"schema":{"@context":"https:\/\/schema.org","@graph":[{"@type":"WebPage","@id":"https:\/\/luxon.com\/fr\/financial-freedom-with-regular-bank-transfer-iban\/","url":"https:\/\/luxon.com\/fr\/financial-freedom-with-regular-bank-transfer-iban\/","name":"Libert\u00e9 financi\u00e8re avec virement bancaire \/ IBAN - Luxon Pay","isPartOf":{"@id":"https:\/\/luxon.com\/fr\/#website"},"primaryImageOfPage":{"@id":"https:\/\/luxon.com\/fr\/financial-freedom-with-regular-bank-transfer-iban\/#primaryimage"},"image":{"@id":"https:\/\/luxon.com\/fr\/financial-freedom-with-regular-bank-transfer-iban\/#primaryimage"},"thumbnailUrl":"https:\/\/luxon.com\/wp-content\/uploads\/IBAN-Banner-Image-2.png","datePublished":"2024-09-12T13:39:00+00:00","dateModified":"2024-09-23T16:30:44+00:00","inLanguage":"fr-FR","potentialAction":[{"@type":"ReadAction","target":["https:\/\/luxon.com\/fr\/financial-freedom-with-regular-bank-transfer-iban\/"]}]},{"@type":"ImageObject","inLanguage":"fr-FR","@id":"https:\/\/luxon.com\/fr\/financial-freedom-with-regular-bank-transfer-iban\/#primaryimage","url":"https:\/\/luxon.com\/wp-content\/uploads\/IBAN-Banner-Image-2.png","contentUrl":"https:\/\/luxon.com\/wp-content\/uploads\/IBAN-Banner-Image-2.png","width":1263,"height":1203},{"@type":"WebSite","@id":"https:\/\/luxon.com\/fr\/#website","url":"https:\/\/luxon.com\/fr\/","name":"Luxon Pay","description":"Instant secure global payments","publisher":{"@id":"https:\/\/luxon.com\/fr\/#organization"},"potentialAction":[{"@type":"SearchAction","target":{"@type":"EntryPoint","urlTemplate":"https:\/\/luxon.com\/fr\/?s={search_term_string}"},"query-input":{"@type":"PropertyValueSpecification","valueRequired":true,"valueName":"search_term_string"}}],"inLanguage":"fr-FR"},{"@type":"Organization","@id":"https:\/\/luxon.com\/fr\/#organization","name":"Luxon Pay","url":"https:\/\/luxon.com\/fr\/","logo":{"@type":"ImageObject","inLanguage":"fr-FR","@id":"https:\/\/luxon.com\/fr\/#\/schema\/logo\/image\/","url":"https:\/\/luxon.com\/wp-content\/uploads\/WebsiteImage04.png","contentUrl":"https:\/\/luxon.com\/wp-content\/uploads\/WebsiteImage04.png","width":1200,"height":630,"caption":"Luxon Pay"},"image":{"@id":"https:\/\/luxon.com\/fr\/#\/schema\/logo\/image\/"}}]}},"_links":{"self":[{"href":"https:\/\/luxon.com\/fr\/wp-json\/wp\/v2\/pages\/26828","targetHints":{"allow":["GET"]}}],"collection":[{"href":"https:\/\/luxon.com\/fr\/wp-json\/wp\/v2\/pages"}],"about":[{"href":"https:\/\/luxon.com\/fr\/wp-json\/wp\/v2\/types\/page"}],"author":[{"embeddable":true,"href":"https:\/\/luxon.com\/fr\/wp-json\/wp\/v2\/users\/5"}],"replies":[{"embeddable":true,"href":"https:\/\/luxon.com\/fr\/wp-json\/wp\/v2\/comments?post=26828"}],"version-history":[{"count":3,"href":"https:\/\/luxon.com\/fr\/wp-json\/wp\/v2\/pages\/26828\/revisions"}],"predecessor-version":[{"id":26880,"href":"https:\/\/luxon.com\/fr\/wp-json\/wp\/v2\/pages\/26828\/revisions\/26880"}],"wp:featuredmedia":[{"embeddable":true,"href":"https:\/\/luxon.com\/fr\/wp-json\/wp\/v2\/media\/27133"}],"wp:attachment":[{"href":"https:\/\/luxon.com\/fr\/wp-json\/wp\/v2\/media?parent=26828"}],"curies":[{"name":"wp","href":"https:\/\/api.w.org\/{rel}","templated":true}]}}