{"id":27560,"date":"2024-11-29T09:43:57","date_gmt":"2024-11-29T09:43:57","guid":{"rendered":"https:\/\/luxon.com\/free-luxon-pay-mastercard-in-december\/"},"modified":"2025-06-02T09:34:05","modified_gmt":"2025-06-02T09:34:05","slug":"free-luxon-pay-mastercard-in-december","status":"publish","type":"page","link":"https:\/\/luxon.com\/fr\/free-luxon-pay-mastercard-in-december\/","title":{"rendered":"Carte Mastercard Luxon Pay gratuite"},"content":{"rendered":"<p data-start=\"853\" data-end=\"961\">En juin, profitez d\u2019un <strong data-start=\"876\" data-end=\"908\">Luxon Pay Mastercard GRATUIT<\/strong> pour d\u00e9penser vos fonds plus facilement que jamais !<\/p>\n<p data-start=\"963\" data-end=\"1078\">Offre limit\u00e9e : commandez votre carte physique sans frais \u2013 une solution simple pour d\u00e9penser dans le monde entier.<\/p>\n<p data-start=\"1080\" data-end=\"1186\">Ne manquez pas cette opportunit\u00e9 \u2013 l\u2019offre est valable pour une dur\u00e9e limit\u00e9e. Commandez d\u00e8s aujourd\u2019hui !<\/p>\n<p data-start=\"1188\" data-end=\"1265\">Rendez-vous dans la section \u00ab\u00a0Carte\u00a0\u00bb de l\u2019application pour commander la v\u00f4tre.<\/p>\n<p data-start=\"1267\" data-end=\"1293\"><strong data-start=\"1267\" data-end=\"1293\">Conditions g\u00e9n\u00e9rales :<\/strong><\/p>\n<ul data-start=\"1294\" data-end=\"1709\">\n<li data-start=\"1294\" data-end=\"1379\">\n<p data-start=\"1296\" data-end=\"1379\">Le compte de l\u2019utilisateur doit \u00eatre enti\u00e8rement v\u00e9rifi\u00e9 pour commander une carte<\/p>\n<\/li>\n<li data-start=\"1380\" data-end=\"1447\">\n<p data-start=\"1382\" data-end=\"1447\">Seuls les utilisateurs du Royaume-Uni et de l\u2019UE sont \u00e9ligibles<\/p>\n<\/li>\n<li data-start=\"1448\" data-end=\"1555\">\n<p data-start=\"1450\" data-end=\"1555\">Les cartes sont g\u00e9n\u00e9ralement livr\u00e9es \u00e0 l\u2019adresse enregistr\u00e9e dans votre compte sous 5 \u00e0 10 jours ouvr\u00e9s<\/p>\n<\/li>\n<li data-start=\"1556\" data-end=\"1601\">\n<p data-start=\"1558\" data-end=\"1601\">Offre valable du 1er juin au 30 juin 2025<\/p>\n<\/li>\n<li data-start=\"1602\" data-end=\"1709\">\n<p data-start=\"1604\" data-end=\"1709\">Une seule carte par utilisateur \u2013 si vous en poss\u00e9dez d\u00e9j\u00e0 une, vous ne pouvez pas en commander une autre<\/p>\n<\/li>\n<\/ul>\n","protected":false},"excerpt":{"rendered":"<p>En juin, profitez d\u2019un Luxon Pay Mastercard GRATUIT pour d\u00e9penser vos fonds plus facilement que jamais ! Offre limit\u00e9e : commandez votre carte physique sans frais \u2013 une solution simple pour d\u00e9penser dans le monde entier. Ne manquez pas cette opportunit\u00e9 \u2013 l\u2019offre est valable pour une dur\u00e9e limit\u00e9e. Commandez d\u00e8s aujourd\u2019hui ! Rendez-vous dans<a class=\"excerpt-read-more\" href=\"https:\/\/luxon.com\/fr\/free-luxon-pay-mastercard-in-december\/\" title=\"ReadCarte Mastercard Luxon Pay gratuite\">&#8230; Read more &raquo;<\/a><\/p>\n","protected":false},"author":5,"featured_media":26418,"parent":0,"menu_order":0,"comment_status":"closed","ping_status":"closed","template":"templates\/block-template.php","meta":{"_acf_changed":false,"footnotes":""},"class_list":["post-27560","page","type-page","status-publish","has-post-thumbnail","hentry"],"acf":[],"yoast_head":"<!-- This site is optimized with the Yoast SEO plugin v27.4 - https:\/\/yoast.com\/product\/yoast-seo-wordpress\/ -->\n<title>Carte Mastercard Luxon Pay gratuite - Luxon Pay<\/title>\n<meta name=\"robots\" content=\"index, follow, max-snippet:-1, max-image-preview:large, max-video-preview:-1\" \/>\n<link rel=\"canonical\" href=\"https:\/\/luxon.com\/fr\/free-luxon-pay-mastercard-in-december\/\" \/>\n<meta property=\"og:locale\" content=\"fr_FR\" \/>\n<meta property=\"og:type\" content=\"article\" \/>\n<meta property=\"og:title\" content=\"Carte Mastercard Luxon Pay gratuite - Luxon Pay\" \/>\n<meta property=\"og:description\" content=\"En juin, profitez d\u2019un Luxon Pay Mastercard GRATUIT pour d\u00e9penser vos fonds plus facilement que jamais ! Offre limit\u00e9e : commandez votre carte physique sans frais \u2013 une solution simple pour d\u00e9penser dans le monde entier. Ne manquez pas cette opportunit\u00e9 \u2013 l\u2019offre est valable pour une dur\u00e9e limit\u00e9e. Commandez d\u00e8s aujourd\u2019hui ! Rendez-vous dans... Read more &raquo;\" \/>\n<meta property=\"og:url\" content=\"https:\/\/luxon.com\/fr\/free-luxon-pay-mastercard-in-december\/\" \/>\n<meta property=\"og:site_name\" content=\"Luxon Pay\" \/>\n<meta property=\"article:modified_time\" content=\"2025-06-02T09:34:05+00:00\" \/>\n<meta property=\"og:image\" content=\"https:\/\/luxon.com\/wp-content\/uploads\/Hero-Image@3x-3.png\" \/>\n\t<meta property=\"og:image:width\" content=\"1652\" \/>\n\t<meta property=\"og:image:height\" content=\"1727\" \/>\n\t<meta property=\"og:image:type\" content=\"image\/png\" \/>\n<meta name=\"twitter:card\" content=\"summary_large_image\" \/>\n<meta name=\"twitter:label1\" content=\"Dur\u00e9e de lecture estim\u00e9e\" \/>\n\t<meta name=\"twitter:data1\" content=\"1 minute\" \/>\n<script type=\"application\/ld+json\" class=\"yoast-schema-graph\">{\"@context\":\"https:\\\/\\\/schema.org\",\"@graph\":[{\"@type\":\"WebPage\",\"@id\":\"https:\\\/\\\/luxon.com\\\/fr\\\/free-luxon-pay-mastercard-in-december\\\/\",\"url\":\"https:\\\/\\\/luxon.com\\\/fr\\\/free-luxon-pay-mastercard-in-december\\\/\",\"name\":\"Carte Mastercard Luxon Pay gratuite - Luxon Pay\",\"isPartOf\":{\"@id\":\"https:\\\/\\\/luxon.com\\\/fr\\\/#website\"},\"primaryImageOfPage\":{\"@id\":\"https:\\\/\\\/luxon.com\\\/fr\\\/free-luxon-pay-mastercard-in-december\\\/#primaryimage\"},\"image\":{\"@id\":\"https:\\\/\\\/luxon.com\\\/fr\\\/free-luxon-pay-mastercard-in-december\\\/#primaryimage\"},\"thumbnailUrl\":\"https:\\\/\\\/luxon.com\\\/wp-content\\\/uploads\\\/Hero-Image@3x-3.png\",\"datePublished\":\"2024-11-29T09:43:57+00:00\",\"dateModified\":\"2025-06-02T09:34:05+00:00\",\"inLanguage\":\"fr-FR\",\"potentialAction\":[{\"@type\":\"ReadAction\",\"target\":[\"https:\\\/\\\/luxon.com\\\/fr\\\/free-luxon-pay-mastercard-in-december\\\/\"]}]},{\"@type\":\"ImageObject\",\"inLanguage\":\"fr-FR\",\"@id\":\"https:\\\/\\\/luxon.com\\\/fr\\\/free-luxon-pay-mastercard-in-december\\\/#primaryimage\",\"url\":\"https:\\\/\\\/luxon.com\\\/wp-content\\\/uploads\\\/Hero-Image@3x-3.png\",\"contentUrl\":\"https:\\\/\\\/luxon.com\\\/wp-content\\\/uploads\\\/Hero-Image@3x-3.png\",\"width\":1652,\"height\":1727},{\"@type\":\"WebSite\",\"@id\":\"https:\\\/\\\/luxon.com\\\/fr\\\/#website\",\"url\":\"https:\\\/\\\/luxon.com\\\/fr\\\/\",\"name\":\"Luxon Pay\",\"description\":\"Instant secure global payments\",\"publisher\":{\"@id\":\"https:\\\/\\\/luxon.com\\\/fr\\\/#organization\"},\"potentialAction\":[{\"@type\":\"SearchAction\",\"target\":{\"@type\":\"EntryPoint\",\"urlTemplate\":\"https:\\\/\\\/luxon.com\\\/fr\\\/?s={search_term_string}\"},\"query-input\":{\"@type\":\"PropertyValueSpecification\",\"valueRequired\":true,\"valueName\":\"search_term_string\"}}],\"inLanguage\":\"fr-FR\"},{\"@type\":\"Organization\",\"@id\":\"https:\\\/\\\/luxon.com\\\/fr\\\/#organization\",\"name\":\"Luxon Pay\",\"url\":\"https:\\\/\\\/luxon.com\\\/fr\\\/\",\"logo\":{\"@type\":\"ImageObject\",\"inLanguage\":\"fr-FR\",\"@id\":\"https:\\\/\\\/luxon.com\\\/fr\\\/#\\\/schema\\\/logo\\\/image\\\/\",\"url\":\"https:\\\/\\\/luxon.com\\\/wp-content\\\/uploads\\\/WebsiteImage04.png\",\"contentUrl\":\"https:\\\/\\\/luxon.com\\\/wp-content\\\/uploads\\\/WebsiteImage04.png\",\"width\":1200,\"height\":630,\"caption\":\"Luxon Pay\"},\"image\":{\"@id\":\"https:\\\/\\\/luxon.com\\\/fr\\\/#\\\/schema\\\/logo\\\/image\\\/\"}}]}<\/script>\n<!-- \/ Yoast SEO plugin. -->","yoast_head_json":{"title":"Carte Mastercard Luxon Pay gratuite - Luxon Pay","robots":{"index":"index","follow":"follow","max-snippet":"max-snippet:-1","max-image-preview":"max-image-preview:large","max-video-preview":"max-video-preview:-1"},"canonical":"https:\/\/luxon.com\/fr\/free-luxon-pay-mastercard-in-december\/","og_locale":"fr_FR","og_type":"article","og_title":"Carte Mastercard Luxon Pay gratuite - Luxon Pay","og_description":"En juin, profitez d\u2019un Luxon Pay Mastercard GRATUIT pour d\u00e9penser vos fonds plus facilement que jamais ! Offre limit\u00e9e : commandez votre carte physique sans frais \u2013 une solution simple pour d\u00e9penser dans le monde entier. Ne manquez pas cette opportunit\u00e9 \u2013 l\u2019offre est valable pour une dur\u00e9e limit\u00e9e. Commandez d\u00e8s aujourd\u2019hui ! Rendez-vous dans... Read more &raquo;","og_url":"https:\/\/luxon.com\/fr\/free-luxon-pay-mastercard-in-december\/","og_site_name":"Luxon Pay","article_modified_time":"2025-06-02T09:34:05+00:00","og_image":[{"width":1652,"height":1727,"url":"https:\/\/luxon.com\/wp-content\/uploads\/Hero-Image@3x-3.png","type":"image\/png"}],"twitter_card":"summary_large_image","twitter_misc":{"Dur\u00e9e de lecture estim\u00e9e":"1 minute"},"schema":{"@context":"https:\/\/schema.org","@graph":[{"@type":"WebPage","@id":"https:\/\/luxon.com\/fr\/free-luxon-pay-mastercard-in-december\/","url":"https:\/\/luxon.com\/fr\/free-luxon-pay-mastercard-in-december\/","name":"Carte Mastercard Luxon Pay gratuite - Luxon Pay","isPartOf":{"@id":"https:\/\/luxon.com\/fr\/#website"},"primaryImageOfPage":{"@id":"https:\/\/luxon.com\/fr\/free-luxon-pay-mastercard-in-december\/#primaryimage"},"image":{"@id":"https:\/\/luxon.com\/fr\/free-luxon-pay-mastercard-in-december\/#primaryimage"},"thumbnailUrl":"https:\/\/luxon.com\/wp-content\/uploads\/Hero-Image@3x-3.png","datePublished":"2024-11-29T09:43:57+00:00","dateModified":"2025-06-02T09:34:05+00:00","inLanguage":"fr-FR","potentialAction":[{"@type":"ReadAction","target":["https:\/\/luxon.com\/fr\/free-luxon-pay-mastercard-in-december\/"]}]},{"@type":"ImageObject","inLanguage":"fr-FR","@id":"https:\/\/luxon.com\/fr\/free-luxon-pay-mastercard-in-december\/#primaryimage","url":"https:\/\/luxon.com\/wp-content\/uploads\/Hero-Image@3x-3.png","contentUrl":"https:\/\/luxon.com\/wp-content\/uploads\/Hero-Image@3x-3.png","width":1652,"height":1727},{"@type":"WebSite","@id":"https:\/\/luxon.com\/fr\/#website","url":"https:\/\/luxon.com\/fr\/","name":"Luxon Pay","description":"Instant secure global payments","publisher":{"@id":"https:\/\/luxon.com\/fr\/#organization"},"potentialAction":[{"@type":"SearchAction","target":{"@type":"EntryPoint","urlTemplate":"https:\/\/luxon.com\/fr\/?s={search_term_string}"},"query-input":{"@type":"PropertyValueSpecification","valueRequired":true,"valueName":"search_term_string"}}],"inLanguage":"fr-FR"},{"@type":"Organization","@id":"https:\/\/luxon.com\/fr\/#organization","name":"Luxon Pay","url":"https:\/\/luxon.com\/fr\/","logo":{"@type":"ImageObject","inLanguage":"fr-FR","@id":"https:\/\/luxon.com\/fr\/#\/schema\/logo\/image\/","url":"https:\/\/luxon.com\/wp-content\/uploads\/WebsiteImage04.png","contentUrl":"https:\/\/luxon.com\/wp-content\/uploads\/WebsiteImage04.png","width":1200,"height":630,"caption":"Luxon Pay"},"image":{"@id":"https:\/\/luxon.com\/fr\/#\/schema\/logo\/image\/"}}]}},"_links":{"self":[{"href":"https:\/\/luxon.com\/fr\/wp-json\/wp\/v2\/pages\/27560","targetHints":{"allow":["GET"]}}],"collection":[{"href":"https:\/\/luxon.com\/fr\/wp-json\/wp\/v2\/pages"}],"about":[{"href":"https:\/\/luxon.com\/fr\/wp-json\/wp\/v2\/types\/page"}],"author":[{"embeddable":true,"href":"https:\/\/luxon.com\/fr\/wp-json\/wp\/v2\/users\/5"}],"replies":[{"embeddable":true,"href":"https:\/\/luxon.com\/fr\/wp-json\/wp\/v2\/comments?post=27560"}],"version-history":[{"count":4,"href":"https:\/\/luxon.com\/fr\/wp-json\/wp\/v2\/pages\/27560\/revisions"}],"predecessor-version":[{"id":29915,"href":"https:\/\/luxon.com\/fr\/wp-json\/wp\/v2\/pages\/27560\/revisions\/29915"}],"wp:featuredmedia":[{"embeddable":true,"href":"https:\/\/luxon.com\/fr\/wp-json\/wp\/v2\/media\/26418"}],"wp:attachment":[{"href":"https:\/\/luxon.com\/fr\/wp-json\/wp\/v2\/media?parent=27560"}],"curies":[{"name":"wp","href":"https:\/\/api.w.org\/{rel}","templated":true}]}}