{"id":28347,"date":"2025-01-16T11:21:42","date_gmt":"2025-01-16T11:21:42","guid":{"rendered":"https:\/\/luxon.com\/merchants\/"},"modified":"2026-01-16T23:11:46","modified_gmt":"2026-01-16T23:11:46","slug":"merchants","status":"publish","type":"page","link":"https:\/\/luxon.com\/fr\/merchants\/","title":{"rendered":"Services de paiement sur mesure pour les marchands"},"content":{"rendered":"<p>Luxon Pay propose des solutions de paiement avanc\u00e9es adapt\u00e9es \u00e0 tous les besoins de votre entreprise. D\u00e9veloppez-vous sur plusieurs march\u00e9s, acqu\u00e9rez de nouveaux clients et proposez des m\u00e9thodes de paiement suppl\u00e9mentaires avec notre plateforme de bout en bout.<\/p>\n","protected":false},"excerpt":{"rendered":"<p>Luxon Pay propose des solutions de paiement avanc\u00e9es adapt\u00e9es \u00e0 tous les besoins de votre entreprise. D\u00e9veloppez-vous sur plusieurs march\u00e9s, acqu\u00e9rez de nouveaux clients et proposez des m\u00e9thodes de paiement suppl\u00e9mentaires avec notre plateforme de bout en bout.<\/p>\n","protected":false},"author":2,"featured_media":28208,"parent":0,"menu_order":0,"comment_status":"closed","ping_status":"closed","template":"templates\/block-template.php","meta":{"_acf_changed":false,"footnotes":""},"class_list":["post-28347","page","type-page","status-publish","has-post-thumbnail","hentry"],"acf":[],"yoast_head":"<!-- This site is optimized with the Yoast SEO plugin v27.4 - https:\/\/yoast.com\/product\/yoast-seo-wordpress\/ -->\n<title>Services de paiement sur mesure pour les marchands - Luxon Pay<\/title>\n<meta name=\"robots\" content=\"index, follow, max-snippet:-1, max-image-preview:large, max-video-preview:-1\" \/>\n<link rel=\"canonical\" href=\"https:\/\/luxon.com\/fr\/merchants\/\" \/>\n<meta property=\"og:locale\" content=\"fr_FR\" \/>\n<meta property=\"og:type\" content=\"article\" \/>\n<meta property=\"og:title\" content=\"Services de paiement sur mesure pour les marchands - Luxon Pay\" \/>\n<meta property=\"og:description\" content=\"Luxon Pay propose des solutions de paiement avanc\u00e9es adapt\u00e9es \u00e0 tous les besoins de votre entreprise. D\u00e9veloppez-vous sur plusieurs march\u00e9s, acqu\u00e9rez de nouveaux clients et proposez des m\u00e9thodes de paiement suppl\u00e9mentaires avec notre plateforme de bout en bout.\" \/>\n<meta property=\"og:url\" content=\"https:\/\/luxon.com\/fr\/merchants\/\" \/>\n<meta property=\"og:site_name\" content=\"Luxon Pay\" \/>\n<meta property=\"article:modified_time\" content=\"2026-01-16T23:11:46+00:00\" \/>\n<meta property=\"og:image\" content=\"https:\/\/luxon.com\/wp-content\/uploads\/Group-48095828.png\" \/>\n\t<meta property=\"og:image:width\" content=\"672\" \/>\n\t<meta property=\"og:image:height\" content=\"887\" \/>\n\t<meta property=\"og:image:type\" content=\"image\/png\" \/>\n<meta name=\"twitter:card\" content=\"summary_large_image\" \/>\n<meta name=\"twitter:label1\" content=\"Dur\u00e9e de lecture estim\u00e9e\" \/>\n\t<meta name=\"twitter:data1\" content=\"1 minute\" \/>\n<script type=\"application\/ld+json\" class=\"yoast-schema-graph\">{\"@context\":\"https:\\\/\\\/schema.org\",\"@graph\":[{\"@type\":\"WebPage\",\"@id\":\"https:\\\/\\\/luxon.com\\\/fr\\\/merchants\\\/\",\"url\":\"https:\\\/\\\/luxon.com\\\/fr\\\/merchants\\\/\",\"name\":\"Services de paiement sur mesure pour les marchands - Luxon Pay\",\"isPartOf\":{\"@id\":\"https:\\\/\\\/luxon.com\\\/fr\\\/#website\"},\"primaryImageOfPage\":{\"@id\":\"https:\\\/\\\/luxon.com\\\/fr\\\/merchants\\\/#primaryimage\"},\"image\":{\"@id\":\"https:\\\/\\\/luxon.com\\\/fr\\\/merchants\\\/#primaryimage\"},\"thumbnailUrl\":\"https:\\\/\\\/luxon.com\\\/wp-content\\\/uploads\\\/Group-48095828.png\",\"datePublished\":\"2025-01-16T11:21:42+00:00\",\"dateModified\":\"2026-01-16T23:11:46+00:00\",\"inLanguage\":\"fr-FR\",\"potentialAction\":[{\"@type\":\"ReadAction\",\"target\":[\"https:\\\/\\\/luxon.com\\\/fr\\\/merchants\\\/\"]}]},{\"@type\":\"ImageObject\",\"inLanguage\":\"fr-FR\",\"@id\":\"https:\\\/\\\/luxon.com\\\/fr\\\/merchants\\\/#primaryimage\",\"url\":\"https:\\\/\\\/luxon.com\\\/wp-content\\\/uploads\\\/Group-48095828.png\",\"contentUrl\":\"https:\\\/\\\/luxon.com\\\/wp-content\\\/uploads\\\/Group-48095828.png\",\"width\":672,\"height\":887},{\"@type\":\"WebSite\",\"@id\":\"https:\\\/\\\/luxon.com\\\/fr\\\/#website\",\"url\":\"https:\\\/\\\/luxon.com\\\/fr\\\/\",\"name\":\"Luxon Pay\",\"description\":\"Instant secure global payments\",\"publisher\":{\"@id\":\"https:\\\/\\\/luxon.com\\\/fr\\\/#organization\"},\"potentialAction\":[{\"@type\":\"SearchAction\",\"target\":{\"@type\":\"EntryPoint\",\"urlTemplate\":\"https:\\\/\\\/luxon.com\\\/fr\\\/?s={search_term_string}\"},\"query-input\":{\"@type\":\"PropertyValueSpecification\",\"valueRequired\":true,\"valueName\":\"search_term_string\"}}],\"inLanguage\":\"fr-FR\"},{\"@type\":\"Organization\",\"@id\":\"https:\\\/\\\/luxon.com\\\/fr\\\/#organization\",\"name\":\"Luxon Pay\",\"url\":\"https:\\\/\\\/luxon.com\\\/fr\\\/\",\"logo\":{\"@type\":\"ImageObject\",\"inLanguage\":\"fr-FR\",\"@id\":\"https:\\\/\\\/luxon.com\\\/fr\\\/#\\\/schema\\\/logo\\\/image\\\/\",\"url\":\"https:\\\/\\\/luxon.com\\\/wp-content\\\/uploads\\\/WebsiteImage04.png\",\"contentUrl\":\"https:\\\/\\\/luxon.com\\\/wp-content\\\/uploads\\\/WebsiteImage04.png\",\"width\":1200,\"height\":630,\"caption\":\"Luxon Pay\"},\"image\":{\"@id\":\"https:\\\/\\\/luxon.com\\\/fr\\\/#\\\/schema\\\/logo\\\/image\\\/\"}}]}<\/script>\n<!-- \/ Yoast SEO plugin. -->","yoast_head_json":{"title":"Services de paiement sur mesure pour les marchands - Luxon Pay","robots":{"index":"index","follow":"follow","max-snippet":"max-snippet:-1","max-image-preview":"max-image-preview:large","max-video-preview":"max-video-preview:-1"},"canonical":"https:\/\/luxon.com\/fr\/merchants\/","og_locale":"fr_FR","og_type":"article","og_title":"Services de paiement sur mesure pour les marchands - Luxon Pay","og_description":"Luxon Pay propose des solutions de paiement avanc\u00e9es adapt\u00e9es \u00e0 tous les besoins de votre entreprise. D\u00e9veloppez-vous sur plusieurs march\u00e9s, acqu\u00e9rez de nouveaux clients et proposez des m\u00e9thodes de paiement suppl\u00e9mentaires avec notre plateforme de bout en bout.","og_url":"https:\/\/luxon.com\/fr\/merchants\/","og_site_name":"Luxon Pay","article_modified_time":"2026-01-16T23:11:46+00:00","og_image":[{"width":672,"height":887,"url":"https:\/\/luxon.com\/wp-content\/uploads\/Group-48095828.png","type":"image\/png"}],"twitter_card":"summary_large_image","twitter_misc":{"Dur\u00e9e de lecture estim\u00e9e":"1 minute"},"schema":{"@context":"https:\/\/schema.org","@graph":[{"@type":"WebPage","@id":"https:\/\/luxon.com\/fr\/merchants\/","url":"https:\/\/luxon.com\/fr\/merchants\/","name":"Services de paiement sur mesure pour les marchands - Luxon Pay","isPartOf":{"@id":"https:\/\/luxon.com\/fr\/#website"},"primaryImageOfPage":{"@id":"https:\/\/luxon.com\/fr\/merchants\/#primaryimage"},"image":{"@id":"https:\/\/luxon.com\/fr\/merchants\/#primaryimage"},"thumbnailUrl":"https:\/\/luxon.com\/wp-content\/uploads\/Group-48095828.png","datePublished":"2025-01-16T11:21:42+00:00","dateModified":"2026-01-16T23:11:46+00:00","inLanguage":"fr-FR","potentialAction":[{"@type":"ReadAction","target":["https:\/\/luxon.com\/fr\/merchants\/"]}]},{"@type":"ImageObject","inLanguage":"fr-FR","@id":"https:\/\/luxon.com\/fr\/merchants\/#primaryimage","url":"https:\/\/luxon.com\/wp-content\/uploads\/Group-48095828.png","contentUrl":"https:\/\/luxon.com\/wp-content\/uploads\/Group-48095828.png","width":672,"height":887},{"@type":"WebSite","@id":"https:\/\/luxon.com\/fr\/#website","url":"https:\/\/luxon.com\/fr\/","name":"Luxon Pay","description":"Instant secure global payments","publisher":{"@id":"https:\/\/luxon.com\/fr\/#organization"},"potentialAction":[{"@type":"SearchAction","target":{"@type":"EntryPoint","urlTemplate":"https:\/\/luxon.com\/fr\/?s={search_term_string}"},"query-input":{"@type":"PropertyValueSpecification","valueRequired":true,"valueName":"search_term_string"}}],"inLanguage":"fr-FR"},{"@type":"Organization","@id":"https:\/\/luxon.com\/fr\/#organization","name":"Luxon Pay","url":"https:\/\/luxon.com\/fr\/","logo":{"@type":"ImageObject","inLanguage":"fr-FR","@id":"https:\/\/luxon.com\/fr\/#\/schema\/logo\/image\/","url":"https:\/\/luxon.com\/wp-content\/uploads\/WebsiteImage04.png","contentUrl":"https:\/\/luxon.com\/wp-content\/uploads\/WebsiteImage04.png","width":1200,"height":630,"caption":"Luxon Pay"},"image":{"@id":"https:\/\/luxon.com\/fr\/#\/schema\/logo\/image\/"}}]}},"_links":{"self":[{"href":"https:\/\/luxon.com\/fr\/wp-json\/wp\/v2\/pages\/28347","targetHints":{"allow":["GET"]}}],"collection":[{"href":"https:\/\/luxon.com\/fr\/wp-json\/wp\/v2\/pages"}],"about":[{"href":"https:\/\/luxon.com\/fr\/wp-json\/wp\/v2\/types\/page"}],"author":[{"embeddable":true,"href":"https:\/\/luxon.com\/fr\/wp-json\/wp\/v2\/users\/2"}],"replies":[{"embeddable":true,"href":"https:\/\/luxon.com\/fr\/wp-json\/wp\/v2\/comments?post=28347"}],"version-history":[{"count":17,"href":"https:\/\/luxon.com\/fr\/wp-json\/wp\/v2\/pages\/28347\/revisions"}],"predecessor-version":[{"id":33250,"href":"https:\/\/luxon.com\/fr\/wp-json\/wp\/v2\/pages\/28347\/revisions\/33250"}],"wp:featuredmedia":[{"embeddable":true,"href":"https:\/\/luxon.com\/fr\/wp-json\/wp\/v2\/media\/28208"}],"wp:attachment":[{"href":"https:\/\/luxon.com\/fr\/wp-json\/wp\/v2\/media?parent=28347"}],"curies":[{"name":"wp","href":"https:\/\/api.w.org\/{rel}","templated":true}]}}