{"id":29502,"date":"2025-01-16T10:31:45","date_gmt":"2025-01-16T10:31:45","guid":{"rendered":"https:\/\/luxon.com\/business\/"},"modified":"2026-03-26T10:44:16","modified_gmt":"2026-03-26T10:44:16","slug":"business","status":"publish","type":"page","link":"https:\/\/luxon.com\/fr\/business\/","title":{"rendered":"\u2060Services bancaires internationaux simplifi\u00e9s pour les entreprises"},"content":{"rendered":"<p>Avec nos comptes professionnels, vous pouvez rationaliser les paiements, et \u00e9tendre votre port\u00e9e avec un compte multidevises, le tout \u00e0 partir d&rsquo;une seule plateforme transparente<\/p>\n","protected":false},"excerpt":{"rendered":"<p>Avec nos comptes professionnels, vous pouvez rationaliser les paiements, et \u00e9tendre votre port\u00e9e avec un compte multidevises, le tout \u00e0 partir d&rsquo;une seule plateforme transparente<\/p>\n","protected":false},"author":2,"featured_media":27881,"parent":0,"menu_order":0,"comment_status":"closed","ping_status":"closed","template":"templates\/block-template.php","meta":{"_acf_changed":false,"footnotes":""},"class_list":["post-29502","page","type-page","status-publish","has-post-thumbnail","hentry"],"acf":[],"yoast_head":"<!-- This site is optimized with the Yoast SEO plugin v27.4 - https:\/\/yoast.com\/product\/yoast-seo-wordpress\/ -->\n<title>\u2060Services bancaires internationaux simplifi\u00e9s pour les entreprises - Luxon Pay<\/title>\n<meta name=\"robots\" content=\"index, follow, max-snippet:-1, max-image-preview:large, max-video-preview:-1\" \/>\n<link rel=\"canonical\" href=\"https:\/\/luxon.com\/fr\/business\/\" \/>\n<meta property=\"og:locale\" content=\"fr_FR\" \/>\n<meta property=\"og:type\" content=\"article\" \/>\n<meta property=\"og:title\" content=\"\u2060Services bancaires internationaux simplifi\u00e9s pour les entreprises - Luxon Pay\" \/>\n<meta property=\"og:description\" content=\"Avec nos comptes professionnels, vous pouvez rationaliser les paiements, et \u00e9tendre votre port\u00e9e avec un compte multidevises, le tout \u00e0 partir d&rsquo;une seule plateforme transparente\" \/>\n<meta property=\"og:url\" content=\"https:\/\/luxon.com\/fr\/business\/\" \/>\n<meta property=\"og:site_name\" content=\"Luxon Pay\" \/>\n<meta property=\"article:modified_time\" content=\"2026-03-26T10:44:16+00:00\" \/>\n<meta property=\"og:image\" content=\"https:\/\/luxon.com\/wp-content\/uploads\/remove-shadow.png\" \/>\n\t<meta property=\"og:image:width\" content=\"734\" \/>\n\t<meta property=\"og:image:height\" content=\"666\" \/>\n\t<meta property=\"og:image:type\" content=\"image\/png\" \/>\n<meta name=\"twitter:card\" content=\"summary_large_image\" \/>\n<meta name=\"twitter:label1\" content=\"Dur\u00e9e de lecture estim\u00e9e\" \/>\n\t<meta name=\"twitter:data1\" content=\"1 minute\" \/>\n<script type=\"application\/ld+json\" class=\"yoast-schema-graph\">{\"@context\":\"https:\\\/\\\/schema.org\",\"@graph\":[{\"@type\":\"WebPage\",\"@id\":\"https:\\\/\\\/luxon.com\\\/fr\\\/business\\\/\",\"url\":\"https:\\\/\\\/luxon.com\\\/fr\\\/business\\\/\",\"name\":\"\u2060Services bancaires internationaux simplifi\u00e9s pour les entreprises - Luxon Pay\",\"isPartOf\":{\"@id\":\"https:\\\/\\\/luxon.com\\\/fr\\\/#website\"},\"primaryImageOfPage\":{\"@id\":\"https:\\\/\\\/luxon.com\\\/fr\\\/business\\\/#primaryimage\"},\"image\":{\"@id\":\"https:\\\/\\\/luxon.com\\\/fr\\\/business\\\/#primaryimage\"},\"thumbnailUrl\":\"https:\\\/\\\/luxon.com\\\/wp-content\\\/uploads\\\/remove-shadow.png\",\"datePublished\":\"2025-01-16T10:31:45+00:00\",\"dateModified\":\"2026-03-26T10:44:16+00:00\",\"inLanguage\":\"fr-FR\",\"potentialAction\":[{\"@type\":\"ReadAction\",\"target\":[\"https:\\\/\\\/luxon.com\\\/fr\\\/business\\\/\"]}]},{\"@type\":\"ImageObject\",\"inLanguage\":\"fr-FR\",\"@id\":\"https:\\\/\\\/luxon.com\\\/fr\\\/business\\\/#primaryimage\",\"url\":\"https:\\\/\\\/luxon.com\\\/wp-content\\\/uploads\\\/remove-shadow.png\",\"contentUrl\":\"https:\\\/\\\/luxon.com\\\/wp-content\\\/uploads\\\/remove-shadow.png\",\"width\":734,\"height\":666},{\"@type\":\"WebSite\",\"@id\":\"https:\\\/\\\/luxon.com\\\/fr\\\/#website\",\"url\":\"https:\\\/\\\/luxon.com\\\/fr\\\/\",\"name\":\"Luxon Pay\",\"description\":\"Instant secure global payments\",\"publisher\":{\"@id\":\"https:\\\/\\\/luxon.com\\\/fr\\\/#organization\"},\"potentialAction\":[{\"@type\":\"SearchAction\",\"target\":{\"@type\":\"EntryPoint\",\"urlTemplate\":\"https:\\\/\\\/luxon.com\\\/fr\\\/?s={search_term_string}\"},\"query-input\":{\"@type\":\"PropertyValueSpecification\",\"valueRequired\":true,\"valueName\":\"search_term_string\"}}],\"inLanguage\":\"fr-FR\"},{\"@type\":\"Organization\",\"@id\":\"https:\\\/\\\/luxon.com\\\/fr\\\/#organization\",\"name\":\"Luxon Pay\",\"url\":\"https:\\\/\\\/luxon.com\\\/fr\\\/\",\"logo\":{\"@type\":\"ImageObject\",\"inLanguage\":\"fr-FR\",\"@id\":\"https:\\\/\\\/luxon.com\\\/fr\\\/#\\\/schema\\\/logo\\\/image\\\/\",\"url\":\"https:\\\/\\\/luxon.com\\\/wp-content\\\/uploads\\\/WebsiteImage04.png\",\"contentUrl\":\"https:\\\/\\\/luxon.com\\\/wp-content\\\/uploads\\\/WebsiteImage04.png\",\"width\":1200,\"height\":630,\"caption\":\"Luxon Pay\"},\"image\":{\"@id\":\"https:\\\/\\\/luxon.com\\\/fr\\\/#\\\/schema\\\/logo\\\/image\\\/\"}}]}<\/script>\n<!-- \/ Yoast SEO plugin. -->","yoast_head_json":{"title":"\u2060Services bancaires internationaux simplifi\u00e9s pour les entreprises - Luxon Pay","robots":{"index":"index","follow":"follow","max-snippet":"max-snippet:-1","max-image-preview":"max-image-preview:large","max-video-preview":"max-video-preview:-1"},"canonical":"https:\/\/luxon.com\/fr\/business\/","og_locale":"fr_FR","og_type":"article","og_title":"\u2060Services bancaires internationaux simplifi\u00e9s pour les entreprises - Luxon Pay","og_description":"Avec nos comptes professionnels, vous pouvez rationaliser les paiements, et \u00e9tendre votre port\u00e9e avec un compte multidevises, le tout \u00e0 partir d&rsquo;une seule plateforme transparente","og_url":"https:\/\/luxon.com\/fr\/business\/","og_site_name":"Luxon Pay","article_modified_time":"2026-03-26T10:44:16+00:00","og_image":[{"width":734,"height":666,"url":"https:\/\/luxon.com\/wp-content\/uploads\/remove-shadow.png","type":"image\/png"}],"twitter_card":"summary_large_image","twitter_misc":{"Dur\u00e9e de lecture estim\u00e9e":"1 minute"},"schema":{"@context":"https:\/\/schema.org","@graph":[{"@type":"WebPage","@id":"https:\/\/luxon.com\/fr\/business\/","url":"https:\/\/luxon.com\/fr\/business\/","name":"\u2060Services bancaires internationaux simplifi\u00e9s pour les entreprises - Luxon Pay","isPartOf":{"@id":"https:\/\/luxon.com\/fr\/#website"},"primaryImageOfPage":{"@id":"https:\/\/luxon.com\/fr\/business\/#primaryimage"},"image":{"@id":"https:\/\/luxon.com\/fr\/business\/#primaryimage"},"thumbnailUrl":"https:\/\/luxon.com\/wp-content\/uploads\/remove-shadow.png","datePublished":"2025-01-16T10:31:45+00:00","dateModified":"2026-03-26T10:44:16+00:00","inLanguage":"fr-FR","potentialAction":[{"@type":"ReadAction","target":["https:\/\/luxon.com\/fr\/business\/"]}]},{"@type":"ImageObject","inLanguage":"fr-FR","@id":"https:\/\/luxon.com\/fr\/business\/#primaryimage","url":"https:\/\/luxon.com\/wp-content\/uploads\/remove-shadow.png","contentUrl":"https:\/\/luxon.com\/wp-content\/uploads\/remove-shadow.png","width":734,"height":666},{"@type":"WebSite","@id":"https:\/\/luxon.com\/fr\/#website","url":"https:\/\/luxon.com\/fr\/","name":"Luxon Pay","description":"Instant secure global payments","publisher":{"@id":"https:\/\/luxon.com\/fr\/#organization"},"potentialAction":[{"@type":"SearchAction","target":{"@type":"EntryPoint","urlTemplate":"https:\/\/luxon.com\/fr\/?s={search_term_string}"},"query-input":{"@type":"PropertyValueSpecification","valueRequired":true,"valueName":"search_term_string"}}],"inLanguage":"fr-FR"},{"@type":"Organization","@id":"https:\/\/luxon.com\/fr\/#organization","name":"Luxon Pay","url":"https:\/\/luxon.com\/fr\/","logo":{"@type":"ImageObject","inLanguage":"fr-FR","@id":"https:\/\/luxon.com\/fr\/#\/schema\/logo\/image\/","url":"https:\/\/luxon.com\/wp-content\/uploads\/WebsiteImage04.png","contentUrl":"https:\/\/luxon.com\/wp-content\/uploads\/WebsiteImage04.png","width":1200,"height":630,"caption":"Luxon Pay"},"image":{"@id":"https:\/\/luxon.com\/fr\/#\/schema\/logo\/image\/"}}]}},"_links":{"self":[{"href":"https:\/\/luxon.com\/fr\/wp-json\/wp\/v2\/pages\/29502","targetHints":{"allow":["GET"]}}],"collection":[{"href":"https:\/\/luxon.com\/fr\/wp-json\/wp\/v2\/pages"}],"about":[{"href":"https:\/\/luxon.com\/fr\/wp-json\/wp\/v2\/types\/page"}],"author":[{"embeddable":true,"href":"https:\/\/luxon.com\/fr\/wp-json\/wp\/v2\/users\/2"}],"replies":[{"embeddable":true,"href":"https:\/\/luxon.com\/fr\/wp-json\/wp\/v2\/comments?post=29502"}],"version-history":[{"count":9,"href":"https:\/\/luxon.com\/fr\/wp-json\/wp\/v2\/pages\/29502\/revisions"}],"predecessor-version":[{"id":34524,"href":"https:\/\/luxon.com\/fr\/wp-json\/wp\/v2\/pages\/29502\/revisions\/34524"}],"wp:featuredmedia":[{"embeddable":true,"href":"https:\/\/luxon.com\/fr\/wp-json\/wp\/v2\/media\/27881"}],"wp:attachment":[{"href":"https:\/\/luxon.com\/fr\/wp-json\/wp\/v2\/media?parent=29502"}],"curies":[{"name":"wp","href":"https:\/\/api.w.org\/{rel}","templated":true}]}}