{"id":30384,"date":"2025-05-22T14:37:46","date_gmt":"2025-05-22T14:37:46","guid":{"rendered":"https:\/\/luxon.com\/win-a-free-10000-wsop-main-event-seat-in-our-exclusive-giveaway\/"},"modified":"2025-07-09T16:35:39","modified_gmt":"2025-07-09T16:35:39","slug":"win-a-free-10000-wsop-main-event-seat-in-our-exclusive-giveaway","status":"publish","type":"page","link":"https:\/\/luxon.com\/fr\/win-a-free-10000-wsop-main-event-seat-in-our-exclusive-giveaway\/","title":{"rendered":"Gagnez une entr\u00e9e gratuite de 10 000 $ pour le Main Event des WSOP gr\u00e2ce \u00e0 notre giveaway exclusif"},"content":{"rendered":"<p>\u2022\u2060 \u2060Suivez Luxon Pay sur X<br \/>\n\u2022\u2060 \u2060Partagez le post sur X<br \/>\n\u2022\u2060 \u2060Achetez un buy-in pour n\u2019importe quel \u00e9v\u00e9nement WSOP via Luxon Pay avant le 30 juin<\/p>\n<p>Conditions g\u00e9n\u00e9rales<\/p>\n<p>1.\u2060 \u2060Pour \u00eatre \u00e9ligible \u00e0 la promotion, l\u2019achat du ticket doit \u00eatre effectu\u00e9 via l\u2019application WSOP+ et pay\u00e9 avec Luxon Pay.<br \/>\n2.\u2060 \u2060L\u2019utilisateur doit suivre Luxon Pay sur X et avoir partag\u00e9 le post correspondant pour participer.<br \/>\n3.\u2060 \u2060Les participations seront closes le 30 juin 2025 \u00e0 23h59 (CET).<br \/>\n4.\u2060 \u2060Le gagnant sera annonc\u00e9 le 1er juillet 2025.<br \/>\n5.\u2060 \u2060Le ticket d\u2019entr\u00e9e au Main Event WSOP d\u2019une valeur de 10 000 $ pourra \u00eatre utilis\u00e9 pour l\u2019\u00e9dition 2025 ou 2026.<\/p>\n","protected":false},"excerpt":{"rendered":"<p>\u2022\u2060 \u2060Suivez Luxon Pay sur X \u2022\u2060 \u2060Partagez le post sur X \u2022\u2060 \u2060Achetez un buy-in pour n\u2019importe quel \u00e9v\u00e9nement WSOP via Luxon Pay avant le 30 juin Conditions g\u00e9n\u00e9rales 1.\u2060 \u2060Pour \u00eatre \u00e9ligible \u00e0 la promotion, l\u2019achat du ticket doit \u00eatre effectu\u00e9 via l\u2019application WSOP+ et pay\u00e9 avec Luxon Pay. 2.\u2060 \u2060L\u2019utilisateur doit suivre<a class=\"excerpt-read-more\" href=\"https:\/\/luxon.com\/fr\/win-a-free-10000-wsop-main-event-seat-in-our-exclusive-giveaway\/\" title=\"ReadGagnez une entr\u00e9e gratuite de 10 000 $ pour le Main Event des WSOP gr\u00e2ce \u00e0 notre giveaway exclusif\">&#8230; Read more &raquo;<\/a><\/p>\n","protected":false},"author":5,"featured_media":29574,"parent":0,"menu_order":0,"comment_status":"closed","ping_status":"closed","template":"templates\/block-template.php","meta":{"_acf_changed":false,"footnotes":""},"class_list":["post-30384","page","type-page","status-publish","has-post-thumbnail","hentry"],"acf":[],"yoast_head":"<!-- This site is optimized with the Yoast SEO plugin v27.1.1 - https:\/\/yoast.com\/product\/yoast-seo-wordpress\/ -->\n<title>Gagnez une entr\u00e9e gratuite de 10 000 $ pour le Main Event des WSOP gr\u00e2ce \u00e0 notre giveaway exclusif - Luxon Pay<\/title>\n<meta name=\"robots\" content=\"index, follow, max-snippet:-1, max-image-preview:large, max-video-preview:-1\" \/>\n<link rel=\"canonical\" href=\"https:\/\/luxon.com\/fr\/win-a-free-10000-wsop-main-event-seat-in-our-exclusive-giveaway\/\" \/>\n<meta property=\"og:locale\" content=\"fr_FR\" \/>\n<meta property=\"og:type\" content=\"article\" \/>\n<meta property=\"og:title\" content=\"Gagnez une entr\u00e9e gratuite de 10 000 $ pour le Main Event des WSOP gr\u00e2ce \u00e0 notre giveaway exclusif - Luxon Pay\" \/>\n<meta property=\"og:description\" content=\"\u2022\u2060 \u2060Suivez Luxon Pay sur X \u2022\u2060 \u2060Partagez le post sur X \u2022\u2060 \u2060Achetez un buy-in pour n\u2019importe quel \u00e9v\u00e9nement WSOP via Luxon Pay avant le 30 juin Conditions g\u00e9n\u00e9rales 1.\u2060 \u2060Pour \u00eatre \u00e9ligible \u00e0 la promotion, l\u2019achat du ticket doit \u00eatre effectu\u00e9 via l\u2019application WSOP+ et pay\u00e9 avec Luxon Pay. 2.\u2060 \u2060L\u2019utilisateur doit suivre... Read more &raquo;\" \/>\n<meta property=\"og:url\" content=\"https:\/\/luxon.com\/fr\/win-a-free-10000-wsop-main-event-seat-in-our-exclusive-giveaway\/\" \/>\n<meta property=\"og:site_name\" content=\"Luxon Pay\" \/>\n<meta property=\"article:modified_time\" content=\"2025-07-09T16:35:39+00:00\" \/>\n<meta property=\"og:image\" content=\"https:\/\/luxon.com\/wp-content\/uploads\/Luxon-website-banner-image.png\" \/>\n\t<meta property=\"og:image:width\" content=\"404\" \/>\n\t<meta property=\"og:image:height\" content=\"640\" \/>\n\t<meta property=\"og:image:type\" content=\"image\/png\" \/>\n<meta name=\"twitter:card\" content=\"summary_large_image\" \/>\n<meta name=\"twitter:label1\" content=\"Dur\u00e9e de lecture estim\u00e9e\" \/>\n\t<meta name=\"twitter:data1\" content=\"1 minute\" \/>\n<script type=\"application\/ld+json\" class=\"yoast-schema-graph\">{\"@context\":\"https:\/\/schema.org\",\"@graph\":[{\"@type\":\"WebPage\",\"@id\":\"https:\/\/luxon.com\/fr\/win-a-free-10000-wsop-main-event-seat-in-our-exclusive-giveaway\/\",\"url\":\"https:\/\/luxon.com\/fr\/win-a-free-10000-wsop-main-event-seat-in-our-exclusive-giveaway\/\",\"name\":\"Gagnez une entr\u00e9e gratuite de 10 000 $ pour le Main Event des WSOP gr\u00e2ce \u00e0 notre giveaway exclusif - Luxon Pay\",\"isPartOf\":{\"@id\":\"https:\/\/luxon.com\/fr\/#website\"},\"primaryImageOfPage\":{\"@id\":\"https:\/\/luxon.com\/fr\/win-a-free-10000-wsop-main-event-seat-in-our-exclusive-giveaway\/#primaryimage\"},\"image\":{\"@id\":\"https:\/\/luxon.com\/fr\/win-a-free-10000-wsop-main-event-seat-in-our-exclusive-giveaway\/#primaryimage\"},\"thumbnailUrl\":\"https:\/\/luxon.com\/wp-content\/uploads\/Luxon-website-banner-image.png\",\"datePublished\":\"2025-05-22T14:37:46+00:00\",\"dateModified\":\"2025-07-09T16:35:39+00:00\",\"inLanguage\":\"fr-FR\",\"potentialAction\":[{\"@type\":\"ReadAction\",\"target\":[\"https:\/\/luxon.com\/fr\/win-a-free-10000-wsop-main-event-seat-in-our-exclusive-giveaway\/\"]}]},{\"@type\":\"ImageObject\",\"inLanguage\":\"fr-FR\",\"@id\":\"https:\/\/luxon.com\/fr\/win-a-free-10000-wsop-main-event-seat-in-our-exclusive-giveaway\/#primaryimage\",\"url\":\"https:\/\/luxon.com\/wp-content\/uploads\/Luxon-website-banner-image.png\",\"contentUrl\":\"https:\/\/luxon.com\/wp-content\/uploads\/Luxon-website-banner-image.png\",\"width\":404,\"height\":640},{\"@type\":\"WebSite\",\"@id\":\"https:\/\/luxon.com\/fr\/#website\",\"url\":\"https:\/\/luxon.com\/fr\/\",\"name\":\"Luxon Pay\",\"description\":\"Instant secure global payments\",\"publisher\":{\"@id\":\"https:\/\/luxon.com\/fr\/#organization\"},\"potentialAction\":[{\"@type\":\"SearchAction\",\"target\":{\"@type\":\"EntryPoint\",\"urlTemplate\":\"https:\/\/luxon.com\/fr\/?s={search_term_string}\"},\"query-input\":{\"@type\":\"PropertyValueSpecification\",\"valueRequired\":true,\"valueName\":\"search_term_string\"}}],\"inLanguage\":\"fr-FR\"},{\"@type\":\"Organization\",\"@id\":\"https:\/\/luxon.com\/fr\/#organization\",\"name\":\"Luxon Pay\",\"url\":\"https:\/\/luxon.com\/fr\/\",\"logo\":{\"@type\":\"ImageObject\",\"inLanguage\":\"fr-FR\",\"@id\":\"https:\/\/luxon.com\/fr\/#\/schema\/logo\/image\/\",\"url\":\"https:\/\/luxon.com\/wp-content\/uploads\/WebsiteImage04.png\",\"contentUrl\":\"https:\/\/luxon.com\/wp-content\/uploads\/WebsiteImage04.png\",\"width\":1200,\"height\":630,\"caption\":\"Luxon Pay\"},\"image\":{\"@id\":\"https:\/\/luxon.com\/fr\/#\/schema\/logo\/image\/\"}}]}<\/script>\n<!-- \/ Yoast SEO plugin. -->","yoast_head_json":{"title":"Gagnez une entr\u00e9e gratuite de 10 000 $ pour le Main Event des WSOP gr\u00e2ce \u00e0 notre giveaway exclusif - Luxon Pay","robots":{"index":"index","follow":"follow","max-snippet":"max-snippet:-1","max-image-preview":"max-image-preview:large","max-video-preview":"max-video-preview:-1"},"canonical":"https:\/\/luxon.com\/fr\/win-a-free-10000-wsop-main-event-seat-in-our-exclusive-giveaway\/","og_locale":"fr_FR","og_type":"article","og_title":"Gagnez une entr\u00e9e gratuite de 10 000 $ pour le Main Event des WSOP gr\u00e2ce \u00e0 notre giveaway exclusif - Luxon Pay","og_description":"\u2022\u2060 \u2060Suivez Luxon Pay sur X \u2022\u2060 \u2060Partagez le post sur X \u2022\u2060 \u2060Achetez un buy-in pour n\u2019importe quel \u00e9v\u00e9nement WSOP via Luxon Pay avant le 30 juin Conditions g\u00e9n\u00e9rales 1.\u2060 \u2060Pour \u00eatre \u00e9ligible \u00e0 la promotion, l\u2019achat du ticket doit \u00eatre effectu\u00e9 via l\u2019application WSOP+ et pay\u00e9 avec Luxon Pay. 2.\u2060 \u2060L\u2019utilisateur doit suivre... Read more &raquo;","og_url":"https:\/\/luxon.com\/fr\/win-a-free-10000-wsop-main-event-seat-in-our-exclusive-giveaway\/","og_site_name":"Luxon Pay","article_modified_time":"2025-07-09T16:35:39+00:00","og_image":[{"width":404,"height":640,"url":"https:\/\/luxon.com\/wp-content\/uploads\/Luxon-website-banner-image.png","type":"image\/png"}],"twitter_card":"summary_large_image","twitter_misc":{"Dur\u00e9e de lecture estim\u00e9e":"1 minute"},"schema":{"@context":"https:\/\/schema.org","@graph":[{"@type":"WebPage","@id":"https:\/\/luxon.com\/fr\/win-a-free-10000-wsop-main-event-seat-in-our-exclusive-giveaway\/","url":"https:\/\/luxon.com\/fr\/win-a-free-10000-wsop-main-event-seat-in-our-exclusive-giveaway\/","name":"Gagnez une entr\u00e9e gratuite de 10 000 $ pour le Main Event des WSOP gr\u00e2ce \u00e0 notre giveaway exclusif - Luxon Pay","isPartOf":{"@id":"https:\/\/luxon.com\/fr\/#website"},"primaryImageOfPage":{"@id":"https:\/\/luxon.com\/fr\/win-a-free-10000-wsop-main-event-seat-in-our-exclusive-giveaway\/#primaryimage"},"image":{"@id":"https:\/\/luxon.com\/fr\/win-a-free-10000-wsop-main-event-seat-in-our-exclusive-giveaway\/#primaryimage"},"thumbnailUrl":"https:\/\/luxon.com\/wp-content\/uploads\/Luxon-website-banner-image.png","datePublished":"2025-05-22T14:37:46+00:00","dateModified":"2025-07-09T16:35:39+00:00","inLanguage":"fr-FR","potentialAction":[{"@type":"ReadAction","target":["https:\/\/luxon.com\/fr\/win-a-free-10000-wsop-main-event-seat-in-our-exclusive-giveaway\/"]}]},{"@type":"ImageObject","inLanguage":"fr-FR","@id":"https:\/\/luxon.com\/fr\/win-a-free-10000-wsop-main-event-seat-in-our-exclusive-giveaway\/#primaryimage","url":"https:\/\/luxon.com\/wp-content\/uploads\/Luxon-website-banner-image.png","contentUrl":"https:\/\/luxon.com\/wp-content\/uploads\/Luxon-website-banner-image.png","width":404,"height":640},{"@type":"WebSite","@id":"https:\/\/luxon.com\/fr\/#website","url":"https:\/\/luxon.com\/fr\/","name":"Luxon Pay","description":"Instant secure global payments","publisher":{"@id":"https:\/\/luxon.com\/fr\/#organization"},"potentialAction":[{"@type":"SearchAction","target":{"@type":"EntryPoint","urlTemplate":"https:\/\/luxon.com\/fr\/?s={search_term_string}"},"query-input":{"@type":"PropertyValueSpecification","valueRequired":true,"valueName":"search_term_string"}}],"inLanguage":"fr-FR"},{"@type":"Organization","@id":"https:\/\/luxon.com\/fr\/#organization","name":"Luxon Pay","url":"https:\/\/luxon.com\/fr\/","logo":{"@type":"ImageObject","inLanguage":"fr-FR","@id":"https:\/\/luxon.com\/fr\/#\/schema\/logo\/image\/","url":"https:\/\/luxon.com\/wp-content\/uploads\/WebsiteImage04.png","contentUrl":"https:\/\/luxon.com\/wp-content\/uploads\/WebsiteImage04.png","width":1200,"height":630,"caption":"Luxon Pay"},"image":{"@id":"https:\/\/luxon.com\/fr\/#\/schema\/logo\/image\/"}}]}},"_links":{"self":[{"href":"https:\/\/luxon.com\/fr\/wp-json\/wp\/v2\/pages\/30384","targetHints":{"allow":["GET"]}}],"collection":[{"href":"https:\/\/luxon.com\/fr\/wp-json\/wp\/v2\/pages"}],"about":[{"href":"https:\/\/luxon.com\/fr\/wp-json\/wp\/v2\/types\/page"}],"author":[{"embeddable":true,"href":"https:\/\/luxon.com\/fr\/wp-json\/wp\/v2\/users\/5"}],"replies":[{"embeddable":true,"href":"https:\/\/luxon.com\/fr\/wp-json\/wp\/v2\/comments?post=30384"}],"version-history":[{"count":1,"href":"https:\/\/luxon.com\/fr\/wp-json\/wp\/v2\/pages\/30384\/revisions"}],"predecessor-version":[{"id":30385,"href":"https:\/\/luxon.com\/fr\/wp-json\/wp\/v2\/pages\/30384\/revisions\/30385"}],"wp:featuredmedia":[{"embeddable":true,"href":"https:\/\/luxon.com\/fr\/wp-json\/wp\/v2\/media\/29574"}],"wp:attachment":[{"href":"https:\/\/luxon.com\/fr\/wp-json\/wp\/v2\/media?parent=30384"}],"curies":[{"name":"wp","href":"https:\/\/api.w.org\/{rel}","templated":true}]}}