{"id":30386,"date":"2025-05-22T15:11:59","date_gmt":"2025-05-22T15:11:59","guid":{"rendered":"https:\/\/luxon.com\/luxon-pay-at-wsop-las-vegas\/"},"modified":"2025-07-09T16:45:30","modified_gmt":"2025-07-09T16:45:30","slug":"luxon-pay-at-wsop-las-vegas","status":"publish","type":"page","link":"https:\/\/luxon.com\/fr\/luxon-pay-at-wsop-las-vegas\/","title":{"rendered":"Luxon Pay aux WSOP de Las Vegas"},"content":{"rendered":"<p>C\u2019est officiel ! Cet \u00e9t\u00e9, vous pouvez acheter votre buy-in pour tous les \u00e9v\u00e9nements des World Series of Poker (WSOP) \u00e0 Las Vegas en utilisant Luxon Pay.<\/p>\n","protected":false},"excerpt":{"rendered":"<p>C\u2019est officiel ! Cet \u00e9t\u00e9, vous pouvez acheter votre buy-in pour tous les \u00e9v\u00e9nements des World Series of Poker (WSOP) \u00e0 Las Vegas en utilisant Luxon Pay.<\/p>\n","protected":false},"author":5,"featured_media":29574,"parent":0,"menu_order":0,"comment_status":"closed","ping_status":"closed","template":"templates\/block-template.php","meta":{"_acf_changed":false,"footnotes":""},"class_list":["post-30386","page","type-page","status-publish","has-post-thumbnail","hentry"],"acf":[],"yoast_head":"<!-- This site is optimized with the Yoast SEO plugin v27.1.1 - https:\/\/yoast.com\/product\/yoast-seo-wordpress\/ -->\n<title>Luxon Pay aux WSOP de Las Vegas - Luxon Pay<\/title>\n<meta name=\"robots\" content=\"index, follow, max-snippet:-1, max-image-preview:large, max-video-preview:-1\" \/>\n<link rel=\"canonical\" href=\"https:\/\/luxon.com\/fr\/luxon-pay-at-wsop-las-vegas\/\" \/>\n<meta property=\"og:locale\" content=\"fr_FR\" \/>\n<meta property=\"og:type\" content=\"article\" \/>\n<meta property=\"og:title\" content=\"Luxon Pay aux WSOP de Las Vegas - Luxon Pay\" \/>\n<meta property=\"og:description\" content=\"C\u2019est officiel ! Cet \u00e9t\u00e9, vous pouvez acheter votre buy-in pour tous les \u00e9v\u00e9nements des World Series of Poker (WSOP) \u00e0 Las Vegas en utilisant Luxon Pay.\" \/>\n<meta property=\"og:url\" content=\"https:\/\/luxon.com\/fr\/luxon-pay-at-wsop-las-vegas\/\" \/>\n<meta property=\"og:site_name\" content=\"Luxon Pay\" \/>\n<meta property=\"article:modified_time\" content=\"2025-07-09T16:45:30+00:00\" \/>\n<meta property=\"og:image\" content=\"https:\/\/luxon.com\/wp-content\/uploads\/Luxon-website-banner-image.png\" \/>\n\t<meta property=\"og:image:width\" content=\"404\" \/>\n\t<meta property=\"og:image:height\" content=\"640\" \/>\n\t<meta property=\"og:image:type\" content=\"image\/png\" \/>\n<meta name=\"twitter:card\" content=\"summary_large_image\" \/>\n<meta name=\"twitter:label1\" content=\"Dur\u00e9e de lecture estim\u00e9e\" \/>\n\t<meta name=\"twitter:data1\" content=\"1 minute\" \/>\n<script type=\"application\/ld+json\" class=\"yoast-schema-graph\">{\"@context\":\"https:\/\/schema.org\",\"@graph\":[{\"@type\":\"WebPage\",\"@id\":\"https:\/\/luxon.com\/fr\/luxon-pay-at-wsop-las-vegas\/\",\"url\":\"https:\/\/luxon.com\/fr\/luxon-pay-at-wsop-las-vegas\/\",\"name\":\"Luxon Pay aux WSOP de Las Vegas - Luxon Pay\",\"isPartOf\":{\"@id\":\"https:\/\/luxon.com\/fr\/#website\"},\"primaryImageOfPage\":{\"@id\":\"https:\/\/luxon.com\/fr\/luxon-pay-at-wsop-las-vegas\/#primaryimage\"},\"image\":{\"@id\":\"https:\/\/luxon.com\/fr\/luxon-pay-at-wsop-las-vegas\/#primaryimage\"},\"thumbnailUrl\":\"https:\/\/luxon.com\/wp-content\/uploads\/Luxon-website-banner-image.png\",\"datePublished\":\"2025-05-22T15:11:59+00:00\",\"dateModified\":\"2025-07-09T16:45:30+00:00\",\"inLanguage\":\"fr-FR\",\"potentialAction\":[{\"@type\":\"ReadAction\",\"target\":[\"https:\/\/luxon.com\/fr\/luxon-pay-at-wsop-las-vegas\/\"]}]},{\"@type\":\"ImageObject\",\"inLanguage\":\"fr-FR\",\"@id\":\"https:\/\/luxon.com\/fr\/luxon-pay-at-wsop-las-vegas\/#primaryimage\",\"url\":\"https:\/\/luxon.com\/wp-content\/uploads\/Luxon-website-banner-image.png\",\"contentUrl\":\"https:\/\/luxon.com\/wp-content\/uploads\/Luxon-website-banner-image.png\",\"width\":404,\"height\":640},{\"@type\":\"WebSite\",\"@id\":\"https:\/\/luxon.com\/fr\/#website\",\"url\":\"https:\/\/luxon.com\/fr\/\",\"name\":\"Luxon Pay\",\"description\":\"Instant secure global payments\",\"publisher\":{\"@id\":\"https:\/\/luxon.com\/fr\/#organization\"},\"potentialAction\":[{\"@type\":\"SearchAction\",\"target\":{\"@type\":\"EntryPoint\",\"urlTemplate\":\"https:\/\/luxon.com\/fr\/?s={search_term_string}\"},\"query-input\":{\"@type\":\"PropertyValueSpecification\",\"valueRequired\":true,\"valueName\":\"search_term_string\"}}],\"inLanguage\":\"fr-FR\"},{\"@type\":\"Organization\",\"@id\":\"https:\/\/luxon.com\/fr\/#organization\",\"name\":\"Luxon Pay\",\"url\":\"https:\/\/luxon.com\/fr\/\",\"logo\":{\"@type\":\"ImageObject\",\"inLanguage\":\"fr-FR\",\"@id\":\"https:\/\/luxon.com\/fr\/#\/schema\/logo\/image\/\",\"url\":\"https:\/\/luxon.com\/wp-content\/uploads\/WebsiteImage04.png\",\"contentUrl\":\"https:\/\/luxon.com\/wp-content\/uploads\/WebsiteImage04.png\",\"width\":1200,\"height\":630,\"caption\":\"Luxon Pay\"},\"image\":{\"@id\":\"https:\/\/luxon.com\/fr\/#\/schema\/logo\/image\/\"}}]}<\/script>\n<!-- \/ Yoast SEO plugin. -->","yoast_head_json":{"title":"Luxon Pay aux WSOP de Las Vegas - Luxon Pay","robots":{"index":"index","follow":"follow","max-snippet":"max-snippet:-1","max-image-preview":"max-image-preview:large","max-video-preview":"max-video-preview:-1"},"canonical":"https:\/\/luxon.com\/fr\/luxon-pay-at-wsop-las-vegas\/","og_locale":"fr_FR","og_type":"article","og_title":"Luxon Pay aux WSOP de Las Vegas - Luxon Pay","og_description":"C\u2019est officiel ! Cet \u00e9t\u00e9, vous pouvez acheter votre buy-in pour tous les \u00e9v\u00e9nements des World Series of Poker (WSOP) \u00e0 Las Vegas en utilisant Luxon Pay.","og_url":"https:\/\/luxon.com\/fr\/luxon-pay-at-wsop-las-vegas\/","og_site_name":"Luxon Pay","article_modified_time":"2025-07-09T16:45:30+00:00","og_image":[{"width":404,"height":640,"url":"https:\/\/luxon.com\/wp-content\/uploads\/Luxon-website-banner-image.png","type":"image\/png"}],"twitter_card":"summary_large_image","twitter_misc":{"Dur\u00e9e de lecture estim\u00e9e":"1 minute"},"schema":{"@context":"https:\/\/schema.org","@graph":[{"@type":"WebPage","@id":"https:\/\/luxon.com\/fr\/luxon-pay-at-wsop-las-vegas\/","url":"https:\/\/luxon.com\/fr\/luxon-pay-at-wsop-las-vegas\/","name":"Luxon Pay aux WSOP de Las Vegas - Luxon Pay","isPartOf":{"@id":"https:\/\/luxon.com\/fr\/#website"},"primaryImageOfPage":{"@id":"https:\/\/luxon.com\/fr\/luxon-pay-at-wsop-las-vegas\/#primaryimage"},"image":{"@id":"https:\/\/luxon.com\/fr\/luxon-pay-at-wsop-las-vegas\/#primaryimage"},"thumbnailUrl":"https:\/\/luxon.com\/wp-content\/uploads\/Luxon-website-banner-image.png","datePublished":"2025-05-22T15:11:59+00:00","dateModified":"2025-07-09T16:45:30+00:00","inLanguage":"fr-FR","potentialAction":[{"@type":"ReadAction","target":["https:\/\/luxon.com\/fr\/luxon-pay-at-wsop-las-vegas\/"]}]},{"@type":"ImageObject","inLanguage":"fr-FR","@id":"https:\/\/luxon.com\/fr\/luxon-pay-at-wsop-las-vegas\/#primaryimage","url":"https:\/\/luxon.com\/wp-content\/uploads\/Luxon-website-banner-image.png","contentUrl":"https:\/\/luxon.com\/wp-content\/uploads\/Luxon-website-banner-image.png","width":404,"height":640},{"@type":"WebSite","@id":"https:\/\/luxon.com\/fr\/#website","url":"https:\/\/luxon.com\/fr\/","name":"Luxon Pay","description":"Instant secure global payments","publisher":{"@id":"https:\/\/luxon.com\/fr\/#organization"},"potentialAction":[{"@type":"SearchAction","target":{"@type":"EntryPoint","urlTemplate":"https:\/\/luxon.com\/fr\/?s={search_term_string}"},"query-input":{"@type":"PropertyValueSpecification","valueRequired":true,"valueName":"search_term_string"}}],"inLanguage":"fr-FR"},{"@type":"Organization","@id":"https:\/\/luxon.com\/fr\/#organization","name":"Luxon Pay","url":"https:\/\/luxon.com\/fr\/","logo":{"@type":"ImageObject","inLanguage":"fr-FR","@id":"https:\/\/luxon.com\/fr\/#\/schema\/logo\/image\/","url":"https:\/\/luxon.com\/wp-content\/uploads\/WebsiteImage04.png","contentUrl":"https:\/\/luxon.com\/wp-content\/uploads\/WebsiteImage04.png","width":1200,"height":630,"caption":"Luxon Pay"},"image":{"@id":"https:\/\/luxon.com\/fr\/#\/schema\/logo\/image\/"}}]}},"_links":{"self":[{"href":"https:\/\/luxon.com\/fr\/wp-json\/wp\/v2\/pages\/30386","targetHints":{"allow":["GET"]}}],"collection":[{"href":"https:\/\/luxon.com\/fr\/wp-json\/wp\/v2\/pages"}],"about":[{"href":"https:\/\/luxon.com\/fr\/wp-json\/wp\/v2\/types\/page"}],"author":[{"embeddable":true,"href":"https:\/\/luxon.com\/fr\/wp-json\/wp\/v2\/users\/5"}],"replies":[{"embeddable":true,"href":"https:\/\/luxon.com\/fr\/wp-json\/wp\/v2\/comments?post=30386"}],"version-history":[{"count":3,"href":"https:\/\/luxon.com\/fr\/wp-json\/wp\/v2\/pages\/30386\/revisions"}],"predecessor-version":[{"id":30393,"href":"https:\/\/luxon.com\/fr\/wp-json\/wp\/v2\/pages\/30386\/revisions\/30393"}],"wp:featuredmedia":[{"embeddable":true,"href":"https:\/\/luxon.com\/fr\/wp-json\/wp\/v2\/media\/29574"}],"wp:attachment":[{"href":"https:\/\/luxon.com\/fr\/wp-json\/wp\/v2\/media?parent=30386"}],"curies":[{"name":"wp","href":"https:\/\/api.w.org\/{rel}","templated":true}]}}