{"id":32091,"date":"2025-08-29T13:57:14","date_gmt":"2025-08-29T13:57:14","guid":{"rendered":"https:\/\/luxon.com\/luxon-welcomes-you-to-paradise-with-5000\/"},"modified":"2025-10-10T15:26:23","modified_gmt":"2025-10-10T15:26:23","slug":"luxon-welcomes-you-to-paradise-with-5000","status":"publish","type":"page","link":"https:\/\/luxon.com\/fr\/luxon-welcomes-you-to-paradise-with-5000\/","title":{"rendered":"Luxon Pay vous accueille \u00e0 Paradise avec 5 000 $ !"},"content":{"rendered":"<p style=\"font-weight: 400;\">Premi\u00e8re fois \u00e0 Paradise ? Si c\u2019est votre premi\u00e8re participation \u00e0 WSOP Paradise, Luxon Pay vous d\u00e9roule le tapis rouge.<br \/>\nCette promotion sp\u00e9ciale est con\u00e7ue pour offrir aux nouveaux venus un coup de pouce suppl\u00e9mentaire au moment d\u2019entrer dans l\u2019action.<\/p>\n","protected":false},"excerpt":{"rendered":"<p>Premi\u00e8re fois \u00e0 Paradise ? Si c\u2019est votre premi\u00e8re participation \u00e0 WSOP Paradise, Luxon Pay vous d\u00e9roule le tapis rouge. Cette promotion sp\u00e9ciale est con\u00e7ue pour offrir aux nouveaux venus un coup de pouce suppl\u00e9mentaire au moment d\u2019entrer dans l\u2019action.<\/p>\n","protected":false},"author":3,"featured_media":31572,"parent":0,"menu_order":0,"comment_status":"closed","ping_status":"closed","template":"templates\/block-template.php","meta":{"_acf_changed":false,"footnotes":""},"class_list":["post-32091","page","type-page","status-publish","has-post-thumbnail","hentry"],"acf":[],"yoast_head":"<!-- This site is optimized with the Yoast SEO plugin v27.4 - https:\/\/yoast.com\/product\/yoast-seo-wordpress\/ -->\n<title>Luxon Pay vous accueille \u00e0 Paradise avec 5 000 $ ! - Luxon Pay<\/title>\n<meta name=\"robots\" content=\"index, follow, max-snippet:-1, max-image-preview:large, max-video-preview:-1\" \/>\n<link rel=\"canonical\" href=\"https:\/\/luxon.com\/fr\/luxon-welcomes-you-to-paradise-with-5000\/\" \/>\n<meta property=\"og:locale\" content=\"fr_FR\" \/>\n<meta property=\"og:type\" content=\"article\" \/>\n<meta property=\"og:title\" content=\"Luxon Pay vous accueille \u00e0 Paradise avec 5 000 $ ! - Luxon Pay\" \/>\n<meta property=\"og:description\" content=\"Premi\u00e8re fois \u00e0 Paradise ? Si c\u2019est votre premi\u00e8re participation \u00e0 WSOP Paradise, Luxon Pay vous d\u00e9roule le tapis rouge. Cette promotion sp\u00e9ciale est con\u00e7ue pour offrir aux nouveaux venus un coup de pouce suppl\u00e9mentaire au moment d\u2019entrer dans l\u2019action.\" \/>\n<meta property=\"og:url\" content=\"https:\/\/luxon.com\/fr\/luxon-welcomes-you-to-paradise-with-5000\/\" \/>\n<meta property=\"og:site_name\" content=\"Luxon Pay\" \/>\n<meta property=\"article:modified_time\" content=\"2025-10-10T15:26:23+00:00\" \/>\n<meta property=\"og:image\" content=\"https:\/\/luxon.com\/wp-content\/uploads\/WSOP_Paradise_Header.png\" \/>\n\t<meta property=\"og:image:width\" content=\"720\" \/>\n\t<meta property=\"og:image:height\" content=\"686\" \/>\n\t<meta property=\"og:image:type\" content=\"image\/png\" \/>\n<meta name=\"twitter:card\" content=\"summary_large_image\" \/>\n<meta name=\"twitter:label1\" content=\"Dur\u00e9e de lecture estim\u00e9e\" \/>\n\t<meta name=\"twitter:data1\" content=\"1 minute\" \/>\n<script type=\"application\/ld+json\" class=\"yoast-schema-graph\">{\"@context\":\"https:\\\/\\\/schema.org\",\"@graph\":[{\"@type\":\"WebPage\",\"@id\":\"https:\\\/\\\/luxon.com\\\/fr\\\/luxon-welcomes-you-to-paradise-with-5000\\\/\",\"url\":\"https:\\\/\\\/luxon.com\\\/fr\\\/luxon-welcomes-you-to-paradise-with-5000\\\/\",\"name\":\"Luxon Pay vous accueille \u00e0 Paradise avec 5 000 $ ! - Luxon Pay\",\"isPartOf\":{\"@id\":\"https:\\\/\\\/luxon.com\\\/fr\\\/#website\"},\"primaryImageOfPage\":{\"@id\":\"https:\\\/\\\/luxon.com\\\/fr\\\/luxon-welcomes-you-to-paradise-with-5000\\\/#primaryimage\"},\"image\":{\"@id\":\"https:\\\/\\\/luxon.com\\\/fr\\\/luxon-welcomes-you-to-paradise-with-5000\\\/#primaryimage\"},\"thumbnailUrl\":\"https:\\\/\\\/luxon.com\\\/wp-content\\\/uploads\\\/WSOP_Paradise_Header.png\",\"datePublished\":\"2025-08-29T13:57:14+00:00\",\"dateModified\":\"2025-10-10T15:26:23+00:00\",\"inLanguage\":\"fr-FR\",\"potentialAction\":[{\"@type\":\"ReadAction\",\"target\":[\"https:\\\/\\\/luxon.com\\\/fr\\\/luxon-welcomes-you-to-paradise-with-5000\\\/\"]}]},{\"@type\":\"ImageObject\",\"inLanguage\":\"fr-FR\",\"@id\":\"https:\\\/\\\/luxon.com\\\/fr\\\/luxon-welcomes-you-to-paradise-with-5000\\\/#primaryimage\",\"url\":\"https:\\\/\\\/luxon.com\\\/wp-content\\\/uploads\\\/WSOP_Paradise_Header.png\",\"contentUrl\":\"https:\\\/\\\/luxon.com\\\/wp-content\\\/uploads\\\/WSOP_Paradise_Header.png\",\"width\":720,\"height\":686},{\"@type\":\"WebSite\",\"@id\":\"https:\\\/\\\/luxon.com\\\/fr\\\/#website\",\"url\":\"https:\\\/\\\/luxon.com\\\/fr\\\/\",\"name\":\"Luxon Pay\",\"description\":\"Instant secure global payments\",\"publisher\":{\"@id\":\"https:\\\/\\\/luxon.com\\\/fr\\\/#organization\"},\"potentialAction\":[{\"@type\":\"SearchAction\",\"target\":{\"@type\":\"EntryPoint\",\"urlTemplate\":\"https:\\\/\\\/luxon.com\\\/fr\\\/?s={search_term_string}\"},\"query-input\":{\"@type\":\"PropertyValueSpecification\",\"valueRequired\":true,\"valueName\":\"search_term_string\"}}],\"inLanguage\":\"fr-FR\"},{\"@type\":\"Organization\",\"@id\":\"https:\\\/\\\/luxon.com\\\/fr\\\/#organization\",\"name\":\"Luxon Pay\",\"url\":\"https:\\\/\\\/luxon.com\\\/fr\\\/\",\"logo\":{\"@type\":\"ImageObject\",\"inLanguage\":\"fr-FR\",\"@id\":\"https:\\\/\\\/luxon.com\\\/fr\\\/#\\\/schema\\\/logo\\\/image\\\/\",\"url\":\"https:\\\/\\\/luxon.com\\\/wp-content\\\/uploads\\\/WebsiteImage04.png\",\"contentUrl\":\"https:\\\/\\\/luxon.com\\\/wp-content\\\/uploads\\\/WebsiteImage04.png\",\"width\":1200,\"height\":630,\"caption\":\"Luxon Pay\"},\"image\":{\"@id\":\"https:\\\/\\\/luxon.com\\\/fr\\\/#\\\/schema\\\/logo\\\/image\\\/\"}}]}<\/script>\n<!-- \/ Yoast SEO plugin. -->","yoast_head_json":{"title":"Luxon Pay vous accueille \u00e0 Paradise avec 5 000 $ ! - Luxon Pay","robots":{"index":"index","follow":"follow","max-snippet":"max-snippet:-1","max-image-preview":"max-image-preview:large","max-video-preview":"max-video-preview:-1"},"canonical":"https:\/\/luxon.com\/fr\/luxon-welcomes-you-to-paradise-with-5000\/","og_locale":"fr_FR","og_type":"article","og_title":"Luxon Pay vous accueille \u00e0 Paradise avec 5 000 $ ! - Luxon Pay","og_description":"Premi\u00e8re fois \u00e0 Paradise ? Si c\u2019est votre premi\u00e8re participation \u00e0 WSOP Paradise, Luxon Pay vous d\u00e9roule le tapis rouge. Cette promotion sp\u00e9ciale est con\u00e7ue pour offrir aux nouveaux venus un coup de pouce suppl\u00e9mentaire au moment d\u2019entrer dans l\u2019action.","og_url":"https:\/\/luxon.com\/fr\/luxon-welcomes-you-to-paradise-with-5000\/","og_site_name":"Luxon Pay","article_modified_time":"2025-10-10T15:26:23+00:00","og_image":[{"width":720,"height":686,"url":"https:\/\/luxon.com\/wp-content\/uploads\/WSOP_Paradise_Header.png","type":"image\/png"}],"twitter_card":"summary_large_image","twitter_misc":{"Dur\u00e9e de lecture estim\u00e9e":"1 minute"},"schema":{"@context":"https:\/\/schema.org","@graph":[{"@type":"WebPage","@id":"https:\/\/luxon.com\/fr\/luxon-welcomes-you-to-paradise-with-5000\/","url":"https:\/\/luxon.com\/fr\/luxon-welcomes-you-to-paradise-with-5000\/","name":"Luxon Pay vous accueille \u00e0 Paradise avec 5 000 $ ! - Luxon Pay","isPartOf":{"@id":"https:\/\/luxon.com\/fr\/#website"},"primaryImageOfPage":{"@id":"https:\/\/luxon.com\/fr\/luxon-welcomes-you-to-paradise-with-5000\/#primaryimage"},"image":{"@id":"https:\/\/luxon.com\/fr\/luxon-welcomes-you-to-paradise-with-5000\/#primaryimage"},"thumbnailUrl":"https:\/\/luxon.com\/wp-content\/uploads\/WSOP_Paradise_Header.png","datePublished":"2025-08-29T13:57:14+00:00","dateModified":"2025-10-10T15:26:23+00:00","inLanguage":"fr-FR","potentialAction":[{"@type":"ReadAction","target":["https:\/\/luxon.com\/fr\/luxon-welcomes-you-to-paradise-with-5000\/"]}]},{"@type":"ImageObject","inLanguage":"fr-FR","@id":"https:\/\/luxon.com\/fr\/luxon-welcomes-you-to-paradise-with-5000\/#primaryimage","url":"https:\/\/luxon.com\/wp-content\/uploads\/WSOP_Paradise_Header.png","contentUrl":"https:\/\/luxon.com\/wp-content\/uploads\/WSOP_Paradise_Header.png","width":720,"height":686},{"@type":"WebSite","@id":"https:\/\/luxon.com\/fr\/#website","url":"https:\/\/luxon.com\/fr\/","name":"Luxon Pay","description":"Instant secure global payments","publisher":{"@id":"https:\/\/luxon.com\/fr\/#organization"},"potentialAction":[{"@type":"SearchAction","target":{"@type":"EntryPoint","urlTemplate":"https:\/\/luxon.com\/fr\/?s={search_term_string}"},"query-input":{"@type":"PropertyValueSpecification","valueRequired":true,"valueName":"search_term_string"}}],"inLanguage":"fr-FR"},{"@type":"Organization","@id":"https:\/\/luxon.com\/fr\/#organization","name":"Luxon Pay","url":"https:\/\/luxon.com\/fr\/","logo":{"@type":"ImageObject","inLanguage":"fr-FR","@id":"https:\/\/luxon.com\/fr\/#\/schema\/logo\/image\/","url":"https:\/\/luxon.com\/wp-content\/uploads\/WebsiteImage04.png","contentUrl":"https:\/\/luxon.com\/wp-content\/uploads\/WebsiteImage04.png","width":1200,"height":630,"caption":"Luxon Pay"},"image":{"@id":"https:\/\/luxon.com\/fr\/#\/schema\/logo\/image\/"}}]}},"_links":{"self":[{"href":"https:\/\/luxon.com\/fr\/wp-json\/wp\/v2\/pages\/32091","targetHints":{"allow":["GET"]}}],"collection":[{"href":"https:\/\/luxon.com\/fr\/wp-json\/wp\/v2\/pages"}],"about":[{"href":"https:\/\/luxon.com\/fr\/wp-json\/wp\/v2\/types\/page"}],"author":[{"embeddable":true,"href":"https:\/\/luxon.com\/fr\/wp-json\/wp\/v2\/users\/3"}],"replies":[{"embeddable":true,"href":"https:\/\/luxon.com\/fr\/wp-json\/wp\/v2\/comments?post=32091"}],"version-history":[{"count":2,"href":"https:\/\/luxon.com\/fr\/wp-json\/wp\/v2\/pages\/32091\/revisions"}],"predecessor-version":[{"id":32093,"href":"https:\/\/luxon.com\/fr\/wp-json\/wp\/v2\/pages\/32091\/revisions\/32093"}],"wp:featuredmedia":[{"embeddable":true,"href":"https:\/\/luxon.com\/fr\/wp-json\/wp\/v2\/media\/31572"}],"wp:attachment":[{"href":"https:\/\/luxon.com\/fr\/wp-json\/wp\/v2\/media?parent=32091"}],"curies":[{"name":"wp","href":"https:\/\/api.w.org\/{rel}","templated":true}]}}