{"id":33326,"date":"2025-08-20T08:36:39","date_gmt":"2025-08-20T08:36:39","guid":{"rendered":"https:\/\/luxon.com\/luxon-pay-stone-cold-bubble-protection\/"},"modified":"2026-02-09T05:40:55","modified_gmt":"2026-02-09T05:40:55","slug":"luxon-pay-stone-cold-bubble-protection","status":"publish","type":"page","link":"https:\/\/luxon.com\/fr\/luxon-pay-stone-cold-bubble-protection\/","title":{"rendered":"Luxon Pay \u2013 Protection Bubble Stone Cold"},"content":{"rendered":"<p data-start=\"180\" data-end=\"509\"><img loading=\"lazy\" decoding=\"async\" class=\"alignnone wp-image-31328\" src=\"https:\/\/luxon.com\/wp-content\/uploads\/LuxonBubbleProtectionBanner2-300x169.png\" alt=\"\" width=\"719\" height=\"405\" srcset=\"https:\/\/luxon.com\/wp-content\/uploads\/LuxonBubbleProtectionBanner2-300x169.png 300w, https:\/\/luxon.com\/wp-content\/uploads\/LuxonBubbleProtectionBanner2-1024x576.png 1024w, https:\/\/luxon.com\/wp-content\/uploads\/LuxonBubbleProtectionBanner2-768x432.png 768w, https:\/\/luxon.com\/wp-content\/uploads\/LuxonBubbleProtectionBanner2-1536x864.png 1536w, https:\/\/luxon.com\/wp-content\/uploads\/LuxonBubbleProtectionBanner2.png 1920w\" sizes=\"auto, (max-width: 719px) 100vw, 719px\" \/><\/p>\n<p>Personne n\u2019aime sortir d\u2019un tournoi \u00e0 la bubble : \u00eatre si pr\u00e8s des places pay\u00e9es et repartir bredouille. C\u2019est pourquoi Luxon Pay eest l\u00e0 pour vous.. Avec notre Protection Bubble Stone Cold, si vous \u00eates le joueur malchanceux \u00e9limin\u00e9 \u00e0 la bubble apr\u00e8s avoir effectu\u00e9 votre buy-in avec Luxon Pay, nous vous remboursons l\u2019int\u00e9gralit\u00e9 de votre buy-in, directement sur votre compte Luxon.<\/p>\n<p>Jouez en toute confiance, en sachant que m\u00eame la bubble ne pourra pas vous briser.<\/p>\n<p>Termes et Conditions :<\/p>\n<p>1.\u2060 \u2060\u00c9ligibilit\u00e9 :<\/p>\n<p>Les joueurs doivent effectuer le buy-in du tournoi via l\u2019application Luxon Pay pour b\u00e9n\u00e9ficier de la protection bubble.<\/p>\n<p>Pour pouvoir b\u00e9n\u00e9ficier de la protection bubble, le joueur doit avoir particip\u00e9 au tournoi au moins une fois en utilisant Luxon Pay.<\/p>\n<p>La protection bubble s\u2019applique uniquement aux tournois sp\u00e9cifiques tels qu\u2019annonc\u00e9s.<\/p>\n<p>2.\u2060 \u2060D\u00e9finition de la Protection Bubble :<\/p>\n<p>La protection bubble garantit le remboursement du montant du buy-in si le joueur termine \u00e0 la \u201cbubble\u201d (la premi\u00e8re place en dehors des places pay\u00e9es), \u00e0 condition qu\u2019aucun accord ou partage de la derni\u00e8re place pay\u00e9e n\u2019ait \u00e9t\u00e9 effectu\u00e9.<\/p>\n<p>Le montant du remboursement correspondra au buy-in du tournoi, hors frais ou charges suppl\u00e9mentaires.<\/p>\n<p>3.\u2060 \u2060Application de la Protection Bubble :<\/p>\n<p>La protection bubble est appliqu\u00e9e automatiquement lorsque le buy-in du tournoi est effectu\u00e9 via l\u2019application Luxon Pay.<\/p>\n<p>La d\u00e9termination du joueur \u00e9limin\u00e9 \u00e0 la bubble sera confirm\u00e9e par Luxon Pay en consultation avec le Casino ou le Directeur du Tournoi, en se basant exclusivement sur le syst\u00e8me officiel du tournoi du casino et sur le nom du joueur \u00e9limin\u00e9 \u00e0 la position de bubble.<\/p>\n<p>Les remboursements seront trait\u00e9s dans un d\u00e9lai de 72 heures ouvrables apr\u00e8s v\u00e9rification des r\u00e9sultats du tournoi.<\/p>\n<p>4.\u2060 \u2060Limitations et Exclusions :<\/p>\n<p>La protection bubble n\u2019est ni transf\u00e9rable ni \u00e9changeable contre de l\u2019argent.<\/p>\n<p>En cas de litige concernant la position de bubble, la d\u00e9cision de Luxon Pay sera d\u00e9finitive.*<\/p>\n<p>La protection bubble ne couvre pas les re-entries ni les add-ons.<\/p>\n<p>5.\u2060 \u2060Conditions G\u00e9n\u00e9rales :<\/p>\n<p>Luxon Pay se r\u00e9serve le droit de modifier ou d\u2019interrompre l\u2019offre \u00e0 tout moment.<\/p>\n<p>Toute activit\u00e9 frauduleuse ou utilisation abusive entra\u00eenera l\u2019exclusion de l\u2019offre.<\/p>\n<p>En participant \u00e0 cette offre, les joueurs acceptent de se conformer aux pr\u00e9sents termes et conditions.<\/p>\n<p>* \u2060Cela signifie qu\u2019en cas de d\u00e9saccord ou de contestation concernant l\u2019identit\u00e9 r\u00e9elle du joueur \u00ab \u00e0 la bubble \u00bb (par exemple en raison de classements de tournoi peu clairs ou de litiges li\u00e9s \u00e0 des accords\/partages), Luxon Pay aura le dernier mot.<\/p>\n<p>Cette clause vise \u00e0 prot\u00e9ger Luxon Pay contre des contestations ou appels prolong\u00e9s de la part des joueurs, en rendant le processus plus simple et plus efficace.<\/p>\n","protected":false},"excerpt":{"rendered":"<p>Personne n\u2019aime sortir d\u2019un tournoi \u00e0 la bubble : \u00eatre si pr\u00e8s des places pay\u00e9es et repartir bredouille. C\u2019est pourquoi Luxon Pay eest l\u00e0 pour vous.. Avec notre Protection Bubble Stone Cold, si vous \u00eates le joueur malchanceux \u00e9limin\u00e9 \u00e0 la bubble apr\u00e8s avoir effectu\u00e9 votre buy-in avec Luxon Pay, nous vous remboursons l\u2019int\u00e9gralit\u00e9 de<a class=\"excerpt-read-more\" href=\"https:\/\/luxon.com\/fr\/luxon-pay-stone-cold-bubble-protection\/\" title=\"ReadLuxon Pay \u2013 Protection Bubble Stone Cold\">&#8230; Read more &raquo;<\/a><\/p>\n","protected":false},"author":9,"featured_media":31311,"parent":0,"menu_order":0,"comment_status":"closed","ping_status":"closed","template":"template-full-width.php","meta":{"_acf_changed":false,"footnotes":""},"class_list":["post-33326","page","type-page","status-publish","has-post-thumbnail","hentry"],"acf":[],"yoast_head":"<!-- This site is optimized with the Yoast SEO plugin v27.1.1 - https:\/\/yoast.com\/product\/yoast-seo-wordpress\/ -->\n<title>Luxon Pay \u2013 Protection Bubble Stone Cold - Luxon Pay<\/title>\n<meta name=\"robots\" content=\"index, follow, max-snippet:-1, max-image-preview:large, max-video-preview:-1\" \/>\n<link rel=\"canonical\" href=\"https:\/\/luxon.com\/fr\/luxon-pay-stone-cold-bubble-protection\/\" \/>\n<meta property=\"og:locale\" content=\"fr_FR\" \/>\n<meta property=\"og:type\" content=\"article\" \/>\n<meta property=\"og:title\" content=\"Luxon Pay \u2013 Protection Bubble Stone Cold - Luxon Pay\" \/>\n<meta property=\"og:description\" content=\"Personne n\u2019aime sortir d\u2019un tournoi \u00e0 la bubble : \u00eatre si pr\u00e8s des places pay\u00e9es et repartir bredouille. C\u2019est pourquoi Luxon Pay eest l\u00e0 pour vous.. Avec notre Protection Bubble Stone Cold, si vous \u00eates le joueur malchanceux \u00e9limin\u00e9 \u00e0 la bubble apr\u00e8s avoir effectu\u00e9 votre buy-in avec Luxon Pay, nous vous remboursons l\u2019int\u00e9gralit\u00e9 de... Read more &raquo;\" \/>\n<meta property=\"og:url\" content=\"https:\/\/luxon.com\/fr\/luxon-pay-stone-cold-bubble-protection\/\" \/>\n<meta property=\"og:site_name\" content=\"Luxon Pay\" \/>\n<meta property=\"article:modified_time\" content=\"2026-02-09T05:40:55+00:00\" \/>\n<meta property=\"og:image\" content=\"https:\/\/luxon.com\/wp-content\/uploads\/LuxonBubbleProtectionBanner.jpeg\" \/>\n\t<meta property=\"og:image:width\" content=\"1920\" \/>\n\t<meta property=\"og:image:height\" content=\"1080\" \/>\n\t<meta property=\"og:image:type\" content=\"image\/jpeg\" \/>\n<meta name=\"twitter:card\" content=\"summary_large_image\" \/>\n<meta name=\"twitter:label1\" content=\"Dur\u00e9e de lecture estim\u00e9e\" \/>\n\t<meta name=\"twitter:data1\" content=\"3 minutes\" \/>\n<script type=\"application\/ld+json\" class=\"yoast-schema-graph\">{\"@context\":\"https:\/\/schema.org\",\"@graph\":[{\"@type\":\"WebPage\",\"@id\":\"https:\/\/luxon.com\/fr\/luxon-pay-stone-cold-bubble-protection\/\",\"url\":\"https:\/\/luxon.com\/fr\/luxon-pay-stone-cold-bubble-protection\/\",\"name\":\"Luxon Pay \u2013 Protection Bubble Stone Cold - Luxon Pay\",\"isPartOf\":{\"@id\":\"https:\/\/luxon.com\/fr\/#website\"},\"primaryImageOfPage\":{\"@id\":\"https:\/\/luxon.com\/fr\/luxon-pay-stone-cold-bubble-protection\/#primaryimage\"},\"image\":{\"@id\":\"https:\/\/luxon.com\/fr\/luxon-pay-stone-cold-bubble-protection\/#primaryimage\"},\"thumbnailUrl\":\"https:\/\/luxon.com\/wp-content\/uploads\/LuxonBubbleProtectionBanner.jpeg\",\"datePublished\":\"2025-08-20T08:36:39+00:00\",\"dateModified\":\"2026-02-09T05:40:55+00:00\",\"inLanguage\":\"fr-FR\",\"potentialAction\":[{\"@type\":\"ReadAction\",\"target\":[\"https:\/\/luxon.com\/fr\/luxon-pay-stone-cold-bubble-protection\/\"]}]},{\"@type\":\"ImageObject\",\"inLanguage\":\"fr-FR\",\"@id\":\"https:\/\/luxon.com\/fr\/luxon-pay-stone-cold-bubble-protection\/#primaryimage\",\"url\":\"https:\/\/luxon.com\/wp-content\/uploads\/LuxonBubbleProtectionBanner.jpeg\",\"contentUrl\":\"https:\/\/luxon.com\/wp-content\/uploads\/LuxonBubbleProtectionBanner.jpeg\",\"width\":1920,\"height\":1080},{\"@type\":\"WebSite\",\"@id\":\"https:\/\/luxon.com\/fr\/#website\",\"url\":\"https:\/\/luxon.com\/fr\/\",\"name\":\"Luxon Pay\",\"description\":\"Instant secure global payments\",\"publisher\":{\"@id\":\"https:\/\/luxon.com\/fr\/#organization\"},\"potentialAction\":[{\"@type\":\"SearchAction\",\"target\":{\"@type\":\"EntryPoint\",\"urlTemplate\":\"https:\/\/luxon.com\/fr\/?s={search_term_string}\"},\"query-input\":{\"@type\":\"PropertyValueSpecification\",\"valueRequired\":true,\"valueName\":\"search_term_string\"}}],\"inLanguage\":\"fr-FR\"},{\"@type\":\"Organization\",\"@id\":\"https:\/\/luxon.com\/fr\/#organization\",\"name\":\"Luxon Pay\",\"url\":\"https:\/\/luxon.com\/fr\/\",\"logo\":{\"@type\":\"ImageObject\",\"inLanguage\":\"fr-FR\",\"@id\":\"https:\/\/luxon.com\/fr\/#\/schema\/logo\/image\/\",\"url\":\"https:\/\/luxon.com\/wp-content\/uploads\/WebsiteImage04.png\",\"contentUrl\":\"https:\/\/luxon.com\/wp-content\/uploads\/WebsiteImage04.png\",\"width\":1200,\"height\":630,\"caption\":\"Luxon Pay\"},\"image\":{\"@id\":\"https:\/\/luxon.com\/fr\/#\/schema\/logo\/image\/\"}}]}<\/script>\n<!-- \/ Yoast SEO plugin. -->","yoast_head_json":{"title":"Luxon Pay \u2013 Protection Bubble Stone Cold - Luxon Pay","robots":{"index":"index","follow":"follow","max-snippet":"max-snippet:-1","max-image-preview":"max-image-preview:large","max-video-preview":"max-video-preview:-1"},"canonical":"https:\/\/luxon.com\/fr\/luxon-pay-stone-cold-bubble-protection\/","og_locale":"fr_FR","og_type":"article","og_title":"Luxon Pay \u2013 Protection Bubble Stone Cold - Luxon Pay","og_description":"Personne n\u2019aime sortir d\u2019un tournoi \u00e0 la bubble : \u00eatre si pr\u00e8s des places pay\u00e9es et repartir bredouille. C\u2019est pourquoi Luxon Pay eest l\u00e0 pour vous.. Avec notre Protection Bubble Stone Cold, si vous \u00eates le joueur malchanceux \u00e9limin\u00e9 \u00e0 la bubble apr\u00e8s avoir effectu\u00e9 votre buy-in avec Luxon Pay, nous vous remboursons l\u2019int\u00e9gralit\u00e9 de... Read more &raquo;","og_url":"https:\/\/luxon.com\/fr\/luxon-pay-stone-cold-bubble-protection\/","og_site_name":"Luxon Pay","article_modified_time":"2026-02-09T05:40:55+00:00","og_image":[{"width":1920,"height":1080,"url":"https:\/\/luxon.com\/wp-content\/uploads\/LuxonBubbleProtectionBanner.jpeg","type":"image\/jpeg"}],"twitter_card":"summary_large_image","twitter_misc":{"Dur\u00e9e de lecture estim\u00e9e":"3 minutes"},"schema":{"@context":"https:\/\/schema.org","@graph":[{"@type":"WebPage","@id":"https:\/\/luxon.com\/fr\/luxon-pay-stone-cold-bubble-protection\/","url":"https:\/\/luxon.com\/fr\/luxon-pay-stone-cold-bubble-protection\/","name":"Luxon Pay \u2013 Protection Bubble Stone Cold - Luxon Pay","isPartOf":{"@id":"https:\/\/luxon.com\/fr\/#website"},"primaryImageOfPage":{"@id":"https:\/\/luxon.com\/fr\/luxon-pay-stone-cold-bubble-protection\/#primaryimage"},"image":{"@id":"https:\/\/luxon.com\/fr\/luxon-pay-stone-cold-bubble-protection\/#primaryimage"},"thumbnailUrl":"https:\/\/luxon.com\/wp-content\/uploads\/LuxonBubbleProtectionBanner.jpeg","datePublished":"2025-08-20T08:36:39+00:00","dateModified":"2026-02-09T05:40:55+00:00","inLanguage":"fr-FR","potentialAction":[{"@type":"ReadAction","target":["https:\/\/luxon.com\/fr\/luxon-pay-stone-cold-bubble-protection\/"]}]},{"@type":"ImageObject","inLanguage":"fr-FR","@id":"https:\/\/luxon.com\/fr\/luxon-pay-stone-cold-bubble-protection\/#primaryimage","url":"https:\/\/luxon.com\/wp-content\/uploads\/LuxonBubbleProtectionBanner.jpeg","contentUrl":"https:\/\/luxon.com\/wp-content\/uploads\/LuxonBubbleProtectionBanner.jpeg","width":1920,"height":1080},{"@type":"WebSite","@id":"https:\/\/luxon.com\/fr\/#website","url":"https:\/\/luxon.com\/fr\/","name":"Luxon Pay","description":"Instant secure global payments","publisher":{"@id":"https:\/\/luxon.com\/fr\/#organization"},"potentialAction":[{"@type":"SearchAction","target":{"@type":"EntryPoint","urlTemplate":"https:\/\/luxon.com\/fr\/?s={search_term_string}"},"query-input":{"@type":"PropertyValueSpecification","valueRequired":true,"valueName":"search_term_string"}}],"inLanguage":"fr-FR"},{"@type":"Organization","@id":"https:\/\/luxon.com\/fr\/#organization","name":"Luxon Pay","url":"https:\/\/luxon.com\/fr\/","logo":{"@type":"ImageObject","inLanguage":"fr-FR","@id":"https:\/\/luxon.com\/fr\/#\/schema\/logo\/image\/","url":"https:\/\/luxon.com\/wp-content\/uploads\/WebsiteImage04.png","contentUrl":"https:\/\/luxon.com\/wp-content\/uploads\/WebsiteImage04.png","width":1200,"height":630,"caption":"Luxon Pay"},"image":{"@id":"https:\/\/luxon.com\/fr\/#\/schema\/logo\/image\/"}}]}},"_links":{"self":[{"href":"https:\/\/luxon.com\/fr\/wp-json\/wp\/v2\/pages\/33326","targetHints":{"allow":["GET"]}}],"collection":[{"href":"https:\/\/luxon.com\/fr\/wp-json\/wp\/v2\/pages"}],"about":[{"href":"https:\/\/luxon.com\/fr\/wp-json\/wp\/v2\/types\/page"}],"author":[{"embeddable":true,"href":"https:\/\/luxon.com\/fr\/wp-json\/wp\/v2\/users\/9"}],"replies":[{"embeddable":true,"href":"https:\/\/luxon.com\/fr\/wp-json\/wp\/v2\/comments?post=33326"}],"version-history":[{"count":1,"href":"https:\/\/luxon.com\/fr\/wp-json\/wp\/v2\/pages\/33326\/revisions"}],"predecessor-version":[{"id":33327,"href":"https:\/\/luxon.com\/fr\/wp-json\/wp\/v2\/pages\/33326\/revisions\/33327"}],"wp:featuredmedia":[{"embeddable":true,"href":"https:\/\/luxon.com\/fr\/wp-json\/wp\/v2\/media\/31311"}],"wp:attachment":[{"href":"https:\/\/luxon.com\/fr\/wp-json\/wp\/v2\/media?parent=33326"}],"curies":[{"name":"wp","href":"https:\/\/api.w.org\/{rel}","templated":true}]}}