{"id":33396,"date":"2024-08-30T14:04:06","date_gmt":"2024-08-30T14:04:06","guid":{"rendered":"https:\/\/luxon.com\/earn-1-cashback-on-merchant-deposits\/"},"modified":"2026-02-13T17:52:33","modified_gmt":"2026-02-13T17:52:33","slug":"earn-1-cashback-on-merchant-deposits","status":"publish","type":"page","link":"https:\/\/luxon.com\/fr\/earn-1-cashback-on-merchant-deposits\/","title":{"rendered":"Obtenez 1% de cashback sur vos d\u00e9p\u00f4ts aupr\u00e8s de marchands en ligne"},"content":{"rendered":"<div>\n<p>Pour une dur\u00e9e limit\u00e9e, b\u00e9n\u00e9ficiez de<strong> 1% de cashback<\/strong> sur les d\u00e9p\u00f4ts effectu\u00e9s aupr\u00e8s de nos marchands en ligne lorsque vous utilisez Luxon Pay avant la fin du mois.<\/p>\n<p><strong>Pourquoi se connecter maintenant<\/strong><\/p>\n<\/div>\n<ul data-list-tree=\"true\" data-indent=\"0\" data-border=\"0\">\n<li>Obtenez 1% de cashback sur vos d\u00e9p\u00f4ts aupr\u00e8s de marchands en ligne<\/li>\n<li>Paiements rapides, s\u00e9curis\u00e9s et sans tracas<\/li>\n<li>Aucune \u00e9tape suppl\u00e9mentaire\u00a0&#8211; connectez-vous, effectuez un d\u00e9p\u00f4t et profitez du cashback<\/li>\n<\/ul>\n<div><strong>Termes et Conditions<\/strong><\/div>\n<ul data-list-tree=\"true\" data-indent=\"0\" data-border=\"0\">\n<li>L\u2019offre s\u2019applique aux d\u00e9p\u00f4ts effectu\u00e9s aupr\u00e8s de marchands en ligne entre le 13 et le 28 f\u00e9vrier 2026<\/li>\n<li>Le cashback sera cr\u00e9dit\u00e9 automatiquement dans les 7 jours ouvrables suivant la fin de la promotion<\/li>\n<li>Aucun plafond ni limite maximale de cashback ne s&rsquo;applique<\/li>\n<li>Cette promotion est nominative et non transf\u00e9rable<\/li>\n<li>Valable uniquement pour les marchnats en ligne et exclut les plateformes ou d\u00e9p\u00f4ts li\u00e9s aux \u00e9v\u00e9nements live<\/li>\n<li>Les conditions g\u00e9n\u00e9rales de Luxon Pay s&rsquo;appliquent<\/li>\n<\/ul>\n","protected":false},"excerpt":{"rendered":"<p>Pour une dur\u00e9e limit\u00e9e, b\u00e9n\u00e9ficiez de 1% de cashback sur les d\u00e9p\u00f4ts effectu\u00e9s aupr\u00e8s de nos marchands en ligne lorsque vous utilisez Luxon Pay avant la fin du mois. Pourquoi se connecter maintenant Obtenez 1% de cashback sur vos d\u00e9p\u00f4ts aupr\u00e8s de marchands en ligne Paiements rapides, s\u00e9curis\u00e9s et sans tracas Aucune \u00e9tape suppl\u00e9mentaire\u00a0&#8211; connectez-vous,<a class=\"excerpt-read-more\" href=\"https:\/\/luxon.com\/fr\/earn-1-cashback-on-merchant-deposits\/\" title=\"ReadObtenez 1% de cashback sur vos d\u00e9p\u00f4ts aupr\u00e8s de marchands en ligne\">&#8230; Read more &raquo;<\/a><\/p>\n","protected":false},"author":5,"featured_media":27938,"parent":0,"menu_order":0,"comment_status":"closed","ping_status":"closed","template":"templates\/block-template.php","meta":{"_acf_changed":false,"footnotes":""},"class_list":["post-33396","page","type-page","status-publish","has-post-thumbnail","hentry"],"acf":[],"yoast_head":"<!-- This site is optimized with the Yoast SEO plugin v27.1.1 - https:\/\/yoast.com\/product\/yoast-seo-wordpress\/ -->\n<title>Obtenez 1% de cashback sur vos d\u00e9p\u00f4ts aupr\u00e8s de marchands en ligne - Luxon Pay<\/title>\n<meta name=\"robots\" content=\"index, follow, max-snippet:-1, max-image-preview:large, max-video-preview:-1\" \/>\n<link rel=\"canonical\" href=\"https:\/\/luxon.com\/fr\/earn-1-cashback-on-merchant-deposits\/\" \/>\n<meta property=\"og:locale\" content=\"fr_FR\" \/>\n<meta property=\"og:type\" content=\"article\" \/>\n<meta property=\"og:title\" content=\"Obtenez 1% de cashback sur vos d\u00e9p\u00f4ts aupr\u00e8s de marchands en ligne - Luxon Pay\" \/>\n<meta property=\"og:description\" content=\"Pour une dur\u00e9e limit\u00e9e, b\u00e9n\u00e9ficiez de 1% de cashback sur les d\u00e9p\u00f4ts effectu\u00e9s aupr\u00e8s de nos marchands en ligne lorsque vous utilisez Luxon Pay avant la fin du mois. Pourquoi se connecter maintenant Obtenez 1% de cashback sur vos d\u00e9p\u00f4ts aupr\u00e8s de marchands en ligne Paiements rapides, s\u00e9curis\u00e9s et sans tracas Aucune \u00e9tape suppl\u00e9mentaire\u00a0&#8211; connectez-vous,... Read more &raquo;\" \/>\n<meta property=\"og:url\" content=\"https:\/\/luxon.com\/fr\/earn-1-cashback-on-merchant-deposits\/\" \/>\n<meta property=\"og:site_name\" content=\"Luxon Pay\" \/>\n<meta property=\"article:modified_time\" content=\"2026-02-13T17:52:33+00:00\" \/>\n<meta property=\"og:image\" content=\"https:\/\/luxon.com\/wp-content\/uploads\/Group-48095818-1.png\" \/>\n\t<meta property=\"og:image:width\" content=\"636\" \/>\n\t<meta property=\"og:image:height\" content=\"521\" \/>\n\t<meta property=\"og:image:type\" content=\"image\/png\" \/>\n<meta name=\"twitter:card\" content=\"summary_large_image\" \/>\n<meta name=\"twitter:label1\" content=\"Dur\u00e9e de lecture estim\u00e9e\" \/>\n\t<meta name=\"twitter:data1\" content=\"1 minute\" \/>\n<script type=\"application\/ld+json\" class=\"yoast-schema-graph\">{\"@context\":\"https:\/\/schema.org\",\"@graph\":[{\"@type\":\"WebPage\",\"@id\":\"https:\/\/luxon.com\/fr\/earn-1-cashback-on-merchant-deposits\/\",\"url\":\"https:\/\/luxon.com\/fr\/earn-1-cashback-on-merchant-deposits\/\",\"name\":\"Obtenez 1% de cashback sur vos d\u00e9p\u00f4ts aupr\u00e8s de marchands en ligne - Luxon Pay\",\"isPartOf\":{\"@id\":\"https:\/\/luxon.com\/fr\/#website\"},\"primaryImageOfPage\":{\"@id\":\"https:\/\/luxon.com\/fr\/earn-1-cashback-on-merchant-deposits\/#primaryimage\"},\"image\":{\"@id\":\"https:\/\/luxon.com\/fr\/earn-1-cashback-on-merchant-deposits\/#primaryimage\"},\"thumbnailUrl\":\"https:\/\/luxon.com\/wp-content\/uploads\/Group-48095818-1.png\",\"datePublished\":\"2024-08-30T14:04:06+00:00\",\"dateModified\":\"2026-02-13T17:52:33+00:00\",\"inLanguage\":\"fr-FR\",\"potentialAction\":[{\"@type\":\"ReadAction\",\"target\":[\"https:\/\/luxon.com\/fr\/earn-1-cashback-on-merchant-deposits\/\"]}]},{\"@type\":\"ImageObject\",\"inLanguage\":\"fr-FR\",\"@id\":\"https:\/\/luxon.com\/fr\/earn-1-cashback-on-merchant-deposits\/#primaryimage\",\"url\":\"https:\/\/luxon.com\/wp-content\/uploads\/Group-48095818-1.png\",\"contentUrl\":\"https:\/\/luxon.com\/wp-content\/uploads\/Group-48095818-1.png\",\"width\":636,\"height\":521},{\"@type\":\"WebSite\",\"@id\":\"https:\/\/luxon.com\/fr\/#website\",\"url\":\"https:\/\/luxon.com\/fr\/\",\"name\":\"Luxon Pay\",\"description\":\"Instant secure global payments\",\"publisher\":{\"@id\":\"https:\/\/luxon.com\/fr\/#organization\"},\"potentialAction\":[{\"@type\":\"SearchAction\",\"target\":{\"@type\":\"EntryPoint\",\"urlTemplate\":\"https:\/\/luxon.com\/fr\/?s={search_term_string}\"},\"query-input\":{\"@type\":\"PropertyValueSpecification\",\"valueRequired\":true,\"valueName\":\"search_term_string\"}}],\"inLanguage\":\"fr-FR\"},{\"@type\":\"Organization\",\"@id\":\"https:\/\/luxon.com\/fr\/#organization\",\"name\":\"Luxon Pay\",\"url\":\"https:\/\/luxon.com\/fr\/\",\"logo\":{\"@type\":\"ImageObject\",\"inLanguage\":\"fr-FR\",\"@id\":\"https:\/\/luxon.com\/fr\/#\/schema\/logo\/image\/\",\"url\":\"https:\/\/luxon.com\/wp-content\/uploads\/WebsiteImage04.png\",\"contentUrl\":\"https:\/\/luxon.com\/wp-content\/uploads\/WebsiteImage04.png\",\"width\":1200,\"height\":630,\"caption\":\"Luxon Pay\"},\"image\":{\"@id\":\"https:\/\/luxon.com\/fr\/#\/schema\/logo\/image\/\"}}]}<\/script>\n<!-- \/ Yoast SEO plugin. -->","yoast_head_json":{"title":"Obtenez 1% de cashback sur vos d\u00e9p\u00f4ts aupr\u00e8s de marchands en ligne - Luxon Pay","robots":{"index":"index","follow":"follow","max-snippet":"max-snippet:-1","max-image-preview":"max-image-preview:large","max-video-preview":"max-video-preview:-1"},"canonical":"https:\/\/luxon.com\/fr\/earn-1-cashback-on-merchant-deposits\/","og_locale":"fr_FR","og_type":"article","og_title":"Obtenez 1% de cashback sur vos d\u00e9p\u00f4ts aupr\u00e8s de marchands en ligne - Luxon Pay","og_description":"Pour une dur\u00e9e limit\u00e9e, b\u00e9n\u00e9ficiez de 1% de cashback sur les d\u00e9p\u00f4ts effectu\u00e9s aupr\u00e8s de nos marchands en ligne lorsque vous utilisez Luxon Pay avant la fin du mois. Pourquoi se connecter maintenant Obtenez 1% de cashback sur vos d\u00e9p\u00f4ts aupr\u00e8s de marchands en ligne Paiements rapides, s\u00e9curis\u00e9s et sans tracas Aucune \u00e9tape suppl\u00e9mentaire\u00a0&#8211; connectez-vous,... Read more &raquo;","og_url":"https:\/\/luxon.com\/fr\/earn-1-cashback-on-merchant-deposits\/","og_site_name":"Luxon Pay","article_modified_time":"2026-02-13T17:52:33+00:00","og_image":[{"width":636,"height":521,"url":"https:\/\/luxon.com\/wp-content\/uploads\/Group-48095818-1.png","type":"image\/png"}],"twitter_card":"summary_large_image","twitter_misc":{"Dur\u00e9e de lecture estim\u00e9e":"1 minute"},"schema":{"@context":"https:\/\/schema.org","@graph":[{"@type":"WebPage","@id":"https:\/\/luxon.com\/fr\/earn-1-cashback-on-merchant-deposits\/","url":"https:\/\/luxon.com\/fr\/earn-1-cashback-on-merchant-deposits\/","name":"Obtenez 1% de cashback sur vos d\u00e9p\u00f4ts aupr\u00e8s de marchands en ligne - Luxon Pay","isPartOf":{"@id":"https:\/\/luxon.com\/fr\/#website"},"primaryImageOfPage":{"@id":"https:\/\/luxon.com\/fr\/earn-1-cashback-on-merchant-deposits\/#primaryimage"},"image":{"@id":"https:\/\/luxon.com\/fr\/earn-1-cashback-on-merchant-deposits\/#primaryimage"},"thumbnailUrl":"https:\/\/luxon.com\/wp-content\/uploads\/Group-48095818-1.png","datePublished":"2024-08-30T14:04:06+00:00","dateModified":"2026-02-13T17:52:33+00:00","inLanguage":"fr-FR","potentialAction":[{"@type":"ReadAction","target":["https:\/\/luxon.com\/fr\/earn-1-cashback-on-merchant-deposits\/"]}]},{"@type":"ImageObject","inLanguage":"fr-FR","@id":"https:\/\/luxon.com\/fr\/earn-1-cashback-on-merchant-deposits\/#primaryimage","url":"https:\/\/luxon.com\/wp-content\/uploads\/Group-48095818-1.png","contentUrl":"https:\/\/luxon.com\/wp-content\/uploads\/Group-48095818-1.png","width":636,"height":521},{"@type":"WebSite","@id":"https:\/\/luxon.com\/fr\/#website","url":"https:\/\/luxon.com\/fr\/","name":"Luxon Pay","description":"Instant secure global payments","publisher":{"@id":"https:\/\/luxon.com\/fr\/#organization"},"potentialAction":[{"@type":"SearchAction","target":{"@type":"EntryPoint","urlTemplate":"https:\/\/luxon.com\/fr\/?s={search_term_string}"},"query-input":{"@type":"PropertyValueSpecification","valueRequired":true,"valueName":"search_term_string"}}],"inLanguage":"fr-FR"},{"@type":"Organization","@id":"https:\/\/luxon.com\/fr\/#organization","name":"Luxon Pay","url":"https:\/\/luxon.com\/fr\/","logo":{"@type":"ImageObject","inLanguage":"fr-FR","@id":"https:\/\/luxon.com\/fr\/#\/schema\/logo\/image\/","url":"https:\/\/luxon.com\/wp-content\/uploads\/WebsiteImage04.png","contentUrl":"https:\/\/luxon.com\/wp-content\/uploads\/WebsiteImage04.png","width":1200,"height":630,"caption":"Luxon Pay"},"image":{"@id":"https:\/\/luxon.com\/fr\/#\/schema\/logo\/image\/"}}]}},"_links":{"self":[{"href":"https:\/\/luxon.com\/fr\/wp-json\/wp\/v2\/pages\/33396","targetHints":{"allow":["GET"]}}],"collection":[{"href":"https:\/\/luxon.com\/fr\/wp-json\/wp\/v2\/pages"}],"about":[{"href":"https:\/\/luxon.com\/fr\/wp-json\/wp\/v2\/types\/page"}],"author":[{"embeddable":true,"href":"https:\/\/luxon.com\/fr\/wp-json\/wp\/v2\/users\/5"}],"replies":[{"embeddable":true,"href":"https:\/\/luxon.com\/fr\/wp-json\/wp\/v2\/comments?post=33396"}],"version-history":[{"count":3,"href":"https:\/\/luxon.com\/fr\/wp-json\/wp\/v2\/pages\/33396\/revisions"}],"predecessor-version":[{"id":33399,"href":"https:\/\/luxon.com\/fr\/wp-json\/wp\/v2\/pages\/33396\/revisions\/33399"}],"wp:featuredmedia":[{"embeddable":true,"href":"https:\/\/luxon.com\/fr\/wp-json\/wp\/v2\/media\/27938"}],"wp:attachment":[{"href":"https:\/\/luxon.com\/fr\/wp-json\/wp\/v2\/media?parent=33396"}],"curies":[{"name":"wp","href":"https:\/\/api.w.org\/{rel}","templated":true}]}}