{"id":33441,"date":"2026-02-17T20:00:32","date_gmt":"2026-02-17T20:00:32","guid":{"rendered":"https:\/\/luxon.com\/?page_id=33441"},"modified":"2026-02-17T16:42:26","modified_gmt":"2026-02-17T16:42:26","slug":"luxon-pay-introduit-zero-frais-de-retrait-pour-les-clients","status":"publish","type":"page","link":"https:\/\/luxon.com\/fr\/luxon-pay-introduit-zero-frais-de-retrait-pour-les-clients\/","title":{"rendered":"Luxon Pay introduit z\u00e9ro frais de retrait pour les clients"},"content":{"rendered":"<h3 style=\"text-align: center;\"><strong>Un moyen plus clair et plus transparent d\u2019acc\u00e9der \u00e0 votre argent.<\/strong><\/h3>\n<p>&nbsp;<\/p>\n<p>Vous nous avez dit que les frais de retrait \u00e9taient frustrants. Nous vous avons \u00e9cout\u00e9.<\/p>\n<p>Les clients Luxon Pay peuvent d\u00e9sormais retirer des fonds sans frais de retrait Luxon Pay, pour un acc\u00e8s plus clair et sans surprise \u00e0 leur argent.Parce que c\u2019est votre argent \u2013 pas le n\u00f4tre. Cette mise \u00e0 jour refl\u00e8te l\u2019engagement de Luxon Pay en faveur de la transparence et de la confiance au quotidien, en vous donnant des attentes plus claires lors des retraits.<\/p>\n<p>Trop souvent, acc\u00e9der \u00e0 son propre argent s\u2019accompagne d\u2019une incertitude inutile \u2013 frais peu clairs ou d\u00e9ductions inattendues. Ce changement supprime les frais de retrait Luxon Pay et apporte plus de clart\u00e9 lors des retraits de fonds.<\/p>\n<p>Transf\u00e9rez de l&rsquo;argent, en toute s\u00e9curit\u00e9.<\/p>\n<p><img loading=\"lazy\" decoding=\"async\" class=\"alignnone size-full wp-image-33420\" src=\"https:\/\/luxon.com\/wp-content\/uploads\/Blog-Image_1600x900.png\" alt=\"\" width=\"1600\" height=\"900\" srcset=\"https:\/\/luxon.com\/wp-content\/uploads\/Blog-Image_1600x900.png 1600w, https:\/\/luxon.com\/wp-content\/uploads\/Blog-Image_1600x900-300x169.png 300w, https:\/\/luxon.com\/wp-content\/uploads\/Blog-Image_1600x900-1024x576.png 1024w, https:\/\/luxon.com\/wp-content\/uploads\/Blog-Image_1600x900-768x432.png 768w, https:\/\/luxon.com\/wp-content\/uploads\/Blog-Image_1600x900-1536x864.png 1536w\" sizes=\"auto, (max-width: 1600px) 100vw, 1600px\" \/><\/p>\n","protected":false},"excerpt":{"rendered":"<p>Un moyen plus clair et plus transparent d\u2019acc\u00e9der \u00e0 votre argent. &nbsp; Vous nous avez dit que les frais de retrait \u00e9taient frustrants. Nous vous avons \u00e9cout\u00e9. Les clients Luxon Pay peuvent d\u00e9sormais retirer des fonds sans frais de retrait Luxon Pay, pour un acc\u00e8s plus clair et sans surprise \u00e0 leur argent.Parce que c\u2019est<a class=\"excerpt-read-more\" href=\"https:\/\/luxon.com\/fr\/luxon-pay-introduit-zero-frais-de-retrait-pour-les-clients\/\" title=\"ReadLuxon Pay introduit z\u00e9ro frais de retrait pour les clients\">&#8230; Read more &raquo;<\/a><\/p>\n","protected":false},"author":3,"featured_media":33420,"parent":0,"menu_order":0,"comment_status":"closed","ping_status":"closed","template":"templates\/terms-and-conditions.php","meta":{"_acf_changed":false,"footnotes":""},"class_list":["post-33441","page","type-page","status-publish","has-post-thumbnail","hentry"],"acf":[],"yoast_head":"<!-- This site is optimized with the Yoast SEO plugin v27.4 - https:\/\/yoast.com\/product\/yoast-seo-wordpress\/ -->\n<title>Luxon Pay introduit z\u00e9ro frais de retrait pour les clients - Luxon Pay<\/title>\n<meta name=\"robots\" content=\"index, follow, max-snippet:-1, max-image-preview:large, max-video-preview:-1\" \/>\n<link rel=\"canonical\" href=\"https:\/\/luxon.com\/fr\/luxon-pay-introduit-zero-frais-de-retrait-pour-les-clients\/\" \/>\n<meta property=\"og:locale\" content=\"fr_FR\" \/>\n<meta property=\"og:type\" content=\"article\" \/>\n<meta property=\"og:title\" content=\"Luxon Pay introduit z\u00e9ro frais de retrait pour les clients - Luxon Pay\" \/>\n<meta property=\"og:description\" content=\"Un moyen plus clair et plus transparent d\u2019acc\u00e9der \u00e0 votre argent. &nbsp; Vous nous avez dit que les frais de retrait \u00e9taient frustrants. Nous vous avons \u00e9cout\u00e9. Les clients Luxon Pay peuvent d\u00e9sormais retirer des fonds sans frais de retrait Luxon Pay, pour un acc\u00e8s plus clair et sans surprise \u00e0 leur argent.Parce que c\u2019est... Read more &raquo;\" \/>\n<meta property=\"og:url\" content=\"https:\/\/luxon.com\/fr\/luxon-pay-introduit-zero-frais-de-retrait-pour-les-clients\/\" \/>\n<meta property=\"og:site_name\" content=\"Luxon Pay\" \/>\n<meta property=\"og:image\" content=\"https:\/\/luxon.com\/wp-content\/uploads\/Blog-Image_1600x900.png\" \/>\n\t<meta property=\"og:image:width\" content=\"1600\" \/>\n\t<meta property=\"og:image:height\" content=\"900\" \/>\n\t<meta property=\"og:image:type\" content=\"image\/png\" \/>\n<meta name=\"twitter:card\" content=\"summary_large_image\" \/>\n<meta name=\"twitter:label1\" content=\"Dur\u00e9e de lecture estim\u00e9e\" \/>\n\t<meta name=\"twitter:data1\" content=\"1 minute\" \/>\n<script type=\"application\/ld+json\" class=\"yoast-schema-graph\">{\"@context\":\"https:\\\/\\\/schema.org\",\"@graph\":[{\"@type\":\"WebPage\",\"@id\":\"https:\\\/\\\/luxon.com\\\/fr\\\/luxon-pay-introduit-zero-frais-de-retrait-pour-les-clients\\\/\",\"url\":\"https:\\\/\\\/luxon.com\\\/fr\\\/luxon-pay-introduit-zero-frais-de-retrait-pour-les-clients\\\/\",\"name\":\"Luxon Pay introduit z\u00e9ro frais de retrait pour les clients - Luxon Pay\",\"isPartOf\":{\"@id\":\"https:\\\/\\\/luxon.com\\\/fr\\\/#website\"},\"primaryImageOfPage\":{\"@id\":\"https:\\\/\\\/luxon.com\\\/fr\\\/luxon-pay-introduit-zero-frais-de-retrait-pour-les-clients\\\/#primaryimage\"},\"image\":{\"@id\":\"https:\\\/\\\/luxon.com\\\/fr\\\/luxon-pay-introduit-zero-frais-de-retrait-pour-les-clients\\\/#primaryimage\"},\"thumbnailUrl\":\"https:\\\/\\\/luxon.com\\\/wp-content\\\/uploads\\\/Blog-Image_1600x900.png\",\"datePublished\":\"2026-02-17T20:00:32+00:00\",\"inLanguage\":\"fr-FR\",\"potentialAction\":[{\"@type\":\"ReadAction\",\"target\":[\"https:\\\/\\\/luxon.com\\\/fr\\\/luxon-pay-introduit-zero-frais-de-retrait-pour-les-clients\\\/\"]}]},{\"@type\":\"ImageObject\",\"inLanguage\":\"fr-FR\",\"@id\":\"https:\\\/\\\/luxon.com\\\/fr\\\/luxon-pay-introduit-zero-frais-de-retrait-pour-les-clients\\\/#primaryimage\",\"url\":\"https:\\\/\\\/luxon.com\\\/wp-content\\\/uploads\\\/Blog-Image_1600x900.png\",\"contentUrl\":\"https:\\\/\\\/luxon.com\\\/wp-content\\\/uploads\\\/Blog-Image_1600x900.png\",\"width\":1600,\"height\":900},{\"@type\":\"WebSite\",\"@id\":\"https:\\\/\\\/luxon.com\\\/fr\\\/#website\",\"url\":\"https:\\\/\\\/luxon.com\\\/fr\\\/\",\"name\":\"Luxon Pay\",\"description\":\"Instant secure global payments\",\"publisher\":{\"@id\":\"https:\\\/\\\/luxon.com\\\/fr\\\/#organization\"},\"potentialAction\":[{\"@type\":\"SearchAction\",\"target\":{\"@type\":\"EntryPoint\",\"urlTemplate\":\"https:\\\/\\\/luxon.com\\\/fr\\\/?s={search_term_string}\"},\"query-input\":{\"@type\":\"PropertyValueSpecification\",\"valueRequired\":true,\"valueName\":\"search_term_string\"}}],\"inLanguage\":\"fr-FR\"},{\"@type\":\"Organization\",\"@id\":\"https:\\\/\\\/luxon.com\\\/fr\\\/#organization\",\"name\":\"Luxon Pay\",\"url\":\"https:\\\/\\\/luxon.com\\\/fr\\\/\",\"logo\":{\"@type\":\"ImageObject\",\"inLanguage\":\"fr-FR\",\"@id\":\"https:\\\/\\\/luxon.com\\\/fr\\\/#\\\/schema\\\/logo\\\/image\\\/\",\"url\":\"https:\\\/\\\/luxon.com\\\/wp-content\\\/uploads\\\/WebsiteImage04.png\",\"contentUrl\":\"https:\\\/\\\/luxon.com\\\/wp-content\\\/uploads\\\/WebsiteImage04.png\",\"width\":1200,\"height\":630,\"caption\":\"Luxon Pay\"},\"image\":{\"@id\":\"https:\\\/\\\/luxon.com\\\/fr\\\/#\\\/schema\\\/logo\\\/image\\\/\"}}]}<\/script>\n<!-- \/ Yoast SEO plugin. -->","yoast_head_json":{"title":"Luxon Pay introduit z\u00e9ro frais de retrait pour les clients - Luxon Pay","robots":{"index":"index","follow":"follow","max-snippet":"max-snippet:-1","max-image-preview":"max-image-preview:large","max-video-preview":"max-video-preview:-1"},"canonical":"https:\/\/luxon.com\/fr\/luxon-pay-introduit-zero-frais-de-retrait-pour-les-clients\/","og_locale":"fr_FR","og_type":"article","og_title":"Luxon Pay introduit z\u00e9ro frais de retrait pour les clients - Luxon Pay","og_description":"Un moyen plus clair et plus transparent d\u2019acc\u00e9der \u00e0 votre argent. &nbsp; Vous nous avez dit que les frais de retrait \u00e9taient frustrants. Nous vous avons \u00e9cout\u00e9. Les clients Luxon Pay peuvent d\u00e9sormais retirer des fonds sans frais de retrait Luxon Pay, pour un acc\u00e8s plus clair et sans surprise \u00e0 leur argent.Parce que c\u2019est... Read more &raquo;","og_url":"https:\/\/luxon.com\/fr\/luxon-pay-introduit-zero-frais-de-retrait-pour-les-clients\/","og_site_name":"Luxon Pay","og_image":[{"width":1600,"height":900,"url":"https:\/\/luxon.com\/wp-content\/uploads\/Blog-Image_1600x900.png","type":"image\/png"}],"twitter_card":"summary_large_image","twitter_misc":{"Dur\u00e9e de lecture estim\u00e9e":"1 minute"},"schema":{"@context":"https:\/\/schema.org","@graph":[{"@type":"WebPage","@id":"https:\/\/luxon.com\/fr\/luxon-pay-introduit-zero-frais-de-retrait-pour-les-clients\/","url":"https:\/\/luxon.com\/fr\/luxon-pay-introduit-zero-frais-de-retrait-pour-les-clients\/","name":"Luxon Pay introduit z\u00e9ro frais de retrait pour les clients - Luxon Pay","isPartOf":{"@id":"https:\/\/luxon.com\/fr\/#website"},"primaryImageOfPage":{"@id":"https:\/\/luxon.com\/fr\/luxon-pay-introduit-zero-frais-de-retrait-pour-les-clients\/#primaryimage"},"image":{"@id":"https:\/\/luxon.com\/fr\/luxon-pay-introduit-zero-frais-de-retrait-pour-les-clients\/#primaryimage"},"thumbnailUrl":"https:\/\/luxon.com\/wp-content\/uploads\/Blog-Image_1600x900.png","datePublished":"2026-02-17T20:00:32+00:00","inLanguage":"fr-FR","potentialAction":[{"@type":"ReadAction","target":["https:\/\/luxon.com\/fr\/luxon-pay-introduit-zero-frais-de-retrait-pour-les-clients\/"]}]},{"@type":"ImageObject","inLanguage":"fr-FR","@id":"https:\/\/luxon.com\/fr\/luxon-pay-introduit-zero-frais-de-retrait-pour-les-clients\/#primaryimage","url":"https:\/\/luxon.com\/wp-content\/uploads\/Blog-Image_1600x900.png","contentUrl":"https:\/\/luxon.com\/wp-content\/uploads\/Blog-Image_1600x900.png","width":1600,"height":900},{"@type":"WebSite","@id":"https:\/\/luxon.com\/fr\/#website","url":"https:\/\/luxon.com\/fr\/","name":"Luxon Pay","description":"Instant secure global payments","publisher":{"@id":"https:\/\/luxon.com\/fr\/#organization"},"potentialAction":[{"@type":"SearchAction","target":{"@type":"EntryPoint","urlTemplate":"https:\/\/luxon.com\/fr\/?s={search_term_string}"},"query-input":{"@type":"PropertyValueSpecification","valueRequired":true,"valueName":"search_term_string"}}],"inLanguage":"fr-FR"},{"@type":"Organization","@id":"https:\/\/luxon.com\/fr\/#organization","name":"Luxon Pay","url":"https:\/\/luxon.com\/fr\/","logo":{"@type":"ImageObject","inLanguage":"fr-FR","@id":"https:\/\/luxon.com\/fr\/#\/schema\/logo\/image\/","url":"https:\/\/luxon.com\/wp-content\/uploads\/WebsiteImage04.png","contentUrl":"https:\/\/luxon.com\/wp-content\/uploads\/WebsiteImage04.png","width":1200,"height":630,"caption":"Luxon Pay"},"image":{"@id":"https:\/\/luxon.com\/fr\/#\/schema\/logo\/image\/"}}]}},"_links":{"self":[{"href":"https:\/\/luxon.com\/fr\/wp-json\/wp\/v2\/pages\/33441","targetHints":{"allow":["GET"]}}],"collection":[{"href":"https:\/\/luxon.com\/fr\/wp-json\/wp\/v2\/pages"}],"about":[{"href":"https:\/\/luxon.com\/fr\/wp-json\/wp\/v2\/types\/page"}],"author":[{"embeddable":true,"href":"https:\/\/luxon.com\/fr\/wp-json\/wp\/v2\/users\/3"}],"replies":[{"embeddable":true,"href":"https:\/\/luxon.com\/fr\/wp-json\/wp\/v2\/comments?post=33441"}],"version-history":[{"count":2,"href":"https:\/\/luxon.com\/fr\/wp-json\/wp\/v2\/pages\/33441\/revisions"}],"predecessor-version":[{"id":33480,"href":"https:\/\/luxon.com\/fr\/wp-json\/wp\/v2\/pages\/33441\/revisions\/33480"}],"wp:featuredmedia":[{"embeddable":true,"href":"https:\/\/luxon.com\/fr\/wp-json\/wp\/v2\/media\/33420"}],"wp:attachment":[{"href":"https:\/\/luxon.com\/fr\/wp-json\/wp\/v2\/media?parent=33441"}],"curies":[{"name":"wp","href":"https:\/\/api.w.org\/{rel}","templated":true}]}}